{"id":6030,"date":"2022-02-21T14:26:11","date_gmt":"2022-02-21T13:26:11","guid":{"rendered":"https:\/\/semmelweis.hu\/klinikai-pszichologia\/?page_id=6030"},"modified":"2022-02-21T14:28:28","modified_gmt":"2022-02-21T13:28:28","slug":"tudomanyos-egyuttmukodesek","status":"publish","type":"page","link":"https:\/\/semmelweis.hu\/klinikai-pszichologia\/tudomanyos-kutatomunka\/tudomanyos-egyuttmukodesek\/","title":{"rendered":"Tudom\u00e1nyos egy\u00fcttm\u0171k\u00f6d\u00e9sek"},"content":{"rendered":"<p>Kutat\u00e1sainkban a k\u00f6vetkez\u0151 t\u00e1rsint\u00e9zm\u00e9nyekkel m\u0171k\u00f6d\u00fcnk egy\u00fctt:<\/p>\n<ul>\n<li><a href=\"https:\/\/semmelweis.hu\/phd\/doktori-iskolak\/mentalis-egeszsegtudomanyok\/\">Semmelweis Egyetem &#8211; Ment\u00e1lis Eg\u00e9szs\u00e9gtudom\u00e1nyok Doktori Iskola<\/a><\/li>\n<li><a href=\"https:\/\/semmelweis.hu\/pszichiatria\/\">Semmelweis Egyetem, \u00c1ltal\u00e1nos Orvostudom\u00e1nyi Kar &#8211; Pszichi\u00e1triai \u00e9s Pszichoter\u00e1pi\u00e1s Klinika<\/a><\/li>\n<li><a href=\"https:\/\/semmelweis.hu\/magtud\/\">Semmelweis Egyetem, Magatart\u00e1studom\u00e1nyi Int\u00e9zet<\/a><\/li>\n<li><a href=\"https:\/\/semmelweis.hu\/pulmonologia\/\">Semmelweis Egyetem, Pulmonol\u00f3giai Klinika<\/a><\/li>\n<li><a href=\"https:\/\/semmelweis.hu\/etk\/\">Semmelweis Egyetem, Eg\u00e9szs\u00e9gtudom\u00e1nyi Kar<\/a><\/li>\n<li><a href=\"https:\/\/www.ppk.elte.hu\/\">E\u00f6tv\u00f6s Lor\u00e1nd Tudom\u00e1ny Egyetem, Pedag\u00f3giai \u00e9s Pszichol\u00f3giai Kar<\/a><\/li>\n<li><a href=\"https:\/\/btk.kre.hu\/index.php\/2015-10-20-11-09-16\/2015-10-20-11-15-36\/pszichologiai-intezet.html\">K\u00e1roli G\u00e1sp\u00e1r Reform\u00e1tus Egyetem, BTK, Pszichol\u00f3gia Int\u00e9zet<\/a><\/li>\n<li><a href=\"http:\/\/www.pszich.u-szeged.hu\/\">Szegedi Tudom\u00e1nyegyetem, BTK, Pszichol\u00f3gia Int\u00e9zet<\/a><\/li>\n<\/ul>\n","protected":false},"excerpt":{"rendered":"<p>Kutat\u00e1sainkban a k\u00f6vetkez\u0151 t\u00e1rsint\u00e9zm\u00e9nyekkel m\u0171k\u00f6d\u00fcnk egy\u00fctt:<\/p>\n<p><a href=\"https:\/\/semmelweis.hu\/phd\/doktori-iskolak\/mentalis-egeszsegtudomanyok\/\">Semmelweis Egyetem &#8211; Ment\u00e1lis Eg\u00e9szs\u00e9gtudom\u00e1nyok Doktori Iskola<\/a><br \/>\n<a href=\"https:\/\/semmelweis.hu\/pszichiatria\/\">Semmelweis Egyetem, \u00c1ltal\u00e1nos Orvostudom\u00e1nyi Kar &#8211; Pszichi\u00e1triai \u00e9s Pszichoter\u00e1pi\u00e1s Klinika<\/a><br \/>\n<a href=\"https:\/\/semmelweis.hu\/magtud\/\">Semmelweis Egyetem, Magatart\u00e1studom\u00e1nyi Int\u00e9zet<\/a><br \/>\n<a href=\"https:\/\/semmelweis.hu\/pulmonologia\/\">Semmelweis Egyetem, Pulmonol\u00f3giai Klinika<\/a><br \/>\n<a href=\"https:\/\/semmelweis.hu\/etk\/\">Semmelweis Egyetem, Eg\u00e9szs\u00e9gtudom\u00e1nyi Kar<\/a><br \/>\n<a href=\"https:\/\/www.ppk.elte.hu\/\">E\u00f6tv\u00f6s Lor\u00e1nd Tudom\u00e1ny Egyetem, Pedag\u00f3giai \u00e9s Pszichol\u00f3giai Kar<\/a><br \/>\n<a href=\"https:\/\/btk.kre.hu\/index.php\/2015-10-20-11-09-16\/2015-10-20-11-15-36\/pszichologiai-intezet.html\">K\u00e1roli G\u00e1sp\u00e1r Reform\u00e1tus Egyetem, BTK, Pszichol\u00f3gia Int\u00e9zet<\/a><br \/>\n<a href=\"http:\/\/www.pszich.u-szeged.hu\/\">Szegedi Tudom\u00e1nyegyetem, BTK, Pszichol\u00f3gia Int\u00e9zet<\/a><\/p>\n","protected":false},"author":336,"featured_media":0,"parent":9,"menu_order":6,"comment_status":"closed","ping_status":"closed","template":"","meta":{"_acf_changed":false,"footnotes":""},"categories":[],"tags":[],"class_list":["post-6030","page","type-page","status-publish","hentry"],"acf":[],"_links":{"self":[{"href":"https:\/\/semmelweis.hu\/klinikai-pszichologia\/wp-json\/wp\/v2\/pages\/6030","targetHints":{"allow":["GET"]}}],"collection":[{"href":"https:\/\/semmelweis.hu\/klinikai-pszichologia\/wp-json\/wp\/v2\/pages"}],"about":[{"href":"https:\/\/semmelweis.hu\/klinikai-pszichologia\/wp-json\/wp\/v2\/types\/page"}],"author":[{"embeddable":true,"href":"https:\/\/semmelweis.hu\/klinikai-pszichologia\/wp-json\/wp\/v2\/users\/336"}],"replies":[{"embeddable":true,"href":"https:\/\/semmelweis.hu\/klinikai-pszichologia\/wp-json\/wp\/v2\/comments?post=6030"}],"version-history":[{"count":1,"href":"https:\/\/semmelweis.hu\/klinikai-pszichologia\/wp-json\/wp\/v2\/pages\/6030\/revisions"}],"predecessor-version":[{"id":6031,"href":"https:\/\/semmelweis.hu\/klinikai-pszichologia\/wp-json\/wp\/v2\/pages\/6030\/revisions\/6031"}],"up":[{"embeddable":true,"href":"https:\/\/semmelweis.hu\/klinikai-pszichologia\/wp-json\/wp\/v2\/pages\/9"}],"wp:attachment":[{"href":"https:\/\/semmelweis.hu\/klinikai-pszichologia\/wp-json\/wp\/v2\/media?parent=6030"}],"wp:term":[{"taxonomy":"category","embeddable":true,"href":"https:\/\/semmelweis.hu\/klinikai-pszichologia\/wp-json\/wp\/v2\/categories?post=6030"},{"taxonomy":"post_tag","embeddable":true,"href":"https:\/\/semmelweis.hu\/klinikai-pszichologia\/wp-json\/wp\/v2\/tags?post=6030"}],"curies":[{"name":"wp","href":"https:\/\/api.w.org\/{rel}","templated":true}]}}