{"id":6,"date":"2012-01-30T15:53:41","date_gmt":"2012-01-30T15:53:41","guid":{"rendered":"http:\/\/semmelweis-egyetem.hu\/klinikai-pszichologia\/?page_id=6"},"modified":"2025-04-02T16:20:08","modified_gmt":"2025-04-02T14:20:08","slug":"altalanos-informaciok","status":"publish","type":"page","link":"https:\/\/semmelweis.hu\/klinikai-pszichologia\/altalanos-informaciok\/","title":{"rendered":"A tansz\u00e9k bemutat\u00e1sa"},"content":{"rendered":"<p><strong>Tansz\u00e9kvezet\u0151: Dr. Gonda X\u00e9nia habilit\u00e1lt egyetemi docens<\/strong><\/p>\n<p style=\"text-align: justify\">A <strong>KLINIKAI PSZICHOL\u00d3GIA TANSZ\u00c9K: <\/strong>az \u00c1ltal\u00e1nos Orvostudom\u00e1nyi Kar szervezeti egys\u00e9ge, 2024. j\u00falius 1-t\u0151l a Semmelweis Egyetem Pszichi\u00e1triai \u00e9s Pszichoter\u00e1pi\u00e1s Klinik\u00e1j\u00e1nak r\u00e9szek\u00e9nt m\u0171k\u00f6dik. <br \/>\n2002. janu\u00e1r 1.-t\u0151l a Semmelweis Egyetem \u00c1ltal\u00e1nos Orvostudom\u00e1nyi Kar\u00e1nak els\u0151 pszichol\u00f3gia tansz\u00e9ke \u00e9s egyben az orsz\u00e1g egyetlen \u00f6n\u00e1ll\u00f3 Klinikai Pszichol\u00f3gia Tansz\u00e9ke. 2008 \u00e1prilis\u00e1t\u00f3l, az OPNI bez\u00e1r\u00e1s\u00e1t k\u00f6vet\u0151en a Tansz\u00e9k az Egyetem ter\u00fclet\u00e9n m\u0171k\u00f6dik tov\u00e1bb, tev\u00e9kenys\u00e9ge kib\u0151v\u00fclt a Szakambulanci\u00e1val, ahol a pszich\u00e9s zavarok els\u0151sorban kognit\u00edv viselked\u00e9ster\u00e1pi\u00e1s m\u00f3dszerrel t\u00f6rt\u00e9n\u0151 ell\u00e1t\u00e1sa folyik. A Tansz\u00e9k c\u00e9lkit\u0171z\u00e9sei: 1. Olyan szakemberek k\u00e9pz\u00e9se, akik kompetens m\u00f3don, sz\u00e9les alapokon nyugv\u00f3 tud\u00e1ssal tudnak r\u00e9szt venni az eg\u00e9szs\u00e9g\u00fcgy keretei k\u00f6z\u00f6tt a betegell\u00e1t\u00e1sban. 2. Gy\u00f3gy\u00edt\u00e1s: ambul\u00e1ns pszichoter\u00e1pi\u00e1s ell\u00e1t\u00e1s, egy\u00fcttm\u0171k\u00f6d\u00e9s az Egyetem klinik\u00e1ival. 3. Kutat\u00e1s: a klinikai pszichol\u00f3gia fejl\u0151d\u00e9s\u00e9t sz\u00ednvonalas kutat\u00e1sokkal el\u0151seg\u00edteni.<\/p>\n<p style=\"text-align: justify\">2024. j\u00falius 1-t\u0151l a Tansz\u00e9k a Semmelweis Egyetem Pszichi\u00e1triai \u00e9s Pszichoter\u00e1pi\u00e1s Klinik\u00e1ja al\u00e1 tartozik, \u00edgy lehet\u0151s\u00e9g ny\u00edlik arra, hogy a Tansz\u00e9k oktat\u00e1si tev\u00e9kenys\u00e9ge kib\u0151v\u00fclj\u00f6n \u00e9s a betegell\u00e1t\u00e1s ter\u00e9n szorosabb egy\u00fcttm\u0171k\u00f6d\u00e9s lehet\u0151s\u00e9g\u00e9t teremti meg a Klinik\u00e1val.\u00a0<\/p>\n<p>&nbsp;<\/p>\n","protected":false},"excerpt":{"rendered":"<p>Tansz\u00e9kvezet\u0151: Dr. Gonda X\u00e9nia habilit\u00e1lt egyetemi docens A KLINIKAI PSZICHOL\u00d3GIA TANSZ\u00c9K: az \u00c1ltal\u00e1nos Orvostudom\u00e1nyi Kar szervezeti egys\u00e9ge, 2024. j\u00falius 1-t\u0151l a Semmelweis Egyetem Pszichi\u00e1triai \u00e9s Pszichoter\u00e1pi\u00e1s Klinik\u00e1j\u00e1nak r\u00e9szek\u00e9nt m\u0171k\u00f6dik. 2002. janu\u00e1r 1.-t\u0151l a Semmelweis Egyetem \u00c1ltal\u00e1nos Orvostudom\u00e1nyi Kar\u00e1nak els\u0151 pszichol\u00f3gia tansz\u00e9ke \u00e9s egyben az orsz\u00e1g egyetlen \u00f6n\u00e1ll\u00f3 Klinikai Pszichol\u00f3gia Tansz\u00e9ke. 2008 \u00e1prilis\u00e1t\u00f3l, az OPNI bez\u00e1r\u00e1s\u00e1t &hellip;<\/p>\n","protected":false},"author":336,"featured_media":0,"parent":0,"menu_order":1,"comment_status":"open","ping_status":"open","template":"","meta":{"_acf_changed":false,"footnotes":""},"categories":[],"tags":[],"class_list":["post-6","page","type-page","status-publish","hentry"],"acf":[],"_links":{"self":[{"href":"https:\/\/semmelweis.hu\/klinikai-pszichologia\/wp-json\/wp\/v2\/pages\/6","targetHints":{"allow":["GET"]}}],"collection":[{"href":"https:\/\/semmelweis.hu\/klinikai-pszichologia\/wp-json\/wp\/v2\/pages"}],"about":[{"href":"https:\/\/semmelweis.hu\/klinikai-pszichologia\/wp-json\/wp\/v2\/types\/page"}],"author":[{"embeddable":true,"href":"https:\/\/semmelweis.hu\/klinikai-pszichologia\/wp-json\/wp\/v2\/users\/336"}],"replies":[{"embeddable":true,"href":"https:\/\/semmelweis.hu\/klinikai-pszichologia\/wp-json\/wp\/v2\/comments?post=6"}],"version-history":[{"count":11,"href":"https:\/\/semmelweis.hu\/klinikai-pszichologia\/wp-json\/wp\/v2\/pages\/6\/revisions"}],"predecessor-version":[{"id":7656,"href":"https:\/\/semmelweis.hu\/klinikai-pszichologia\/wp-json\/wp\/v2\/pages\/6\/revisions\/7656"}],"wp:attachment":[{"href":"https:\/\/semmelweis.hu\/klinikai-pszichologia\/wp-json\/wp\/v2\/media?parent=6"}],"wp:term":[{"taxonomy":"category","embeddable":true,"href":"https:\/\/semmelweis.hu\/klinikai-pszichologia\/wp-json\/wp\/v2\/categories?post=6"},{"taxonomy":"post_tag","embeddable":true,"href":"https:\/\/semmelweis.hu\/klinikai-pszichologia\/wp-json\/wp\/v2\/tags?post=6"}],"curies":[{"name":"wp","href":"https:\/\/api.w.org\/{rel}","templated":true}]}}