{"id":5575,"date":"2021-03-19T12:45:24","date_gmt":"2021-03-19T11:45:24","guid":{"rendered":"https:\/\/semmelweis.hu\/klinikai-pszichologia\/?page_id=5575"},"modified":"2025-02-28T09:55:43","modified_gmt":"2025-02-28T08:55:43","slug":"netikett_online_oktatas","status":"publish","type":"page","link":"https:\/\/semmelweis.hu\/klinikai-pszichologia\/netikett_online_oktatas\/","title":{"rendered":"NETIKETT: K\u00edv\u00e1natos viselked\u00e9s az online oktat\u00e1sn\u00e1l"},"content":{"rendered":"<p style=\"text-align: center\"><strong style=\"color: #1e2326;font-family: 'PT serif', serif;font-size: 1rem\">Adatv\u00e9delmi szab\u00e1lyok<\/strong><\/p>\n<p><span style=\"font-size: 1rem;font-weight: 400\">Az online gyakorlatokon \u00e9s el\u0151ad\u00e1sokon az illet\u00e9kes el\u0151ad\u00f3n \u00e9s a jel\u00f6lteken k\u00edv\u00fcl m\u00e1s nem vehet r\u00e9szt, a gyakorlatnak nem lehet m\u00e1s szem -, \u00e9s f\u00fcltan\u00faja.<\/span><\/p>\n<p>Az online gyakorlatr\u00f3l \u00e9s el\u0151ad\u00e1sokr\u00f3l semmilyen k\u00e9p-\u00e9s hangfelv\u00e9tel nem k\u00e9sz\u00fclhet, az ett\u0151l val\u00f3 elt\u00e9r\u00e9s el\u0151re egyeztetend\u0151, sz\u00fcks\u00e9ges a r\u00e9sztvev\u0151ket err\u0151l t\u00e1j\u00e9koztatni.\u00a0<\/p>\n<p style=\"text-align: center\"><strong>Etikett<\/strong><\/p>\n<p>K\u00e9rj\u00fck, az online gyakorlatokon \u00e9s el\u0151ad\u00e1sokon \u00fagy jelenjenek meg, mintha szem\u00e9lyesen j\u00f6nn\u00e9nek gyakorlatra (ruh\u00e1zat, stb).\u00a0<\/p>\n<p>A gyakorlat vagy el\u0151ad\u00e1s ideje alatt az \u00f3ra tananyag\u00e1nak kell k\u00e9pezze figyelm\u00fck f\u0151 t\u00e1rgy\u00e1t. A jel\u00f6ltnek az online t\u00e9rben gondoskodnia sz\u00fcks\u00e9ges arr\u00f3l, hogy \u0151 maga megfelel\u0151en l\u00e1that\u00f3 legyen az el\u0151ad\u00e1s \/ gyakorlat teljes id\u0151tartama alatt. Ett\u0151l elt\u00e9rni az oktat\u00f3 k\u00e9r\u00e9s\u00e9nek megfelel\u0151en, vele egyeztetve lehets\u00e9ges. K\u00e9rj\u00fck, hogy alkalmazz\u00e1k a l\u00e1that\u00f3s\u00e1got \u00e9s hallhat\u00f3s\u00e1got lehet\u0151v\u00e9 tev\u0151 hardveres \u00e9s szoftveres eszk\u00f6z\u00f6ket, telekommunik\u00e1ci\u00f3s csatorn\u00e1kat.<\/p>\n<p>Technikai probl\u00e9ma eset\u00e9n k\u00e9rj\u00fck, azt halad\u00e9ktalanul jelezz\u00e9k a gyakorlatvezet\u0151nek. Ilyen esetben, ha a technikai neh\u00e9zs\u00e9g lehet\u0151v\u00e9 teszi, az online t\u00e9rben marad\u00e1s megengedett. T\u00e1voz\u00e1sra, ideiglenes kil\u00e9p\u00e9sre a gyakorlatvezet\u0151vel val\u00f3 egyeztet\u00e9s alapj\u00e1n van lehet\u0151s\u00e9g, egy\u00e9b esetben az id\u0151 el\u0151tti t\u00e1voz\u00e1s hi\u00e1nyz\u00e1snak min\u0151s\u00fcl.\u00a0<\/p>\n<p style=\"text-align: center\"><strong>El\u0151ad\u00f3ra vonatkoz\u00f3an<\/strong><\/p>\n<p>Az el\u0151ad\u00f3, gyakorlatvezet\u0151 el\u0151re egyeztetett id\u0151pontban tart online \u00f3r\u00e1t: az online platform el\u00e9rhet\u0151s\u00e9g\u00e9t a gyakorlat kezd\u00e9si id\u0151pontj\u00e1ig biztos\u00edtja a csoport sz\u00e1m\u00e1ra.\u00a0<\/p>\n<p>Az el\u0151ad\u00f3, gyakorlatvezet\u0151 az online oktat\u00e1shoz lehet\u0151s\u00e9g szerint a Zoom fel\u00fcletet haszn\u00e1lja.<\/p>\n<p style=\"text-align: center\"><strong>Hallgat\u00f3ra vonatkoz\u00f3an<\/strong><\/p>\n<p>Az el\u0151re bejelentett online \u00f3r\u00e1kon val\u00f3 megjelen\u00e9s tov\u00e1bbra is k\u00f6telez\u0151, a gyakorlatra vonatkoz\u00f3 szab\u00e1lyok betart\u00e1s\u00e1val (megfelel\u0151 \u00f6lt\u00f6z\u00e9k, titoktart\u00e1s).<\/p>\n<p>Az online gyakorlatr\u00f3l val\u00f3 t\u00e1volmarad\u00e1st az el\u0151ad\u00f3 ellen\u0151rizheti, feljegyezheti, ha a jel\u00f6lt nem tud elfogadhat\u00f3 magyar\u00e1zatot, igazol\u00e1st adni a kimarad\u00e1sra, a gyakorlati alkalom hi\u00e1nyz\u00e1snak min\u0151s\u00fcl.\u00a0<\/p>\n<p>Az \u00f3rai jelenl\u00e9t igazol\u00e1sa \u00e9rdek\u00e9ben a kamera bekapcsol\u00e1sa a gyakorlatok teljes id\u0151tartam\u00e1ra n\u00e9zve k\u00f6telez\u0151.\u00a0<\/p>\n<p>A gyakorlatok min\u0151s\u00edt\u00e9se, a v\u00e9gs\u0151 \u00e9rdemjegye nem kiz\u00e1r\u00f3lag a vizsgadolgozatok alapj\u00e1n t\u00f6rt\u00e9nik, annak az \u00f3r\u00e1kon val\u00f3 akt\u00edv r\u00e9szv\u00e9tel is az \u00e9rt\u00e9kel\u00e9s r\u00e9sz\u00e9t k\u00e9pezi.\u00a0<\/p>\n<p>Az \u00f3r\u00e1k interakt\u00edv jelleg\u00e9nek kialak\u00edt\u00e1sa kih\u00edv\u00e1st jelent\u0151 feladat \u00e9s nem kiz\u00e1r\u00f3lag a gyakorlatvezet\u0151k felel\u0151ss\u00e9ge. Ez\u00e9rt k\u00e9rj\u00fck a hallgat\u00f3s\u00e1got, hogy teljes kapacit\u00e1sukkal igyekezzenek ehhez hozz\u00e1j\u00e1rulni &#8211; a p\u00e1rhuzamos munkav\u00e9gz\u00e9s ezt akad\u00e1lyoz\u00f3 t\u00e9nyez\u0151.\u00a0<\/p>\n<p>A jel\u00f6ltek az oktat\u00f3kkal e-mailen, illetve az oktat\u00e1sszervez\u0151 vagy az \u00e9vfolyamfelel\u0151s\u00f6n kereszt\u00fcl tartj\u00e1k a kapcsolatot.<\/p>\n<p>&nbsp;<\/p>\n<p>Semmelweis Egyetem, Klinikai Pszichol\u00f3gia Tansz\u00e9k<\/p>\n<p>2021.03.22.<\/p>\n<p>&nbsp;<\/p>\n<div class=\"fontos_div\">\n<p style=\"text-align: left\"><strong>A h\u00e1zirend pdf form\u00e1tumban let\u00f6lthet\u0151 az al\u00e1bbi linkr\u0151l: <a href=\"https:\/\/semmelweis.hu\/klinikai-pszichologia\/files\/2021\/03\/Netikett_k\u00edv\u00e1natos-viselked\u00e9s-az-online-oktat\u00e1sn\u00e1l.pdf\">ITT<\/a><\/strong><\/p>\n<\/div>\n","protected":false},"excerpt":{"rendered":"<p>Adatv\u00e9delmi szab\u00e1lyok Az online gyakorlatokon \u00e9s el\u0151ad\u00e1sokon az illet\u00e9kes el\u0151ad\u00f3n \u00e9s a jel\u00f6lteken k\u00edv\u00fcl m\u00e1s nem vehet r\u00e9szt, a gyakorlatnak nem lehet m\u00e1s szem -, \u00e9s f\u00fcltan\u00faja. Az online gyakorlatr\u00f3l \u00e9s el\u0151ad\u00e1sokr\u00f3l semmilyen k\u00e9p-\u00e9s hangfelv\u00e9tel nem k\u00e9sz\u00fclhet, az ett\u0151l val\u00f3 elt\u00e9r\u00e9s el\u0151re egyeztetend\u0151, sz\u00fcks\u00e9ges a r\u00e9sztvev\u0151ket err\u0151l t\u00e1j\u00e9koztatni.\u00a0 Etikett K\u00e9rj\u00fck, az online gyakorlatokon \u00e9s el\u0151ad\u00e1sokon &hellip;<\/p>\n","protected":false},"author":336,"featured_media":0,"parent":0,"menu_order":0,"comment_status":"closed","ping_status":"closed","template":"","meta":{"_acf_changed":false,"footnotes":""},"categories":[],"tags":[],"class_list":["post-5575","page","type-page","status-publish","hentry"],"acf":[],"_links":{"self":[{"href":"https:\/\/semmelweis.hu\/klinikai-pszichologia\/wp-json\/wp\/v2\/pages\/5575","targetHints":{"allow":["GET"]}}],"collection":[{"href":"https:\/\/semmelweis.hu\/klinikai-pszichologia\/wp-json\/wp\/v2\/pages"}],"about":[{"href":"https:\/\/semmelweis.hu\/klinikai-pszichologia\/wp-json\/wp\/v2\/types\/page"}],"author":[{"embeddable":true,"href":"https:\/\/semmelweis.hu\/klinikai-pszichologia\/wp-json\/wp\/v2\/users\/336"}],"replies":[{"embeddable":true,"href":"https:\/\/semmelweis.hu\/klinikai-pszichologia\/wp-json\/wp\/v2\/comments?post=5575"}],"version-history":[{"count":9,"href":"https:\/\/semmelweis.hu\/klinikai-pszichologia\/wp-json\/wp\/v2\/pages\/5575\/revisions"}],"predecessor-version":[{"id":7562,"href":"https:\/\/semmelweis.hu\/klinikai-pszichologia\/wp-json\/wp\/v2\/pages\/5575\/revisions\/7562"}],"wp:attachment":[{"href":"https:\/\/semmelweis.hu\/klinikai-pszichologia\/wp-json\/wp\/v2\/media?parent=5575"}],"wp:term":[{"taxonomy":"category","embeddable":true,"href":"https:\/\/semmelweis.hu\/klinikai-pszichologia\/wp-json\/wp\/v2\/categories?post=5575"},{"taxonomy":"post_tag","embeddable":true,"href":"https:\/\/semmelweis.hu\/klinikai-pszichologia\/wp-json\/wp\/v2\/tags?post=5575"}],"curies":[{"name":"wp","href":"https:\/\/api.w.org\/{rel}","templated":true}]}}