{"id":4716,"date":"2020-02-19T16:12:11","date_gmt":"2020-02-19T15:12:11","guid":{"rendered":"http:\/\/semmelweis.hu\/klinikai-pszichologia\/?page_id=4716"},"modified":"2026-04-22T16:35:14","modified_gmt":"2026-04-22T14:35:14","slug":"bejelentkezes","status":"publish","type":"page","link":"https:\/\/semmelweis.hu\/klinikai-pszichologia\/betegellatas-es-szakmai-profilok\/bejelentkezes\/","title":{"rendered":"Bejelentkez\u00e9s"},"content":{"rendered":"<p style=\"text-align: justify\"><span style=\"color: #ff0000\"><strong>Kedves P\u00e1cienseink!<\/strong><\/span><\/p>\n<p style=\"text-align: justify\"><span style=\"color: #ff0000\"><b>Felh\u00edvjuk figyelm\u00fcket, hogy rendel\u00e9s\u00fcnk kiz\u00e1r\u00f3lag e-beutal\u00f3val vehet\u0151 ig\u00e9nybe, illetve NEAK \u00e1ltal finansz\u00edrozott rendel\u00e9sre mag\u00e1nell\u00e1t\u00e1sban dolgoz\u00f3 pszichi\u00e1ter beutal\u00f3j\u00e1t nem tudjuk elfogadni.<\/b><\/span><\/p>\n<p style=\"text-align: justify\"><strong>Szakrendel\u0151nkben NEAK \u00e1ltal finansz\u00edrozott orsz\u00e1gos feln\u0151tt \u00e9s serd\u00fcl\u0151 pszichol\u00f3giai rendel\u00e9s zajlik.<\/strong><\/p>\n<div class=\"fontos_div\">\n<p>Bejelentkez\u00e9s: Az e- beutal\u00f3 (\u00e9s ambul\u00e1ns lap) elk\u00fcld\u00e9s\u00e9vel a <span style=\"text-decoration: underline\">klinpszicho.szakamb@semmelweis.hu<\/span> c\u00edmen<\/p>\n<\/div>\n<p><strong>Bejelentkez\u00e9s \u00e9s ell\u00e1t\u00e1sba v\u00e9tel:<\/strong><\/p>\n<ol>\n<li>Az ell\u00e1t\u00e1s ig\u00e9nybev\u00e9tel\u00e9hez e-beutal\u00f3 sz\u00fcks\u00e9ges.<\/li>\n<li>Bejelentkez\u00e9s: a Digit\u00e1lis El\u0151jegyz\u00e9si Rendszeren (DER) kereszt\u00fcl, vagy e-mailben, pszichi\u00e1ter szakorvosi beutal\u00f3 csatol\u00e1s\u00e1val (melyen szerepelnek a jelen panaszok, a kezel\u00e9si el\u0151zm\u00e9nyek (pszichi\u00e1triai anamn\u00e9zis), pszich\u00e9s st\u00e1tusz, diagn\u00f3zis(ok) \u00e9s pszichol\u00f3giai ell\u00e1t\u00e1s javaslata.<\/li>\n<li>A beutal\u00f3 \u00e1ttekint\u00e9s\u00e9t k\u00f6vet\u0151en el\u0151jegyz\u00e9sbe vessz\u00fck a jelentkez\u0151t vagy m\u00e1s, a diagn\u00f3zishoz illeszked\u0151, adekv\u00e1t ell\u00e1t\u00f3hely felkeres\u00e9s\u00e9t javasoljuk.<\/li>\n<li>Els\u0151 interj\u00fas id\u0151pont leegyeztet\u00e9se,\u00a0 szem\u00e9lyes megjelen\u00e9s, egyes esetekben k\u00e9rd\u0151\u00edvek el\u0151zetes kit\u00f6lt\u00e9se.<\/li>\n<li>Az els\u0151 interj\u00fat k\u00f6vet\u0151en a szakmai team egyeztet az ell\u00e1t\u00e1sba v\u00e9tel lehet\u0151s\u00e9g\u00e9r\u0151l: pszichodiagnosztika, egy\u00e9ni vagy csoportter\u00e1pia javaslata a Szakrendel\u0151ben, vagy egy\u00e9b, a diagn\u00f3zishoz illeszked\u0151, adekv\u00e1t ell\u00e1t\u00f3helyre val\u00f3 tov\u00e1bbir\u00e1ny\u00edt\u00e1s.<\/li>\n<li>Visszajelentkez\u00e9s sz\u00fcks\u00e9gess\u00e9ge: k\u00e9r\u00fcnk minden els\u0151 interj\u00fan r\u00e9szt vett p\u00e1cienst, hogy az interj\u00fat k\u00f6vet\u0151 h\u00e9ten e-mailben jelentkezzen vissza a Szakrendel\u0151 e-mail c\u00edm\u00e9n.\u00a0<\/li>\n<\/ol>\n<p><img loading=\"lazy\" decoding=\"async\" class=\"aligncenter\" src=\"https:\/\/semmelweis.hu\/klinikai-pszichologia\/files\/2025\/02\/Bejelentkezes-menete.png\" alt=\"\" width=\"637\" height=\"259\" \/><\/p>\n<h3>El\u00e9rhet\u0151s\u00e9g:\u00a0<\/h3>\n<ul>\n<li style=\"text-align: justify\">Email: klinpszicho.szakamb@semmelweis.hu\u00a0<\/li>\n<li style=\"text-align: justify\">Telefonsz\u00e1m: +36 1 459 1500\/62369 (h\u00e9tf\u0151-cs\u00fct\u00f6rt\u00f6k: 8:30 -16:00, p\u00e9ntek: 8:30 -13:30)<\/li>\n<li>C\u00edm:\u00a01091 Budapest, IX. \u00dcll\u0151i \u00fat 25. I. emelet<\/li>\n<\/ul>\n<p><strong><u>Egy\u00e9b gyakorlati tudnival\u00f3k:<\/u><\/strong><\/p>\n<p><strong>A pszichol\u00f3giai ell\u00e1t\u00e1si folyamat alapfelt\u00e9tele, hogy a p\u00e1ciens k\u00e9pes rendszeresen megjelenni az \u00fcl\u00e9seken.<\/strong> Szakrendel\u0151nkben a az ell\u00e1t\u00e1shoz kapcsol\u00f3d\u00f3 egy\u00e9ni \u00e9s csoportos \u00fcl\u00e9sek heti rendszeress\u00e9ggel zajlanak, munakid\u0151ben (\u00e1ltal\u00e1ban 8-16:30 k\u00f6z\u00f6tt, p\u00e9nteken 14:00 \u00f3r\u00e1ig) zajlanak.<\/p>\n","protected":false},"excerpt":{"rendered":"<p>Kedves P\u00e1cienseink! Felh\u00edvjuk figyelm\u00fcket, hogy rendel\u00e9s\u00fcnk kiz\u00e1r\u00f3lag e-beutal\u00f3val vehet\u0151 ig\u00e9nybe, illetve NEAK \u00e1ltal finansz\u00edrozott rendel\u00e9sre mag\u00e1nell\u00e1t\u00e1sban dolgoz\u00f3 pszichi\u00e1ter beutal\u00f3j\u00e1t nem tudjuk elfogadni. Szakrendel\u0151nkben NEAK \u00e1ltal finansz\u00edrozott orsz\u00e1gos feln\u0151tt \u00e9s serd\u00fcl\u0151 pszichol\u00f3giai rendel\u00e9s zajlik. Bejelentkez\u00e9s: Az e- beutal\u00f3 (\u00e9s ambul\u00e1ns lap) elk\u00fcld\u00e9s\u00e9vel a klinpszicho.szakamb@semmelweis.hu c\u00edmen Bejelentkez\u00e9s \u00e9s ell\u00e1t\u00e1sba v\u00e9tel: Az ell\u00e1t\u00e1s ig\u00e9nybev\u00e9tel\u00e9hez e-beutal\u00f3 sz\u00fcks\u00e9ges. Bejelentkez\u00e9s: a &hellip;<\/p>\n","protected":false},"author":336,"featured_media":0,"parent":7,"menu_order":1,"comment_status":"closed","ping_status":"closed","template":"","meta":{"_acf_changed":false,"footnotes":""},"categories":[],"tags":[],"class_list":["post-4716","page","type-page","status-publish","hentry"],"acf":[],"_links":{"self":[{"href":"https:\/\/semmelweis.hu\/klinikai-pszichologia\/wp-json\/wp\/v2\/pages\/4716","targetHints":{"allow":["GET"]}}],"collection":[{"href":"https:\/\/semmelweis.hu\/klinikai-pszichologia\/wp-json\/wp\/v2\/pages"}],"about":[{"href":"https:\/\/semmelweis.hu\/klinikai-pszichologia\/wp-json\/wp\/v2\/types\/page"}],"author":[{"embeddable":true,"href":"https:\/\/semmelweis.hu\/klinikai-pszichologia\/wp-json\/wp\/v2\/users\/336"}],"replies":[{"embeddable":true,"href":"https:\/\/semmelweis.hu\/klinikai-pszichologia\/wp-json\/wp\/v2\/comments?post=4716"}],"version-history":[{"count":10,"href":"https:\/\/semmelweis.hu\/klinikai-pszichologia\/wp-json\/wp\/v2\/pages\/4716\/revisions"}],"predecessor-version":[{"id":8109,"href":"https:\/\/semmelweis.hu\/klinikai-pszichologia\/wp-json\/wp\/v2\/pages\/4716\/revisions\/8109"}],"up":[{"embeddable":true,"href":"https:\/\/semmelweis.hu\/klinikai-pszichologia\/wp-json\/wp\/v2\/pages\/7"}],"wp:attachment":[{"href":"https:\/\/semmelweis.hu\/klinikai-pszichologia\/wp-json\/wp\/v2\/media?parent=4716"}],"wp:term":[{"taxonomy":"category","embeddable":true,"href":"https:\/\/semmelweis.hu\/klinikai-pszichologia\/wp-json\/wp\/v2\/categories?post=4716"},{"taxonomy":"post_tag","embeddable":true,"href":"https:\/\/semmelweis.hu\/klinikai-pszichologia\/wp-json\/wp\/v2\/tags?post=4716"}],"curies":[{"name":"wp","href":"https:\/\/api.w.org\/{rel}","templated":true}]}}