{"id":43,"date":"2012-05-21T14:13:10","date_gmt":"2012-05-21T14:13:10","guid":{"rendered":"http:\/\/semmelweis-egyetem.hu\/klinikai-pszichologia\/?page_id=43"},"modified":"2026-03-23T12:35:39","modified_gmt":"2026-03-23T11:35:39","slug":"pszichoterapiak","status":"publish","type":"page","link":"https:\/\/semmelweis.hu\/klinikai-pszichologia\/betegellatas-es-szakmai-profilok\/a-szakambulancian-ellatott-psziches-megbetegedesek\/pszichoterapiak\/","title":{"rendered":"Szakmai profilok bemutat\u00e1sa"},"content":{"rendered":"<p style=\"text-align: justify\"><strong>Szakmai profilok<\/strong><\/p>\n<p style=\"text-align: justify\"><strong><span style=\"font-size: 1rem\">Feln\u0151ttkori pszich\u00e9s zavarok:<\/span><span style=\"font-size: 1rem\">\u00a0<\/span><\/strong><\/p>\n<ul style=\"text-align: justify\">\n<li>alkalmazkod\u00e1si zavarok<\/li>\n<li>szorong\u00e1sos zavarok\u00a0<\/li>\n<li>hangulatzavarok<\/li>\n<li>egy\u00e9b pszich\u00e9s zavarok, ahol a pszichol\u00f3giai megseg\u00edt\u00e9s vagy a pszichoter\u00e1pia szakmailag kieg\u00e9sz\u00edt\u0151 kezel\u00e9sk\u00e9nt indokolt<\/li>\n<li>stresszhez \u00e9s traum\u00e1hoz t\u00e1rsul\u00f3 zavarok<\/li>\n<li>ev\u00e9szavarok<\/li>\n<li>szomatiz\u00e1ci\u00f3s zavarok\u00a0<\/li>\n<\/ul>\n<p style=\"text-align: justify\">S<strong>erd\u00fcl\u0151 \u00e9s ifj\u00fakorban jelentkez\u0151 pszich\u00e9s zavarok<\/strong>:<\/p>\n<ul>\n<li style=\"text-align: justify\">szorong\u00e1sos zavarok<\/li>\n<li style=\"text-align: justify\">hangulatzavarok<\/li>\n<li style=\"text-align: justify\">viselked\u00e9szavarok\u00a0<\/li>\n<li>szomatiz\u00e1ci\u00f3s zavarok<\/li>\n<li>egy\u00e9b serd\u00fcl\u0151- \u00e9s ifj\u00fakori pszich\u00e9s zavarok, ahol a pszichol\u00f3giai megseg\u00edt\u00e9s vagy a pszichoter\u00e1pia szakmailag kieg\u00e9sz\u00edt\u0151 kezel\u00e9sk\u00e9nt indokolt<\/li>\n<\/ul>\n<p><strong>Csal\u00e1dter\u00e1pia <\/strong><\/p>\n<ul>\n<li>pszich\u00e9s zavarral k\u00fczd\u0151 kiskor\u00fa gyermeket nevel\u0151 csal\u00e1dok\u00a0<\/li>\n<\/ul>\n","protected":false},"excerpt":{"rendered":"<p>Szakmai profilok Feln\u0151ttkori pszich\u00e9s zavarok:\u00a0 alkalmazkod\u00e1si zavarok szorong\u00e1sos zavarok\u00a0 hangulatzavarok egy\u00e9b pszich\u00e9s zavarok, ahol a pszichol\u00f3giai megseg\u00edt\u00e9s vagy a pszichoter\u00e1pia szakmailag kieg\u00e9sz\u00edt\u0151 kezel\u00e9sk\u00e9nt indokolt stresszhez \u00e9s traum\u00e1hoz t\u00e1rsul\u00f3 zavarok ev\u00e9szavarok szomatiz\u00e1ci\u00f3s zavarok\u00a0 Serd\u00fcl\u0151 \u00e9s ifj\u00fakorban jelentkez\u0151 pszich\u00e9s zavarok: szorong\u00e1sos zavarok hangulatzavarok viselked\u00e9szavarok\u00a0 szomatiz\u00e1ci\u00f3s zavarok egy\u00e9b serd\u00fcl\u0151- \u00e9s ifj\u00fakori pszich\u00e9s zavarok, ahol a pszichol\u00f3giai megseg\u00edt\u00e9s vagy &hellip;<\/p>\n","protected":false},"author":336,"featured_media":0,"parent":4638,"menu_order":2,"comment_status":"open","ping_status":"open","template":"","meta":{"_acf_changed":false,"footnotes":""},"categories":[],"tags":[],"class_list":["post-43","page","type-page","status-publish","hentry"],"acf":[],"_links":{"self":[{"href":"https:\/\/semmelweis.hu\/klinikai-pszichologia\/wp-json\/wp\/v2\/pages\/43","targetHints":{"allow":["GET"]}}],"collection":[{"href":"https:\/\/semmelweis.hu\/klinikai-pszichologia\/wp-json\/wp\/v2\/pages"}],"about":[{"href":"https:\/\/semmelweis.hu\/klinikai-pszichologia\/wp-json\/wp\/v2\/types\/page"}],"author":[{"embeddable":true,"href":"https:\/\/semmelweis.hu\/klinikai-pszichologia\/wp-json\/wp\/v2\/users\/336"}],"replies":[{"embeddable":true,"href":"https:\/\/semmelweis.hu\/klinikai-pszichologia\/wp-json\/wp\/v2\/comments?post=43"}],"version-history":[{"count":9,"href":"https:\/\/semmelweis.hu\/klinikai-pszichologia\/wp-json\/wp\/v2\/pages\/43\/revisions"}],"predecessor-version":[{"id":8019,"href":"https:\/\/semmelweis.hu\/klinikai-pszichologia\/wp-json\/wp\/v2\/pages\/43\/revisions\/8019"}],"up":[{"embeddable":true,"href":"https:\/\/semmelweis.hu\/klinikai-pszichologia\/wp-json\/wp\/v2\/pages\/4638"}],"wp:attachment":[{"href":"https:\/\/semmelweis.hu\/klinikai-pszichologia\/wp-json\/wp\/v2\/media?parent=43"}],"wp:term":[{"taxonomy":"category","embeddable":true,"href":"https:\/\/semmelweis.hu\/klinikai-pszichologia\/wp-json\/wp\/v2\/categories?post=43"},{"taxonomy":"post_tag","embeddable":true,"href":"https:\/\/semmelweis.hu\/klinikai-pszichologia\/wp-json\/wp\/v2\/tags?post=43"}],"curies":[{"name":"wp","href":"https:\/\/api.w.org\/{rel}","templated":true}]}}