{"id":3959,"date":"2018-12-04T10:36:09","date_gmt":"2018-12-04T09:36:09","guid":{"rendered":"http:\/\/semmelweis.hu\/klinikai-pszichologia\/?page_id=3959"},"modified":"2025-11-20T11:19:01","modified_gmt":"2025-11-20T10:19:01","slug":"betegjogi-kepviselo","status":"publish","type":"page","link":"https:\/\/semmelweis.hu\/klinikai-pszichologia\/betegellatas-es-szakmai-profilok\/betegjogi-kepviselo\/","title":{"rendered":"Betegjogi k\u00e9pvisel\u0151, adatv\u00e9delem"},"content":{"rendered":"<p>A Tansz\u00e9ken m\u0171k\u00f6d\u0151 betegjogi k\u00e9pvisel\u0151 el\u00e9rhet\u0151s\u00e9gei:<\/p>\n<p><strong><span style=\"font-size: 18pt\">Dr. Mina Andr\u00e1s<\/span><\/strong><\/p>\n<p><strong>+36 20 4899-577<\/strong><br \/>\n<strong>andras.mina@ijsz.bm.gov.hu<\/strong><\/p>\n<p>A Semmelweis Egyetem klinik\u00e1in dolgoz\u00f3 betegjogi k\u00e9pvisel\u0151k el\u0151zetes telefonos egyeztet\u00e9s ut\u00e1n fogadj\u00e1k a betegeket.\u00a0<\/p>\n<p><a href=\"https:\/\/semmelweis.hu\/klinikai-pszichologia\/files\/2024\/07\/ADATVEDELMI-TAJEKOZTATAS_betegjog_.pdf\" target=\"_blank\" rel=\"noopener\">Adatv\u00e9delmi t\u00e1j\u00e9koztat\u00e1s_betegjog\u00a0<\/a><\/p>\n","protected":false},"excerpt":{"rendered":"<p>A Tansz\u00e9ken m\u0171k\u00f6d\u0151 betegjogi k\u00e9pvisel\u0151 el\u00e9rhet\u0151s\u00e9gei:<br \/>\nDr. Mina Andr\u00e1s<br \/>\n+36 20 4899-577<br \/>\nandras.mina@ijsz.bm.gov.hu<br \/>\nA Semmelweis Egyetem klinik\u00e1in dolgoz\u00f3 betegjogi k\u00e9pvisel\u0151k el\u0151zetes telefonos egyeztet\u00e9s ut\u00e1n fogadj\u00e1k a betegeket.\u00a0<br \/>\n<a href=\"https:\/\/semmelweis.hu\/klinikai-pszichologia\/files\/2024\/07\/ADATVEDELMI-TAJEKOZTATAS_betegjog_.pdf\" target=\"_blank\" rel=\"noopener\">Adatv\u00e9delmi t\u00e1j\u00e9koztat\u00e1s_betegjog\u00a0<\/a><\/p>\n","protected":false},"author":336,"featured_media":0,"parent":7,"menu_order":3,"comment_status":"closed","ping_status":"closed","template":"","meta":{"_acf_changed":false,"footnotes":""},"categories":[],"tags":[],"class_list":["post-3959","page","type-page","status-publish","hentry"],"acf":[],"_links":{"self":[{"href":"https:\/\/semmelweis.hu\/klinikai-pszichologia\/wp-json\/wp\/v2\/pages\/3959","targetHints":{"allow":["GET"]}}],"collection":[{"href":"https:\/\/semmelweis.hu\/klinikai-pszichologia\/wp-json\/wp\/v2\/pages"}],"about":[{"href":"https:\/\/semmelweis.hu\/klinikai-pszichologia\/wp-json\/wp\/v2\/types\/page"}],"author":[{"embeddable":true,"href":"https:\/\/semmelweis.hu\/klinikai-pszichologia\/wp-json\/wp\/v2\/users\/336"}],"replies":[{"embeddable":true,"href":"https:\/\/semmelweis.hu\/klinikai-pszichologia\/wp-json\/wp\/v2\/comments?post=3959"}],"version-history":[{"count":8,"href":"https:\/\/semmelweis.hu\/klinikai-pszichologia\/wp-json\/wp\/v2\/pages\/3959\/revisions"}],"predecessor-version":[{"id":7894,"href":"https:\/\/semmelweis.hu\/klinikai-pszichologia\/wp-json\/wp\/v2\/pages\/3959\/revisions\/7894"}],"up":[{"embeddable":true,"href":"https:\/\/semmelweis.hu\/klinikai-pszichologia\/wp-json\/wp\/v2\/pages\/7"}],"wp:attachment":[{"href":"https:\/\/semmelweis.hu\/klinikai-pszichologia\/wp-json\/wp\/v2\/media?parent=3959"}],"wp:term":[{"taxonomy":"category","embeddable":true,"href":"https:\/\/semmelweis.hu\/klinikai-pszichologia\/wp-json\/wp\/v2\/categories?post=3959"},{"taxonomy":"post_tag","embeddable":true,"href":"https:\/\/semmelweis.hu\/klinikai-pszichologia\/wp-json\/wp\/v2\/tags?post=3959"}],"curies":[{"name":"wp","href":"https:\/\/api.w.org\/{rel}","templated":true}]}}