{"id":3625,"date":"2018-09-21T10:09:54","date_gmt":"2018-09-21T08:09:54","guid":{"rendered":"http:\/\/semmelweis.hu\/klinikai-pszichologia\/?page_id=3625"},"modified":"2024-11-13T13:33:19","modified_gmt":"2024-11-13T12:33:19","slug":"kresznerits-szilvia-klinikai-szakpszichologus","status":"publish","type":"page","link":"https:\/\/semmelweis.hu\/klinikai-pszichologia\/altalanos-informaciok\/munkatarsaink\/kresznerits-szilvia-klinikai-szakpszichologus\/","title":{"rendered":"Kresznerits Szilvia klinikai szakpszichol\u00f3gus"},"content":{"rendered":"<p><strong>Beoszt\u00e1s: <\/strong>klinikai szakpszichol\u00f3gus<br \/>\n<strong>Szakter\u00fclet: <\/strong>feln\u0151tt klinikai szakpszichol\u00f3gia<\/p>\n<p>&nbsp;<\/p>\n<h3><strong>Tanulm\u00e1nyok\/k\u00e9pzetts\u00e9gek<\/strong><\/h3>\n<p><strong>2021 \u2013 folyamatban <\/strong>Semmelweis Egyetem, Ment\u00e1lis Eg\u00e9szs\u00e9gtudom\u00e1nyok Doktori Iskola, Ment\u00e1lis Eg\u00e9szs\u00e9gtudom\u00e1nyok Doktori Program \u2013 <strong>doktori k\u00e9pz\u00e9s<\/strong><\/p>\n<p><strong>2016 &#8211; 2020 <\/strong>Semmelweis Egyetem, \u00c1ltal\u00e1nos Orvostudom\u00e1nyi Kar, Klinikai Pszichol\u00f3gia Tansz\u00e9k &#8211; <strong>feln\u0151tt klinikai \u00e9s ment\u00e1lhigi\u00e9n\u00e9s szakpszichol\u00f3gus szakk\u00e9pz\u00e9s<\/strong><\/p>\n<p><strong>2012 &#8211; 2014 <\/strong>Szegedi Tudom\u00e1nyegyetem, B\u00f6lcs\u00e9szettudom\u00e1nyi Kar &#8211; <strong>pszichol\u00f3gia (MA) <\/strong><em>klinikai- \u00e9s eg\u00e9szs\u00e9gpszichol\u00f3gia szakir\u00e1ny<\/em><\/p>\n<p><strong>2009 &#8211; 2012<\/strong> Szegedi Tudom\u00e1nyegyetem, B\u00f6lcs\u00e9szettudom\u00e1nyi Kar &#8211; <strong>viselked\u00e9selemz\u0151 (BA) <\/strong><\/p>\n<p><strong>2004 &#8211; 2010<\/strong> E\u00f6tv\u00f6s Lor\u00e1nd Tudom\u00e1nyegyetem, T\u00e1rsadalomtudom\u00e1nyi Kar &#8211; <strong>okleveles<\/strong> <strong>szociol\u00f3gus <\/strong><\/p>\n<h3><strong>Tov\u00e1bbi tanulm\u00e1nyok<\/strong><\/h3>\n<p><strong>2022 \u2013 folyamatban <\/strong>Beck Institute: <strong>Kognit\u00edv viselked\u00e9sterapeuta k\u00e9pz\u00e9s<\/strong> &#8211; Cognitive Behavioural Therapy: CBT Essentials, CBT for Anxiety disorders, CBT for Depression, CBT for Personality disorders<\/p>\n<p><strong>2021 \u2013 folyamatban <\/strong>Magyar Viselked\u00e9s-, Kognit\u00edv- \u00e9s S\u00e9mater\u00e1pi\u00e1s Egyes\u00fclet: <strong>s\u00e9materapeuta k\u00e9pz\u00e9s <\/strong>(Vank\u00f3 T\u00fcnde, Unoka Zsolt \u00e9s Galg\u00f3czi Katalin kik\u00e9pz\u0151kn\u00e9l), I., II., III\/B modul elm\u00e9let \u00e9s szuperv\u00edzi\u00f3<\/p>\n<p><strong>2019 <\/strong>Semmelweis Egyetem, \u00c1ltal\u00e1nos Orvostudom\u00e1nyi Kar, Klinikai Pszichol\u00f3gia Tansz\u00e9k: <strong>Tudatos jelenl\u00e9t (mindfulness) alap\u00fa kognit\u00edv ter\u00e1pi\u00e1s kik\u00e9pz\u0151 tanfolyam <\/strong>(Prof. Perczel-Forintos D\u00f3ra vezet\u00e9s\u00e9vel)<\/p>\n<p><strong>2015 <\/strong>Vadaskert Alap\u00edtv\u00e1ny: <strong>A hiperaktivit\u00e1s-figyelemzavar viselked\u00e9ster\u00e1pi\u00e1ja <\/strong>\u00e9s \u201e<strong>\u00d3vod\u00e1s \u00e9s kisiskol\u00e1s kor\u00fa gyermekek kort\u00e1rs k\u00f6z\u00f6ss\u00e9gben tapasztalhat\u00f3 magatart\u00e1sprobl\u00e9m\u00e1inak hat\u00e9kony megold\u00e1si strat\u00e9gi\u00e1i\u201d <\/strong>tanfolyamok<\/p>\n<p><strong>2015 &#8211; 2017 Magyar Pszichodr\u00e1ma Egyes\u00fclet: \u00f6nismereti csoport <\/strong>(150 \u00f3ra, K\u00f3nya Olga \u00e9s M\u00f3ra L\u00e1szl\u00f3 Xav\u00e9r kik\u00e9pz\u0151k vezet\u00e9s\u00e9vel)<\/p>\n<p><strong>2014 &#8211; 2015 <\/strong>Dr. Szak\u00e1cs Ferenc vezet\u00e9s\u00e9vel: <strong>Rorschach <\/strong>akkredit\u00e1lt<strong> tanfolyam<\/strong><\/p>\n<p>JelenL\u00e9t Pszichoter\u00e1pi\u00e1s Rendel\u00e9s: <strong>A gyermekpszichoter\u00e1pia technikai k\u00e9rd\u00e9sei az \u00e9letkori saj\u00e1toss\u00e1gok t\u00fckr\u00e9ben<\/strong> szemin\u00e1rium<\/p>\n<p>Saj\u00e1t \u00daton Alap\u00edtv\u00e1ny: <strong>N\u00e9gy\u00fcl\u00e9ses serd\u00fcl\u0151konzult\u00e1ci\u00f3<\/strong><\/p>\n<p><strong>2013 &#8211; folyamatban <\/strong>Magyar Csal\u00e1dter\u00e1pi\u00e1s Egyes\u00fclet: <strong>Csal\u00e1dterapeuta k\u00e9pz\u00e9s <\/strong>(Kozma-V\u00edzkeleti D\u00e1niel \u00e9s Koml\u00f3si Piroska kik\u00e9pz\u0151kn\u00e9l) <strong>elm\u00e9let <\/strong>(200 \u00f3ra) \u00e9s <strong>szuperv\u00edzi\u00f3 <\/strong>(2*50 \u00f3ra), \u00f6nk\u00e9ntes gyakorlat (20 \u00f3ra)<\/p>\n<p><strong>2011 <\/strong>Vadaskert Alap\u00edtv\u00e1ny: <strong>CBT1<\/strong> \u00e9s <strong>CBT2<\/strong> tanfolyam: <em>Gyermekkori depresszi\u00f3 \u00e9s szorong\u00e1s kognit\u00edv-viselked\u00e9ster\u00e1pi\u00e1ja, Szorong\u00f3s csoport vezet\u00e9se kognit\u00edv-viselked\u00e9ster\u00e1pi\u00e1s program keret\u00e9ben &#8211; m\u00f3dszertan \u00e9s elm\u00e9let<\/em><\/p>\n<p>&nbsp;<\/p>\n<h3>Tudom\u00e1nyos tev\u00e9kenys\u00e9gek, publik\u00e1ci\u00f3k<\/h3>\n<p><strong>Konferencia r\u00e9szv\u00e9telek:<\/strong><\/p>\n<p>1.\u00a0\u00a0\u00a0\u00a0\u00a0\u00a0 Kresznerits Sz., &amp; Perczel-Forintos, D. (2021). A Transdiagnostic Approach to Low Self-Esteem: a Pathway Analysis in a Pilot Randomized Clinical Sample. <em>10th International Congress of Cognitive Psychotherapy, Virtual congress,13th-15th May 2021 <\/em>(<strong>poszter<\/strong>)<\/p>\n<p>2.\u00a0\u00a0\u00a0\u00a0\u00a0\u00a0 Kresznerits Sz., Zinner-G\u00e9recz, \u00c1.,\u00a0 &amp; Perczel-Forintos, D. (2021). Emotion Regulation and Mindfulness among Hungarian Borderline Personality Disorder Patients with Nonsuicidal Self-Injury: a Pilot Study. <em>10th International Congress of Cognitive Psychotherapy, Virtual congress,13th-15th May 2021<\/em> (<strong>poszter<\/strong>)<\/p>\n<p>3.\u00a0\u00a0\u00a0\u00a0\u00a0\u00a0 Zinner-G\u00e9recz, \u00c1., Kresznerits Sz., &amp; Perczel-Forintos, D. (2021). A tudatos jelenl\u00e9t tr\u00e9ning hat\u00e1sa az \u00e9rzelemszab\u00e1lyoz\u00e1sra borderline betegek k\u00f6r\u00e9ben. <em>Tudatos jelenl\u00e9t a gy\u00f3gy\u00edt\u00e1s szolg\u00e1lat\u00e1ban &#8211; I.\u00a0Magyar tudom\u00e1nyos mindfulness konferencia, Budapest,<\/em> 2021. \u00e1prilis 9. <em>(<strong>el\u0151ad\u00e1s<\/strong>)<\/em><\/p>\n<p>4.\u00a0\u00a0\u00a0\u00a0\u00a0\u00a0 Kresznerits Sz., Perczel-Forintos, D., &amp; Zinner-G\u00e9recz, \u00c1. (2021). Az \u00f6nelfogad\u00e1s \u00e9s tudatos jelenl\u00e9t szerepe az \u00e9rzelemszab\u00e1lyoz\u00e1sban. <em>Tudatos jelenl\u00e9t a gy\u00f3gy\u00edt\u00e1s szolg\u00e1lat\u00e1ban &#8211; I. Magyar tudom\u00e1nyos mindfulness konferencia, Budapest,<\/em> 2021. \u00e1prilis 9. <em>(<strong>el\u0151ad\u00e1s<\/strong>)<\/em><\/p>\n<p>5.\u00a0\u00a0\u00a0\u00a0\u00a0\u00a0 Perczel-Forintos, D., Zinner-G\u00e9recz, \u00c1., &amp; Kresznerits Sz. (2021). MBCT adapt\u00e1l\u00e1sa borderline popul\u00e1ci\u00f3ra. <em>Tudatos jelenl\u00e9t a gy\u00f3gy\u00edt\u00e1s szolg\u00e1lat\u00e1ban &#8211; I. Magyar tudom\u00e1nyos mindfulness konferencia, Budapest,<\/em> 2021. \u00e1prilis 9. <em>(<strong>el\u0151ad\u00e1s<\/strong>)<\/em><\/p>\n<p><em>6.\u00a0\u00a0\u00a0\u00a0\u00a0\u00a0 <\/em>Zinner-G\u00e9recz, \u00c1., Kresznerits Sz., Kulig, B., &amp; Perczel-Forintos, D. (2020). A tudatos jelenl\u00e9t hat\u00e1sa az \u00f6ns\u00e9rt\u0151 viselked\u00e9sre. <em>A Magyar Pszichi\u00e1triai T\u00e1rsas\u00e1g XXIII. jubileumi v\u00e1ndorgy\u0171l\u00e9se, Budapest, 2020. janu\u00e1r 22\u201325. (<strong>el\u0151ad\u00e1s<\/strong>)<\/em><\/p>\n<p><em>7.\u00a0\u00a0\u00a0\u00a0\u00a0\u00a0 <\/em>Perczel-Forintos, D., Kresznerits Sz., Kulig, B., &amp; Zinner-G\u00e9recz, \u00c1. (2020). Az \u00f6nelfogad\u00e1s \u00e9s tudatos jelenl\u00e9t szerepe az \u00e9rzelemszab\u00e1lyoz\u00e1sban. <em>A Magyar Pszichi\u00e1triai T\u00e1rsas\u00e1g XXIII. jubileumi v\u00e1ndorgy\u0171l\u00e9se, Budapest, 2020. janu\u00e1r 22\u201325. (<strong>el\u0151ad\u00e1s<\/strong>)<\/em><\/p>\n<p>8.\u00a0\u00a0\u00a0\u00a0\u00a0\u00a0 Kresznerits, Sz., &amp; Perczel-Forintos, D. (2019). Az alacsony \u00f6n\u00e9rt\u00e9kel\u00e9s transzdiagnosztikus modellje. <em>Magyar Viselked\u00e9s-, Kognit\u00edv- \u00e9s S\u00e9mater\u00e1pi\u00e1s Egyes\u00fclet 2019. \u00e9vi Kongresszusa, Budapest, 2019. 11. 14-15. (<strong>el\u0151ad\u00e1s<\/strong>)<\/em><\/p>\n<p>9.\u00a0\u00a0\u00a0\u00a0\u00a0\u00a0 Perczel-Forintos, D., &amp; Kresznerits, Sz. (2019). The Transdiagnostic Model of Low Self-Esteem: Pathway Analysis in a Pilot Randomized Clinical Sample. <em>9th World Congress of Behavioural &amp; Cognitive Therapies, Berlin, July 17th\u201320th 2019 <\/em>(<strong>poszter<\/strong>)<\/p>\n<p>10.\u00a0\u00a0 Krist\u00f3f, Zs., Kresznerits, Sz., Ol\u00e1h, M., Gyollai, \u00c1., Luk\u00e1cs-Miszler, K., Halmai, T., Fountoulakis, K. N.,T\u00e9nyi, T., D\u00f6me, P., &amp; Gonda, X. (2018). Patterns of mentalisation and empathy as possible predictors of violence in schizophrenia. 31st ECNP Congress, 6 &#8211; 9 October 2018, Barcelona, Spain (<strong>poszter<\/strong>)<\/p>\n<p><em>11.\u00a0\u00a0 <\/em>Kresznerits, Sz., &amp; Perczel-Forintos, D. (2018). Nem \u00e9rzem j\u00f3l magam a b\u0151r\u00f6mben: klinikai pszichol\u00f3gia a b\u0151rgy\u00f3gy\u00e1szaton. <em>Magyar Viselked\u00e9s-, Kognit\u00edv- \u00e9s S\u00e9mater\u00e1pi\u00e1s Egyes\u00fclet 2018. \u00e9vi Kongresszusa: Lelki kr\u00edzisek a pszichoter\u00e1pi\u00e1ban \u00e9s azon k\u00edv\u00fcl, Budapest, Szimp\u00f3zium I. \u2013 Alacsony intenzit\u00e1s\u00fa kognit\u00edv viselked\u00e9ster\u00e1pia; 2018.11.23-24, Budapest (<strong>el\u0151ad\u00e1s<\/strong>)<\/em><\/p>\n<p>12.\u00a0\u00a0 Kresznerits, Sz., &amp; Perczel-Forintos, D. (2018). Nem \u00e9rzem j\u00f3l magam a b\u0151r\u00f6mben \u2013 Klinikai szakpszichol\u00f3gus rezidensi munka a b\u0151rgy\u00f3gy\u00e1szaton. <em>V\u00e1ltoz\u00e1s az \u00e1lland\u00f3s\u00e1gban &#8211; A Magyar Pszichol\u00f3giai T\u00e1rsas\u00e1g XXVII. Orsz\u00e1gos Tudom\u00e1nyos Nagygy\u0171l\u00e9se, 2018. 05. 31.-2018.06.02., Budapest (<strong>el\u0151ad\u00e1s<\/strong>)<\/em><\/p>\n<p>13.\u00a0\u00a0 Kresznerits, Sz., &amp; N\u00e9meth, E. (2018). Tanuls\u00e1gos pszichodermatol\u00f3giai esetek.<em> B\u0151rakad\u00e9mia, 2018. \u00e1prilis 26-28., Budapest<\/em> <em>(<strong>el\u0151ad\u00e1s<\/strong>)<\/em><\/p>\n<p><em>14.\u00a0\u00a0 <\/em>Kresznerits, Sz., Janacsek, K., &amp; N\u00e9meth, D. (2013). A fluencia tesztek id\u0151i dimenzi\u00f3ja: \u00faj elemz\u00e9si m\u00f3dszer egynyelv\u0171 \u00e9s k\u00e9tnyelv\u0171 fiatalokn\u00e1l. <em>Kapcsolataink vil\u00e1ga: Magyar Pszichol\u00f3giai T\u00e1rsas\u00e1g XXII. Orsz\u00e1gos Tudom\u00e1nyos Nagygy\u0171l\u00e9se, 2013. 06. 05-07., Budapest (<strong>el\u0151ad\u00e1s<\/strong>)<\/em><\/p>\n<p><em>15.\u00a0\u00a0 <\/em><em>Kresznerits, Sz., &amp; Porp\u00e1czi, J. (2011). \u00daj elemz\u00e9si lehet\u0151s\u00e9g a fluencia teszten ny\u00fajtott teljes\u00edtm\u00e9ny \u00e9rt\u00e9kel\u00e9s\u00e9re: a teljes\u00edtm\u00e9ny id\u0151i dimenzi\u00f3i fiatalokn\u00e1l. Szegedi H\u00e1zi TDK, 2011(1. helyez\u00e9s) \u00e9s OTDK, Eger, 2013 (k\u00fcl\u00f6nd\u00edj)<\/em><\/p>\n<p><strong>K\u00f6zlem\u00e9nyek:<\/strong><\/p>\n<p>1.\u00a0\u00a0\u00a0\u00a0\u00a0\u00a0 *Kresznerits, S., R\u00f3zsa, S., &amp; Perczel-Forintos, D. (2021). A transdiagnostic model of low self-esteem: pathway analysis in a heterogeneous clinical sample. Behavioural and cognitive psychotherapy, 1\u201316. Advance online publication.<\/p>\n<p>2.\u00a0\u00a0\u00a0\u00a0\u00a0\u00a0 *Ol\u00e1h, M., Kresznerits, Sz., Gonda, X., Perczel-Forintos, D., Szab\u00f3, M., Cs\u00e1nky, E., &amp; M\u00e9sz\u00e1ros, A. (2020). Impact of education on dimensions of adherence in patients with chronic obstructive pulmonary disease. <em>Acta Poloniae Pharmaceutica, 77:1<\/em> pp. 195-204., 10 p.<\/p>\n<p>3.\u00a0\u00a0\u00a0\u00a0\u00a0\u00a0 *Ol\u00e1h, M., Kresznerits, Sz., Kun, Cs., Perczel-Forintos, D., Cs\u00e1nky, E., &amp; M\u00e9sz\u00e1ros, \u00c1. (2020). Egy oktat\u00f3program fejleszt\u00e9s\u00e9nek lehet\u0151s\u00e9gei t\u00fcd\u0151gy\u00f3gy\u00e1sz szakorvosok kr\u00f3nikus obstrukt\u00edv t\u00fcd\u0151betegs\u00e9ggel kapcsolatos meg\u00edt\u00e9l\u00e9se alapj\u00e1n. <em>Orvosi Hetilap, 161:3<\/em> pp. 95-102., 8 p.<\/p>\n<p>4.\u00a0\u00a0\u00a0\u00a0\u00a0\u00a0 *Krist\u00f3f, Zs., Kresznerits, Sz., Ol\u00e1h, M., Gyollai, \u00c1., Luk\u00e1cs-Miszler, K., Halmai, T., Fountoulakis, K.N., T\u00e9nyi, T., D\u00f6me, P., &amp; Gonda, X. (2018). Mentalization and empathy as predictors of violence in schizophrenic patients: comparison with nonviolent schizophrenic patients, violent controls and nonviolent controls. <em>Psychiatry Research, 268<\/em> pp. 198-205., 8 p.<\/p>\n<p>5.\u00a0\u00a0\u00a0\u00a0\u00a0\u00a0 *Perczel-Forintos, D., &amp; Kresznerits, Sz. (2017). Szoci\u00e1lis szorong\u00e1s \u00e9s \u00f6n\u00e9rt\u00e9kel\u00e9s: a &#8222;F\u00e9lelem a negat\u00edv meg\u00edt\u00e9l\u00e9st\u0151l&#8221; (F\u00c9LNE) k\u00e9rd\u0151\u00edv hazai adapt\u00e1ci\u00f3ja [Social anxiety and self-esteem: Hungarian validation of the &#8222;Brief Fear of Negative Evaluation Scale &#8211; Straightforward Items&#8221;]. <em>Orvosi Hetilap, 158:22<\/em> pp. 843-850., 8 p.<\/p>\n<p>6.\u00a0\u00a0\u00a0\u00a0\u00a0\u00a0 Kresznerits, Sz., &amp; Fedor, M. (2014). \u201eContr-ana\u201d \u2013 Kognit\u00edv lez\u00e1r\u00e1s ir\u00e1nti ig\u00e9ny vizsg\u00e1lata az ev\u00e9szavarokat t\u00e1mogat\u00f3 weboldalak felhaszn\u00e1l\u00f3in\u00e1l. Impulzus &#8211; Szegedi Pszichol\u00f3giai Tanulm\u00e1nyok, 1:1, 19 p.<\/p>\n<p>7.\u00a0\u00a0\u00a0\u00a0\u00a0\u00a0 Kresznerits, Sz., Porp\u00e1czi, J., Janacsek, K., &amp; N\u00e9meth, D. (2013). \u00daj elemz\u00e9si lehet\u0151s\u00e9g a fluencia teszten ny\u00fajtott teljes\u00edtm\u00e9ny \u00e9rt\u00e9kel\u00e9s\u00e9re: A szemantikus teljes\u00edtm\u00e9ny id\u0151i dimenzi\u00f3i fiatalokn\u00e1l In: Hars\u00e1nyi, Szabolcs Gerg\u0151; K\u00e9kesi, M\u00e1rk Zolt\u00e1n (szerk.) <em>Szegedi Pszichol\u00f3giai Tanulm\u00e1nyok 2013 Szeged<\/em>, Magyarorsz\u00e1g: SZEK JGYF Kiad\u00f3, pp. 79-90. , 12 p.<\/p>\n<p>(* impakt faktoros foly\u00f3iratban megjelent k\u00f6zlem\u00e9ny)<\/p>\n","protected":false},"excerpt":{"rendered":"<p>Beoszt\u00e1s: klinikai szakpszichol\u00f3gus Szakter\u00fclet: feln\u0151tt klinikai szakpszichol\u00f3gia &nbsp; Tanulm\u00e1nyok\/k\u00e9pzetts\u00e9gek 2021 \u2013 folyamatban Semmelweis Egyetem, Ment\u00e1lis Eg\u00e9szs\u00e9gtudom\u00e1nyok Doktori Iskola, Ment\u00e1lis Eg\u00e9szs\u00e9gtudom\u00e1nyok Doktori Program \u2013 doktori k\u00e9pz\u00e9s 2016 &#8211; 2020 Semmelweis Egyetem, \u00c1ltal\u00e1nos Orvostudom\u00e1nyi Kar, Klinikai Pszichol\u00f3gia Tansz\u00e9k &#8211; feln\u0151tt klinikai \u00e9s ment\u00e1lhigi\u00e9n\u00e9s szakpszichol\u00f3gus szakk\u00e9pz\u00e9s 2012 &#8211; 2014 Szegedi Tudom\u00e1nyegyetem, B\u00f6lcs\u00e9szettudom\u00e1nyi Kar &#8211; pszichol\u00f3gia (MA) klinikai- \u00e9s &hellip;<\/p>\n","protected":false},"author":336,"featured_media":0,"parent":33,"menu_order":3,"comment_status":"closed","ping_status":"closed","template":"","meta":{"_acf_changed":false,"footnotes":""},"categories":[],"tags":[],"class_list":["post-3625","page","type-page","status-publish","hentry"],"acf":[],"_links":{"self":[{"href":"https:\/\/semmelweis.hu\/klinikai-pszichologia\/wp-json\/wp\/v2\/pages\/3625","targetHints":{"allow":["GET"]}}],"collection":[{"href":"https:\/\/semmelweis.hu\/klinikai-pszichologia\/wp-json\/wp\/v2\/pages"}],"about":[{"href":"https:\/\/semmelweis.hu\/klinikai-pszichologia\/wp-json\/wp\/v2\/types\/page"}],"author":[{"embeddable":true,"href":"https:\/\/semmelweis.hu\/klinikai-pszichologia\/wp-json\/wp\/v2\/users\/336"}],"replies":[{"embeddable":true,"href":"https:\/\/semmelweis.hu\/klinikai-pszichologia\/wp-json\/wp\/v2\/comments?post=3625"}],"version-history":[{"count":10,"href":"https:\/\/semmelweis.hu\/klinikai-pszichologia\/wp-json\/wp\/v2\/pages\/3625\/revisions"}],"predecessor-version":[{"id":7250,"href":"https:\/\/semmelweis.hu\/klinikai-pszichologia\/wp-json\/wp\/v2\/pages\/3625\/revisions\/7250"}],"up":[{"embeddable":true,"href":"https:\/\/semmelweis.hu\/klinikai-pszichologia\/wp-json\/wp\/v2\/pages\/33"}],"wp:attachment":[{"href":"https:\/\/semmelweis.hu\/klinikai-pszichologia\/wp-json\/wp\/v2\/media?parent=3625"}],"wp:term":[{"taxonomy":"category","embeddable":true,"href":"https:\/\/semmelweis.hu\/klinikai-pszichologia\/wp-json\/wp\/v2\/categories?post=3625"},{"taxonomy":"post_tag","embeddable":true,"href":"https:\/\/semmelweis.hu\/klinikai-pszichologia\/wp-json\/wp\/v2\/tags?post=3625"}],"curies":[{"name":"wp","href":"https:\/\/api.w.org\/{rel}","templated":true}]}}