{"id":3374,"date":"2018-03-07T13:14:56","date_gmt":"2018-03-07T12:14:56","guid":{"rendered":"http:\/\/semmelweis.hu\/klinikai-pszichologia\/?page_id=3374"},"modified":"2021-05-20T08:12:12","modified_gmt":"2021-05-20T06:12:12","slug":"fasine-boros-krisztina","status":"publish","type":"page","link":"https:\/\/semmelweis.hu\/klinikai-pszichologia\/altalanos-informaciok\/munkatarsaink\/fasine-boros-krisztina\/","title":{"rendered":"F\u00e1sin\u00e9 Boros Krisztina titk\u00e1rs\u00e1gvezet\u0151"},"content":{"rendered":"<p><strong>Beoszt\u00e1s<\/strong>: titk\u00e1rs\u00e1gvezet\u0151 <br \/>\n<strong>E-mail<\/strong>:\u00a0<a href=\"mailto:boross.viktor@med.semmelweis-univ.hu\">klinpszicho@med.semmelweis-univ.hu<\/a><br \/>\n<strong>Telefon<\/strong>: +36-1-459-14-93<br \/>\n<strong>Bels\u0151 mell\u00e9k<\/strong>: 62360<br \/>\n<strong>Int\u00e9zeti mobil:\u00a0<\/strong>06-20-663-27-13<\/p>\n<p>&nbsp;<\/p>\n","protected":false},"excerpt":{"rendered":"<p>Beoszt\u00e1s: titk\u00e1rs\u00e1gvezet\u0151<br \/>\nE-mail:\u00a0<a href=\"mailto:boross.viktor@med.semmelweis-univ.hu\">klinpszicho@med.semmelweis-univ.hu<\/a><br \/>\nTelefon: +36-1-459-14-93<br \/>\nBels\u0151 mell\u00e9k: 62360<br \/>\nInt\u00e9zeti mobil:\u00a006-20-663-27-13<br \/>\n&nbsp;<\/p>\n","protected":false},"author":336,"featured_media":0,"parent":33,"menu_order":5,"comment_status":"closed","ping_status":"closed","template":"","meta":{"_acf_changed":false,"footnotes":""},"categories":[],"tags":[],"class_list":["post-3374","page","type-page","status-publish","hentry"],"acf":[],"_links":{"self":[{"href":"https:\/\/semmelweis.hu\/klinikai-pszichologia\/wp-json\/wp\/v2\/pages\/3374","targetHints":{"allow":["GET"]}}],"collection":[{"href":"https:\/\/semmelweis.hu\/klinikai-pszichologia\/wp-json\/wp\/v2\/pages"}],"about":[{"href":"https:\/\/semmelweis.hu\/klinikai-pszichologia\/wp-json\/wp\/v2\/types\/page"}],"author":[{"embeddable":true,"href":"https:\/\/semmelweis.hu\/klinikai-pszichologia\/wp-json\/wp\/v2\/users\/336"}],"replies":[{"embeddable":true,"href":"https:\/\/semmelweis.hu\/klinikai-pszichologia\/wp-json\/wp\/v2\/comments?post=3374"}],"version-history":[{"count":10,"href":"https:\/\/semmelweis.hu\/klinikai-pszichologia\/wp-json\/wp\/v2\/pages\/3374\/revisions"}],"predecessor-version":[{"id":5652,"href":"https:\/\/semmelweis.hu\/klinikai-pszichologia\/wp-json\/wp\/v2\/pages\/3374\/revisions\/5652"}],"up":[{"embeddable":true,"href":"https:\/\/semmelweis.hu\/klinikai-pszichologia\/wp-json\/wp\/v2\/pages\/33"}],"wp:attachment":[{"href":"https:\/\/semmelweis.hu\/klinikai-pszichologia\/wp-json\/wp\/v2\/media?parent=3374"}],"wp:term":[{"taxonomy":"category","embeddable":true,"href":"https:\/\/semmelweis.hu\/klinikai-pszichologia\/wp-json\/wp\/v2\/categories?post=3374"},{"taxonomy":"post_tag","embeddable":true,"href":"https:\/\/semmelweis.hu\/klinikai-pszichologia\/wp-json\/wp\/v2\/tags?post=3374"}],"curies":[{"name":"wp","href":"https:\/\/api.w.org\/{rel}","templated":true}]}}