{"id":33,"date":"2012-02-27T14:55:47","date_gmt":"2012-02-27T14:55:47","guid":{"rendered":"http:\/\/semmelweis-egyetem.hu\/klinikai-pszichologia\/?page_id=33"},"modified":"2026-03-26T17:07:37","modified_gmt":"2026-03-26T16:07:37","slug":"munkatarsaink","status":"publish","type":"page","link":"https:\/\/semmelweis.hu\/klinikai-pszichologia\/altalanos-informaciok\/munkatarsaink\/","title":{"rendered":"Munkat\u00e1rsak"},"content":{"rendered":"<h2>A Klinikai Pszichol\u00f3gia Tansz\u00e9k \u00e9s Szakambulancia munkat\u00e1rsai<\/h2>\n<ul style=\"list-style-type: square\">\n<li><strong><strong> Dr. Gonda X\u00e9nia, <strong style=\"font-size: 1rem\">MA PharmD PhD<\/strong><\/strong><\/strong> tansz\u00e9kvezet\u0151, habilit\u00e1lt egyetemi docens, klinikai szakpszichol\u00f3gus, pszichoterapeuta<\/li>\n<li><strong>Kresznerits Szilvia <\/strong>oktat\u00e1si \u00e9s kutat\u00e1si vezet\u0151helyettes, tan\u00e1rseg\u00e9d, klinikai szakpszichol\u00f3gus<\/li>\n<li><strong>Zinner-G\u00e9recz \u00c1gnes<\/strong> szakambulanciavezet\u0151-helyettes, klinikai szakpszichol\u00f3gus, pszichoterapeuta<\/li>\n<li><strong>F\u00e1sin\u00e9 Boros Krisztina <\/strong>kiemelt titk\u00e1rs\u00e1gi szak\u00e9rt\u0151<\/li>\n<li><b>Sz\u0171cs Andrea <\/b>oktat\u00e1si szak\u00e9rt\u0151<\/li>\n<\/ul>\n<p>&nbsp;<\/p>\n<ul style=\"list-style-type: square\">\n<li><strong>Prof. Dr. Perczel-Forintos D\u00f3ra, PhD <\/strong>egyetemi tan\u00e1r, klinikai szakpszichol\u00f3gus, pszichoterapeuta\u00a0<\/li>\n<li><strong>Dr. Fellegin\u00e9 Tak\u00e1cs Anna <\/strong>klinikai szakpszichol\u00f3gus, pszichoterapeuta\u00a0<\/li>\n<li><strong>Peth\u0151 Annam\u00e1ria<\/strong> klinikai szakpszichol\u00f3gus<\/li>\n<li><strong>F\u00e1bi\u00e1n Rita<\/strong> eg\u00e9szs\u00e9gpszichol\u00f3gus, klinikai szakpszichol\u00f3gus jel\u00f6lt<\/li>\n<li><strong>Sal Dorottya<\/strong> feln\u0151tt klinikai szakpszichol\u00f3gus rezidens<\/li>\n<li><strong>Dr. Sulyok R\u00f3za S\u00e1ra<\/strong> gyermek \u00e9s ifj\u00fas\u00e1gi klinikai szakpszichol\u00f3gus rezidens<\/li>\n<li><strong>Dr. Szab\u00f3 Brigitta<\/strong> gyermek \u00e9s ifj\u00fas\u00e1gi klinikai szakpszichol\u00f3gus rezidens<\/li>\n<li><strong>Vajsz Korn\u00e9l<\/strong> gyermek \u00e9s ifj\u00fas\u00e1gi klinikai szakpszichol\u00f3gus rezidens<\/li>\n<\/ul>\n<ul>\n<li><strong>Dr. Balogh D\u00e1vid<\/strong> \u00f6nk\u00e9ntes seg\u00edt\u0151, gyermek- \u00e9s ifj\u00fas\u00e1gpszichi\u00e1ter rezidens, \u00a0k\u00e9pz\u00e9sben l\u00e9v\u0151 csal\u00e1dterapeuta<\/li>\n<li><strong>Gazs\u00f3 Hanna,<\/strong> \u00f6nk\u00e9ntes seg\u00edt\u0151, kr\u00edzisintervenci\u00f3s szakpszichol\u00f3gus jel\u00f6lt, k\u00e9pz\u00e9sben l\u00e9v\u0151 csal\u00e1dterapeuta<\/li>\n<li><strong>Gyerm\u00e1n Katalin<\/strong> \u00f6nk\u00e9ntes seg\u00edt\u0151, tan\u00e1csad\u00f3 szakpszichol\u00f3gus, klinikai szakpszichol\u00f3gus jel\u00f6lt, k\u00e9pz\u00e9sben l\u00e9v\u0151 csal\u00e1dterapeuta<\/li>\n<li><strong>Rem\u00e9nyin\u00e9 Cseke\u0151 Borb\u00e1la<\/strong> \u00f6nk\u00e9ntes seg\u00edt\u0151, pszichol\u00f3gus, csal\u00e1dterapeuta\n<\/li>\n<li><strong>Ferenczi Ildik\u00f3<\/strong> \u00f6nk\u00e9ntes seg\u00edt\u0151, pszichol\u00f3gushallgat\u00f3<\/li>\n<li><strong>Sivad\u00f3 Georgina Vita<\/strong> \u00f6nk\u00e9ntes seg\u00edt\u0151, pszichol\u00f3gushallgat\u00f3<\/li>\n<\/ul>\n<ul style=\"list-style-type: square\">\n<li><b>T\u00fcndik T\u00edmea<\/b> orvos\u00edrnok, p\u00e1cienskoordin\u00e1tor<\/li>\n<\/ul>\n<p>&nbsp;<\/p>\n<p>Tart\u00f3s t\u00e1voll\u00e9ten:<\/p>\n<ul style=\"list-style-type: square\">\n<li><strong>Antal-Uram D\u00f3ra<\/strong> klinikai szakpszichol\u00f3gus<\/li>\n<li><strong>Gyenge Zsuzsanna <\/strong>klinikai szakpszichol\u00f3gus<strong><br \/>\n<\/strong><\/li>\n<li><strong>Kresznerits Szilvia<\/strong> tan\u00e1rseg\u00e9d, klinikai szakpszichol\u00f3gus, PhD hallgat\u00f3\u00a0<\/li>\n<\/ul>\n<h2>Klinikai szakpszichol\u00f3gus rezidensek\u00a0<\/h2>\n<h4>IV. \u00e9vfolyam<\/h4>\n<ul>\n<li><b>Bana Zs\u00f3fia<\/b><\/li>\n<li><strong>Durst Anna<\/strong><\/li>\n<li><strong>Ol\u00e1h Stella<\/strong><\/li>\n<li><strong>Paulina Laura<\/strong><\/li>\n<li><strong>Renk\u00f3 Tamara<\/strong><\/li>\n<li><strong>Sal Dorottya<\/strong><\/li>\n<\/ul>\n<h4>III. \u00e9vfolyam<\/h4>\n<ul>\n<li><strong>B\u00edr\u00f3 Brigitte<\/strong><\/li>\n<li><strong>Mis\u00e1k Emese<\/strong><\/li>\n<li><strong>S\u00f6rnyei D\u00e1niel<\/strong><\/li>\n<li><strong>Dr. Sulyok R\u00f3za PhD<\/strong><\/li>\n<li><strong>Dr. Szab\u00f3 Brigitta PhD<\/strong><\/li>\n<li><strong>Vajsz Korn\u00e9l<\/strong><\/li>\n<\/ul>\n<h4>II. \u00e9vfolyam<\/h4>\n<ul>\n<li><strong>Bakos Anna<\/strong><\/li>\n<li><strong>Losonczy <\/strong><strong>Laura <\/strong><strong>Anna<br \/>\n<\/strong><\/li>\n<li><strong>Pribula Vikt\u00f3ria<\/strong><\/li>\n<\/ul>\n<h4>I. \u00e9vfolyam<\/h4>\n<ul>\n<li><strong>Pongr\u00e1cz Fanni<\/strong><\/li>\n<li><strong>Stranigg M\u00e1rk Bendeg\u00faz<\/strong><\/li>\n<li><strong>Sz\u0171cs Tam\u00e1s<\/strong><\/li>\n<li><strong>Dr. Sz\u00fccs-Bencze Laura PhD<\/strong><\/li>\n<li><strong>Szir\u00e1czki-Jakab Laura<\/strong><\/li>\n<\/ul>\n<p>Tart\u00f3s t\u00e1voll\u00e9ten:<\/p>\n<ul style=\"list-style-type: square\">\n<li><strong>S\u00e1fr\u00e1n-Katona R\u00e9ka <\/strong>klinikai szakpszichol\u00f3gus rezidens<\/li>\n<li><strong>Dr. Bircher Julianna PhD <\/strong>klinikai szakpszichol\u00f3gus rezidens<\/li>\n<\/ul>\n","protected":false},"excerpt":{"rendered":"<p>A Klinikai Pszichol\u00f3gia Tansz\u00e9k \u00e9s Szakambulancia munkat\u00e1rsai Dr. Gonda X\u00e9nia, MA PharmD PhD tansz\u00e9kvezet\u0151, habilit\u00e1lt egyetemi docens, klinikai szakpszichol\u00f3gus, pszichoterapeuta Kresznerits Szilvia oktat\u00e1si \u00e9s kutat\u00e1si vezet\u0151helyettes, tan\u00e1rseg\u00e9d, klinikai szakpszichol\u00f3gus Zinner-G\u00e9recz \u00c1gnes szakambulanciavezet\u0151-helyettes, klinikai szakpszichol\u00f3gus, pszichoterapeuta F\u00e1sin\u00e9 Boros Krisztina kiemelt titk\u00e1rs\u00e1gi szak\u00e9rt\u0151 Sz\u0171cs Andrea oktat\u00e1si szak\u00e9rt\u0151 &nbsp; Prof. Dr. Perczel-Forintos D\u00f3ra, PhD egyetemi tan\u00e1r, klinikai szakpszichol\u00f3gus, &hellip;<\/p>\n","protected":false},"author":336,"featured_media":0,"parent":6,"menu_order":3,"comment_status":"closed","ping_status":"closed","template":"","meta":{"_acf_changed":false,"footnotes":""},"categories":[],"tags":[],"class_list":["post-33","page","type-page","status-publish","hentry"],"acf":[],"_links":{"self":[{"href":"https:\/\/semmelweis.hu\/klinikai-pszichologia\/wp-json\/wp\/v2\/pages\/33","targetHints":{"allow":["GET"]}}],"collection":[{"href":"https:\/\/semmelweis.hu\/klinikai-pszichologia\/wp-json\/wp\/v2\/pages"}],"about":[{"href":"https:\/\/semmelweis.hu\/klinikai-pszichologia\/wp-json\/wp\/v2\/types\/page"}],"author":[{"embeddable":true,"href":"https:\/\/semmelweis.hu\/klinikai-pszichologia\/wp-json\/wp\/v2\/users\/336"}],"replies":[{"embeddable":true,"href":"https:\/\/semmelweis.hu\/klinikai-pszichologia\/wp-json\/wp\/v2\/comments?post=33"}],"version-history":[{"count":11,"href":"https:\/\/semmelweis.hu\/klinikai-pszichologia\/wp-json\/wp\/v2\/pages\/33\/revisions"}],"predecessor-version":[{"id":8051,"href":"https:\/\/semmelweis.hu\/klinikai-pszichologia\/wp-json\/wp\/v2\/pages\/33\/revisions\/8051"}],"up":[{"embeddable":true,"href":"https:\/\/semmelweis.hu\/klinikai-pszichologia\/wp-json\/wp\/v2\/pages\/6"}],"wp:attachment":[{"href":"https:\/\/semmelweis.hu\/klinikai-pszichologia\/wp-json\/wp\/v2\/media?parent=33"}],"wp:term":[{"taxonomy":"category","embeddable":true,"href":"https:\/\/semmelweis.hu\/klinikai-pszichologia\/wp-json\/wp\/v2\/categories?post=33"},{"taxonomy":"post_tag","embeddable":true,"href":"https:\/\/semmelweis.hu\/klinikai-pszichologia\/wp-json\/wp\/v2\/tags?post=33"}],"curies":[{"name":"wp","href":"https:\/\/api.w.org\/{rel}","templated":true}]}}