{"id":3092,"date":"2017-05-23T17:53:30","date_gmt":"2017-05-23T15:53:30","guid":{"rendered":"http:\/\/semmelweis.hu\/klinikai-pszichologia\/?page_id=3092"},"modified":"2023-08-31T13:37:38","modified_gmt":"2023-08-31T11:37:38","slug":"szakvizsga-tetelsor-2018","status":"publish","type":"page","link":"https:\/\/semmelweis.hu\/klinikai-pszichologia\/oktatas\/felnott-es-gyermek-klinikai-es-mentalhigieniai-szakpszichologus-szakkepzes\/szakvizsga-tetelsor-2018\/","title":{"rendered":"Szakvizsga t\u00e9telsor"},"content":{"rendered":"<p>Az al\u00e1bbi linkekre kattintva let\u00f6lthet\u0151ek a szakvizsga t\u00e9telsorok:<\/p>\n<p><a href=\"https:\/\/semmelweis.hu\/klinikai-pszichologia\/files\/2022\/10\/felnott_klinikai_es_mentalhigienia_szakpszichologia_egyseges_2022.pdf\" target=\"_blank\" rel=\"noopener\">Szakvizsga t\u00e9telsor feln\u0151tt 2023<\/a><\/p>\n<p><a href=\"https:\/\/semmelweis.hu\/klinikai-pszichologia\/files\/2022\/10\/gyermek_es_ifjusagi_klinikai_es_mentalhgieniai_szakpszichologia_egyseges_2022.pdf\" target=\"_blank\" rel=\"noopener\">Szakvizsga t\u00e9telsor gyermek 2023<\/a><\/p>\n","protected":false},"excerpt":{"rendered":"<p>Az al\u00e1bbi linkekre kattintva let\u00f6lthet\u0151ek a szakvizsga t\u00e9telsorok:<br \/>\n<a href=\"https:\/\/semmelweis.hu\/klinikai-pszichologia\/files\/2022\/10\/felnott_klinikai_es_mentalhigienia_szakpszichologia_egyseges_2022.pdf\" target=\"_blank\" rel=\"noopener\">Szakvizsga t\u00e9telsor feln\u0151tt 2023<\/a><br \/>\n<a href=\"https:\/\/semmelweis.hu\/klinikai-pszichologia\/files\/2022\/10\/gyermek_es_ifjusagi_klinikai_es_mentalhgieniai_szakpszichologia_egyseges_2022.pdf\" target=\"_blank\" rel=\"noopener\">Szakvizsga t\u00e9telsor gyermek 2023<\/a><\/p>\n","protected":false},"author":336,"featured_media":0,"parent":91,"menu_order":5,"comment_status":"closed","ping_status":"closed","template":"","meta":{"_acf_changed":false,"footnotes":""},"categories":[],"tags":[],"class_list":["post-3092","page","type-page","status-publish","hentry"],"acf":[],"_links":{"self":[{"href":"https:\/\/semmelweis.hu\/klinikai-pszichologia\/wp-json\/wp\/v2\/pages\/3092","targetHints":{"allow":["GET"]}}],"collection":[{"href":"https:\/\/semmelweis.hu\/klinikai-pszichologia\/wp-json\/wp\/v2\/pages"}],"about":[{"href":"https:\/\/semmelweis.hu\/klinikai-pszichologia\/wp-json\/wp\/v2\/types\/page"}],"author":[{"embeddable":true,"href":"https:\/\/semmelweis.hu\/klinikai-pszichologia\/wp-json\/wp\/v2\/users\/336"}],"replies":[{"embeddable":true,"href":"https:\/\/semmelweis.hu\/klinikai-pszichologia\/wp-json\/wp\/v2\/comments?post=3092"}],"version-history":[{"count":10,"href":"https:\/\/semmelweis.hu\/klinikai-pszichologia\/wp-json\/wp\/v2\/pages\/3092\/revisions"}],"predecessor-version":[{"id":6874,"href":"https:\/\/semmelweis.hu\/klinikai-pszichologia\/wp-json\/wp\/v2\/pages\/3092\/revisions\/6874"}],"up":[{"embeddable":true,"href":"https:\/\/semmelweis.hu\/klinikai-pszichologia\/wp-json\/wp\/v2\/pages\/91"}],"wp:attachment":[{"href":"https:\/\/semmelweis.hu\/klinikai-pszichologia\/wp-json\/wp\/v2\/media?parent=3092"}],"wp:term":[{"taxonomy":"category","embeddable":true,"href":"https:\/\/semmelweis.hu\/klinikai-pszichologia\/wp-json\/wp\/v2\/categories?post=3092"},{"taxonomy":"post_tag","embeddable":true,"href":"https:\/\/semmelweis.hu\/klinikai-pszichologia\/wp-json\/wp\/v2\/tags?post=3092"}],"curies":[{"name":"wp","href":"https:\/\/api.w.org\/{rel}","templated":true}]}}