{"id":308,"date":"2012-06-13T06:21:57","date_gmt":"2012-06-13T04:21:57","guid":{"rendered":"http:\/\/semmelweis-egyetem.hu\/klinikai-pszichologia\/?page_id=308"},"modified":"2020-05-05T13:09:21","modified_gmt":"2020-05-05T11:09:21","slug":"uram-dora","status":"publish","type":"page","link":"https:\/\/semmelweis.hu\/klinikai-pszichologia\/altalanos-informaciok\/munkatarsaink\/uram-dora\/","title":{"rendered":"Antal-Uram D\u00f3ra klinikai szakpszichol\u00f3gus (Tart\u00f3s t\u00e1voll\u00e9t)"},"content":{"rendered":"<p><strong>Beoszt\u00e1s<\/strong>: Klinikai szakpszichol\u00f3gus\u00a0<br \/>\n<strong>E-mail:<\/strong> <a href=\"mailto:uram.dora@med.semmelweis-univ.hu\">uram.dora@med.semmelweis-univ.hu<\/a><br \/>\n<strong>Telefon<\/strong>: +36-1-459-14-93<br \/>\n<strong>Szakter\u00fclet:<\/strong> feln\u0151tt klinikai szakpszichol\u00f3gia<\/p>\n<p>&nbsp;<\/p>\n<p><strong>Tanulm\u00e1nyok:<\/strong><\/p>\n<p>2013-t\u00f3l Feln\u0151tt klinikai- \u00e9s ment\u00e1lhigi\u00e9n\u00e9s szakpszichol\u00f3gus rezidens, Semmelweis Egyetem, \u00c1OK, feln\u0151tt szakir\u00e1ny\u00a0(Munkahelyek: SE Pszichi\u00e1triai \u00e9s Pszichoter\u00e1pi\u00e1s Klinika, SE Seb\u00e9szeti Klinika, Klinikai Pszichol\u00f3gia Tansz\u00e9k)<\/p>\n<p>2013 Pilisi Gyermekotthon<\/p>\n<p>2009-2013 Okleveles pszichol\u00f3gus, ELTE- PPK, Klinikai- \u00e9s eg\u00e9szs\u00e9gpszichol\u00f3gia szakir\u00e1ny<\/p>\n<p><strong>Ter\u00e1pi\u00e1s k\u00e9pzetts\u00e9g<\/strong>:<\/p>\n<p>2015 &#8222;Gy\u00f3gy\u00edt\u00f3 k\u00e9pzelet tr\u00e9ning &#8211; daganatos betegek pszichoter\u00e1pi\u00e1ja&#8221;<br \/>\n2013-2015 Szimb\u00f3lumterapeuta k\u00e9pz\u00e9s (Katathym Imaginat\u00edv K\u00e9p\u00e9lm\u00e9ny)\u00a0<br \/>\n2013-t\u00f3l Integrat\u00edv Gyermek Pszichoter\u00e1pia k\u00e9pz\u00e9s<br \/>\n2012 Rajzelemz\u00e9s, rajzvizsg\u00e1lat k\u00e9pz\u00e9s<br \/>\n2009 Szuggeszti\u00f3k alkalmaz\u00e1sa a szomatikus orvosl\u00e1sban k\u00e9pz\u00e9s<\/p>\n<p><strong>\u00c9rdekl\u0151d\u00e9si ter\u00fclet:<\/strong><\/p>\n<p>\u00c9rdekl\u0151d\u00e9si ter\u00fcletei\u00a0k\u00f6z\u00e9 els\u0151sorban a pszichoszomatikus zavarok, valamint a szomatikus \u00e1llapotok pszich\u00e9s vonatkoz\u00e1sai tartoznak. Klinikai munk\u00e1ja sor\u00e1n d\u00f6nt\u0151en kr\u00edzisintervenci\u00f3val, m\u0171t\u00e9ti felk\u00e9sz\u00edt\u00e9ssel, a betegs\u00e9ggel val\u00f3 megk\u00fczd\u00e9ssel, a trauma \u00e1tdolgoz\u00e1s\u00e1val foglalkozik. <\/p>\n<p><strong>Publik\u00e1ci\u00f3k:<\/strong><\/p>\n<p>Uram D. (2009). \u00c9let-\u00e1lom a hal\u00e1lsoron. A diagn\u00f3zis k\u00f6zl\u00e9s\u00e9nek szuggeszt\u00edv aspektusai a telev\u00edzi\u00f3 \u2013 mint k\u00f6zvet\u00edt\u0151 \u00e1gens \u2013 befoly\u00e1sol\u00e1s\u00e1val. <em>Hipno- info, <\/em>Magyar Hipn\u00f3zis Egyes\u00fclet, Budapest.<\/p>\n<p>Uram D. (2011). Daganatos betegek \u00e9letmin\u0151s\u00e9ge megk\u00fczd\u00e9si st\u00edlusuk \u00e9s pszich\u00e9s st\u00e1tuszuk \u00f6sszef\u00fcgg\u00e9s\u00e9ben. <em>Tudom\u00e1nyperspekt\u00edva, 6(1), <\/em>187-212.<\/p>\n<p>Uram D. (2012). <em>A fog\u00e1szati t\u00e1j\u00e9koztat\u00f3k szuggeszt\u00edv aspektusai a nocebo jelens\u00e9g t\u00fckr\u00e9ben &#8211; \u201ePrimum Nil nocere?!\u201d <\/em>Poszter-el\u0151ad\u00e1s a Magyar Pszichol\u00f3giai T\u00e1rsas\u00e1g XXI. Orsz\u00e1gos Tudom\u00e1nyos Nagygy\u0171l\u00e9s\u00e9n, Szombathely.<\/p>\n<p>Uram D.<sup>1<\/sup>, Vass Z.<sup>2<\/sup> (2013). Egy anorexi\u00e1s serd\u00fcl\u0151 szimptomatol\u00f3gi\u00e1j\u00e1nak felt\u00e1r\u00e1sa a projekt\u00edv rajzvizsg\u00e1lat m\u00f3dszer\u00e9vel. <em>Magyar Pszichi\u00e1triai T\u00e1rsas\u00e1g XVIII. V\u00e1ndorgy\u0171l\u00e9se<\/em>, <em>Programf\u00fczet<\/em> (44. o.). Budapest: Magyar Pszichi\u00e1triai T\u00e1rsas\u00e1g<em>.<\/em><\/p>\n<p>Uram D. (2013). <em>Szuggeszti\u00f3k szerepe az izomdiszmorfia kialakul\u00e1s\u00e1ban \u00e9s fennmarad\u00e1s\u00e1ban. <\/em>El\u0151ad\u00e1s a XVII. Pszinapszis, Budapesti Pszichol\u00f3giai Napok Mindennapi Pszichol\u00f3gia szekci\u00f3j\u00e1ban, Budapest.<\/p>\n<p>Uram D. (2013). <em>Ki az \u00dar a(z)\u0171rben? \u2013 Komplex t\u00fcneti k\u00e9p felt\u00e1r\u00e1sa egy hebefr\u00e9n f\u00e9rfibeteg k\u00e9pi kifejez\u00e9s\u00e9nek vizsg\u00e1lata alapj\u00e1n<\/em>. Magyar Pszichol\u00f3giai T\u00e1rsas\u00e1g XXII. Orsz\u00e1gos Tudom\u00e1nyos Nagygy\u0171l\u00e9se, Budapest.<\/p>\n<p>Uram D. (2013). <em>A fogantat\u00e1s, v\u00e1rand\u00f3ss\u00e1g \u00e9s sz\u00fclet\u00e9s k\u00f6r\u00fclm\u00e9nyeinek hat\u00e1sa a gyermek fejl\u0151d\u00e9s\u00e9re<\/em> \u2013 <em>\u201eelK\u00c9Pzeletlen \u00e9letek\u201d.<\/em> Magyar Pszichol\u00f3giai T\u00e1rsas\u00e1g XXII. Orsz\u00e1gos Tudom\u00e1nyos Nagygy\u0171l\u00e9se, Budapest. Orsz\u00e1gos Tudom\u00e1nyos Nagygy\u0171l\u00e9se, Budapest.<\/p>\n<p>Szab\u00f3\u00a0T.<sup>1<\/sup>, Smahajcsik R.<sup>1<\/sup>, Uram D.<sup>1<\/sup>, Luczay A.<sup>2<\/sup>, Alm\u00e1ssy Zs.<sup>3<\/sup>, Vajda Zs.<sup>3<\/sup>, K\u00f6k\u00f6nyei Gy.<sup>1<\/sup> (2013). <em>Testk\u00e9p \u00e9s testi \u00e9n-hat\u00e9konys\u00e1g diab\u00e9teszes serd\u00fcl\u0151k k\u00f6r\u00e9ben. <\/em>El\u0151ad\u00e1s a Magyar Pszichol\u00f3giai T\u00e1rsas\u00e1g XXII. Orsz\u00e1gos Tudom\u00e1nyos Nagygy\u0171l\u00e9se, Budapest.<\/p>\n<p>Uram D. (2013). <em>\u201cGod knows?!\u201d \u2013 Projective drawing as an exploratory and therapeutic method in hebephrenic schizophrenia<\/em>. VII. SIPE Budapest Colloquium \u2013 Psychobiography, Pathography: Past, Present, Future. Techniques of Art Therapy. Abstract submitted.<\/p>\n<p>Uram D. (2015). A k\u00f6rnyezeti szuggeszti\u00f3k szerepe az ide\u00e1lis f\u00e9rfi testk\u00e9p v\u00e1ltoz\u00e1s\u00e1ban \u00e9s az izomdiszmorfia patomechanizmus\u00e1ban. In. D\u00fall A., Varga K. (szerk). <em>Szuggeszt\u00edv k\u00f6rnyezeti kommunik\u00e1ci\u00f3<\/em>. L\u2019Harmattan Kiad\u00f3, Budapest. Elfogadott k\u00f6nyvfejezet.<\/p>\n<p>Seres G., Wacha J., Miheller P., Czegl\u00e9di E., Uram D., T\u00fary F. (2015). <em>Testi vagy lelki g\u00f6rcs? Az IBS- \u00e9s IBD- betegek pszichoszoci\u00e1lis jellemz\u0151inek \u00f6sszehasonl\u00edt\u00f3 vizsg\u00e1lata.<\/em> El\u0151ad\u00e1s a Magyar Pszichol\u00f3giai T\u00e1rsas\u00e1g XXIV. Orsz\u00e1gos Tudom\u00e1nyos Nagygy\u0171l\u00e9s\u00e9n, Eger.<\/p>\n","protected":false},"excerpt":{"rendered":"<p>Beoszt\u00e1s: Klinikai szakpszichol\u00f3gus\u00a0 E-mail: <a href=\"mailto:uram.dora@med.semmelweis-univ.hu\">uram.dora@med.semmelweis-univ.hu<\/a> Telefon: +36-1-459-14-93 Szakter\u00fclet: feln\u0151tt klinikai szakpszichol\u00f3gia &nbsp; Tanulm\u00e1nyok: 2013-t\u00f3l Feln\u0151tt klinikai- \u00e9s ment\u00e1lhigi\u00e9n\u00e9s szakpszichol\u00f3gus rezidens, Semmelweis Egyetem, \u00c1OK, feln\u0151tt szakir\u00e1ny\u00a0(Munkahelyek: SE Pszichi\u00e1triai \u00e9s Pszichoter\u00e1pi\u00e1s Klinika, SE Seb\u00e9szeti Klinika, Klinikai Pszichol\u00f3gia Tansz\u00e9k) 2013 Pilisi Gyermekotthon 2009-2013 Okleveles pszichol\u00f3gus, ELTE- PPK, Klinikai- \u00e9s eg\u00e9szs\u00e9gpszichol\u00f3gia szakir\u00e1ny Ter\u00e1pi\u00e1s k\u00e9pzetts\u00e9g: 2015 &#8222;Gy\u00f3gy\u00edt\u00f3 k\u00e9pzelet tr\u00e9ning &#8211; daganatos &hellip;<\/p>\n","protected":false},"author":336,"featured_media":0,"parent":33,"menu_order":10,"comment_status":"open","ping_status":"closed","template":"","meta":{"_acf_changed":false,"footnotes":""},"categories":[],"tags":[],"class_list":["post-308","page","type-page","status-publish","hentry"],"acf":[],"_links":{"self":[{"href":"https:\/\/semmelweis.hu\/klinikai-pszichologia\/wp-json\/wp\/v2\/pages\/308","targetHints":{"allow":["GET"]}}],"collection":[{"href":"https:\/\/semmelweis.hu\/klinikai-pszichologia\/wp-json\/wp\/v2\/pages"}],"about":[{"href":"https:\/\/semmelweis.hu\/klinikai-pszichologia\/wp-json\/wp\/v2\/types\/page"}],"author":[{"embeddable":true,"href":"https:\/\/semmelweis.hu\/klinikai-pszichologia\/wp-json\/wp\/v2\/users\/336"}],"replies":[{"embeddable":true,"href":"https:\/\/semmelweis.hu\/klinikai-pszichologia\/wp-json\/wp\/v2\/comments?post=308"}],"version-history":[{"count":11,"href":"https:\/\/semmelweis.hu\/klinikai-pszichologia\/wp-json\/wp\/v2\/pages\/308\/revisions"}],"predecessor-version":[{"id":5145,"href":"https:\/\/semmelweis.hu\/klinikai-pszichologia\/wp-json\/wp\/v2\/pages\/308\/revisions\/5145"}],"up":[{"embeddable":true,"href":"https:\/\/semmelweis.hu\/klinikai-pszichologia\/wp-json\/wp\/v2\/pages\/33"}],"wp:attachment":[{"href":"https:\/\/semmelweis.hu\/klinikai-pszichologia\/wp-json\/wp\/v2\/media?parent=308"}],"wp:term":[{"taxonomy":"category","embeddable":true,"href":"https:\/\/semmelweis.hu\/klinikai-pszichologia\/wp-json\/wp\/v2\/categories?post=308"},{"taxonomy":"post_tag","embeddable":true,"href":"https:\/\/semmelweis.hu\/klinikai-pszichologia\/wp-json\/wp\/v2\/tags?post=308"}],"curies":[{"name":"wp","href":"https:\/\/api.w.org\/{rel}","templated":true}]}}