{"id":300,"date":"2012-06-13T06:12:26","date_gmt":"2012-06-13T06:12:26","guid":{"rendered":"http:\/\/semmelweis-egyetem.hu\/klinikai-pszichologia\/?page_id=300"},"modified":"2025-02-20T05:59:51","modified_gmt":"2025-02-20T04:59:51","slug":"dr-perczel-forintos-dora-phd-tanszekvezeto-egyetemi-tanar","status":"publish","type":"page","link":"https:\/\/semmelweis.hu\/klinikai-pszichologia\/altalanos-informaciok\/munkatarsaink\/dr-perczel-forintos-dora-phd-tanszekvezeto-egyetemi-tanar\/","title":{"rendered":"Prof. Dr. Perczel-Forintos D\u00f3ra egyetemi tan\u00e1r"},"content":{"rendered":"<p style=\"text-align: justify\"><strong>Beoszt\u00e1s<\/strong>:klinikai szakpszichol\u00f3gus, pszichoterapeuta<br \/>\n<strong>Tudom\u00e1nyos fokozat:<\/strong>\u00a0egyetemi tan\u00e1r<br \/>\n<strong>E-mail:<\/strong> perczel-forintos.dora@semmelweis.hu<br \/>\n<strong>Telefon<\/strong>: +36-1-459-14-93<br \/>\n<strong>Szakter\u00fclet<\/strong>: klinikai pszichol\u00f3gia, pszichoter\u00e1pia<\/p>\n<p>\u00d6n\u00e9letrajz<\/p>\n<p>Curriculum vitae<\/p>\n<p style=\"text-align: justify\">Klinikai szakpszichol\u00f3gus, a hazai kognit\u00edv pszichoter\u00e1pia meghonos\u00edt\u00f3ja \u00e9s elterjeszt\u0151je, eur\u00f3pai akkredit\u00e1ci\u00f3val rendelkez\u0151, kik\u00e9pz\u0151 pszichoterapeuta. Relax\u00e1ci\u00f3s, szem\u00e9lyk\u00f6zpont\u00fa \u00e9s kognit\u00edv pszichoter\u00e1pi\u00e1s k\u00e9pzetts\u00e9ggel rendelkezik. 30 \u00e9ve akt\u00edvan v\u00e9gez pszichoter\u00e1pi\u00e1t, emellett pszichoter\u00e1pi\u00e1s szuperv\u00edzi\u00f3t ad klinikai szakpszichol\u00f3gus \u00e9s pszichoterapeuta jel\u00f6lteknek. Munk\u00e1ss\u00e1g\u00e1nak k\u00f6z\u00e9ppontj\u00e1ban a vil\u00e1gszerte elterjedt modern, bizony\u00edtottan hat\u00e9kony kognit\u00edv viselked\u00e9ster\u00e1pia elm\u00e9lete, gyakorlata \u00e9s tan\u00edt\u00e1sa \u00e1ll, a legk\u00fcl\u00f6nf\u00e9l\u00e9bb pszich\u00e9s \u00e9s pszichoszomatikus betegs\u00e9gek kezel\u00e9s\u00e9ben. Sz\u00e1mos \u00faj m\u00f3dszert vezetett \u00a0be els\u0151k\u00e9nt haz\u00e1nkban a pszichoter\u00e1pi\u00e1s ell\u00e1t\u00e1sban: asszert\u00edv tr\u00e9ning, szoci\u00e1lis kompetencia fejleszt\u0151 tr\u00e9ning, viselked\u00e9ster\u00e1pi\u00e1s tests\u00falycs\u00f6kkent\u0151 csoport, probl\u00e9mamegold\u00f3 tr\u00e9ning. T\u00f6bb tank\u00f6nyvet is \u00edrt illetve szerkesztett a t\u00e9m\u00e1ban (Kognit\u00edv viselked\u00e9ster\u00e1pia; Higgy\u00fcnk a szem\u00fcnknek; A kognit\u00edv ter\u00e1pia vir\u00e1gz\u00e1sa).<\/p>\n<p style=\"text-align: justify\">2014-ben az Oxford University Cognitive Therapy Center \u00e9s a Klinikai Pszichol\u00f3gia Tansz\u00e9k k\u00f6z\u00f6s k\u00e9pz\u00e9se nyom\u00e1n a s\u00falyos rekurrens depresszi\u00f3 kezel\u00e9s\u00e9ben vil\u00e1gszerte terjed\u0151 tudatos jelenl\u00e9t alap\u00fa kognit\u00edv ter\u00e1pi\u00e1t\u00a0 (mindfulness, MBCT) kezdte meghonos\u00edtani haz\u00e1nkban.<\/p>\n<p style=\"text-align: justify\"><strong>TANULM\u00c1NYOK, SZAKK\u00c9PZETTS\u00c9GEK<\/strong><\/p>\n<table style=\"width: 771px;border-color: #000000;height: 502px\">\n<tbody>\n<tr style=\"height: 48px\">\n<td style=\"width: 92px;vertical-align: top;height: 48px\">2016<\/td>\n<td style=\"width: 581px;height: 48px\"><strong>Mindfulness Teacher&#8217;s Training (Oxford Mindfulness Center k\u00e9pz\u00e9se az SE \u00c1OK Klinikai Pszichol\u00f3gia Tansz\u00e9k szervez\u00e9s\u00e9ben)\u00a0\u2013 <\/strong>MBCT tan\u00e1r<\/td>\n<\/tr>\n<tr style=\"height: 48px\">\n<td style=\"width: 92px;vertical-align: top;height: 48px\">2014<\/td>\n<td style=\"width: 581px;height: 48px\"><strong>Oxford Mindfulness Center k\u00e9pz\u00e9se (SE \u00c1OK Klinikai Pszichol\u00f3gia Tansz\u00e9k, EABCT \u00e9s VIKOTE k\u00f6z\u00f6s szervez\u00e9s\u00e9ben) \u2013 <\/strong>MBCT k\u00e9pz\u00e9s<\/td>\n<\/tr>\n<tr style=\"height: 24px\">\n<td style=\"width: 92px;vertical-align: top;height: 24px\">2011<\/td>\n<td style=\"width: 581px;height: 24px\"><strong>Kisebbs\u00e9gi Medi\u00e1ci\u00f3s\u00a0 Int\u00e9zet \u2013 <\/strong>kik\u00e9pzett medi\u00e1tor<\/td>\n<\/tr>\n<tr style=\"height: 24px\">\n<td style=\"width: 92px;vertical-align: top;height: 24px\">2001<\/td>\n<td style=\"width: 581px;height: 24px\"><strong>Magyar Csal\u00e1dter\u00e1pi\u00e1s Egyes\u00fclet \u2013 <\/strong>csal\u00e1dterapeuta k\u00e9pz\u00e9s<\/td>\n<\/tr>\n<tr style=\"height: 48px\">\n<td style=\"width: 92px;vertical-align: top;height: 48px\">2001<\/td>\n<td style=\"width: 581px;height: 48px\"><strong>Viselked\u00e9studom\u00e1nyi \u00e9s Kognit\u00edv Ter\u00e1pi\u00e1s Egyes\u00fclet (VIKOTE):<\/strong> Magatart\u00e1sterapeuta (m\u00f3dszerspecifikus pszichoterapeuta).<\/td>\n<\/tr>\n<tr style=\"height: 24px\">\n<td style=\"width: 92px;vertical-align: top;height: 24px\">2000<\/td>\n<td style=\"width: 581px;height: 24px\"><strong>Haynal Imre Eg\u00e9szs\u00e9gtudom\u00e1nyi Egyetem<\/strong>, pszichoterapeuta szakvizsga<\/td>\n<\/tr>\n<tr style=\"height: 24px\">\n<td style=\"width: 92px;vertical-align: top;height: 24px\">1995-1997<\/td>\n<td style=\"width: 581px;height: 24px\"><strong>Oxford University &#8211; <\/strong>Cognitive Therapy Post-Qualification-Course<\/td>\n<\/tr>\n<tr style=\"height: 48px\">\n<td style=\"width: 92px;vertical-align: top;height: 48px\">1994<\/td>\n<td style=\"width: 581px;height: 48px\"><strong>Haynal Imre Eg\u00e9szs\u00e9gtudom\u00e1nyi Egyetem<\/strong> Klinikai Pszichol\u00f3giai Tansz\u00e9k,\u00a0klinikai szakpszichol\u00f3gus szakvizsga<\/td>\n<\/tr>\n<tr style=\"height: 48px\">\n<td style=\"width: 92px;vertical-align: top;height: 48px\">1990-1992<\/td>\n<td style=\"width: 581px;height: 48px\"><strong>Harvard Medical School, Boston<\/strong> (MA) Egyes\u00fclt \u00c1llamok &#8211; asszert\u00edv tr\u00e9ning, neurolingvisztikus programoz\u00e1s, hipnoter\u00e1pia<\/td>\n<\/tr>\n<tr style=\"height: 31px\">\n<td style=\"width: 92px;vertical-align: top;height: 31px\">1984- 1986<\/td>\n<td style=\"width: 581px;height: 31px\"><strong>Szem\u00e9lyk\u00f6zpont\u00fa Pszichoter\u00e1pi\u00e1s Egyes\u00fclet: <\/strong>Szem\u00e9lyk\u00f6zpont\u00fa pszichoter\u00e1pi\u00e1s k\u00e9pz\u00e9s\u00a0<\/td>\n<\/tr>\n<tr style=\"height: 24px\">\n<td style=\"width: 92px;vertical-align: top;height: 24px\">1983-1984<\/td>\n<td style=\"width: 581px;height: 24px\"><strong>Relax\u00e1ci\u00f3s Pszichoter\u00e1pi\u00e1s Egyes\u00fclet: <\/strong>Autog\u00e9n tr\u00e9ning k\u00e9pz\u00e9s<\/td>\n<\/tr>\n<tr style=\"height: 48px\">\n<td style=\"width: 92px;vertical-align: top;height: 48px\">1979-1984<\/td>\n<td style=\"width: 581px;height: 48px\"><strong>E\u00f6tv\u00f6s Lor\u00e1nd Tudom\u00e1ny Egyetem, B\u00f6lcs\u00e9szettudom\u00e1nyi Kar, <\/strong>Pszichol\u00f3gia szak, Budapest. Min\u0151s\u00edt\u00e9se: jeles\u00a01984. j\u00fanius 27, ELTE BTK\u00a0\u00a0\u00a0\u00a0\u00a0\u00a0\u00a0<\/td>\n<\/tr>\n<\/tbody>\n<\/table>\n<p><strong>TUDOM\u00c1NYOS FOKOZATOK<\/strong><\/p>\n<table style=\"width: 762.667px\">\n<tbody>\n<tr>\n<td style=\"width: 37px;vertical-align: top\">2002<\/td>\n<td style=\"width: 628.667px\"><strong>Habilitatio (ELTE):<\/strong> <em>\u201eHiedelmek \u00e9s t\u00e9vhiedelmek. Bizony\u00edt\u00e9kokon alapul\u00f3 m\u00f3dszerek a klinikai pszichol\u00f3gi\u00e1ban<\/em>\u201d c\u00edmmel. \u00a02002. december 12, ELTE BTK<\/td>\n<\/tr>\n<tr>\n<td style=\"width: 37px;vertical-align: top\">1997<\/td>\n<td style=\"width: 628.667px\"><strong>MTA pszichol\u00f3giai tudom\u00e1nyok\u00a0\u00a0\u00a0 kandid\u00e1tusa <\/strong>Kandid\u00e1tusi disszert\u00e1ci\u00f3: <em>\u201eA szoci\u00e1lis kompetencia fejleszt\u00e9se<\/em>\u201d\u00a01997. november 7, MTA Doktori Tan\u00e1csa<\/td>\n<\/tr>\n<tr>\n<td style=\"width: 37px;vertical-align: top\">1994<\/td>\n<td style=\"width: 628.667px\"><strong>B\u00f6lcs\u00e9szdoktori disszert\u00e1ci\u00f3 (ELTE)<\/strong>: <em>\u201eK\u00eds\u00e9rlet az asszert\u00edv tr\u00e9ning alkalmaz\u00e1s\u00e1ra a ment\u00e1lhigi\u00e9n\u00e9s ell\u00e1t\u00e1sban<\/em>\u201d c\u00edmmel.\u00a01994.\u00a0 okt\u00f3ber 4, ELTE BTK<\/td>\n<\/tr>\n<\/tbody>\n<\/table>\n<p><strong>K\u00d6Z\u00c9LETI \u00c9S SZAKMAI FUNKCI\u00d3K<\/strong><\/p>\n<table style=\"width: 789px;height: 454px\">\n<tbody>\n<tr style=\"height: 22px\">\n<td style=\"width: 86.6667px;height: 22px\">2016-<\/td>\n<td style=\"width: 602.667px;height: 22px\"><strong>European Psychiatric Association, Section of Suicidology and Suicide Prevention<\/strong>, tag<\/td>\n<\/tr>\n<tr style=\"height: 22px\">\n<td style=\"width: 86.6667px;height: 22px\">2015-<\/td>\n<td style=\"width: 602.667px;height: 22px\"><strong>Neuropszichol\u00f3giai Szakmai Gr\u00e9mium<\/strong>, tag<\/td>\n<\/tr>\n<tr style=\"height: 22px\">\n<td style=\"width: 86.6667px;height: 22px\">2013-2019<\/td>\n<td style=\"width: 602.667px;height: 22px\"><strong>Semmelweis Egyetem \u00c1OK &#8211; Transzplant\u00e1ci\u00f3s Etikai Bizotts\u00e1g<\/strong>, tag\u00a0<\/td>\n<\/tr>\n<tr style=\"height: 22px\">\n<td style=\"width: 86.6667px;height: 22px\">2011-2015<\/td>\n<td style=\"width: 602.667px;height: 22px\"><strong>Eg\u00e9szs\u00e9g\u00fcgyi Szakmai Koll\u00e9gium Eln\u00f6ks\u00e9ge<\/strong>, titk\u00e1r<\/td>\n<\/tr>\n<tr style=\"height: 39px\">\n<td style=\"width: 86.6667px;height: 39px\">2011-2015<\/td>\n<td style=\"width: 602.667px;height: 39px\"><strong>Klinikai Szakpszichol\u00f3gia \u00e9s Pszichoterapeuta Klinikai Szakpszichol\u00f3gus Tagozat<\/strong>,<strong>\u00a0<\/strong>eln\u00f6k<\/td>\n<\/tr>\n<tr style=\"height: 22px\">\n<td style=\"width: 86.6667px;height: 22px\">2007-2011<\/td>\n<td style=\"width: 602.667px;height: 22px\"><strong>Klinikai Pszichol\u00f3giai Szakmai Koll\u00e9gium<\/strong>, Tanulm\u00e1nyi Bizotts\u00e1g, eln\u00f6k\u00a0<\/td>\n<\/tr>\n<tr style=\"height: 22px\">\n<td style=\"width: 86.6667px;height: 22px\">2001-2011<\/td>\n<td style=\"width: 602.667px;height: 22px\"><strong>Klinikai Pszichol\u00f3giai Szakmai Koll\u00e9gium<\/strong>, tag \u00a0<\/td>\n<\/tr>\n<tr style=\"height: 22px\">\n<td style=\"width: 86.6667px;height: 22px\">2008-<\/td>\n<td style=\"width: 602.667px;height: 22px\"><strong>Semmelweis Egyetem Klinikai Pszichol\u00f3giai Szakmai Gr\u00e9mium<\/strong>, eln\u00f6k \u00a0<\/td>\n<\/tr>\n<tr style=\"height: 22px\">\n<td style=\"width: 86.6667px;height: 22px\">\u00a0<\/td>\n<td style=\"width: 602.667px;height: 22px\"><strong>Magyar\u00a0 Pszichi\u00e1triai T\u00e1rsas\u00e1g<\/strong>,\u00a0vezet\u0151s\u00e9gi tag<\/td>\n<\/tr>\n<tr style=\"height: 22px\">\n<td style=\"width: 86.6667px;height: 22px\">\u00a0<\/td>\n<td style=\"width: 602.667px;height: 22px\"><strong>Magyar\u00a0 Pszichol\u00f3giai\u00a0 T\u00e1rsas\u00e1g<\/strong>,\u00a0tag<\/td>\n<\/tr>\n<tr style=\"height: 22px\">\n<td style=\"width: 86.6667px;height: 22px\">\u00a0<\/td>\n<td style=\"width: 602.667px;height: 22px\"><strong>SE Pszichoter\u00e1pi\u00e1s Gr\u00e9mium<\/strong>,\u00a0tag<\/td>\n<\/tr>\n<tr style=\"height: 22px\">\n<td style=\"width: 86.6667px;height: 22px\">2004-2016<\/td>\n<td style=\"width: 602.667px;height: 22px\"><strong>European Association for Behavioural and Cognitive Therapy (EABCT)<\/strong>, \u00a0National Representative of Hungary<\/td>\n<\/tr>\n<tr style=\"height: 22px\">\n<td style=\"width: 86.6667px;height: 22px\">2002-2004<\/td>\n<td style=\"width: 602.667px;height: 22px\">Magyar\u00a0 Pszichol\u00f3giai T\u00e1rsas\u00e1g Klinikai Pszichol\u00f3giai Szekci\u00f3, eln\u00f6k\u00a0<\/td>\n<\/tr>\n<tr style=\"height: 22px\">\n<td style=\"width: 86.6667px;height: 22px\">2005-<\/td>\n<td style=\"width: 602.667px;height: 22px\"><strong>Magyar Viselked\u00e9s- \u00e9s Kognit\u00edv Ter\u00e1pi\u00e1s Egyes\u00fclet<\/strong> (VIKOTE), f\u0151titk\u00e1r<\/td>\n<\/tr>\n<tr style=\"height: 22px\">\n<td style=\"width: 86.6667px;height: 22px\">2004- 2016<\/td>\n<td style=\"width: 602.667px;height: 22px\"><strong>European Association for Behavioural and Cognitive Therapy<\/strong> (EABCT), National Representative of Hungary<\/td>\n<\/tr>\n<tr style=\"height: 22px\">\n<td style=\"width: 86.6667px;height: 22px\">\u00a0<\/td>\n<td style=\"width: 602.667px;height: 22px\"><strong>British Association for Behavioural and Cognitive\u00a0 Psychotherapy<\/strong> (BABCP), tag<\/td>\n<\/tr>\n<tr style=\"height: 22px\">\n<td style=\"width: 86.6667px;height: 22px\">2004-<\/td>\n<td style=\"width: 602.667px;height: 22px\"><strong>Magyar Pszichol\u00f3giai Szemle<\/strong> szerkeszt\u0151s\u00e9g, tag<\/td>\n<\/tr>\n<tr style=\"height: 22px\">\n<td style=\"width: 86.6667px;height: 22px\">\u00a01999-2009<\/td>\n<td style=\"width: 602.667px;height: 22px\">Psychiatria Hungarica szerkeszt\u0151bizotts\u00e1g, tag<\/td>\n<\/tr>\n<\/tbody>\n<\/table>\n<p><strong>NEMZETK\u00d6ZI KAPCSOLATOK<\/strong><\/p>\n<table style=\"width: 734px\">\n<tbody>\n<tr style=\"height: 24px\">\n<td style=\"height: 24px;width: 687px\"><strong>Prof. Tadeshi Takesima<\/strong>, National Suicide Prevention Center, Tokyo, Japan<\/td>\n<\/tr>\n<tr style=\"height: 24px\">\n<td style=\"height: 24px;width: 687px\"><strong>Dr. Melanie Fennell &amp; Antonia Sumbundu<\/strong>, Oxford University, Oxford Mindfulness Center<\/td>\n<\/tr>\n<tr style=\"height: 48px\">\n<td style=\"height: 48px;width: 687px\"><strong>Prof. Ivanka Zivcic<\/strong>, University of Zagreb, Croationa Association for Behaviour and Cognitive Therapies, Croatia<\/td>\n<\/tr>\n<tr style=\"height: 48px\">\n<td style=\"height: 48px;width: 687px\"><strong>Dr. Agnieszka Popiel<\/strong>, University of Warsawa, Polish Association for Behaviour and Cognitive Therapies<\/td>\n<\/tr>\n<tr style=\"height: 24px\">\n<td style=\"height: 24px;width: 687px\"><strong>Prof. Philippa Garety<\/strong>, St. Johns Hospital, London, UK<\/td>\n<\/tr>\n<tr style=\"height: 24px\">\n<td style=\"height: 24px;width: 687px\"><strong>Prof. Paul\u00a0 Salkovskis<\/strong>, The Maudslay, King\u2019s College<\/td>\n<\/tr>\n<tr style=\"height: 24px\">\n<td style=\"height: 24px;width: 687px\"><strong>Prof. Jon Kabat-Zinn<\/strong>, Worchester, Univ. of Massachusettes, USA<\/td>\n<\/tr>\n<tr style=\"height: 48px\">\n<td style=\"height: 48px;width: 687px\"><strong>Dr. Eir\u00edkur \u00d6rn Arnarson<\/strong>, Landspitali, Univ. Hospital, Reykjavik. Icelandic Association for Behaviour and Cognitive Therapies<\/td>\n<\/tr>\n<\/tbody>\n<\/table>\n<p><strong>D\u00cdJAK<br \/>\n<\/strong>Ny\u00edr\u0151 Gyula n\u00edv\u00f3d\u00edj (Magyar Pszichi\u00e1triai T\u00e1rsas\u00e1g, 2006)<\/p>\n<p><strong>SZAKTER\u00dcLET<\/strong><\/p>\n<p style=\"text-align: justify\">&#8211; szorong\u00e1sos megbeteged\u00e9sek (p\u00e1nik, szoci\u00e1lis szorong\u00e1s, eg\u00e9szs\u00e9gszorong\u00e1s, alv\u00e1szavarok)<br \/>\n&#8211; traumafeldolgoz\u00e1s \u00e9s poszttraum\u00e1s \u00e1llapotok (PTSD)<br \/>\n&#8211; depresszi\u00f3, \u00f6n\u00e9rt\u00e9kel\u00e9si zavarok \u00e9s szuicid prevenci\u00f3<br \/>\n&#8211; pszichoszomatikus megbeteged\u00e9sek (elh\u00edz\u00e1s, fejf\u00e1j\u00e1s, kr\u00f3nikus n\u0151gy\u00f3gy\u00e1szati panaszok, stresszel kapcsolatos sz\u00edv-, \u00e9rrendszeri\u00a0 betegs\u00e9gek, daganatos betegs\u00e9gek pszich\u00e9s k\u00eds\u00e9r\u00e9se)<br \/>\n&#8211; stresszel kapcsolatos megbeteged\u00e9sek<br \/>\n&#8211; \u00e9letvezet\u00e9si probl\u00e9m\u00e1k, \u00f6nismereti k\u00e9rd\u00e9sek<\/p>\n<p style=\"text-align: justify\"><strong>TUDOM\u00c1NYOS\u00a0\u00c9RDEKL\u0150D\u00c9SI TER\u00dcLETEK<\/strong><\/p>\n<p>1) \u00a0 \u00a0 <a href=\"https:\/\/semmelweis.hu\/klinikai-pszichologia\/tudomanyos-kutatomunka\/korabbi-kutatasi-teruletek\/szuicid-prevencio\/\"> \u00d6ngyilkoss\u00e1g megel\u0151z\u00e9s<\/a><br \/>\n2) \u00a0 \u00a0 Az <a href=\"https:\/\/semmelweis.hu\/klinikai-pszichologia\/tudomanyos-kutatomunka\/korabbi-kutatasi-teruletek\/obesitas\/\">obesitas<\/a> pszichol\u00f3giai jellemz\u0151i, tests\u00falycs\u00f6kkent\u00e9s, s\u00falymegtart\u00e1s \u00e9s visszaes\u00e9s megel\u0151z\u00e9s\u00e9nek pszichoter\u00e1pi\u00e1s lehet\u0151s\u00e9gei<br \/>\n3) \u00a0 Poszttraum\u00e1s stressz \u00e1llapotok \u00e9s <a href=\"https:\/\/semmelweis.hu\/klinikai-pszichologia\/tudomanyos-kutatomunka\/korabbi-kutatasi-teruletek\/traumakutatas\/\">traumakutat\u00e1s<\/a><br \/>\n4) <a href=\"https:\/\/semmelweis.hu\/klinikai-pszichologia\/tudomanyos-kutatomunka\/korabbi-kutatasi-teruletek\/szocialis-szorongas\/\"> Szoci\u00e1lis f\u00f3bia<\/a> \u00e9s \u00f6n\u00e9rt\u00e9kel\u00e9si zavarok<br \/>\n5) \u00a0 <a href=\"https:\/\/semmelweis.hu\/klinikai-pszichologia\/tudomanyos-kutatomunka\/kutatasi-teruletek\/mindfulness\/\">Mindfulness <\/a>&#8211; tudatos jelenl\u00e9t alap\u00fa kognit\u00edv ter\u00e1pia (MBCT)<\/p>\n<p style=\"text-align: justify\"><strong><a href=\"https:\/\/vm.mtmt.hu\/\/search\/slist.php?nwi=1&amp;inited=1&amp;ty_on=1&amp;url_on=1&amp;cite_type=2&amp;orderby=3D1a&amp;location=mtmt&amp;stn=1&amp;AuthorID=10009657\" rel=\"\">Publik\u00e1ci\u00f3k (MTMT)<\/a><\/strong><\/p>\n","protected":false},"excerpt":{"rendered":"<p>Beoszt\u00e1s:klinikai szakpszichol\u00f3gus, pszichoterapeuta Tudom\u00e1nyos fokozat:\u00a0egyetemi tan\u00e1r E-mail: perczel-forintos.dora@semmelweis.hu Telefon: +36-1-459-14-93 Szakter\u00fclet: klinikai pszichol\u00f3gia, pszichoter\u00e1pia \u00d6n\u00e9letrajz Curriculum vitae Klinikai szakpszichol\u00f3gus, a hazai kognit\u00edv pszichoter\u00e1pia meghonos\u00edt\u00f3ja \u00e9s elterjeszt\u0151je, eur\u00f3pai akkredit\u00e1ci\u00f3val rendelkez\u0151, kik\u00e9pz\u0151 pszichoterapeuta. Relax\u00e1ci\u00f3s, szem\u00e9lyk\u00f6zpont\u00fa \u00e9s kognit\u00edv pszichoter\u00e1pi\u00e1s k\u00e9pzetts\u00e9ggel rendelkezik. 30 \u00e9ve akt\u00edvan v\u00e9gez pszichoter\u00e1pi\u00e1t, emellett pszichoter\u00e1pi\u00e1s szuperv\u00edzi\u00f3t ad klinikai szakpszichol\u00f3gus \u00e9s pszichoterapeuta jel\u00f6lteknek. Munk\u00e1ss\u00e1g\u00e1nak k\u00f6z\u00e9ppontj\u00e1ban a &hellip;<\/p>\n","protected":false},"author":336,"featured_media":0,"parent":33,"menu_order":0,"comment_status":"closed","ping_status":"closed","template":"","meta":{"_acf_changed":false,"footnotes":""},"categories":[],"tags":[],"class_list":["post-300","page","type-page","status-publish","hentry"],"acf":[],"_links":{"self":[{"href":"https:\/\/semmelweis.hu\/klinikai-pszichologia\/wp-json\/wp\/v2\/pages\/300","targetHints":{"allow":["GET"]}}],"collection":[{"href":"https:\/\/semmelweis.hu\/klinikai-pszichologia\/wp-json\/wp\/v2\/pages"}],"about":[{"href":"https:\/\/semmelweis.hu\/klinikai-pszichologia\/wp-json\/wp\/v2\/types\/page"}],"author":[{"embeddable":true,"href":"https:\/\/semmelweis.hu\/klinikai-pszichologia\/wp-json\/wp\/v2\/users\/336"}],"replies":[{"embeddable":true,"href":"https:\/\/semmelweis.hu\/klinikai-pszichologia\/wp-json\/wp\/v2\/comments?post=300"}],"version-history":[{"count":12,"href":"https:\/\/semmelweis.hu\/klinikai-pszichologia\/wp-json\/wp\/v2\/pages\/300\/revisions"}],"predecessor-version":[{"id":7452,"href":"https:\/\/semmelweis.hu\/klinikai-pszichologia\/wp-json\/wp\/v2\/pages\/300\/revisions\/7452"}],"up":[{"embeddable":true,"href":"https:\/\/semmelweis.hu\/klinikai-pszichologia\/wp-json\/wp\/v2\/pages\/33"}],"wp:attachment":[{"href":"https:\/\/semmelweis.hu\/klinikai-pszichologia\/wp-json\/wp\/v2\/media?parent=300"}],"wp:term":[{"taxonomy":"category","embeddable":true,"href":"https:\/\/semmelweis.hu\/klinikai-pszichologia\/wp-json\/wp\/v2\/categories?post=300"},{"taxonomy":"post_tag","embeddable":true,"href":"https:\/\/semmelweis.hu\/klinikai-pszichologia\/wp-json\/wp\/v2\/tags?post=300"}],"curies":[{"name":"wp","href":"https:\/\/api.w.org\/{rel}","templated":true}]}}