{"id":296,"date":"2012-06-12T09:40:41","date_gmt":"2012-06-12T09:40:41","guid":{"rendered":"http:\/\/semmelweis-egyetem.hu\/klinikai-pszichologia\/?page_id=296"},"modified":"2025-02-17T10:51:26","modified_gmt":"2025-02-17T09:51:26","slug":"kiadvanyaink-illetve-a-tanszek-gondozasaban-megjelent-konyvek","status":"publish","type":"page","link":"https:\/\/semmelweis.hu\/klinikai-pszichologia\/tudomanyos-kutatomunka\/kiadvanyaink-illetve-a-tanszek-gondozasaban-megjelent-konyvek\/","title":{"rendered":"Kiadv\u00e1nyaink, illetve a Tansz\u00e9k gondoz\u00e1s\u00e1ban megjelent k\u00f6nyvek"},"content":{"rendered":"<p style=\"text-align: justify\">A Klinikai Pszichol\u00f3giai Tansz\u00e9k fontos feladat\u00e1nak tartja olyan tank\u00f6nyvek \u00edr\u00e1s\u00e1t, szerkeszt\u00e9s\u00e9t, amelyek hozz\u00e1j\u00e1rulhatnak a hazai klinikai pszichol\u00f3gus szakemberek szakmai tud\u00e1s\u00e1nak tov\u00e1bbi gyarapod\u00e1s\u00e1hoz. Mindemellett a Tansz\u00e9k fontos feladat\u00e1nak tartja, hogy a hazai szakemberek sz\u00e1m\u00e1ra el\u00e9rhet\u0151v\u00e9 tegye azokat a vil\u00e1gh\u00edr\u0171 tank\u00f6nyveket, amelyek a modern klinikai munk\u00e1hoz n\u00e9lk\u00fcl\u00f6zhetetlenek.<\/p>\n<p><strong>Leg\u00fajabb kiadv\u00e1nyaink:<\/strong><\/p>\n<p>Perczel-Forintos D\u00f3ra, Zinner-G\u00e9recz \u00c1gnes, Antal-Uram D\u00f3ra (szerk) (2024) Az alacsony intenzit\u00e1s\u00fa pszichol\u00f3giai intervenci\u00f3k tank\u00f6nyve<\/p>\n<p>Kohln\u00e9 Papp Ildik\u00f3, Perczel-Forintos D\u00f3ra (2020): Hogyan fogyjunk tudatosan? \u2013 Munkaf\u00fczet kognit\u00edv viselked\u00e9ster\u00e1pi\u00e1s tests\u00falycs\u00f6kkent\u0151 programhoz<\/p>\n<p>Perczel-Forintos D\u00f3ra, M\u00f3rotz Ken\u00e9z (szerk.) (2019): A Kognit\u00edv viselked\u00e9ster\u00e1pia tank\u00f6nyv. Negyedik, b\u0151v\u00edtett kiad\u00e1s.<\/p>\n<p>Perczel-Forintos D\u00f3ra (szerk.) (2018): K\u00e9rd\u0151\u00edvek, becsl\u0151sk\u00e1l\u00e1k a klinikai pszichol\u00f3gi\u00e1ban. Negyedik, \u00e1tdolgozott, b\u0151v\u00edtett kiad\u00e1s.<\/p>\n<p>Perczel-Forintos D\u00f3ra (2011). A kognit\u00edv ter\u00e1pia fejl\u0151d\u00e9se. Pszichol\u00f3giai Szemle K\u00f6nyvt\u00e1r 15.<\/p>\n<p>Perczel-Forintos D\u00f3ra, Kiss Zs\u00f3fia (szerk.) (2010). Higgy\u00fcnk a szem\u00fcnknek! Kognit\u00edv viselked\u00e9ster\u00e1pi\u00e1s esettanulm\u00e1nyok.<\/p>\n<p style=\"text-align: justify\">A kiadv\u00e1nyainkr\u00f3l r\u00e9szletes inform\u00e1ci\u00f3t tal\u00e1l <a href=\"https:\/\/semmelweis.hu\/klinikai-pszichologia\/files\/2020\/02\/Kiadv\u00e1nyaink.pdf\" target=\"_blank\" rel=\"noopener\">ITT<\/a>\u00a0 \u00e9s az al\u00e1bbi linkeken:<\/p>\n<ul>\n<li><a href=\"https:\/\/semmelweis.hu\/klinikai-pszichologia\/files\/2024\/07\/MBCT-fajdalom-konyv.pdf\" target=\"_blank\" rel=\"noopener\">MBCT f\u00e1jdalom k\u00f6nyv<\/a><\/li>\n<li><a href=\"https:\/\/semmelweis.hu\/klinikai-pszichologia\/files\/2024\/07\/SE_LIPI-konyvbemutato.pdf\" target=\"_blank\" rel=\"noopener\">LIPI<\/a><\/li>\n<li><a href=\"https:\/\/semmelweis.hu\/klinikai-pszichologia\/files\/2024\/07\/Gyerek-CBT.pdf\" target=\"_blank\" rel=\"noopener\">Gyermek CBT<\/a><\/li>\n<\/ul>\n<p style=\"text-align: justify\">Munkat\u00e1rsaink legfrissebb publik\u00e1ci\u00f3it a szem\u00e9lyes profiljukra kattintva\u00a0 (<a href=\"https:\/\/semmelweis.hu\/klinikai-pszichologia\/munkatarsaink\/\" target=\"_blank\" rel=\"noopener noreferrer\">Munkat\u00e1rsak<\/a> men\u00fcpont alatt) tal\u00e1lja meg.<\/p>\n","protected":false},"excerpt":{"rendered":"<p>A Klinikai Pszichol\u00f3giai Tansz\u00e9k fontos feladat\u00e1nak tartja olyan tank\u00f6nyvek \u00edr\u00e1s\u00e1t, szerkeszt\u00e9s\u00e9t, amelyek hozz\u00e1j\u00e1rulhatnak a hazai klinikai pszichol\u00f3gus szakemberek szakmai tud\u00e1s\u00e1nak tov\u00e1bbi gyarapod\u00e1s\u00e1hoz. Mindemellett a Tansz\u00e9k fontos feladat\u00e1nak tartja, hogy a hazai szakemberek sz\u00e1m\u00e1ra el\u00e9rhet\u0151v\u00e9 tegye azokat a vil\u00e1gh\u00edr\u0171 tank\u00f6nyveket, amelyek a modern klinikai munk\u00e1hoz n\u00e9lk\u00fcl\u00f6zhetetlenek. Leg\u00fajabb kiadv\u00e1nyaink: Perczel-Forintos D\u00f3ra, Zinner-G\u00e9recz \u00c1gnes, Antal-Uram D\u00f3ra (szerk) (2024) &hellip;<\/p>\n","protected":false},"author":336,"featured_media":0,"parent":9,"menu_order":4,"comment_status":"open","ping_status":"open","template":"","meta":{"_acf_changed":false,"footnotes":""},"categories":[],"tags":[],"class_list":["post-296","page","type-page","status-publish","hentry"],"acf":[],"_links":{"self":[{"href":"https:\/\/semmelweis.hu\/klinikai-pszichologia\/wp-json\/wp\/v2\/pages\/296","targetHints":{"allow":["GET"]}}],"collection":[{"href":"https:\/\/semmelweis.hu\/klinikai-pszichologia\/wp-json\/wp\/v2\/pages"}],"about":[{"href":"https:\/\/semmelweis.hu\/klinikai-pszichologia\/wp-json\/wp\/v2\/types\/page"}],"author":[{"embeddable":true,"href":"https:\/\/semmelweis.hu\/klinikai-pszichologia\/wp-json\/wp\/v2\/users\/336"}],"replies":[{"embeddable":true,"href":"https:\/\/semmelweis.hu\/klinikai-pszichologia\/wp-json\/wp\/v2\/comments?post=296"}],"version-history":[{"count":10,"href":"https:\/\/semmelweis.hu\/klinikai-pszichologia\/wp-json\/wp\/v2\/pages\/296\/revisions"}],"predecessor-version":[{"id":7442,"href":"https:\/\/semmelweis.hu\/klinikai-pszichologia\/wp-json\/wp\/v2\/pages\/296\/revisions\/7442"}],"up":[{"embeddable":true,"href":"https:\/\/semmelweis.hu\/klinikai-pszichologia\/wp-json\/wp\/v2\/pages\/9"}],"wp:attachment":[{"href":"https:\/\/semmelweis.hu\/klinikai-pszichologia\/wp-json\/wp\/v2\/media?parent=296"}],"wp:term":[{"taxonomy":"category","embeddable":true,"href":"https:\/\/semmelweis.hu\/klinikai-pszichologia\/wp-json\/wp\/v2\/categories?post=296"},{"taxonomy":"post_tag","embeddable":true,"href":"https:\/\/semmelweis.hu\/klinikai-pszichologia\/wp-json\/wp\/v2\/tags?post=296"}],"curies":[{"name":"wp","href":"https:\/\/api.w.org\/{rel}","templated":true}]}}