{"id":2598,"date":"2016-11-03T09:11:07","date_gmt":"2016-11-03T08:11:07","guid":{"rendered":"http:\/\/semmelweis.hu\/klinikai-pszichologia\/?page_id=2598"},"modified":"2022-09-05T16:04:01","modified_gmt":"2022-09-05T14:04:01","slug":"gyenge-zsuzsanna-klinikai-szakpszichologus","status":"publish","type":"page","link":"https:\/\/semmelweis.hu\/klinikai-pszichologia\/altalanos-informaciok\/munkatarsaink\/gyenge-zsuzsanna-klinikai-szakpszichologus\/","title":{"rendered":"Gyenge Zsuzsanna klinikai szakpszichol\u00f3gus (tart\u00f3s t\u00e1voll\u00e9ten)"},"content":{"rendered":"<p><strong>Beoszt\u00e1s<\/strong>: klinikai szakpszichol\u00f3gus<br \/>\n<strong>E-mail<\/strong>: <a href=\"mailto:gyenge.zsuzsanna@med.semmelweis-univ.hu\">gyenge.zsuzsanna@med.semmelweis-univ.hu<\/a><br \/>\n<strong>Telefon<\/strong>: + 36 1\u00a0459 14 93<br \/>\n<strong>Szakter\u00fclet<\/strong>: gyermek \u00e9s serd\u00fcl\u0151 klinikai szakpszichol\u00f3gia<\/p>\n","protected":false},"excerpt":{"rendered":"<p>Beoszt\u00e1s: klinikai szakpszichol\u00f3gus<br \/>\nE-mail: <a href=\"mailto:gyenge.zsuzsanna@med.semmelweis-univ.hu\">gyenge.zsuzsanna@med.semmelweis-univ.hu<\/a><br \/>\nTelefon: + 36 1\u00a0459 14 93<br \/>\nSzakter\u00fclet: gyermek \u00e9s serd\u00fcl\u0151 klinikai szakpszichol\u00f3gia<\/p>\n","protected":false},"author":336,"featured_media":0,"parent":33,"menu_order":8,"comment_status":"closed","ping_status":"closed","template":"","meta":{"_acf_changed":false,"footnotes":""},"categories":[],"tags":[],"class_list":["post-2598","page","type-page","status-publish","hentry"],"acf":[],"_links":{"self":[{"href":"https:\/\/semmelweis.hu\/klinikai-pszichologia\/wp-json\/wp\/v2\/pages\/2598","targetHints":{"allow":["GET"]}}],"collection":[{"href":"https:\/\/semmelweis.hu\/klinikai-pszichologia\/wp-json\/wp\/v2\/pages"}],"about":[{"href":"https:\/\/semmelweis.hu\/klinikai-pszichologia\/wp-json\/wp\/v2\/types\/page"}],"author":[{"embeddable":true,"href":"https:\/\/semmelweis.hu\/klinikai-pszichologia\/wp-json\/wp\/v2\/users\/336"}],"replies":[{"embeddable":true,"href":"https:\/\/semmelweis.hu\/klinikai-pszichologia\/wp-json\/wp\/v2\/comments?post=2598"}],"version-history":[{"count":10,"href":"https:\/\/semmelweis.hu\/klinikai-pszichologia\/wp-json\/wp\/v2\/pages\/2598\/revisions"}],"predecessor-version":[{"id":6310,"href":"https:\/\/semmelweis.hu\/klinikai-pszichologia\/wp-json\/wp\/v2\/pages\/2598\/revisions\/6310"}],"up":[{"embeddable":true,"href":"https:\/\/semmelweis.hu\/klinikai-pszichologia\/wp-json\/wp\/v2\/pages\/33"}],"wp:attachment":[{"href":"https:\/\/semmelweis.hu\/klinikai-pszichologia\/wp-json\/wp\/v2\/media?parent=2598"}],"wp:term":[{"taxonomy":"category","embeddable":true,"href":"https:\/\/semmelweis.hu\/klinikai-pszichologia\/wp-json\/wp\/v2\/categories?post=2598"},{"taxonomy":"post_tag","embeddable":true,"href":"https:\/\/semmelweis.hu\/klinikai-pszichologia\/wp-json\/wp\/v2\/tags?post=2598"}],"curies":[{"name":"wp","href":"https:\/\/api.w.org\/{rel}","templated":true}]}}