{"id":254,"date":"2012-06-12T08:02:14","date_gmt":"2012-06-12T08:02:14","guid":{"rendered":"http:\/\/semmelweis-egyetem.hu\/klinikai-pszichologia\/?page_id=254"},"modified":"2025-04-02T16:31:38","modified_gmt":"2025-04-02T14:31:38","slug":"a-tanszek-celkituzesei","status":"publish","type":"page","link":"https:\/\/semmelweis.hu\/klinikai-pszichologia\/altalanos-informaciok\/a-tanszek-celkituzesei\/","title":{"rendered":"A Tansz\u00e9k c\u00e9lkit\u0171z\u00e9sei"},"content":{"rendered":"<h4 style=\"text-align: justify\">Oktat\u00e1s<\/h4>\n<p style=\"text-align: justify\">Olyan szakemberek k\u00e9pz\u00e9se, akik <span style=\"font-size: 1rem\">az eg\u00e9szs\u00e9g\u00fcgy keretei k\u00f6z\u00f6tt<\/span><span style=\"font-size: 1rem\">\u00a0<\/span><span style=\"font-size: 1rem\">kompetens m\u00f3don, sz\u00e9les alapokon nyugv\u00f3 tud\u00e1ssal vesznek r\u00e9szt a betegell\u00e1t\u00e1sban. A klinikai pszichol\u00f3gia oktat\u00e1sa elk\u00e9pzelhetetlen gyakorlat n\u00e9lk\u00fcl, ez\u00e9rt a Tansz\u00e9k egyik c\u00e9lja magas szakmai sz\u00ednvonal\u00fa ambul\u00e1ns pszichoter\u00e1pi\u00e1s ell\u00e1t\u00e1s m\u0171k\u00f6dtet\u00e9se, amely megjelen\u00edti a m\u00f3dszerek soksz\u00edn\u0171s\u00e9g\u00e9t, els\u0151bbs\u00e9get adva a modern, bizony\u00edt\u00e9kokon alapul\u00f3an hat\u00e9kony \u00e9s k\u00f6lts\u00e9ghat\u00e9kony elj\u00e1r\u00e1soknak (\u201ecenter of excellence\u201d), mivel ezek jelent\u0151s m\u00e9rt\u00e9kben alulreprezent\u00e1ltak a hazai eg\u00e9szs\u00e9g\u00fcgyben. A Szakambulancia egyben a k\u00e9pz\u00e9sre felvettek egyik gyakorl\u00f3helye. Tov\u00e1bbi inform\u00e1ci\u00f3: <a href=\"https:\/\/semmelweis.hu\/klinikai-pszichologia\/oktatas\/\">Oktat\u00e1s \u2192<\/a><\/span><\/p>\n<h4 style=\"text-align: justify\">Gy\u00f3gy\u00edt\u00e1s<\/h4>\n<p style=\"text-align: justify\">Ambul\u00e1ns pszichoter\u00e1pi\u00e1s ell\u00e1t\u00e1s m\u0171k\u00f6dtet\u00e9se szoros egy\u00fcttm\u0171k\u00f6d\u00e9sben az Egyetem Klinik\u00e1ival. A Szakambulancia gy\u00f3gy\u00edt\u00f3 tev\u00e9kenys\u00e9ge <span style=\"font-size: 1rem\">a feln\u0151tt pszichoter\u00e1pi\u00e1s ell\u00e1t\u00e1s \u00e9s serd\u00fcl\u0151rendel\u00e9s, amelyek orsz\u00e1gos szinten is hi\u00e1nyt p\u00f3tolnak. <\/span><span style=\"font-size: 1rem\">A Szakambulancia keretein bel\u00fcl egy\u00e9ni- \u00e9s csoportter\u00e1pi\u00e1k \u00e9rhet\u0151k el a bizony\u00edt\u00e9kon alapul\u00f3 gy\u00f3gy\u00edt\u00e1s szellem\u00e9ben: <\/span>kognit\u00edv viselked\u00e9ster\u00e1pi\u00e1k<span style=\"font-size: 1rem\">, szupport\u00edv, relax\u00e1ci\u00f3s, mindfulness alap\u00fa, metakognit\u00edv, tov\u00e1bb\u00e1 rendszerszeml\u00e9let\u0171 csal\u00e1dter\u00e1pi\u00e1k. Tov\u00e1bbi inform\u00e1ci\u00f3: <\/span><a href=\"https:\/\/semmelweis.hu\/klinikai-pszichologia\/betegellatas-es-szakmai-profilok\/\">Betegell\u00e1t\u00e1s \u00e9s szakmai profilok \u2192<\/a><\/p>\n<h4 style=\"text-align: justify\">Kutat\u00e1s<\/h4>\n<p style=\"text-align: justify\">Olyan klinikusok k\u00e9pz\u00e9se, akik k\u00e9pesek vizsg\u00e1latokkal, hat\u00e9konys\u00e1gi mutat\u00f3kkal al\u00e1t\u00e1masztani tev\u00e9kenys\u00e9g\u00fcket, tov\u00e1bb\u00e1 a klinikai pszichol\u00f3gia fejl\u0151d\u00e9s\u00e9t sz\u00ednvonalas kutat\u00e1sokkal el\u0151seg\u00edteni. Tov\u00e1bbi inform\u00e1ci\u00f3: <a href=\"https:\/\/semmelweis.hu\/klinikai-pszichologia\/tudomanyos-kutatomunka\/\">Kutat\u00e1s \u2192<\/a><\/p>\n","protected":false},"excerpt":{"rendered":"<p>Tansz\u00e9k\u00fcnk az orsz\u00e1g egyetlen \u00f6n\u00e1ll\u00f3 Klinikai Pszichol\u00f3gia Tansz\u00e9ke. C\u00e9lunk, kompetens, sz\u00e9les alapokon nyugv\u00f3 tud\u00e1ssal rendelkez\u0151 szakemberek k\u00e9pz\u00e9se. Tansz\u00e9k\u00fcnk magas szakmai sz\u00ednvonal\u00fa diagnosztikus \u00e9s ambul\u00e1ns pszichoter\u00e1pi\u00e1s k\u00f6zpontot m\u0171k\u00f6dtet, amely megjelen\u00edti a m\u00f3dszerek soksz\u00edn\u0171s\u00e9g\u00e9t. A k\u00f6zpont lehet\u0151s\u00e9get ny\u00fajt az oda \u00e9rkez\u0151 betegek sz\u00e1m\u00e1ra egy\u00e9ni, p\u00e1ros, csal\u00e1d vagy csoportos form\u00e1ban klinikai pszichol\u00f3giai rendel\u00e9s ig\u00e9nybev\u00e9tel\u00e9re \u00e9s szoros kapcsolat ki\u00e9p\u00edt\u00e9s\u00e9re a csal\u00e1dorvosokkal, egyben a k\u00e9pz\u00e9seinkre felvettek egyik gyakorl\u00f3helye.<\/p>\n","protected":false},"author":336,"featured_media":4138,"parent":6,"menu_order":1,"comment_status":"open","ping_status":"open","template":"","meta":{"_acf_changed":false,"footnotes":""},"categories":[],"tags":[],"class_list":["post-254","page","type-page","status-publish","has-post-thumbnail","hentry"],"acf":[],"_links":{"self":[{"href":"https:\/\/semmelweis.hu\/klinikai-pszichologia\/wp-json\/wp\/v2\/pages\/254","targetHints":{"allow":["GET"]}}],"collection":[{"href":"https:\/\/semmelweis.hu\/klinikai-pszichologia\/wp-json\/wp\/v2\/pages"}],"about":[{"href":"https:\/\/semmelweis.hu\/klinikai-pszichologia\/wp-json\/wp\/v2\/types\/page"}],"author":[{"embeddable":true,"href":"https:\/\/semmelweis.hu\/klinikai-pszichologia\/wp-json\/wp\/v2\/users\/336"}],"replies":[{"embeddable":true,"href":"https:\/\/semmelweis.hu\/klinikai-pszichologia\/wp-json\/wp\/v2\/comments?post=254"}],"version-history":[{"count":11,"href":"https:\/\/semmelweis.hu\/klinikai-pszichologia\/wp-json\/wp\/v2\/pages\/254\/revisions"}],"predecessor-version":[{"id":6071,"href":"https:\/\/semmelweis.hu\/klinikai-pszichologia\/wp-json\/wp\/v2\/pages\/254\/revisions\/6071"}],"up":[{"embeddable":true,"href":"https:\/\/semmelweis.hu\/klinikai-pszichologia\/wp-json\/wp\/v2\/pages\/6"}],"wp:featuredmedia":[{"embeddable":true,"href":"https:\/\/semmelweis.hu\/klinikai-pszichologia\/wp-json\/wp\/v2\/media\/4138"}],"wp:attachment":[{"href":"https:\/\/semmelweis.hu\/klinikai-pszichologia\/wp-json\/wp\/v2\/media?parent=254"}],"wp:term":[{"taxonomy":"category","embeddable":true,"href":"https:\/\/semmelweis.hu\/klinikai-pszichologia\/wp-json\/wp\/v2\/categories?post=254"},{"taxonomy":"post_tag","embeddable":true,"href":"https:\/\/semmelweis.hu\/klinikai-pszichologia\/wp-json\/wp\/v2\/tags?post=254"}],"curies":[{"name":"wp","href":"https:\/\/api.w.org\/{rel}","templated":true}]}}