{"id":252,"date":"2012-06-12T07:39:33","date_gmt":"2012-06-12T07:39:33","guid":{"rendered":"http:\/\/semmelweis-egyetem.hu\/klinikai-pszichologia\/?page_id=252"},"modified":"2025-04-02T16:26:22","modified_gmt":"2025-04-02T14:26:22","slug":"a-tanszek-tortenete","status":"publish","type":"page","link":"https:\/\/semmelweis.hu\/klinikai-pszichologia\/altalanos-informaciok\/a-tanszek-tortenete\/","title":{"rendered":"A Tansz\u00e9k t\u00f6rt\u00e9nete"},"content":{"rendered":"<p style=\"text-align: justify\">A Klinikai Pszichol\u00f3giai Tansz\u00e9k el\u0151dje az 1981-ben az Orvostov\u00e1bbk\u00e9pz\u0151 Egyetemen megalakult Pszichi\u00e1triai Tansz\u00e9k, mely Moussong Kov\u00e1cs Erzs\u00e9bet vezet\u00e9s\u00e9vel kezdett\u0151l Pszichi\u00e1triai \u00e9s Klinikai Pszichol\u00f3giai Tansz\u00e9kk\u00e9nt m\u0171k\u00f6d\u00f6tt. Itt kezd\u0151d\u00f6tt 1981-t\u0151l a k\u00e9t\u00e9venk\u00e9nti rendszerben foly\u00f3 klinikai szakpszichol\u00f3gus k\u00e9pz\u00e9s. Az Orsz\u00e1gos Ideg- \u00e9s Elmegy\u00f3gy\u00e1szati Int\u00e9zetbe (OIE, k\u00e9s\u0151bb Orsz\u00e1gos Pszichi\u00e1triai \u00e9s Neurol\u00f3giai Int\u00e9zet, OPNI) kihelyezett tansz\u00e9k szakvezet\u0151 docense Szak\u00e1cs Ferenc volt, aki 1994-ig, tizenh\u00e1rom \u00e9ven kereszt\u00fcl ir\u00e1ny\u00edtotta a szakk\u00e9pz\u00e9st.<\/p>\n<p style=\"text-align: justify\">1994-ben, az akkor m\u00e1r Haynal Imre Eg\u00e9szs\u00e9gtudom\u00e1nyi Egyetemen (HIETE) l\u00e9trej\u00f6tt a Bagdy Em\u0151ke \u00e1ltal vezetett Klinikai Pszichol\u00f3giai Tansz\u00e9k. A Tansz\u00e9knek mind\u00f6ssze egy r\u00e9szid\u0151s tansz\u00e9kvezet\u0151i, egy r\u00e9szid\u0151s docensi \u00e9s egy adjunktusi \u00e1ll\u00e1st biztos\u00edtottak, de 1995-ben az adjunktusi \u00e1ll\u00e1shely is megsz\u0171nt. Ennek ellen\u00e9re siker\u00fclt &#8211; Ger\u0151 Zsuzsa munk\u00e1ja nyom\u00e1n &#8211; megszervezni a gyermek klinikus szakk\u00e9pz\u00e9st. A Tansz\u00e9k munk\u00e1j\u00e1ban l\u00e9nyeges szerepet j\u00e1tszottak az OPNI munkat\u00e1rsai \u00e9s a munkaer\u0151 \u00e1tcsoportos\u00edt\u00e1ssal tansz\u00e9ki feladatokat is ell\u00e1t\u00f3 r\u00e9szfoglalkoz\u00e1s\u00fa adminisztr\u00e1torok.<\/p>\n<p style=\"text-align: justify\">A Tansz\u00e9k akt\u00edv szerepet j\u00e1tszott a klinikai pszichol\u00f3gus szakk\u00e9pz\u00e9s \u00e9s a pszichol\u00f3gus alapk\u00e9pz\u00e9s, valamint az egy\u00e9b szakk\u00e9pz\u00e9si form\u00e1k, doktori k\u00e9pz\u00e9sek \u00f6sszehangol\u00e1s\u00e1ban, az egys\u00e9ges felv\u00e9teli k\u00f6vetelm\u00e9nyek kidolgoz\u00e1s\u00e1ban. E koordin\u00e1ci\u00f3s munka int\u00e9zm\u00e9nyi szinten annak ellen\u00e9re sikeresnek mondhat\u00f3, hogy a klinikai pszichol\u00f3giai szakk\u00e9pz\u00e9snek, mint az eg\u00e9szs\u00e9g\u00fcgyben foly\u00f3 szakir\u00e1ny\u00fa szakk\u00e9pz\u00e9snek, az Eg\u00e9szs\u00e9g\u00fcgyi Miniszt\u00e9rium lett a fel\u00fcgyel\u0151je \u00e9s \u00edgy a klinikus szakk\u00e9pz\u00e9s elv\u00e1lt a pszichol\u00f3gus szakk\u00e9pz\u00e9s egy\u00e9b \u00e1gait\u00f3l. 2000 \u0151sz\u00e9t\u0151l a szakk\u00e9pz\u00e9s \u00faj, n\u00e9gy \u00e9ves rendszer szerint folyik. A Klinikai Pszichol\u00f3giai Tansz\u00e9k vezet\u0151j\u00e9nek koordin\u00e1ci\u00f3j\u00e1val akkredit\u00e1lt k\u00e9pz\u00e9ss\u00e9 v\u00e1lt a Klinikai \u00e9s ment\u00e1lhigi\u00e9niai feln\u0151tt szakpszichol\u00f3gus, a Klinikai \u00e9s ment\u00e1lhigi\u00e9niai gyermek \u00e9s ifj\u00fas\u00e1gi szakpszichol\u00f3gus, valamint az ezekre \u00e9p\u00fcl\u0151 Pszichoterapeuta-, Klinikai neuropszichol\u00f3gus-, Klinikai addiktol\u00f3giai-, Igazs\u00e1g\u00fcgyi klinikai- \u00e9s Klinikai \u00edr\u00e1sszak\u00e9rt\u0151i szakpszichol\u00f3gus k\u00e9pz\u00e9s. Koordin\u00e1l\u00f3 tansz\u00e9kk\u00e9nt r\u00e9szt vett a p\u00e9csi \u00e9s debreceni szakir\u00e1ny\u00fa szakk\u00e9pz\u00e9s elind\u00edt\u00e1s\u00e1ban.<\/p>\n<p style=\"text-align: justify\">A tansz\u00e9ken l\u00e9trehozott Klinikai Pszichol\u00f3gi\u00e1\u00e9rt Alap\u00edtv\u00e1ny hozta l\u00e9tre a &#8222;Magyar Klinikai Pszichol\u00f3gi\u00e1\u00e9rt&#8221; d\u00edjat \u00e9s kit\u00fcntet\u00e9st, melyet el\u0151sz\u00f6r 1999-ben, a tansz\u00e9k fenn\u00e1ll\u00e1s\u00e1nak 5. \u00e9vfordul\u00f3j\u00e1n adom\u00e1nyoztak (a kit\u00fcntetettek Ger\u0151 Zsuzsa &#8211; poszthumusz -, Szak\u00e1cs Ferenc \u00e9s Szegedi M\u00e1rton voltak).<\/p>\n<p style=\"text-align: justify\">A tansz\u00e9k \u00e9l\u00e9re 2001. j\u00falius elsej\u00e9n Dr. Perczel-Forintos D\u00f3ra egyetemi docenst nevezt\u00e9k ki, aki kor\u00e1bban a Semmelweis Egyetem Pszichi\u00e1triai \u00e9s Pszichoter\u00e1pi\u00e1s Klinik\u00e1j\u00e1n dolgozott.<\/p>\n<p style=\"text-align: justify\">A Klinikai Pszichol\u00f3gia Tansz\u00e9k 2002. janu\u00e1r elseje \u00f3ta a Semmelweis Egyetem \u00c1ltal\u00e1nos Orvostudom\u00e1nyi Kar\u00e1nak els\u0151 pszichol\u00f3gia tansz\u00e9ke \u00e9s egyben az orsz\u00e1g egyetlen \u00f6n\u00e1ll\u00f3 Klinikai Pszichol\u00f3gia Tansz\u00e9ke.<\/p>\n<p style=\"text-align: justify\"><span style=\"font-size: 1rem\">2007. december 31-ig a Klinikai Pszichol\u00f3gia Tansz\u00e9k valamennyi szakfeladat megval\u00f3s\u00edt\u00e1s\u00e1ban egy\u00fcttm\u0171k\u00f6d\u00f6tt az Orsz\u00e1gos Pszichi\u00e1triai \u00e9s Neurol\u00f3giai Int\u00e9zet Klinikai Pszichol\u00f3giai Oszt\u00e1ly\u00e1val \u00e9s Szakambulanci\u00e1j\u00e1val, az egykori befogad\u00f3 int\u00e9zm\u00e9ny megfelel\u0151 alegys\u00e9g\u00e9vel, amellyel funkcion\u00e1lis egys\u00e9get alkotott.<\/span><\/p>\n<p style=\"text-align: justify\"><span style=\"font-size: 1rem\">2008. janu\u00e1r elsej\u00e9t\u0151l\u00a0 az Orsz\u00e1gos Pszichi\u00e1triai \u00e9s Neurol\u00f3giai Int\u00e9zet bez\u00e1r\u00e1s\u00e1t k\u00f6vet\u0151en a Klinikai Pszichol\u00f3gia Tansz\u00e9k \u00e9s Szakambulancia a VIII. ker\u00fcletben, a T\u00f6m\u0151 u. 25-29. sz\u00e1m alatt folytatta m\u0171k\u00f6d\u00e9s\u00e9t. Ezt k\u00f6vet\u0151en a Tansz\u00e9k bekapcsol\u00f3dott az egyetemen foly\u00f3 medikus k\u00e9pz\u00e9sbe (Az \u00f6ngyilkoss\u00e1gi vesz\u00e9ly\u00e1llapot felismer\u00e9se \u00e9s megel\u0151z\u00e9se \u00e9s Az orvosi hivat\u00e1s kritikus helyzetei \u00e9s a vel\u00fck val\u00f3 megk\u00fczd\u00e9s c. kurzusokkal r\u00e9szletesen ld. Oktat\u00e1s men\u00fcpont), tov\u00e1bb folytatta kutat\u00e1si tev\u00e9kenys\u00e9g\u00e9t (ld. Tudom\u00e1nyos kutat\u00f3munka men\u00fcpont), tov\u00e1bb\u00e1 a serd\u00fcl\u0151rendel\u00e9ssel sz\u00e9lesedett a Szakambulancia profilja (ld. Betegell\u00e1t\u00e1s \u00e9s szakmai profilok).<\/span><\/p>\n<p>2024. j\u00falius elsej\u00e9t\u0151l a Klinikai Pszichol\u00f3gia Tansz\u00e9k a Pszichi\u00e1triai \u00e9s Pszichoter\u00e1pi\u00e1s Klinika r\u00e9sze.\u00a0<\/p>\n<p style=\"text-align: justify\">A Klinikai Pszichol\u00f3gia Tansz\u00e9k vezet\u0151je 2024. december elseje \u00f3ta Dr. Gonda X\u00e9nia habilit\u00e1lt egyetemi docens, klinikai szakpszichol\u00f3gus, pszichoterapeuta.<\/p>\n<p style=\"text-align: justify\">\u00a0<\/p>\n","protected":false},"excerpt":{"rendered":"<p>A Klinikai Pszichol\u00f3giai Tansz\u00e9k el\u0151dje az 1981-ben az Orvostov\u00e1bbk\u00e9pz\u0151 Egyetemen megalakult Pszichi\u00e1triai Tansz\u00e9k, mely Moussong Kov\u00e1cs Erzs\u00e9bet vezet\u00e9s\u00e9vel kezdett\u0151l Pszichi\u00e1triai \u00e9s Klinikai Pszichol\u00f3giai Tansz\u00e9kk\u00e9nt m\u0171k\u00f6d\u00f6tt. Itt kezd\u0151d\u00f6tt 1981-t\u0151l a k\u00e9t\u00e9venk\u00e9nti rendszerben foly\u00f3 klinikai szakpszichol\u00f3gus k\u00e9pz\u00e9s. Az Orsz\u00e1gos Ideg- \u00e9s Elmegy\u00f3gy\u00e1szati Int\u00e9zetbe (OIE, k\u00e9s\u0151bb Orsz\u00e1gos Pszichi\u00e1triai \u00e9s Neurol\u00f3giai Int\u00e9zet, OPNI) kihelyezett tansz\u00e9k szakvezet\u0151 docense Szak\u00e1cs Ferenc &hellip;<\/p>\n","protected":false},"author":336,"featured_media":0,"parent":6,"menu_order":2,"comment_status":"open","ping_status":"open","template":"","meta":{"_acf_changed":false,"footnotes":""},"categories":[],"tags":[],"class_list":["post-252","page","type-page","status-publish","hentry"],"acf":[],"_links":{"self":[{"href":"https:\/\/semmelweis.hu\/klinikai-pszichologia\/wp-json\/wp\/v2\/pages\/252","targetHints":{"allow":["GET"]}}],"collection":[{"href":"https:\/\/semmelweis.hu\/klinikai-pszichologia\/wp-json\/wp\/v2\/pages"}],"about":[{"href":"https:\/\/semmelweis.hu\/klinikai-pszichologia\/wp-json\/wp\/v2\/types\/page"}],"author":[{"embeddable":true,"href":"https:\/\/semmelweis.hu\/klinikai-pszichologia\/wp-json\/wp\/v2\/users\/336"}],"replies":[{"embeddable":true,"href":"https:\/\/semmelweis.hu\/klinikai-pszichologia\/wp-json\/wp\/v2\/comments?post=252"}],"version-history":[{"count":11,"href":"https:\/\/semmelweis.hu\/klinikai-pszichologia\/wp-json\/wp\/v2\/pages\/252\/revisions"}],"predecessor-version":[{"id":7657,"href":"https:\/\/semmelweis.hu\/klinikai-pszichologia\/wp-json\/wp\/v2\/pages\/252\/revisions\/7657"}],"up":[{"embeddable":true,"href":"https:\/\/semmelweis.hu\/klinikai-pszichologia\/wp-json\/wp\/v2\/pages\/6"}],"wp:attachment":[{"href":"https:\/\/semmelweis.hu\/klinikai-pszichologia\/wp-json\/wp\/v2\/media?parent=252"}],"wp:term":[{"taxonomy":"category","embeddable":true,"href":"https:\/\/semmelweis.hu\/klinikai-pszichologia\/wp-json\/wp\/v2\/categories?post=252"},{"taxonomy":"post_tag","embeddable":true,"href":"https:\/\/semmelweis.hu\/klinikai-pszichologia\/wp-json\/wp\/v2\/tags?post=252"}],"curies":[{"name":"wp","href":"https:\/\/api.w.org\/{rel}","templated":true}]}}