{"id":2362,"date":"2016-09-21T10:42:28","date_gmt":"2016-09-21T08:42:28","guid":{"rendered":"http:\/\/semmelweis.hu\/klinikai-pszichologia\/?page_id=2362"},"modified":"2024-11-13T13:19:51","modified_gmt":"2024-11-13T12:19:51","slug":"zinner-gerecz-agnes","status":"publish","type":"page","link":"https:\/\/semmelweis.hu\/klinikai-pszichologia\/altalanos-informaciok\/munkatarsaink\/zinner-gerecz-agnes\/","title":{"rendered":"Zinner-G\u00e9recz \u00c1gnes klinikai szakpszichol\u00f3gus"},"content":{"rendered":"<p><strong>Beoszt\u00e1s<\/strong>: klinikai szakpszichol\u00f3gus<br \/>\n<strong>E-mail<\/strong>: zinner-gerecz.agnes@semmelweis.hu<br \/>\n<strong>Telefon<\/strong>: + 36-1-459-14-93<br \/>\n<strong>Szakter\u00fclet<\/strong>: feln\u0151tt klinikai szakpszichol\u00f3gia<\/p>\n<p>&nbsp;<\/p>\n<p>Publik\u00e1ci\u00f3k:<\/p>\n<div class=\"publication-data\">\n<div class=\"BookChapter Publication short-list\">\n<ul>\n<li class=\"authors\"><span class=\"author-name\"><a href=\"https:\/\/m2.mtmt.hu\/api\/author\/10009657\" target=\"_blank\" rel=\"noopener noreferrer\">Perczel-Forintos, D\u00f3ra<\/a> <\/span> ; <span class=\"author-name\"><a href=\"https:\/\/m2.mtmt.hu\/api\/author\/10064826\" target=\"_blank\" rel=\"noopener noreferrer\">Kresznerits, Szilvia<\/a> <\/span> ; <span class=\"author-name\">Kulig, Barbara <\/span> ; <span class=\"author-name\"><a href=\"https:\/\/m2.mtmt.hu\/api\/author\/10067286\" target=\"_blank\" rel=\"noopener noreferrer\">Zinner-G\u00e9recz, \u00c1gnes:\u00a0<\/a><\/span><a href=\"https:\/\/m2.mtmt.hu\/api\/publication\/31162082\" target=\"_blank\" rel=\"noopener noreferrer\">Az \u00f6nelfogad\u00e1s \u00e9s tudatos jelenl\u00e9t szerepe az \u00e9rzelemszab\u00e1lyoz\u00e1sban<\/a> In: <span class=\"booktitle\"><a href=\"https:\/\/m2.mtmt.hu\/api\/publication\/31162080\" target=\"_blank\" rel=\"noopener noreferrer\">Psychiatria Hungarica XXXV. \u00e9vf. 2020\/Supplementum 1 : \u00c9letutak a pszichi\u00e1tri\u00e1ban: A Magyar Pszichi\u00e1triai T\u00e1rsas\u00e1g XXIII. jubileumi v\u00e1ndorgy\u0171l\u00e9se El\u0151ad\u00e1s-kivonatok <\/a><\/span><span class=\"year\">(2020)<\/span> <span class=\"page\"> p. 112<\/span><\/li>\n<li class=\"authors\"><span class=\"author-name\"><a href=\"https:\/\/m2.mtmt.hu\/api\/author\/10067286\" target=\"_blank\" rel=\"noopener noreferrer\">Zinner-G\u00e9recz, \u00c1gnes<\/a> <\/span> ; <span class=\"author-name\"><a href=\"https:\/\/m2.mtmt.hu\/api\/author\/10064826\" target=\"_blank\" rel=\"noopener noreferrer\">Kresznerits, Szilvia<\/a> <\/span> ; <span class=\"author-name\">Kulig, Barbara <\/span> ; <span class=\"author-name\"><a href=\"https:\/\/m2.mtmt.hu\/api\/author\/10009657\" target=\"_blank\" rel=\"noopener noreferrer\">Perczel-Forintos, D\u00f3ra:\u00a0<\/a><\/span><a href=\"https:\/\/m2.mtmt.hu\/api\/publication\/31162087\" target=\"_blank\" rel=\"noopener noreferrer\">A tudatos jelenl\u00e9t tr\u00e9ning hat\u00e1sa az \u00f6ns\u00e9rt\u0151 viselked\u00e9sre<\/a>In: <span class=\"booktitle\"><a href=\"https:\/\/m2.mtmt.hu\/api\/publication\/31162080\" target=\"_blank\" rel=\"noopener noreferrer\">Psychiatria Hungarica XXXV. \u00e9vf. 2020\/Supplementum 1 : \u00c9letutak a pszichi\u00e1tri\u00e1ban: A Magyar Pszichi\u00e1triai T\u00e1rsas\u00e1g XXIII. jubileumi v\u00e1ndorgy\u0171l\u00e9se El\u0151ad\u00e1s-kivonatok <\/a><\/span><span class=\"year\">(2020)<\/span> <span class=\"page\"> p. 169<\/span><\/li>\n<li class=\"authors\"><span class=\"author-name\"><a href=\"https:\/\/m2.mtmt.hu\/api\/author\/10048207\" target=\"_blank\" rel=\"noopener noreferrer\">Antal-Uram, D<\/a> <\/span> ; <span class=\"author-name\"><a href=\"https:\/\/m2.mtmt.hu\/api\/author\/10067301\" target=\"_blank\" rel=\"noopener noreferrer\">Naszvadi, E.<\/a> <\/span> ; <span class=\"author-name\"><a href=\"https:\/\/m2.mtmt.hu\/api\/author\/10067286\" target=\"_blank\" rel=\"noopener noreferrer\">Zinner-G\u00e9recz, \u00c1:\u00a0<\/a><\/span><a href=\"https:\/\/m2.mtmt.hu\/api\/publication\/30582990\" target=\"_blank\" rel=\"noopener noreferrer\">Az alacsony intenzit\u00e1s\u00fa pszichoter\u00e1pia alkalmaz\u00e1sa a sz\u00fcl\u00e9szet- n\u0151gy\u00f3gy\u00e1szat ter\u00fclet\u00e9n <\/a>In: <span class=\"booktitle\"><a href=\"https:\/\/m2.mtmt.hu\/api\/publication\/30582985\" target=\"_blank\" rel=\"noopener noreferrer\">Az MPPPOT XV. Orsz\u00e1gos Kongresszusa, Budapest, 2018. febru\u00e1r 23-24 <\/a><\/span><\/li>\n<li class=\"authors\"><span class=\"author-name\"><a href=\"https:\/\/m2.mtmt.hu\/api\/author\/10067286\" target=\"_blank\" rel=\"noopener noreferrer\">Zinner-G\u00e9recz, \u00c1<\/a> <\/span> ; <span class=\"author-name\"><a href=\"https:\/\/m2.mtmt.hu\/api\/author\/10009657\" target=\"_blank\" rel=\"noopener noreferrer\">Perczel-Forintos, D:\u00a0<\/a><\/span><a href=\"https:\/\/m2.mtmt.hu\/api\/publication\/30480457\" target=\"_blank\" rel=\"noopener noreferrer\">Elfogad\u00e1s, elenged\u00e9s, egyens\u00faly: klinikai pszichol\u00f3gia a sz\u00fcl\u00e9szet-n\u0151gy\u00f3gy\u00e1szat ter\u00fclet\u00e9n<\/a> (2018). <span class=\"description0\">Magyar Viselked\u00e9s-, Kognit\u00edv- \u00e9s S\u00e9mater\u00e1pi\u00e1s Egyes\u00fclet 2018. \u00e9vi Kongresszusa: Lelki kr\u00edzisek a pszichoter\u00e1pi\u00e1ban \u00e9s azon k\u00edv\u00fcl, Budapest<\/span>, <span class=\"description1\">Szimp\u00f3zium I. \u2013 Alacsony intenzit\u00e1s\u00fa kognit\u00edv viselked\u00e9ster\u00e1pia<\/span>, <span class=\"country\">Megjelen\u00e9s: Magyarorsz\u00e1g<\/span><\/li>\n<li class=\"authors\"><span class=\"author-name\"><a href=\"https:\/\/m2.mtmt.hu\/api\/author\/10067286\" target=\"_blank\" rel=\"noopener noreferrer\">Zinner-G\u00e9recz, \u00c1<\/a> <\/span> ; <span class=\"author-name\"><a href=\"https:\/\/m2.mtmt.hu\/api\/author\/10009657\" target=\"_blank\" rel=\"noopener noreferrer\">Perczel-Forintos, D. :<\/a><\/span><a href=\"https:\/\/m2.mtmt.hu\/api\/publication\/30480353\" target=\"_blank\" rel=\"noopener noreferrer\"> Anya, engedj el engem! &#8211; Klinikai pszichol\u00f3gia a sz\u00fcl\u00e9szet-n\u0151gy\u00f3gy\u00e1szat ter\u00fclet\u00e9n<\/a> (2018) <span class=\"description0\">V\u00e1ltoz\u00e1s az \u00e1lland\u00f3s\u00e1gban \u2013 A Magyar Pszichol\u00f3giai T\u00e1rsas\u00e1g XXVII. Orsz\u00e1gos Tudom\u00e1nyos Nagygy\u0171l\u00e9se, 2018. 05. 31.-2018. 06. 02.<\/span>, <span class=\"description1\">Budapest<\/span>, <span class=\"country\">Megjelen\u00e9s: Magyarorsz\u00e1g,<\/span><\/li>\n<li class=\"authors\"><span class=\"author-name\"><a href=\"https:\/\/m2.mtmt.hu\/api\/author\/10067286\" target=\"_blank\" rel=\"noopener noreferrer\">G\u00e9recz, \u00c1gnes<\/a> <\/span> ; <span class=\"author-name\">Hadh\u00e1zi, \u00c9va :<\/span><a href=\"https:\/\/m2.mtmt.hu\/api\/publication\/24069018\" target=\"_blank\" rel=\"noopener noreferrer\">Az intimit\u00e1s: a k\u00f6t\u0151d\u00e9s, a sz\u00fcl\u0151i b\u00e1n\u00e1sm\u00f3d \u00e9s a depresszi\u00f3 \u00f6sszef\u00fcgg\u00e9sei\u00a0<\/a>In: F\u00fcl\u00f6p, J\u00f3zsef; Mirnics, Zsuzsanna; Vass\u00e1nyi, Mikl\u00f3s (szerk.) <span class=\"booktitle\">Kapcsolatban &#8211; Istennel \u00e9s emberrel : Pszichol\u00f3giai \u00e9s b\u00f6lcs\u00e9szeti tanulm\u00e1nyok, <\/span><span class=\"publishedAt\">Budapest, Magyarorsz\u00e1g : <span class=\"publisher\">K\u00e1roli G\u00e1sp\u00e1r Reform\u00e1tus Egyetem &#8211; L&#8217;Harmattan Kiad\u00f3<\/span>, <span class=\"year\">(2014)<\/span> <span class=\"page\"> pp. 32-54. , 23 p.<\/span><\/span><\/li>\n<li class=\"authors\"><span class=\"author-name\"><a href=\"https:\/\/m2.mtmt.hu\/api\/author\/10039453\" target=\"_blank\" rel=\"noopener noreferrer\">Hadh\u00e1zi, \u00c9va<\/a> <\/span> ; <span class=\"author-name\"><a href=\"https:\/\/m2.mtmt.hu\/api\/author\/10067286\" target=\"_blank\" rel=\"noopener noreferrer\">G\u00e9recz, \u00c1gnes<\/a> <\/span> ; <span class=\"author-name\">Pavlovic, Tea:<\/span><a href=\"https:\/\/m2.mtmt.hu\/api\/publication\/2543461\" target=\"_blank\" rel=\"noopener noreferrer\"> Az Interperszon\u00e1lis \u00c9rz\u00e9kenys\u00e9g (Interpersonal Sensitivity Measure) m\u00e9r\u00e9ses tapasztalatai &#8211; el\u0151vizsg\u00e1lat &#8211;<\/a>In: Vargha, Andr\u00e1s (szerk.) <span class=\"booktitle\"><a href=\"https:\/\/m2.mtmt.hu\/api\/publication\/2329952\" target=\"_blank\" rel=\"noopener noreferrer\">Kapcsolataink vil\u00e1ga : Magyar Pszichol\u00f3giai T\u00e1rsas\u00e1g XXII. Orsz\u00e1gos Tudom\u00e1nyos Nagygy\u0171l\u00e9s : Kivonatk\u00f6tet, <\/a><\/span><span class=\"publishedAt\">Budapest, Magyarorsz\u00e1g : <span class=\"publisher\">Magyar Pszichol\u00f3giai T\u00e1rsas\u00e1g<\/span>, <span class=\"year\">(2013)<\/span> <span class=\"page\"> pp. 235-235. , 1 p.<\/span><\/span><\/li>\n<li class=\"authors\"><span class=\"author-name\"><a href=\"https:\/\/m2.mtmt.hu\/api\/author\/10039453\" target=\"_blank\" rel=\"noopener noreferrer\">Hadh\u00e1zi, \u00c9va<\/a> <\/span> ; <span class=\"author-name\"><a href=\"https:\/\/m2.mtmt.hu\/api\/author\/10067286\" target=\"_blank\" rel=\"noopener noreferrer\">G\u00e9recz, \u00c1gnes<\/a> <\/span> ; <span class=\"author-name\">V\u00e9gh, Fruzsina:<\/span><a href=\"https:\/\/m2.mtmt.hu\/api\/publication\/2543448\" target=\"_blank\" rel=\"noopener noreferrer\"> Optim\u00e1list\u00f3l a hi\u00e1nyig&#8221; &#8211; Az intimit\u00e1s kategoriz\u00e1l\u00e1si lehet\u0151s\u00e9ge<\/a> In: Vargha, Andr\u00e1s (szerk.) <span class=\"booktitle\"><a href=\"https:\/\/m2.mtmt.hu\/api\/publication\/1969789\" target=\"_blank\" rel=\"noopener noreferrer\">A tudom\u00e1ny emberi arca : A Magyar Pszichol\u00f3giai T\u00e1rsas\u00e1g XXI. Orsz\u00e1gos Tudom\u00e1nyos Nagygy\u0171l\u00e9se : Kivonatk\u00f6tet <\/a><\/span><span class=\"publishedAt\">Szombathely, Magyarorsz\u00e1g : <span class=\"publisher\">Magyar Pszichol\u00f3giai T\u00e1rsas\u00e1g<\/span>, <span class=\"year\">(2012)<\/span> <span class=\"page\"> pp. 278-278. , 1 p.<\/span><\/span><\/li>\n<li class=\"authors\"><span class=\"author-name\"><a href=\"https:\/\/m2.mtmt.hu\/api\/author\/10039453\" target=\"_blank\" rel=\"noopener noreferrer\">Hadh\u00e1zi, \u00c9va<\/a> <\/span> ; <span class=\"author-name\"><a href=\"https:\/\/m2.mtmt.hu\/api\/author\/10067286\" target=\"_blank\" rel=\"noopener noreferrer\">G\u00e9recz, \u00c1gnes<\/a> <\/span> ; <span class=\"author-name\">V\u00e9gh, Fruzsina:<\/span><a href=\"https:\/\/m2.mtmt.hu\/api\/publication\/2543398\" target=\"_blank\" rel=\"noopener noreferrer\">Az intimit\u00e1s m\u00e9r\u00e9se &#8211; el\u0151zetes eredm\u00e9nyek magyar mint\u00e1n<\/a> In: Vargha, A (szerk.) <span class=\"booktitle\"><a href=\"https:\/\/m2.mtmt.hu\/api\/publication\/1706579\" target=\"_blank\" rel=\"noopener noreferrer\">Hagyom\u00e1ny \u00e9s meg\u00fajul\u00e1s : A Magyar Pszichol\u00f3giai T\u00e1rsas\u00e1g Jubileumi XX. Orsz\u00e1gos Tudom\u00e1nyos Nagygy\u0171l\u00e9se,\u00a0<\/a><\/span><span class=\"publishedAt\">Budapest, Magyarorsz\u00e1g : <span class=\"publisher\">Magyar Pszichol\u00f3giai T\u00e1rsas\u00e1g<\/span>, <span class=\"year\">(2011)<\/span><\/span><\/li>\n<li class=\"authors\"><span class=\"author-name\"><a href=\"https:\/\/m2.mtmt.hu\/api\/author\/10039453\" target=\"_blank\" rel=\"noopener noreferrer\">Hadh\u00e1zi, \u00c9va<\/a> <\/span> ; <span class=\"author-name\">Szili, Ilona <\/span> ; <span class=\"author-name\"><a href=\"https:\/\/m2.mtmt.hu\/api\/author\/10067286\" target=\"_blank\" rel=\"noopener noreferrer\">G\u00e9recz, \u00c1gnes<\/a> <\/span> ; <span class=\"author-name\">V\u00e9gh, Fruzsina:<\/span><a href=\"https:\/\/m2.mtmt.hu\/api\/publication\/2543384\" target=\"_blank\" rel=\"noopener noreferrer\">Intimit\u00e1s a k\u00f6t\u0151d\u00e9s f\u00fcggv\u00e9ny\u00e9ben<\/a> In: <span class=\"booktitle\">&#8222;A k\u00f6t\u0151d\u00e9s szabads\u00e1ga&#8221; a Magyar Pszichoanalitikus Egyes\u00fclet 17.konferenci\u00e1ja <\/span><span class=\"year\">(2010)<\/span> <span class=\"page\"> pp. 15-15. , 1 p.<\/span><\/li>\n<li class=\"authors\"><span class=\"author-name\"><a href=\"https:\/\/m2.mtmt.hu\/api\/author\/10067286\" target=\"_blank\" rel=\"noopener noreferrer\">G\u00e9recz, \u00c1gnes: <\/a><\/span><a href=\"https:\/\/m2.mtmt.hu\/api\/publication\/24168347\" target=\"_blank\" rel=\"noopener noreferrer\">Hal\u00e1lk\u00e9p a roma gyermekek k\u00e9pzelet\u00e9ben.\u00a0<\/a><span class=\"journal-title\">KHAR\u00d3N &#8211; THANATOL\u00d3GIAI SZEMLE<\/span> <span class=\"journal-volume\">13<\/span> : <span class=\"journal-issue\">3<\/span> <span class=\"page\"> pp. 1-56. , 56 p.<\/span> <span class=\"year\">(2009)<\/span><\/li>\n<\/ul>\n<\/div>\n<\/div>\n","protected":false},"excerpt":{"rendered":"<p>Beoszt\u00e1s: klinikai szakpszichol\u00f3gus E-mail: zinner-gerecz.agnes@semmelweis.hu Telefon: + 36-1-459-14-93 Szakter\u00fclet: feln\u0151tt klinikai szakpszichol\u00f3gia &nbsp; Publik\u00e1ci\u00f3k: <a href=\"https:\/\/m2.mtmt.hu\/api\/author\/10009657\" target=\"_blank\" rel=\"noopener noreferrer\">Perczel-Forintos, D\u00f3ra<\/a> ; <a href=\"https:\/\/m2.mtmt.hu\/api\/author\/10064826\" target=\"_blank\" rel=\"noopener noreferrer\">Kresznerits, Szilvia<\/a> ; Kulig, Barbara ; <a href=\"https:\/\/m2.mtmt.hu\/api\/author\/10067286\" target=\"_blank\" rel=\"noopener noreferrer\">Zinner-G\u00e9recz, \u00c1gnes:\u00a0<\/a> <a href=\"https:\/\/m2.mtmt.hu\/api\/publication\/31162082\" target=\"_blank\" rel=\"noopener noreferrer\">Az \u00f6nelfogad\u00e1s \u00e9s tudatos jelenl\u00e9t szerepe az \u00e9rzelemszab\u00e1lyoz\u00e1sban<\/a> In: <a href=\"https:\/\/m2.mtmt.hu\/api\/publication\/31162080\" target=\"_blank\" rel=\"noopener noreferrer\">Psychiatria Hungarica XXXV. \u00e9vf. 2020\/Supplementum 1 : \u00c9letutak a pszichi\u00e1tri\u00e1ban: A Magyar Pszichi\u00e1triai T\u00e1rsas\u00e1g XXIII. jubileumi v\u00e1ndorgy\u0171l\u00e9se El\u0151ad\u00e1s-kivonatok <\/a> (2020) p. 112 <a href=\"https:\/\/m2.mtmt.hu\/api\/author\/10067286\" target=\"_blank\" rel=\"noopener noreferrer\">Zinner-G\u00e9recz, \u00c1gnes<\/a> ; <a href=\"https:\/\/m2.mtmt.hu\/api\/author\/10064826\" target=\"_blank\" rel=\"noopener noreferrer\">Kresznerits, Szilvia<\/a> ; Kulig, Barbara ; <a href=\"https:\/\/m2.mtmt.hu\/api\/author\/10009657\" target=\"_blank\" rel=\"noopener noreferrer\">Perczel-Forintos, D\u00f3ra:\u00a0<\/a> <a href=\"https:\/\/m2.mtmt.hu\/api\/publication\/31162087\" target=\"_blank\" rel=\"noopener noreferrer\">A tudatos jelenl\u00e9t tr\u00e9ning hat\u00e1sa az \u00f6ns\u00e9rt\u0151 viselked\u00e9sre<\/a> In: <a href=\"https:\/\/m2.mtmt.hu\/api\/publication\/31162080\" target=\"_blank\" rel=\"noopener noreferrer\">Psychiatria Hungarica XXXV. \u00e9vf. 2020\/Supplementum 1 : \u00c9letutak a pszichi\u00e1tri\u00e1ban: A Magyar Pszichi\u00e1triai T\u00e1rsas\u00e1g XXIII. jubileumi v\u00e1ndorgy\u0171l\u00e9se El\u0151ad\u00e1s-kivonatok <\/a> (2020) p. 169 <a href=\"https:\/\/m2.mtmt.hu\/api\/author\/10048207\" target=\"_blank\" rel=\"noopener noreferrer\">Antal-Uram, D<\/a> ; <a href=\"https:\/\/m2.mtmt.hu\/api\/author\/10067301\" target=\"_blank\" rel=\"noopener noreferrer\">Naszvadi, E.<\/a> ; <a href=\"https:\/\/m2.mtmt.hu\/api\/author\/10067286\" target=\"_blank\" rel=\"noopener noreferrer\">Zinner-G\u00e9recz, \u00c1:\u00a0<\/a> <a href=\"https:\/\/m2.mtmt.hu\/api\/publication\/30582990\" target=\"_blank\" rel=\"noopener noreferrer\">Az alacsony intenzit\u00e1s\u00fa pszichoter\u00e1pia alkalmaz\u00e1sa a sz\u00fcl\u00e9szet- n\u0151gy\u00f3gy\u00e1szat ter\u00fclet\u00e9n <\/a> In: <a href=\"https:\/\/m2.mtmt.hu\/api\/publication\/30582985\" target=\"_blank\" rel=\"noopener noreferrer\">Az MPPPOT XV. Orsz\u00e1gos Kongresszusa, Budapest, 2018. febru\u00e1r 23-24 <\/a> <a href=\"https:\/\/m2.mtmt.hu\/api\/author\/10067286\" target=\"_blank\" rel=\"noopener noreferrer\">Zinner-G\u00e9recz, \u00c1<\/a> ; <a href=\"https:\/\/m2.mtmt.hu\/api\/author\/10009657\" target=\"_blank\" rel=\"noopener noreferrer\">Perczel-Forintos, D:\u00a0<\/a> <a href=\"https:\/\/m2.mtmt.hu\/api\/publication\/30480457\" target=\"_blank\" rel=\"noopener noreferrer\">Elfogad\u00e1s, elenged\u00e9s, egyens\u00faly: klinikai pszichol\u00f3gia a sz\u00fcl\u00e9szet-n\u0151gy\u00f3gy\u00e1szat ter\u00fclet\u00e9n<\/a> (2018). Magyar Viselked\u00e9s-, Kognit\u00edv- \u00e9s S\u00e9mater\u00e1pi\u00e1s Egyes\u00fclet 2018. \u00e9vi Kongresszusa: Lelki kr\u00edzisek a pszichoter\u00e1pi\u00e1ban \u00e9s azon k\u00edv\u00fcl, Budapest, Szimp\u00f3zium &hellip;<\/p>\n","protected":false},"author":336,"featured_media":0,"parent":33,"menu_order":3,"comment_status":"closed","ping_status":"closed","template":"","meta":{"_acf_changed":false,"footnotes":""},"categories":[],"tags":[],"class_list":["post-2362","page","type-page","status-publish","hentry"],"acf":[],"_links":{"self":[{"href":"https:\/\/semmelweis.hu\/klinikai-pszichologia\/wp-json\/wp\/v2\/pages\/2362","targetHints":{"allow":["GET"]}}],"collection":[{"href":"https:\/\/semmelweis.hu\/klinikai-pszichologia\/wp-json\/wp\/v2\/pages"}],"about":[{"href":"https:\/\/semmelweis.hu\/klinikai-pszichologia\/wp-json\/wp\/v2\/types\/page"}],"author":[{"embeddable":true,"href":"https:\/\/semmelweis.hu\/klinikai-pszichologia\/wp-json\/wp\/v2\/users\/336"}],"replies":[{"embeddable":true,"href":"https:\/\/semmelweis.hu\/klinikai-pszichologia\/wp-json\/wp\/v2\/comments?post=2362"}],"version-history":[{"count":10,"href":"https:\/\/semmelweis.hu\/klinikai-pszichologia\/wp-json\/wp\/v2\/pages\/2362\/revisions"}],"predecessor-version":[{"id":7249,"href":"https:\/\/semmelweis.hu\/klinikai-pszichologia\/wp-json\/wp\/v2\/pages\/2362\/revisions\/7249"}],"up":[{"embeddable":true,"href":"https:\/\/semmelweis.hu\/klinikai-pszichologia\/wp-json\/wp\/v2\/pages\/33"}],"wp:attachment":[{"href":"https:\/\/semmelweis.hu\/klinikai-pszichologia\/wp-json\/wp\/v2\/media?parent=2362"}],"wp:term":[{"taxonomy":"category","embeddable":true,"href":"https:\/\/semmelweis.hu\/klinikai-pszichologia\/wp-json\/wp\/v2\/categories?post=2362"},{"taxonomy":"post_tag","embeddable":true,"href":"https:\/\/semmelweis.hu\/klinikai-pszichologia\/wp-json\/wp\/v2\/tags?post=2362"}],"curies":[{"name":"wp","href":"https:\/\/api.w.org\/{rel}","templated":true}]}}