{"id":203,"date":"2012-06-08T14:38:13","date_gmt":"2012-06-08T14:38:13","guid":{"rendered":"http:\/\/semmelweis-egyetem.hu\/klinikai-pszichologia\/?page_id=203"},"modified":"2022-10-20T09:51:59","modified_gmt":"2022-10-20T07:51:59","slug":"iii-evfolyam","status":"publish","type":"page","link":"https:\/\/semmelweis.hu\/klinikai-pszichologia\/oktatas\/felnott-es-gyermek-klinikai-es-mentalhigieniai-szakpszichologus-szakkepzes\/iii-evfolyam\/","title":{"rendered":"III. \u00e9vfolyam"},"content":{"rendered":"<h4><strong>A 2022\/23 tan\u00e9v \u0151szi f\u00e9l\u00e9v el\u0151ad\u00e1sai:<\/strong><\/h4>\n<ul>\n<li>Dr. Fellegin\u00e9 Tak\u00e1cs Anna: A pszichoter\u00e1pi\u00e1ra val\u00f3 szocializ\u00e1ci\u00f3 \u00e9s motiv\u00e1ci\u00f3. A motiv\u00e1ci\u00f3s interj\u00fa<\/li>\n<li><a href=\"https:\/\/semmelweis.hu\/klinikai-pszichologia\/files\/2022\/10\/Dr.-Vizin-Gabriella_Viselkedesterapia-modszerei-es-hatotenyezoi-KPT-2022Vizin-1.pdf\" target=\"_blank\" rel=\"noopener\">Dr. Vizin Gabriella: A viselked\u00e9ster\u00e1pia m\u00f3dszerei \u00e9s hat\u00f3t\u00e9nyez\u0151i gyermek- \u00e9s feln\u0151ttkorban<\/a><\/li>\n<li>Ajtay Gy\u00f6ngyi: A CBT elm\u00e9leti alapjai<\/li>\n<li>Ajtay Gy\u00f6ngyi: A CBT f\u0151 m\u00f3dszerei, a kognit\u00edv \u00e1tstrukt\u00far\u00e1l\u00e1sa<\/li>\n<li>Ajtay Gy\u00f6ngyi: A p\u00e1nikbetegs\u00e9g \u00e9s a szoci\u00e1lis szorong\u00e1s kognit\u00edv viselked\u00e9ster\u00e1pi\u00e1ja<\/li>\n<li><a href=\"https:\/\/semmelweis.hu\/klinikai-pszichologia\/files\/2022\/10\/Dr.-Stauder-Adrienne_IPT_2022_-handout.pdf\" target=\"_blank\" rel=\"noopener\">Dr. Stauder Adrienne: Az interperszon\u00e1lis pszichoter\u00e1pia alapjai<\/a><\/li>\n<li><a href=\"https:\/\/semmelweis.hu\/klinikai-pszichologia\/files\/2022\/10\/Dr.-Stefanik-Krisztina_ASD_intervencio_2022_handout.pdf\" target=\"_blank\" rel=\"noopener\">Dr. Stefanik Krisztina: Pszichol\u00f3giai intervenci\u00f3k autizmus spektrum zavarokban<\/a><\/li>\n<li>Dr. Purebl Gy\u00f6rgy: Az inszomnia kognit\u00edv viselked\u00e9ster\u00e1pi\u00e1ja<\/li>\n<li>Prof. Dr. Perczel-Forintos D\u00f3ra: A dialektikus viselked\u00e9ster\u00e1pia alapjai<\/li>\n<li><a href=\"https:\/\/semmelweis.hu\/klinikai-pszichologia\/files\/2022\/10\/Prof.-Dr.-Perczel-Forintos-Dora__PTSD_CBT_szakkepzes_2022_Hn.pdf\" target=\"_blank\" rel=\"noopener\">Prof. Dr. Perczel-Forintos D\u00f3ra: A PTSD kognit\u00edv ter\u00e1pi\u00e1ja<\/a><\/li>\n<li><a href=\"https:\/\/semmelweis.hu\/klinikai-pszichologia\/files\/2022\/10\/Prof.-Dr.-Perczel-Forintos-Dora_DeprCBT_2022.pdf\" target=\"_blank\" rel=\"noopener\">Prof. Dr. Perczel- Forintos D\u00f3ra: a depresszi\u00f3 kongit\u00edv modellje<\/a><\/li>\n<li>N\u00e9meth Laura: Coping Cat: A gyermekkori szorong\u00e1sok zavarok kognit\u00edv viselked\u00e9ster\u00e1pi\u00e1ja<\/li>\n<li>N\u00e9meth Laura: A gyermekkori depresszi\u00f3 kognit\u00edv viselked\u00e9ster\u00e1pi\u00e1ja PASCET<\/li>\n<li><a href=\"https:\/\/semmelweis.hu\/klinikai-pszichologia\/files\/2022\/10\/Palmai-Katalin_.jatekerepia-kogitiv-es-rogersi-szemleletben.pdf\" target=\"_blank\" rel=\"noopener\">P\u00e1lmai Katalin: J\u00e1t\u00e9kter\u00e1pia: kognit\u00edv \u00e9s rogersi szeml\u00e9letekben<\/a><\/li>\n<li><a href=\"https:\/\/semmelweis.hu\/klinikai-pszichologia\/files\/2022\/10\/Zinner-Gerecz-Agnes_OCD_CBT_terapiaja_2022_3.evfolyam_.pdf\" target=\"_blank\" rel=\"noopener\">Zinner- G\u00e9recz \u00c1gnes: A k\u00e9nyszeres zavarok kognit\u00edv viselked\u00e9ster\u00e1pi\u00e1ja<\/a><\/li>\n<li><a href=\"https:\/\/semmelweis.hu\/klinikai-pszichologia\/files\/2022\/10\/Dr.-Pilling-Janos_Szexualis-zavarokpszichoterapiaja2022-09-29.pdf\" target=\"_blank\" rel=\"noopener\">Dr. Pilling J\u00e1nos: A szexu\u00e1lis diszfunkci\u00f3k kognit\u00edv viselked\u00e9ster\u00e1pi\u00e1ja<\/a><\/li>\n<li>Dr. Mikl\u00f3si M\u00f3nika: Gyermekkori ADHD \u00e9s diszrupt\u00edv zavarok viselked\u00e9ster\u00e1pi\u00e1ja<\/li>\n<li>Dr. Mikl\u00f3si M\u00f3nika: A pszichoter\u00e1pia hat\u00e9konys\u00e1ga-vizsg\u00e1lat\u00e1nak m\u00f3dszertana<\/li>\n<\/ul>\n<p><strong>A 2021\/2022 tan\u00e9v \u0151szi f\u00e9l\u00e9v el\u0151ad\u00e1sai:<\/strong><\/p>\n<p><a href=\"https:\/\/semmelweis.hu\/klinikai-pszichologia\/files\/2021\/11\/PTSD_CBT_szakk\u00e9pz\u00e9s_PerczelForintos-2021.pdf\">Prof. Dr. Perczel Forintos D\u00f3ra: PTSD kognit\u00edv ter\u00e1pi\u00e1ja<\/a><\/p>\n<p><a href=\"https:\/\/semmelweis.hu\/klinikai-pszichologia\/files\/2021\/11\/Dialektikus-VT_Linehan_PFD.pdf\">Prof. Dr. Perczel-Forintos D\u00f3ra:\u00a0 A dialektikus viselked\u00e9ster\u00e1piai alapjai<\/a><\/p>\n<p><a href=\"https:\/\/semmelweis.hu\/klinikai-pszichologia\/files\/2021\/11\/DeprCBT_2021_PFD.pdf\">Prof. Dr. Perczel-Forintos D\u00f3ra: A depresszi\u00f3 kognit\u00edv modellje<\/a><\/p>\n<p><a href=\"https:\/\/semmelweis.hu\/klinikai-pszichologia\/files\/2021\/11\/CTB_alapok_2021_PFD.pdf\">Prof. Dr. Perczel-Forintos D\u00f3ra: A CBT\u00a0 elm\u00e9leti alapjai<\/a><\/p>\n<p><a href=\"https:\/\/semmelweis.hu\/klinikai-pszichologia\/files\/2021\/11\/\u00c1tstrukt_koncept-m\u0171hely_2021_PFD.pdf\">Prof. Dr. Perczel-Forintos D\u00f3ra: A CBT f\u0151 m\u00f3dszerei, a kognit\u00edv \u00e1tstruktur\u00e1l\u00e1s \u00e9s konceptualiz\u00e1l\u00e1s<\/a><\/p>\n<p><a href=\"https:\/\/semmelweis.hu\/klinikai-pszichologia\/files\/2021\/11\/A-pszich.-th.-ra-val\u00f3-szocial.-motiv.-2021.pdf\">Fellegin\u00e9 Tak\u00e1cs Anna :A pszichioter\u00e1pi\u00e1rara val\u00f3 szocializ\u00e1ci\u00f3 \u00e9s motiv\u00e1ci\u00f3<\/a><\/p>\n<p><a href=\"https:\/\/semmelweis.hu\/klinikai-pszichologia\/files\/2021\/11\/Viselked\u00e9ster\u00e1pia-m\u00f3dszerei-\u00e9s-hat\u00f3t\u00e9nyez\u0151i-KPT-2021Vizin.pdf\">Dr. Vizin Gabriella: Viselked\u00e9ster\u00e1pia m\u00f3dszerei \u00e9s hat\u00f3t\u00e9nyez\u0151i<\/a><\/p>\n<p><a href=\"https:\/\/semmelweis.hu\/klinikai-pszichologia\/files\/2021\/11\/Purebl-insomnia-KVT-3-\u00e9v.pdf\">Dr. Purebl Gy\u00f6rgy: Az insomnia kognit\u00edv viselked\u00e9ster\u00e1pi\u00e1ja<\/a><\/p>\n<p><a href=\"https:\/\/semmelweis.hu\/klinikai-pszichologia\/files\/2021\/11\/6.j\u00e1t\u00e9ker\u00e9pia-kogit\u00edv-\u00e9s-rogersi-szeml\u00e9letben.pdf\">P\u00e1lmai Katalin: J\u00e1t\u00e9ker\u00e9pia kognit\u00edv \u00e9s rogersi szeml\u00e9letben<\/a><\/p>\n<p><a href=\"https:\/\/semmelweis.hu\/klinikai-pszichologia\/files\/2021\/11\/\u00faj-CBT-szex-diszf-2021-klinpszich.pdf\">Dr. Luk\u00e1cs Eszter: A szexu\u00e1lis diszfumkci\u00f3k kognit\u00edv viselked\u00e9ster\u00e1pi\u00e1ja<\/a><\/p>\n<p><a href=\"https:\/\/semmelweis.hu\/klinikai-pszichologia\/files\/2021\/11\/IPT-specifikumai-StauderA-2021szept28-handout.pdf\">Dr. Stauder Adrienne: Az interperszon\u00e1lis pszichoter\u00e1pia alapjai<\/a><\/p>\n<p><a href=\"https:\/\/semmelweis.hu\/klinikai-pszichologia\/files\/2021\/11\/Szorong\u00e1s-Kvt-2021-Klin-pszich.pdf\">Ajtay Gy\u00f6ngyi: A p\u00e1nikbetegs\u00e9g \u00e9s a szoci\u00e1lis szorong\u00e1s kognit\u00edv viselked\u00e9ster\u00e1pi\u00e1ja<\/a><\/p>\n<p><a href=\"https:\/\/semmelweis.hu\/klinikai-pszichologia\/files\/2021\/11\/Mikl\u00f3si-M\u00f3nika_Gyermekkori-magatart\u00e1szavarok-\u00e9s-hiperaktivit\u00e1s-viselked\u00e9ster\u00e1pi\u00e1ja-2019.pdf\">Dr. Mikl\u00f3si M\u00f3nika: Gyermekkori ADHD \u00e9s diszrupt\u00edv zavarok viselked\u00e9ster\u00e1pi\u00e1ja<\/a><\/p>\n<p><a href=\"https:\/\/semmelweis.hu\/klinikai-pszichologia\/files\/2021\/11\/Mikl\u00f3si-M\u00f3nika_A-pszichoter\u00e1pi\u00e1k-kutat\u00e1sa.pdf\">Dr. Mikl\u00f3si-M\u00f3nika:A pszichoter\u00e1pi\u00e1k hat\u00e9konys\u00e1gvizsg\u00e1lat\u00e1nak m\u00f3dszertana<\/a><\/p>\n<p><strong>A 2020\/2021 tan\u00e9v \u0151szi f\u00e9l\u00e9v el\u0151ad\u00e1sai:<\/strong><\/p>\n<p><a href=\"https:\/\/semmelweis.hu\/klinikai-pszichologia\/files\/2019\/11\/FTA_A-pszich.-th.-ra-val\u00f3-szocial.-motiv.-2019..pdf\">Dr. Fellegin\u00e9 Tak\u00e1cs Anna &#8211; A pszichoter\u00e1pi\u00e1ra val\u00f3 szocializ\u00e1ci\u00f3 \u00e9s motiv\u00e1ci\u00f3. A motiv\u00e1ci\u00f3s interj\u00fa<\/a><\/p>\n<p><a href=\"https:\/\/semmelweis.hu\/klinikai-pszichologia\/files\/2020\/11\/Viselked\u00e9ster\u00e1pia-m\u00f3dszerei-\u00e9s-hat\u00f3t\u00e9nyez\u0151i-KPT-2020Vizin.pdf\">Dr. Vizin Gabriella &#8211; A viselked\u00e9ster\u00e1pia m\u00f3dszerei \u00e9s hat\u00f3t\u00e9nyez\u0151i gyermek- \u00e9s feln\u0151ttkorban<\/a><\/p>\n<p><a href=\"https:\/\/semmelweis.hu\/klinikai-pszichologia\/files\/2020\/11\/PFD_CTB_alapok_2020.pdf\">Dr. Perczel-Forintos D\u00f3ra &#8211;\u00a0 A CBT elm\u00e9leti alapjai<\/a><\/p>\n<p><a href=\"https:\/\/semmelweis.hu\/klinikai-pszichologia\/files\/2018\/11\/PFD_CBT1_Szakkpz_harmadevf_2018.pdf\">Dr. Perczel-Forintos D\u00f3ra &#8211;\u00a0 A CBT elm\u00e9leti alapjai 2018 (m\u0171hely)<\/a><\/p>\n<p><a href=\"https:\/\/semmelweis.hu\/klinikai-pszichologia\/files\/2020\/11\/Ajtay-Gy\u00f6ngyi_Szorong\u00e1s-Kvt-2020-Klin-pszich.pdf\">Ajtay Gy\u00f6ngyi &#8211; A p\u00e1nikbetegs\u00e9g \u00e9s a szoci\u00e1lis szorong\u00e1s kognit\u00edv viselked\u00e9ster\u00e1pi\u00e1ja<\/a><\/p>\n<p><a href=\"https:\/\/semmelweis.hu\/klinikai-pszichologia\/files\/2019\/11\/StefanikK_Rovid_attekintes_2019_handout.pdf\">Dr. Stefanik Krisztina &#8211; Intervenci\u00f3k az autizmus spektrumzavarokban<\/a><\/p>\n<p><a href=\"https:\/\/semmelweis.hu\/klinikai-pszichologia\/files\/2018\/11\/Purebl-insomnia-KVT-3-\u00e9v.pdf\">Dr. Purebl Gy\u00f6rgy &#8211; Az insomnia kognit\u00edv viselked\u00e9ster\u00e1pi\u00e1ja<\/a><\/p>\n<p><a href=\"https:\/\/semmelweis.hu\/klinikai-pszichologia\/files\/2018\/11\/NemethLaura_GyermkorideprKVT.pdf\">N\u00e9meth Laura &#8211; A gyermekkori szorong\u00e1sos zavarok \u00e9s depresszi\u00f3 kognit\u00edv viselked\u00e9ster\u00e1pi\u00e1ja<\/a><\/p>\n<p><a href=\"https:\/\/semmelweis.hu\/klinikai-pszichologia\/files\/2019\/11\/P\u00e1lmaiK_j\u00e1t\u00e9ker\u00e9pia-kogit\u00edv-\u00e9s-rogersi-szeml\u00e9letben.pdf\">P\u00e1lmai Katalin &#8211; J\u00e1t\u00e9kter\u00e1pia: kognit\u00edv \u00e9s rogersi szeml\u00e9letben<\/a><\/p>\n<p><a href=\"https:\/\/semmelweis.hu\/klinikai-pszichologia\/files\/2020\/11\/FTA_K\u00e9nyszeres-zavarok-2020..pdf\">Dr. Fellegin\u00e9 Tak\u00e1cs Anna &#8211; A k\u00e9nyszeres zavarok kognit\u00edv viselked\u00e9ster\u00e1pi\u00e1ja<\/a><\/p>\n<p><a href=\"https:\/\/semmelweis.hu\/klinikai-pszichologia\/files\/2020\/11\/PFD_PTSD_CBT_szakkpzs_2020.pdf\">Prof. Dr. Perczel-Forintos D\u00f3ra &#8211; A PTSD kognit\u00edv ter\u00e1pi\u00e1ja<\/a><\/p>\n<p><a href=\"https:\/\/semmelweis.hu\/klinikai-pszichologia\/files\/2020\/11\/PFD_DeprCBT_2020.pdf\">Prof. Dr. Perczel-Forintos D\u00f3ra &#8211; A depresszi\u00f3 kognit\u00edv modellje<\/a><\/p>\n<p><a href=\"https:\/\/semmelweis.hu\/klinikai-pszichologia\/files\/2020\/11\/PFD_Transzdiagnosztikus-szeml\u00e9let_szakk\u00e9pz\u00e9s_PFD.pdf\">Prof. Dr. Perczel-Forintos D\u00f3ra &#8211; A transzdiagnosztikus szeml\u00e9let a kognit\u00edv pszichoter\u00e1pi\u00e1ban<\/a><\/p>\n<p><a href=\"https:\/\/semmelweis.hu\/klinikai-pszichologia\/files\/2020\/11\/Ajtay-Gy\u00f6ngyi_MKT-Klin-szakk\u00e9pz\u00e9s.pdf\">Ajtay Gy\u00f6ngyi &#8211; Metakognit\u00edv ter\u00e1pia<\/a><\/p>\n<p><a href=\"https:\/\/semmelweis.hu\/klinikai-pszichologia\/files\/2020\/11\/Mikl\u00f3si-M\u00f3nika_Gyermekkori-magatart\u00e1szavarok-\u00e9s-hiperaktivit\u00e1s-viselked\u00e9ster\u00e1pi\u00e1ja-2019.pdf\">Dr. Mikl\u00f3si M\u00f3nika &#8211; Gyermekkori ADHD \u00e9s diszrupt\u00edv zavarok viselked\u00e9ster\u00e1pi\u00e1ja<\/a><\/p>\n<p><a href=\"https:\/\/semmelweis.hu\/klinikai-pszichologia\/files\/2020\/11\/Mikl\u00f3si-M\u00f3nika_A-pszichoter\u00e1pi\u00e1k-kutat\u00e1sa.pdf\">Dr. Mikl\u00f3si M\u00f3nika &#8211; A pszichoter\u00e1pi\u00e1k hat\u00e9konys\u00e1gvizsg\u00e1lat\u00e1nak m\u00f3dszertana<\/a><\/p>\n<p>Prof. Dr. Perczel-Forintos D\u00f3ra &#8211; Mindfulness<\/p>\n<p>&nbsp;<\/p>\n<p><strong>A 2019\/2020. tan\u00e9v tavaszi f\u00e9l\u00e9v el\u0151ad\u00e1sai:<\/strong><\/p>\n<p><a href=\"https:\/\/semmelweis.hu\/klinikai-pszichologia\/files\/2020\/03\/A-fejl\u0151d\u00e9si-pszichopatol\u00f3gia-alapvet\u0151-modelljei_MM_2016.pdf\">Dr. Mikl\u00f3si M\u00f3nika &#8211; A fejl\u0151d\u00e9si pszichopatol\u00f3gia alapvet\u0151 modelljei<\/a><\/p>\n<p><a href=\"https:\/\/semmelweis.hu\/klinikai-pszichologia\/files\/2020\/03\/Patol\u00f3gi\u00e1s-viselked\u00e9sszervez\u0151d\u00e9sek-2016.pdf\">Dr. Mikl\u00f3si M\u00f3nika &#8211; Patol\u00f3gi\u00e1s viselked\u00e9sszervez\u0151d\u00e9sek a fejl\u0151d\u00e9s folyamat\u00e1ban<\/a><\/p>\n<p><a href=\"https:\/\/semmelweis.hu\/klinikai-pszichologia\/files\/2020\/03\/Schm\u00c1_Klinikai_szakkapzes.pdf\">Dr. Schmelowszky \u00c1goston &#8211; A fejl\u0151d\u00e9spszichopatol\u00f3gia struktur\u00e1lis t\u00e1rgykapcsolati \u00e9s szelf-fejl\u0151d\u00e9si modelljei. Norm\u00e1lis \u00e9s patol\u00f3gi\u00e1s fejl\u0151d\u00e9s csecsem\u0151 \u00e9s gyermekkorban. A k\u00f6t\u0151d\u00e9selm\u00e9let, ill. a modern csecsem\u0151kutat\u00e1sok hozz\u00e1j\u00e1rul\u00e1sa a korai fejl\u0151d\u00e9si zavarok elm\u00e9let\u00e9hez<\/a><\/p>\n<p>&nbsp;<\/p>\n<p><strong>A 2019\/2020. tan\u00e9v \u0151szi f\u00e9l\u00e9v el\u0151ad\u00e1sai:<\/strong><\/p>\n<p><a href=\"https:\/\/semmelweis.hu\/klinikai-pszichologia\/files\/2019\/11\/FTA_A-pszich.-th.-ra-val\u00f3-szocial.-motiv.-2019..pdf\">Dr. Fellegin\u00e9 Tak\u00e1cs Anna &#8211; A pszichoter\u00e1pi\u00e1ra val\u00f3 szocializ\u00e1ci\u00f3 \u00e9s motiv\u00e1ci\u00f3. A motiv\u00e1ci\u00f3s interj\u00fa<\/a><\/p>\n<p><a href=\"https:\/\/semmelweis.hu\/klinikai-pszichologia\/files\/2018\/11\/Viselked\u00e9ster\u00e1pia-m\u00f3dszerei-\u00e9s-hat\u00f3t\u00e9nyez\u0151i-KPT-2018Vizin.pdf\">Dr. Vizin Gabriella &#8211; A viselked\u00e9ster\u00e1pia m\u00f3dszerei \u00e9s hat\u00f3t\u00e9nyez\u0151i gyermek \u00e9s feln\u0151ttkorban<\/a><\/p>\n<p><a href=\"https:\/\/semmelweis.hu\/klinikai-pszichologia\/files\/2018\/11\/PFD_CBT1_Szakkpz_harmadevf_2018.pdf\">Prof. Dr. Perczel-Forintos D\u00f3ra &#8211; A CBT elm\u00e9leti alapjai<\/a><\/p>\n<p><a href=\"https:\/\/semmelweis.hu\/klinikai-pszichologia\/files\/2018\/11\/Dr-T\u00e1rnok-Zsanett-Perfekcionizmus.pdf\">Dr. T\u00e1rnok Zsanett &#8211; A perfekcionizmus szerepe a ki\u00e9g\u00e9sben<\/a><\/p>\n<p><a href=\"https:\/\/semmelweis.hu\/klinikai-pszichologia\/files\/2019\/11\/F\u00fcl\u00f6pEm\u0151ke_burnout_klinikai201910.pdf\">Dr. F\u00fcl\u00f6p Em\u0151ke &#8211; A seg\u00edt\u0151 hivat\u00e1s kock\u00e1zatai. Ki\u00e9g\u00e9s \u00e9s hozz\u00e1 kapcsol\u00f3d\u00f3 jelens\u00e9gek a gy\u00f3gy\u00edt\u00e1sban<\/a><\/p>\n<p><a href=\"https:\/\/semmelweis.hu\/klinikai-pszichologia\/files\/2019\/11\/FTA_Konceptualiz\u00e1l\u00e1s.pdf\">Dr. Fellegin\u00e9 Tak\u00e1cs Anna &#8211; konceptualiz\u00e1l\u00e1s<\/a><\/p>\n<p><a href=\"https:\/\/semmelweis.hu\/klinikai-pszichologia\/files\/2018\/11\/Purebl-insomnia-KVT-3-\u00e9v.pdf\">Dr. Purebl Gy\u00f6rgy &#8211; Az insomnia kognit\u00edv viselked\u00e9ster\u00e1pi\u00e1ja<\/a><\/p>\n<p><a href=\"https:\/\/semmelweis.hu\/klinikai-pszichologia\/files\/2018\/11\/NemethLaura_GyermkorideprKVT.pdf\">N\u00e9meth Laura &#8211; A gyermekkori depresszi\u00f3 kognit\u00edv viselked\u00e9ster\u00e1pi\u00e1ja<\/a><\/p>\n<p><a href=\"https:\/\/semmelweis.hu\/klinikai-pszichologia\/files\/2019\/11\/P\u00e1lmaiK_j\u00e1t\u00e9ker\u00e9pia-kogit\u00edv-\u00e9s-rogersi-szeml\u00e9letben.pdf\">P\u00e1lmai Katalin &#8211; J\u00e1t\u00e9kter\u00e1pia: kognit\u00edv \u00e9s rogersi szeml\u00e9letben<\/a><\/p>\n<p><a href=\"https:\/\/semmelweis.hu\/klinikai-pszichologia\/files\/2019\/11\/FTA_K\u00e9nyszer-ter\u00e1pi\u00e1ja-2019.pdf\">Dr. Fellegin\u00e9 Tak\u00e1cs Anna &#8211; A k\u00e9nyszeres zavarok kognit\u00edv viselked\u00e9ster\u00e1pi\u00e1ja<\/a><\/p>\n<p>Prof. Dr. Perczel-Forintos D\u00f3ra, Naszvadi Emma &#8211; A PTSD kognit\u00edv ter\u00e1pi\u00e1ja<\/p>\n<p><a href=\"https:\/\/semmelweis.hu\/klinikai-pszichologia\/files\/2019\/11\/AjtayGy_Depresszi\u00f3-KVT-III.-\u00e9vf-2019.pdf\">Ajtay Gy\u00f6ngyi &#8211; A depresszi\u00f3 kognit\u00edv modellje<\/a><\/p>\n<p>Ajtay Gy\u00f6ngyi &#8211; A p\u00e1nikbetegs\u00e9g \u00e9s a szoci\u00e1lis szorong\u00e1s kognit\u00edv viselked\u00e9ster\u00e1pi\u00e1ja<\/p>\n<p><a href=\"https:\/\/semmelweis.hu\/klinikai-pszichologia\/files\/2019\/11\/Luk\u00e1csEszter_Szexu\u00e1lis-diszfunkci\u00f3k-kognit\u00edv-viselked\u00e9ster\u00e1pi\u00e1ja-2019-klin.pszich..pdf\">Dr. Luk\u00e1cs Eszter &#8211; A szexu\u00e1lis diszfunkci\u00f3k kognit\u00edv viselked\u00e9ster\u00e1pi\u00e1ja<\/a><\/p>\n<p><a href=\"https:\/\/semmelweis.hu\/klinikai-pszichologia\/files\/2019\/11\/StefanikK_Rovid_attekintes_2019_handout.pdf\">Dr. Stefanik Krisztina &#8211; Intervenci\u00f3k az autizmus spektrumzavarokban<\/a><\/p>\n<p><a href=\"https:\/\/semmelweis.hu\/klinikai-pszichologia\/files\/2019\/11\/Mikl\u00f3si-M\u00f3nika_Gyermekkori-magatart\u00e1szavarok-\u00e9s-hiperaktivit\u00e1s-viselked\u00e9ster\u00e1pi\u00e1ja-2019.pdf\">Dr. Mikl\u00f3si M\u00f3nika &#8211; Gyermekkori magatart\u00e1szavarok \u00e9s a hiperaktivit\u00e1s viselked\u00e9ster\u00e1pi\u00e1ja<\/a><\/p>\n<p><a href=\"https:\/\/semmelweis.hu\/klinikai-pszichologia\/files\/2019\/11\/Mikl\u00f3si-M\u00f3nika_A-pszichoter\u00e1pi\u00e1k-kutat\u00e1sa.pdf\">Dr. Mikl\u00f3si M\u00f3nika &#8211; A pszichoter\u00e1pi\u00e1k hat\u00e9konys\u00e1gvizsg\u00e1lat\u00e1nak m\u00f3dszertana<\/a><\/p>\n<p>Prof. Dr. Perczel-Forintos D\u00f3ra, Zinner-G\u00e9recz \u00c1gnes &#8211; Mindfulness<\/p>\n<p>&nbsp;<\/p>\n<p><strong>A 2018\/2019. tan\u00e9v tavaszi f\u00e9l\u00e9v el\u0151ad\u00e1sai:<\/strong><\/p>\n<p><a href=\"https:\/\/semmelweis.hu\/klinikai-pszichologia\/files\/2019\/03\/A-fejl\u0151d\u00e9si-patopszichol\u00f3gia-strukur\u00e1list\u00e1rgykapcsolati-\u00e9s-szelf-fejl\u0151d\u00e9si-modelljei.pdf\">Mihocsa Ildik\u00f3 &#8211; A fejl\u0151d\u00e9spszichopatol\u00f3gia strukur\u00e1lis, t\u00e1rgykapcsolati \u00e9s szelf- fejl\u0151d\u00e9si modelljei<\/a><\/p>\n<p><a href=\"https:\/\/semmelweis.hu\/klinikai-pszichologia\/files\/2019\/03\/Norm\u00e1lis-\u00e9s-patol\u00f3gi\u00e1s-fejl\u0151d\u00e9s-Mahler-Kohut-Kerberg-D.Stern_.pdf\">Mihocsa Ildik\u00f3 &#8211; Norm\u00e1lis \u00e9s patol\u00f3gi\u00e1s fejl\u0151d\u00e9s (Mahler, Kohut, Kerberg, D.Stern)<\/a><\/p>\n<p>&nbsp;<\/p>\n<p><strong>A 2018\/2<\/strong><strong>019. tan\u00e9v \u0151szi f\u00e9l\u00e9v el\u0151ad\u00e1sai:<\/strong><\/p>\n<p><a href=\"https:\/\/semmelweis.hu\/klinikai-pszichologia\/files\/2018\/11\/Ajtay-Gy\u00f6ngyi_Szorong\u00e1sok-kognit\u00edv-ter\u00e1pi\u00e1ja.pdf\">Ajtay Gy\u00f6ngyi &#8211; A szorong\u00e1sos zavarok kognit\u00edv viselked\u00e9ster\u00e1pi\u00e1ja<\/a><\/p>\n<p><a href=\"https:\/\/semmelweis.hu\/klinikai-pszichologia\/files\/2018\/11\/FTA_K\u00e9nyszer-ter\u00e1pi\u00e1ja-2018.pdf\">Dr. Fellegin\u00e9 Tak\u00e1cs Anna &#8211; A k\u00e9nyszeres zavarok kognit\u00edv viselked\u00e9ster\u00e1pi\u00e1ja<\/a><\/p>\n<p><a href=\"https:\/\/semmelweis.hu\/klinikai-pszichologia\/files\/2018\/11\/NemethLaura_GyermkorideprKVT.pdf\">N\u00e9meth Laura &#8211; Gyermekkori depresszi\u00f3 \u00e9s szorong\u00e1s KVT-je<\/a><\/p>\n<p><a href=\"https:\/\/semmelweis.hu\/klinikai-pszichologia\/files\/2018\/11\/PFD_Bevezet\u00e9s-a-pszichoter\u00e1pi\u00e1ba_2018.pdf\">Prof. Dr. Perczel-Forintos D\u00f3ra &#8211; Bevezet\u00e9s a pszichoter\u00e1pi\u00e1ba<\/a><\/p>\n<p><a href=\"https:\/\/semmelweis.hu\/klinikai-pszichologia\/files\/2018\/11\/PFD_CBT1_Szakkpz_harmadevf_2018.pdf\">Prof. Dr Perczel-Forintos D\u00f3ra &#8211; A CBT elm\u00e9leti alapjai<\/a><\/p>\n<p><a href=\"https:\/\/semmelweis.hu\/klinikai-pszichologia\/files\/2018\/11\/PFD_CBT1_Szakkpz_harmadevf_2018.pdf\">Prof. Dr. Perczel-Forintos D\u00f3ra &#8211; A kognit\u00edv ter\u00e1pia alapjai<\/a><\/p>\n<p><a href=\"https:\/\/semmelweis.hu\/klinikai-pszichologia\/files\/2018\/11\/PFD_DeprCBT_2018.pdf\">Prof. Dr. Perczel-Forintos D\u00f3ra &#8211; A depresszi\u00f3 kognit\u00edv modellje<\/a><\/p>\n<p><a href=\"https:\/\/semmelweis.hu\/klinikai-pszichologia\/files\/2018\/11\/PTSD_CBT_szakkpzs2018b.pdf\">Prof. Dr. Perczel-Forintos D\u00f3ra &#8211; A PTSD kognit\u00edv ter\u00e1pi\u00e1ja<\/a><\/p>\n<p><a href=\"https:\/\/semmelweis.hu\/klinikai-pszichologia\/files\/2018\/11\/PFD_Mindfulness_szakk\u00e9pz\u00e9s2018.pdf\">Prof. Dr. Perczel-Forintos D\u00f3ra &#8211; Mindfulness<\/a><\/p>\n<p><a href=\"https:\/\/semmelweis.hu\/klinikai-pszichologia\/files\/2018\/11\/Viselked\u00e9ster\u00e1pia-m\u00f3dszerei-\u00e9s-hat\u00f3t\u00e9nyez\u0151i-KPT-2018Vizin.pdf\">Dr. Vizin Gabriella &#8211; A viselked\u00e9ster\u00e1pia m\u00f3dszerei \u00e9s hat\u00f3t\u00e9nyez\u0151i<\/a><\/p>\n<p><a href=\"https:\/\/semmelweis.hu\/klinikai-pszichologia\/files\/2018\/11\/S\u00e9mater\u00e1pia_2018-\u0151sz.pdf\">Dr. Vizin Gabriella &#8211; S\u00e9mater\u00e1pia<\/a><\/p>\n<p><a href=\"https:\/\/semmelweis.hu\/klinikai-pszichologia\/files\/2018\/11\/BA_Addikci\u00f3k-kognit\u00edv-viselked\u00e9ster\u00e1pi\u00e1ja.doc-2018.pdf\">Dr. Bodrogi Andrea &#8211; Addikci\u00f3k kognit\u00edv viselked\u00e9ster\u00e1pi\u00e1s kezel\u00e9se<\/a><\/p>\n<p><a href=\"https:\/\/semmelweis.hu\/klinikai-pszichologia\/files\/2018\/11\/Mikl\u00f3si-M_Gyermekkori-magatart\u00e1szavarok-\u00e9s-hiperaktivit\u00e1s-viselked\u00e9ster\u00e1pi\u00e1ja-2018.pdf\">Dr. Mikl\u00f3si M\u00f3nika &#8211; Gyermekkori magatart\u00e1szavarok \u00e9s hiperaktivit\u00e1s viselked\u00e9ster\u00e1pi\u00e1ja<\/a><\/p>\n<p><a href=\"https:\/\/semmelweis.hu\/klinikai-pszichologia\/files\/2018\/11\/Mikl\u00f3si-M_pszichoter\u00e1pi\u00e1k-kutat\u00e1sa.pdf\">Dr. Mikl\u00f3si M\u00f3nika &#8211; Pszichoter\u00e1pi\u00e1k hat\u00e9konys\u00e1gvizsg\u00e1lat\u00e1nak m\u00f3dszertana<\/a><\/p>\n<p><a href=\"https:\/\/semmelweis.hu\/klinikai-pszichologia\/files\/2018\/11\/FTA_MOTIV\u00c1CI\u00d3-SZOCIALIZ\u00c1CI\u00d3-2018.pdf\">Dr. Fellegin\u00e9 Tak\u00e1cs Anna &#8211; A pszichoter\u00e1pi\u00e1ra val\u00f3 szocializ\u00e1ci\u00f3 \u00e9s motiv\u00e1ci\u00f3<\/a><\/p>\n<p><a href=\"https:\/\/semmelweis.hu\/klinikai-pszichologia\/files\/2018\/11\/Purebl-insomnia-KVT-3-\u00e9v.pdf\">Dr. Purebl Gy\u00f6rgy &#8211; Az insomnia kognit\u00edv viselked\u00e9ster\u00e1pi\u00e1ja<\/a><\/p>\n<p><a href=\"https:\/\/semmelweis.hu\/klinikai-pszichologia\/files\/2018\/11\/Mersich-B_pszichozisok_pszichoterapiaja_2018.pdf\">Dr. Mersich Beatrix &#8211; Pszichoter\u00e1pia alkalmazhat\u00f3s\u00e1ga<br \/>\npszich\u00f3zisokban<\/a><\/p>\n<p><a href=\"https:\/\/semmelweis.hu\/klinikai-pszichologia\/files\/2018\/11\/LukacsEszter_SzexualiszavarokKVT.pdf\">Luk\u00e1cs Eszter &#8211; Szexualis diszfunkci\u00f3k KVT<\/a><\/p>\n<p>&nbsp;<\/p>\n<p><strong>A 2017\/2018. tan\u00e9v \u0151szi f\u00e9l\u00e9v el\u0151ad\u00e1sai:<\/strong><\/p>\n<p><a href=\"https:\/\/semmelweis.hu\/klinikai-pszichologia\/files\/2016\/10\/Dr.-PErczel-Forintos-D\u00f3ra-Traumatikus-\u00e9lm\u00e9nyek-feldolgoz\u00e1sa.pdf\">Dr. Perczel-Forintos D\u00f3ra: Traumatikus \u00e9lm\u00e9nyek feldolgoz\u00e1sa<\/a><\/p>\n<p><a href=\"https:\/\/semmelweis.hu\/klinikai-pszichologia\/files\/2016\/10\/Dr.-Perczel-Forintos-D\u00f3ra-Depresszi\u00f3-2016.pdf\">Dr. Perczel-Forintos D\u00f3ra: Depresszi\u00f3 \u00e9s PTSD<\/a><\/p>\n<p><a href=\"https:\/\/semmelweis.hu\/klinikai-pszichologia\/files\/2016\/10\/Neuroanat\u00f3mia-2016_1.pdf\">Borb\u00e9ly Csaba: Neuroanat\u00f3mia<\/a><\/p>\n<p><a href=\"https:\/\/semmelweis.hu\/klinikai-pszichologia\/files\/2017\/11\/Addikci\u00f3k-CBT.pdf\">Dr. Bodrogi Andrea:\u00a0Addikci\u00f3k kognit\u00edv viselked\u00e9ster\u00e1pi\u00e1ja<\/a><\/p>\n<p><a href=\"https:\/\/semmelweis.hu\/klinikai-pszichologia\/files\/2012\/06\/MOTIV\u00c1CI\u00d3-SZOCIALIZ\u00c1CI\u00d3.pdf\">Dr. Fellegin\u00e9 Tak\u00e1cs Anna &#8211; A pszichoter\u00e1pi\u00e1ra val\u00f3 szocializ\u00e1ci\u00f3 \u00e9s motiv\u00e1ci\u00f3<\/a><\/p>\n<p><a href=\"https:\/\/semmelweis.hu\/klinikai-pszichologia\/files\/2012\/06\/ASSZERTIVIT\u00c1S.pdf\">Dr. Fellegin\u00e9 Tak\u00e1cs Anna &#8211; Asszertivit\u00e1s<\/a><\/p>\n<p>&nbsp;<\/p>\n<p>&nbsp;<\/p>\n<p>&nbsp;<\/p>\n<p>&nbsp;<\/p>\n","protected":false},"excerpt":{"rendered":"<p>A 2022\/23 tan\u00e9v \u0151szi f\u00e9l\u00e9v el\u0151ad\u00e1sai: Dr. Fellegin\u00e9 Tak\u00e1cs Anna: A pszichoter\u00e1pi\u00e1ra val\u00f3 szocializ\u00e1ci\u00f3 \u00e9s motiv\u00e1ci\u00f3. A motiv\u00e1ci\u00f3s interj\u00fa <a href=\"https:\/\/semmelweis.hu\/klinikai-pszichologia\/files\/2022\/10\/Dr.-Vizin-Gabriella_Viselkedesterapia-modszerei-es-hatotenyezoi-KPT-2022Vizin-1.pdf\" target=\"_blank\" rel=\"noopener\">Dr. Vizin Gabriella: A viselked\u00e9ster\u00e1pia m\u00f3dszerei \u00e9s hat\u00f3t\u00e9nyez\u0151i gyermek- \u00e9s feln\u0151ttkorban<\/a> Ajtay Gy\u00f6ngyi: A CBT elm\u00e9leti alapjai Ajtay Gy\u00f6ngyi: A CBT f\u0151 m\u00f3dszerei, a kognit\u00edv \u00e1tstrukt\u00far\u00e1l\u00e1sa Ajtay Gy\u00f6ngyi: A p\u00e1nikbetegs\u00e9g \u00e9s a szoci\u00e1lis szorong\u00e1s kognit\u00edv viselked\u00e9ster\u00e1pi\u00e1ja <a href=\"https:\/\/semmelweis.hu\/klinikai-pszichologia\/files\/2022\/10\/Dr.-Stauder-Adrienne_IPT_2022_-handout.pdf\" target=\"_blank\" rel=\"noopener\">Dr. Stauder Adrienne: Az interperszon\u00e1lis pszichoter\u00e1pia alapjai<\/a> <a href=\"https:\/\/semmelweis.hu\/klinikai-pszichologia\/files\/2022\/10\/Dr.-Stefanik-Krisztina_ASD_intervencio_2022_handout.pdf\" target=\"_blank\" rel=\"noopener\">Dr. Stefanik Krisztina: Pszichol\u00f3giai intervenci\u00f3k autizmus spektrum zavarokban<\/a> Dr. Purebl Gy\u00f6rgy: Az inszomnia kognit\u00edv viselked\u00e9ster\u00e1pi\u00e1ja Prof. Dr. Perczel-Forintos D\u00f3ra: &hellip;<\/p>\n","protected":false},"author":336,"featured_media":0,"parent":91,"menu_order":3,"comment_status":"closed","ping_status":"closed","template":"","meta":{"_acf_changed":false,"footnotes":""},"categories":[],"tags":[],"class_list":["post-203","page","type-page","status-publish","hentry"],"acf":[],"_links":{"self":[{"href":"https:\/\/semmelweis.hu\/klinikai-pszichologia\/wp-json\/wp\/v2\/pages\/203","targetHints":{"allow":["GET"]}}],"collection":[{"href":"https:\/\/semmelweis.hu\/klinikai-pszichologia\/wp-json\/wp\/v2\/pages"}],"about":[{"href":"https:\/\/semmelweis.hu\/klinikai-pszichologia\/wp-json\/wp\/v2\/types\/page"}],"author":[{"embeddable":true,"href":"https:\/\/semmelweis.hu\/klinikai-pszichologia\/wp-json\/wp\/v2\/users\/336"}],"replies":[{"embeddable":true,"href":"https:\/\/semmelweis.hu\/klinikai-pszichologia\/wp-json\/wp\/v2\/comments?post=203"}],"version-history":[{"count":11,"href":"https:\/\/semmelweis.hu\/klinikai-pszichologia\/wp-json\/wp\/v2\/pages\/203\/revisions"}],"predecessor-version":[{"id":6410,"href":"https:\/\/semmelweis.hu\/klinikai-pszichologia\/wp-json\/wp\/v2\/pages\/203\/revisions\/6410"}],"up":[{"embeddable":true,"href":"https:\/\/semmelweis.hu\/klinikai-pszichologia\/wp-json\/wp\/v2\/pages\/91"}],"wp:attachment":[{"href":"https:\/\/semmelweis.hu\/klinikai-pszichologia\/wp-json\/wp\/v2\/media?parent=203"}],"wp:term":[{"taxonomy":"category","embeddable":true,"href":"https:\/\/semmelweis.hu\/klinikai-pszichologia\/wp-json\/wp\/v2\/categories?post=203"},{"taxonomy":"post_tag","embeddable":true,"href":"https:\/\/semmelweis.hu\/klinikai-pszichologia\/wp-json\/wp\/v2\/tags?post=203"}],"curies":[{"name":"wp","href":"https:\/\/api.w.org\/{rel}","templated":true}]}}