{"id":1940,"date":"2016-02-03T14:16:51","date_gmt":"2016-02-03T13:16:51","guid":{"rendered":"http:\/\/semmelweis.hu\/klinikai-pszichologia\/?page_id=1940"},"modified":"2024-11-13T11:53:32","modified_gmt":"2024-11-13T10:53:32","slug":"fellegine-takacs-anna","status":"publish","type":"page","link":"https:\/\/semmelweis.hu\/klinikai-pszichologia\/altalanos-informaciok\/munkatarsaink\/fellegine-takacs-anna\/","title":{"rendered":"Dr. Fellegin\u00e9 Tak\u00e1cs Anna klinikai szakpszichol\u00f3gus, pszichoterapeuta"},"content":{"rendered":"<p><strong>Beoszt\u00e1s<\/strong>: klinikai szakpszichol\u00f3gus, pszichoterapeuta<br \/>\n<strong>E-mail<\/strong>: fellegine.takacs.anna@semmelweis.hu<br \/>\n<strong>Telefon<\/strong>: +36-1-459-14-93<br \/>\n<strong>Szakter\u00fclet<\/strong>: feln\u0151tt klinikai szakpszichol\u00f3gia, pszichoter\u00e1pia<\/p>\n<p>Klinikai szakpszichol\u00f3gus, pszichoterapeuta, kognit\u00edv viselked\u00e9ster\u00e1pi\u00e1s m\u00f3dszerspecifikus k\u00e9pzetts\u00e9ggel.<\/p>\n<p>Az ut\u00f3bbi 20 \u00e9vben ambul\u00e1ns pszichoter\u00e1pi\u00e1s munk\u00e1t v\u00e9gzett az eg\u00e9szs\u00e9g\u00fcgyi alapell\u00e1t\u00e1s ter\u00fclet\u00e9n.<\/p>\n<p>Gy\u00f3gy\u00edt\u00f3 munk\u00e1j\u00e1t oktat\u00f3i tev\u00e9kenys\u00e9gek eg\u00e9sz\u00edtik ki a pedag\u00f3gus szakvizsg\u00e1s k\u00e9pz\u00e9sben, valamint a pedag\u00f3giai szakpszichol\u00f3gus k\u00e9pz\u00e9sben.<\/p>\n<p>2016 m\u00e1rciusa \u00f3ta f\u0151\u00e1ll\u00e1s\u00fa munkat\u00e1rsa a Klinikai Pszichol\u00f3gia Tansz\u00e9knek.<\/p>\n<p><strong>Tanulm\u00e1nyok\/k\u00e9pzetts\u00e9gek<\/strong>:<\/p>\n<p>2002 E\u00dc Fels\u0151fok\u00fa Szakir\u00e1ny\u00fa Szakk\u00e9pz\u00e9si \u00e9s Tov\u00e1bbk\u00e9pz\u00e9si Bizotts\u00e1g: Szakpszichoterapeuta<\/p>\n<p>1999 \u2013 2002 Semmelweis Egyetem, Pszichi\u00e1triai \u00e9s Pszichoter\u00e1pi\u00e1s Klinika \u00e9s Magyar Viselked\u00e9stanulm\u00e1nyi \u00e9s Kognit\u00edv Ter\u00e1pi\u00e1s Egyes\u00fclet pszichoterapeuta szakk\u00e9pz\u00e9s v\u00e9gzetts\u00e9g: Kognit\u00edv- viselked\u00e9sterapeuta<\/p>\n<p>1997 \u2013 1999 HIETE Orvostov\u00e1bbk\u00e9pz\u0151 Kar: \u00a0Klinikai szakpszichol\u00f3gus \u00e9s ment\u00e1lhigi\u00e9n\u00e9s szakember<\/p>\n<p>1990 \u2013 1993 Magyar Hipn\u00f3zis Egyes\u00fclet \u2013 Hipnoterapeuta<\/p>\n<p>1982 \u2013 1987 Kossuth Lajos Tudom\u00e1nyegyetem, Pszichol\u00f3gia \u00e9s Pszichol\u00f3gia szakos k\u00f6z\u00e9piskolai tan\u00e1r\u00a0<\/p>\n<p><strong>Oktat\u00f3i tev\u00e9kenys\u00e9g:<\/strong><\/p>\n<p>2015-t\u0151l Szegedi Tudom\u00e1nyegyetem \u2013 Pedag\u00f3giai szakpszichol\u00f3gus k\u00e9pz\u00e9s (Viselked\u00e9ster\u00e1pi\u00e1s eszk\u00f6z\u00f6k alkalmaz\u00e1sa az \u00f3voda- \u00e9s iskolapszichol\u00f3gusi munk\u00e1ban)<\/p>\n<p>2007 \u2013 2012 Miskolci Egyetem Gazdas\u00e1gtudom\u00e1nyi Kar \u2013 BSC nappali, levelez\u0151, posztgradu\u00e1lis k\u00e9pz\u00e9sben &#8211; \u00f3raad\u00f3 tan\u00e1r (Kommunik\u00e1ci\u00f3, Szem\u00e9lyis\u00e9gfejleszt\u00e9s, T\u00e1rgyal\u00e1stechnik\u00e1k)<\/p>\n<p>1997-t\u0151l Holland \u2013 Magyar K\u00f6zoktat\u00e1si Vezet\u0151k\u00e9pz\u0151 Int\u00e9zet \u2013 pedag\u00f3gus szakvizsg\u00e1s k\u00e9pz\u00e9sekben oktat\u00f3, tr\u00e9ner (Pedag\u00f3giai pszichol\u00f3gia, Szoci\u00e1lpszichol\u00f3gia, Tanul\u00e1selm\u00e9let, Tanul\u00e1smenedzsment, Stressz-stresszkezel\u00e9s, Kommunik\u00e1ci\u00f3s-, konfliktuskezel\u00e9si-, agresszi\u00f3kezel\u00e9si tr\u00e9ning)<\/p>\n<p><strong>Publik\u00e1ci\u00f3k<\/strong>:<\/p>\n<p>Fellegin\u00e9 Tak\u00e1cs Anna: Depresszi\u00f3, t\u00e1pl\u00e1lkoz\u00e1si zavarok gyermek \u00e9s ifj\u00fakorban. In: N. Koll\u00e1r Katalin, Szab\u00f3 \u00c9va (szerk.): Pszichol\u00f3giai k\u00e9zik\u00f6nyv pedag\u00f3gusoknak. Osiris Kiad\u00f3, Budapest megjelen\u00e9s alatt<\/p>\n<p>Fellegin\u00e9 Tak\u00e1cs Anna: Probl\u00e9m\u00e1s tanul\u00f3k, okok \u00e9s megold\u00e1si javaslatok. In: N. Koll\u00e1r Katalin, Szab\u00f3 \u00c9va (szerk.): Pszichol\u00f3gia pedag\u00f3gusoknak. Osiris Kiad\u00f3, Budapest 2004.<\/p>\n<p>Fellegin\u00e9 Tak\u00e1cs Anna: Pedag\u00f3giai pszichol\u00f3gia. Jegyzet, OKI-K\u00d6VI, Szeged, 2000.<\/p>\n<p>&nbsp;<\/p>\n","protected":false},"excerpt":{"rendered":"<p>Beoszt\u00e1s: klinikai szakpszichol\u00f3gus, pszichoterapeuta E-mail: fellegine.takacs.anna@semmelweis.hu Telefon: +36-1-459-14-93 Szakter\u00fclet: feln\u0151tt klinikai szakpszichol\u00f3gia, pszichoter\u00e1pia Klinikai szakpszichol\u00f3gus, pszichoterapeuta, kognit\u00edv viselked\u00e9ster\u00e1pi\u00e1s m\u00f3dszerspecifikus k\u00e9pzetts\u00e9ggel. Az ut\u00f3bbi 20 \u00e9vben ambul\u00e1ns pszichoter\u00e1pi\u00e1s munk\u00e1t v\u00e9gzett az eg\u00e9szs\u00e9g\u00fcgyi alapell\u00e1t\u00e1s ter\u00fclet\u00e9n. Gy\u00f3gy\u00edt\u00f3 munk\u00e1j\u00e1t oktat\u00f3i tev\u00e9kenys\u00e9gek eg\u00e9sz\u00edtik ki a pedag\u00f3gus szakvizsg\u00e1s k\u00e9pz\u00e9sben, valamint a pedag\u00f3giai szakpszichol\u00f3gus k\u00e9pz\u00e9sben. 2016 m\u00e1rciusa \u00f3ta f\u0151\u00e1ll\u00e1s\u00fa munkat\u00e1rsa a Klinikai Pszichol\u00f3gia &hellip;<\/p>\n","protected":false},"author":336,"featured_media":0,"parent":33,"menu_order":1,"comment_status":"closed","ping_status":"closed","template":"","meta":{"_acf_changed":false,"footnotes":""},"categories":[],"tags":[],"class_list":["post-1940","page","type-page","status-publish","hentry"],"acf":[],"_links":{"self":[{"href":"https:\/\/semmelweis.hu\/klinikai-pszichologia\/wp-json\/wp\/v2\/pages\/1940","targetHints":{"allow":["GET"]}}],"collection":[{"href":"https:\/\/semmelweis.hu\/klinikai-pszichologia\/wp-json\/wp\/v2\/pages"}],"about":[{"href":"https:\/\/semmelweis.hu\/klinikai-pszichologia\/wp-json\/wp\/v2\/types\/page"}],"author":[{"embeddable":true,"href":"https:\/\/semmelweis.hu\/klinikai-pszichologia\/wp-json\/wp\/v2\/users\/336"}],"replies":[{"embeddable":true,"href":"https:\/\/semmelweis.hu\/klinikai-pszichologia\/wp-json\/wp\/v2\/comments?post=1940"}],"version-history":[{"count":9,"href":"https:\/\/semmelweis.hu\/klinikai-pszichologia\/wp-json\/wp\/v2\/pages\/1940\/revisions"}],"predecessor-version":[{"id":7247,"href":"https:\/\/semmelweis.hu\/klinikai-pszichologia\/wp-json\/wp\/v2\/pages\/1940\/revisions\/7247"}],"up":[{"embeddable":true,"href":"https:\/\/semmelweis.hu\/klinikai-pszichologia\/wp-json\/wp\/v2\/pages\/33"}],"wp:attachment":[{"href":"https:\/\/semmelweis.hu\/klinikai-pszichologia\/wp-json\/wp\/v2\/media?parent=1940"}],"wp:term":[{"taxonomy":"category","embeddable":true,"href":"https:\/\/semmelweis.hu\/klinikai-pszichologia\/wp-json\/wp\/v2\/categories?post=1940"},{"taxonomy":"post_tag","embeddable":true,"href":"https:\/\/semmelweis.hu\/klinikai-pszichologia\/wp-json\/wp\/v2\/tags?post=1940"}],"curies":[{"name":"wp","href":"https:\/\/api.w.org\/{rel}","templated":true}]}}