{"id":122,"date":"2012-06-06T09:20:50","date_gmt":"2012-06-06T09:20:50","guid":{"rendered":"http:\/\/semmelweis-egyetem.hu\/klinikai-pszichologia\/?page_id=122"},"modified":"2025-02-28T09:38:08","modified_gmt":"2025-02-28T08:38:08","slug":"raepitett-szakkepzesek","status":"publish","type":"page","link":"https:\/\/semmelweis.hu\/klinikai-pszichologia\/raepitett-szakkepzesek\/","title":{"rendered":"R\u00e1\u00e9p\u00edtett szakk\u00e9pz\u00e9sek"},"content":{"rendered":"<div class=\"responsive-tabs\">\n<h2 class=\"tabtitle\">Klinikai addiktol\u00f3giai<br \/>\nszakpszichol\u00f3gus<\/h2>\n<div class=\"tabcontent\">\n\n<h2 class=\"entry-title text-uppercase\">KLINIKAI ADDIKTOL\u00d3GIAI SZAKPSZICHOL\u00d3GUS szakK\u00c9PZ\u00c9S<\/h2>\n<p>A k\u00e9pz\u00e9si szak felel\u0151se: Dr. Hoyer M\u00e1ria<br \/>\nA k\u00e9pz\u00e9s form\u00e1ja: Folyamatos munkav\u00e9gz\u00e9s melletti k\u00e9pz\u00e9s<br \/>\nK\u00e9pz\u00e9si id\u0151: 2 tan\u00e9v (4 szemeszter)<br \/>\nA k\u00e9pz\u00e9sben val\u00f3 r\u00e9szv\u00e9tel el\u0151felt\u00e9tele:<br \/>\n\u2013 Klinikai szakpszichol\u00f3gusi diploma vagy klinikai \u00e9s ment\u00e1lhigi\u00e9n\u00e9s szakpszichol\u00f3gusi diploma<br \/>\n\u2013 Szakmai \u00f6n\u00e9letrajz<br \/>\n\u2013 Munk\u00e1ltat\u00f3i hozz\u00e1j\u00e1rul\u00e1s<br \/>\n\u2013 M\u0171k\u00f6d\u00e9si nyilv\u00e1ntart\u00e1s sz\u00e1ma<br \/>\n\u2013 Sikeres felv\u00e9teli besz\u00e9lget\u00e9s<\/p>\n<p>A K\u00c9PZ\u00c9S SZERKEZETE:<\/p>\n<p>I. F\u00e9l\u00e9v<br \/>\nAddiktol\u00f3gia I.<br \/>\nAddiktol\u00f3gia II.<br \/>\nNeurobiol\u00f3giai megk\u00f6zel\u00edt\u00e9sek<br \/>\nTerepgyakorlat<\/p>\n<p>II. F\u00e9l\u00e9v<br \/>\nSzem\u00e9lyis\u00e9gl\u00e9lektani megk\u00f6zel\u00edt\u00e9sek<br \/>\nFejl\u0151d\u00e9sl\u00e9lektani megk\u00f6zel\u00edt\u00e9sek<br \/>\nAntropol\u00f3giai megk\u00f6zel\u00edt\u00e9sek<br \/>\nDrogkutat\u00e1sok<br \/>\nTerepgyakorlat<\/p>\n<p>III. F\u00e9l\u00e9v<br \/>\nPszichodiagnosztika az addiktol\u00f3gia ter\u00fclet\u00e9n<br \/>\nPszichoter\u00e1pia az addiktol\u00f3gia ter\u00fclet\u00e9n<br \/>\nKonzult\u00e1ci\u00f3 elm\u00e9lete \u00e9s gyakorlata<br \/>\nEgy\u00e9ni\/csoportos szuperv\u00edzi\u00f3<br \/>\nSaj\u00e1t munka (k\u00e9t eset vezet\u00e9se)<\/p>\n<p>IV. F\u00e9l\u00e9v<br \/>\nPrevenci\u00f3 elm\u00e9lete \u00e9s gyakorlata<br \/>\nRehabilit\u00e1ci\u00f3 elm\u00e9lete \u00e9s gyakorlata<br \/>\nCsal\u00e1dter\u00e1pia az addiktol\u00f3gia ter\u00fclet\u00e9n<br \/>\nJogi ismeretek az addiktol\u00f3gia ter\u00fclet\u00e9n<br \/>\nEgy\u00e9ni\/csoportos szuperv\u00edzi\u00f3<br \/>\nZ\u00e1r\u00f3tanulm\u00e1ny<br \/>\nZ\u00e1r\u00f3vizsga<\/p>\n\n<\/div><h2 class=\"tabtitle\">Pszichoterapeuta<br \/>\nszakk\u00e9pz\u00e9s<\/h2>\n<div class=\"tabcontent\">\n\n<h2 class=\"entry-title text-uppercase\">PSZICHOTERAPEUTA SZAKK\u00c9PZ\u00c9S<\/h2>\n<p align=\"center\"><strong>Magyar Viselked\u00e9stanulm\u00e1nyi \u00e9s Kognit\u00edv Ter\u00e1pi\u00e1s Egyes\u00fclet Pszichoterapeuta szakvizsg\u00e1ra felk\u00e9sz\u00edt\u0151 kognit\u00edv viselked\u00e9ster\u00e1pi\u00e1s szakk\u00e9pz\u00e9se<\/strong><\/p>\n<p align=\"center\">B\u0151vebb inform\u00e1ci\u00f3:\u00a0<a href=\"http:\/\/vikote.hu\/\" target=\"_blank\" rel=\"noopener noreferrer\">www.vikote.hu<\/a><\/p>\n<p style=\"text-align: left\" align=\"center\"><\/div><\/div><\/p>\n","protected":false},"excerpt":{"rendered":"<p>KLINIKAI ADDIKTOL\u00d3GIAI SZAKPSZICHOL\u00d3GUS szakK\u00c9PZ\u00c9S A k\u00e9pz\u00e9si szak felel\u0151se: Dr. Hoyer M\u00e1ria A k\u00e9pz\u00e9s form\u00e1ja: Folyamatos munkav\u00e9gz\u00e9s melletti k\u00e9pz\u00e9s K\u00e9pz\u00e9si id\u0151: 2 tan\u00e9v (4 szemeszter) A k\u00e9pz\u00e9sben val\u00f3 r\u00e9szv\u00e9tel el\u0151felt\u00e9tele: \u2013 Klinikai szakpszichol\u00f3gusi diploma vagy klinikai \u00e9s ment\u00e1lhigi\u00e9n\u00e9s szakpszichol\u00f3gusi diploma \u2013 Szakmai \u00f6n\u00e9letrajz \u2013 Munk\u00e1ltat\u00f3i hozz\u00e1j\u00e1rul\u00e1s \u2013 M\u0171k\u00f6d\u00e9si nyilv\u00e1ntart\u00e1s sz\u00e1ma \u2013 Sikeres felv\u00e9teli besz\u00e9lget\u00e9s A K\u00c9PZ\u00c9S &hellip;<\/p>\n","protected":false},"author":336,"featured_media":0,"parent":0,"menu_order":3,"comment_status":"open","ping_status":"open","template":"","meta":{"_acf_changed":false,"footnotes":""},"categories":[],"tags":[],"class_list":["post-122","page","type-page","status-publish","hentry"],"acf":[],"_links":{"self":[{"href":"https:\/\/semmelweis.hu\/klinikai-pszichologia\/wp-json\/wp\/v2\/pages\/122","targetHints":{"allow":["GET"]}}],"collection":[{"href":"https:\/\/semmelweis.hu\/klinikai-pszichologia\/wp-json\/wp\/v2\/pages"}],"about":[{"href":"https:\/\/semmelweis.hu\/klinikai-pszichologia\/wp-json\/wp\/v2\/types\/page"}],"author":[{"embeddable":true,"href":"https:\/\/semmelweis.hu\/klinikai-pszichologia\/wp-json\/wp\/v2\/users\/336"}],"replies":[{"embeddable":true,"href":"https:\/\/semmelweis.hu\/klinikai-pszichologia\/wp-json\/wp\/v2\/comments?post=122"}],"version-history":[{"count":7,"href":"https:\/\/semmelweis.hu\/klinikai-pszichologia\/wp-json\/wp\/v2\/pages\/122\/revisions"}],"predecessor-version":[{"id":4776,"href":"https:\/\/semmelweis.hu\/klinikai-pszichologia\/wp-json\/wp\/v2\/pages\/122\/revisions\/4776"}],"wp:attachment":[{"href":"https:\/\/semmelweis.hu\/klinikai-pszichologia\/wp-json\/wp\/v2\/media?parent=122"}],"wp:term":[{"taxonomy":"category","embeddable":true,"href":"https:\/\/semmelweis.hu\/klinikai-pszichologia\/wp-json\/wp\/v2\/categories?post=122"},{"taxonomy":"post_tag","embeddable":true,"href":"https:\/\/semmelweis.hu\/klinikai-pszichologia\/wp-json\/wp\/v2\/tags?post=122"}],"curies":[{"name":"wp","href":"https:\/\/api.w.org\/{rel}","templated":true}]}}