{"id":820,"date":"2017-01-27T00:00:00","date_gmt":"2017-01-26T23:00:00","guid":{"rendered":"http:\/\/semmelweis.hu\/humanelettan\/oktatasi-adminisztracio\/"},"modified":"2024-02-06T12:33:46","modified_gmt":"2024-02-06T11:33:46","slug":"oktatasi-adminisztracio","status":"publish","type":"page","link":"https:\/\/semmelweis.hu\/klinikai-korelettan\/oktatas\/oktatasi-adminisztracio\/","title":{"rendered":"Oktat\u00e1si adminisztr\u00e1ci\u00f3"},"content":{"rendered":"<h3>Oktat\u00e1ssal kapcsolatos \u00fcgyekben t\u00e1j\u00e9koztat\u00e1st adnak:<\/h3>\n<div class=\"keretes w-100\">\n<p><a href=\"https:\/\/semmelweis.hu\/telefonkonyv\/?emp_id=17499\">Polg\u00e1r B\u00e1lint D\u00e1niel<\/a> &#8211; kiemelt oktat\u00e1sszervez\u00e9si szak\u00e9rt\u0151<\/p>\n<p><a href=\"https:\/\/semmelweis.hu\/telefonkonyv\/?emp_id=20233\">Nemes Timea<\/a> &#8211; oktat\u00e1si munkat\u00e1rs<\/p>\n<\/div>\n<h6><strong>Tanulm\u00e1nyi- \u00e9s kurzusfelel\u0151s\u00f6k:<\/strong><\/h6>\n<div class=\"keretes w-100\">\n<p>Transzl\u00e1ci\u00f3s medicina \u00e9s k\u00f3r\u00e9lettan I. (AOKTLM740_1M)<\/p>\n<p>Transzl\u00e1ci\u00f3s medicina \u00e9s k\u00f3r\u00e9lettan II. (AOKTLM740_2M)<\/p>\n<p><a href=\"https:\/\/semmelweis.hu\/telefonkonyv\/?emp_id=670\">Dr. Ivanics Tam\u00e1s<\/a><\/p>\n<\/div>\n<div class=\"keretes w-100\">\n<p>Transzl\u00e1ci\u00f3s medicina \u00e9s k\u00f3r\u00e9lettan I. (AOKTLM740_1A)<\/p>\n<p>Transzl\u00e1ci\u00f3s medicina \u00e9s k\u00f3r\u00e9lettan II. (AOKTLM740_2A)<\/p>\n<p><a href=\"https:\/\/semmelweis.hu\/telefonkonyv\/?emp_id=160\">Dr. M\u00f3zes Mikl\u00f3s<\/a><\/p>\n<\/div>\n<div class=\"keretes w-100\">\n<p>Transzl\u00e1ci\u00f3s medicina \u00e9s k\u00f3r\u00e9lettan I. (AOKTLM740_1N)<\/p>\n<p>Transzl\u00e1ci\u00f3s medicina \u00e9s k\u00f3r\u00e9lettan II. (AOKTLM740_2N)<\/p>\n<p><a href=\"https:\/\/semmelweis.hu\/telefonkonyv\/?emp_id=13974\">\u00a0Dr. Andr\u00e1sfalvy \u00c1gnes<\/a><\/p>\n<\/div>\n<div class=\"keretes w-100\">\n<p>EKG a klinikumban (AOKKAR680_1M, AOKKAR680_1A, AOKKAR680_1N)<\/p>\n<p>t\u00f6bb tansz\u00e9k \u00e1ltal oktatott t\u00e1rgy:<\/p>\n<p>&#8211; <a href=\"https:\/\/semmelweis.hu\/telefonkonyv\/?inst_id=416\">Kardiol\u00f3giai Tansz\u00e9k<\/a> &#8211; Cardiovascularis Centrum<\/p>\n<p>&#8211; Transzl\u00e1ci\u00f3s Medicina Int\u00e9zet<\/p>\n<p><a href=\"https:\/\/semmelweis.hu\/telefonkonyv\/?emp_id=41\">Dr. Torn\u00f3ci L\u00e1szl\u00f3<\/a><\/p>\n<\/div>\n<div class=\"keretes w-100\">\n<p>\u00c9lettan I. (GYKTLM124E1M)<\/p>\n<p>\u00c9lettan II. (GYKTLM124E2M)<\/p>\n<p>\u00c9lettan (gyakorlat) I. (GYKTLM124G1M)<\/p>\n<p>\u00c9lettan (gyakorlat) II. (GYKTLM124G2M)<\/p>\n<p>\u00c9lettan I. (GYKTLM275E1M)<\/p>\n<p>\u00c9lettan II. (GYKTLM275E2M)<\/p>\n<p>\u00c9lettan (elm\u00e9let) I. (GYKTLM124E1A)<\/p>\n<p>\u00c9lettan (elm\u00e9let) II. (GYKTLM124E2A)<\/p>\n<p>\u00c9lettan (gyakorlat) I. (GYKTLM124G1A)<\/p>\n<p>\u00c9lettan (gyakorlat) II. (GYKTLM124G2A)<\/p>\n<p>\u00c9lettan I. (GYKTLM275E1A)<\/p>\n<p>\u00c9lettan II. (GYKTLM275E2A)<\/p>\n<p><a href=\"https:\/\/semmelweis.hu\/telefonkonyv\/?emp_id=11367\">Dr. Monori-Kiss Anna<\/a><\/p>\n<\/div>\n<div class=\"keretes w-100\">\n<p>\u00c9lettan (elm\u00e9let) I. (GYKTLM124E1N)<\/p>\n<p>\u00c9lettan (elm\u00e9let) II. (GYKTLM124E2N)<\/p>\n<p>\u00c9lettan (gyakorlat) I. (GYKTLM124G1N)<\/p>\n<p>\u00c9lettan (gyakorlat) II. (GYKTLM124G2N)<\/p>\n<p>\u00c9lettan I. (GYKTLM275E1N)<\/p>\n<p>\u00c9lettan II. (GYKTLM275E2N)<\/p>\n<p><a href=\"https:\/\/semmelweis.hu\/telefonkonyv\/?emp_id=11420\">Dr. Zsembery \u00c1kos<\/a><\/p>\n<\/div>\n<div class=\"keretes w-100\">\n<p>Klinikai vizsg\u00e1latok m\u00f3dszertana I.\u00a0 &#8211; Megfigyel\u00e9ses vizsg\u00e1latok (AOVTLM967_1M)<\/p>\n<p>Klinikai vizsg\u00e1latok m\u00f3dszertana I.\u00a0 &#8211; Megfigyel\u00e9ses vizsg\u00e1latok (AOVTLM967_1A)<\/p>\n<p>Klinikai vizsg\u00e1latok m\u00f3dszertana II. &#8211; K\u00eds\u00e9rletes vizsg\u00e1latok (AOVTLM967_2M)<\/p>\n<p>Klinikai vizsg\u00e1latok m\u00f3dszertana II. &#8211; K\u00eds\u00e9rletes vizsg\u00e1latok (AOVTLM967_2A)<\/p>\n<p><a href=\"https:\/\/semmelweis.hu\/telefonkonyv\/?inst_id=15\">Dr. Mikl\u00f3s Zsuzsanna<\/a><\/p>\n<\/div>\n<div class=\"keretes w-100\">\n<p>Kardiorespiratorikus \u00e9s neurofiziol\u00f3giai m\u00e9r\u00e9si technik\u00e1k (AOSTLM770_1M)<\/p>\n<p>Kardiorespiratorikus \u00e9s neurofiziol\u00f3giai m\u00e9r\u00e9si technik\u00e1k (AOSTLM770_1A)<\/p>\n<p>Kardiorespiratorikus \u00e9s neurofiziol\u00f3giai m\u00e9r\u00e9si technik\u00e1k (II. Laborat\u00f3riumi gyakorlatok), (AOSTLM770_2M)<\/p>\n<p>Kardiorespiratorikus \u00e9s neurofiziol\u00f3giai m\u00e9r\u00e9si technik\u00e1k (II. Laborat\u00f3riumi gyakorlatok), (AOSTLM770_2A)<\/p>\n<p><a href=\"https:\/\/semmelweis.hu\/telefonkonyv\/?emp_id=12791\">Dr. D\u00e9zsi L\u00e1szl\u00f3<\/a><\/p>\n<\/div>\n<div class=\"keretes w-100\">\n<p>Klinikai cardiovascul\u00e1ris fiziol\u00f3gia (AOVTLM965_1M)<\/p>\n<p>Klinikai cardiovascul\u00e1ris fiziol\u00f3gia (AOVTLM965_1A)<\/p>\n<p><a href=\"https:\/\/semmelweis.hu\/telefonkonyv\/?emp_id=11367\">Dr. Monori-Kiss Anna<\/a><\/p>\n<\/div>\n<div class=\"keretes w-100\">\n<p>A l\u00e9gz\u00e9s \u00e9s a l\u00e9gz\u0151szervi megbeteged\u00e9sek klinikai \u00e9lettani alapjai (AOVTLM955_1M)<\/p>\n<p>A l\u00e9gz\u00e9s \u00e9s a l\u00e9gz\u0151szervi megbeteged\u00e9sek klinikai \u00e9lettani alapjai (AOVTLM955_1A)<\/p>\n<p><span style=\"color: #3366ff\"><span style=\"color: #000080\">Dr. Horv\u00e1th Ildik\u00f3<\/span> (<\/span><a href=\"mailto:ildiko.horvath@koranyi.hu\"><strong>ildiko.horvath@koranyi.hu)<\/strong><\/a><\/p>\n<\/div>\n<div class=\"keretes w-100\">\n<p>A jelnyelvi kommunik\u00e1ci\u00f3 I. (AOVTLM827_1M)<\/p>\n<p>A jelnyelvi kommunik\u00e1ci\u00f3 II. (AOVTLM827_2M)<\/p>\n<p>Tudom\u00e1ny \u00e9s M\u0171v\u00e9szet K\u00f3r\u00e9lettana XIV (AOVTLM826_14M)<\/p>\n<p>Tudom\u00e1ny \u00e9s M\u0171v\u00e9szet K\u00f3r\u00e9lettana XV (AOVTLM826_15M)<\/p>\n<p>Tudom\u00e1ny \u00e9s M\u0171v\u00e9szet K\u00f3r\u00e9lettana XVII (AOVTLM826_17M)<\/p>\n<p><a href=\"https:\/\/semmelweis.hu\/telefonkonyv\/?emp_id=157\">Prof. Dr. Rosivall L\u00e1szl\u00f3<\/a><\/p>\n<p>A l\u00e9gz\u0151szervi megbeteged\u00e9sek transzl\u00e1ci\u00f3s klinikai aspektusai\u00a0 (AOVTLM1057_1M)<\/p>\n<p>A l\u00e9gz\u0151szervi megbeteged\u00e9sek transzl\u00e1ci\u00f3s klinikai aspektusai\u00a0(AOVTLM1057_1A)<\/p>\n<p><span style=\"color: #000080\">Dr. Lohinai Zolt\u00e1n<\/span> (<a href=\"mailto:lohinaiz@gmail.com\"><strong>lohinai<\/strong><strong>z@gmail.com<\/strong><\/a>)<\/p>\n<p>Nephrologia k\u00f3r\u00e9lettani alapjai\u00a0 AOVTLM1063_1M<\/p>\n<p>Nephrologia k\u00f3r\u00e9lettani alapjai\u00a0 AOVTLM1063_1A<\/p>\n<p><a href=\"https:\/\/semmelweis.hu\/telefonkonyv\/?emp_id=5934\">Dr. K\u00f6k\u00e9ny G\u00e1bor<\/a>\u00a0<\/p>\n<\/div>\n<p style=\"text-align: center\"><strong>Az oktat\u00e1ssal \u00e9s az oktatott tant\u00e1rgyakkal kapcsolatos inform\u00e1ci\u00f3k el\u00e9rhet\u0151k a \u00a0<\/strong><strong><a href=\"https:\/\/itc.semmelweis.hu\/moodle\">Moodle<\/a> \u00a0<\/strong><strong>e-learning rendszer\u00e9ben.<\/strong><\/p>\n","protected":false},"excerpt":{"rendered":"<p>Oktat\u00e1ssal kapcsolatos \u00fcgyekben t\u00e1j\u00e9koztat\u00e1st adnak: <a href=\"https:\/\/semmelweis.hu\/telefonkonyv\/?emp_id=17499\">Polg\u00e1r B\u00e1lint D\u00e1niel<\/a> &#8211; kiemelt oktat\u00e1sszervez\u00e9si szak\u00e9rt\u0151 <a href=\"https:\/\/semmelweis.hu\/telefonkonyv\/?emp_id=20233\">Nemes Timea<\/a> &#8211; oktat\u00e1si munkat\u00e1rs Tanulm\u00e1nyi- \u00e9s kurzusfelel\u0151s\u00f6k: Transzl\u00e1ci\u00f3s medicina \u00e9s k\u00f3r\u00e9lettan I. (AOKTLM740_1M) Transzl\u00e1ci\u00f3s medicina \u00e9s k\u00f3r\u00e9lettan II. (AOKTLM740_2M) <a href=\"https:\/\/semmelweis.hu\/telefonkonyv\/?emp_id=670\">Dr. Ivanics Tam\u00e1s<\/a> Transzl\u00e1ci\u00f3s medicina \u00e9s k\u00f3r\u00e9lettan I. (AOKTLM740_1A) Transzl\u00e1ci\u00f3s medicina \u00e9s k\u00f3r\u00e9lettan II. (AOKTLM740_2A) <a href=\"https:\/\/semmelweis.hu\/telefonkonyv\/?emp_id=160\">Dr. M\u00f3zes Mikl\u00f3s<\/a> Transzl\u00e1ci\u00f3s medicina \u00e9s k\u00f3r\u00e9lettan I. (AOKTLM740_1N) Transzl\u00e1ci\u00f3s medicina \u00e9s k\u00f3r\u00e9lettan II. (AOKTLM740_2N) <a href=\"https:\/\/semmelweis.hu\/telefonkonyv\/?emp_id=13974\">\u00a0Dr. Andr\u00e1sfalvy \u00c1gnes<\/a> EKG a klinikumban (AOKKAR680_1M, &hellip;<\/p>\n","protected":false},"author":158,"featured_media":0,"parent":808,"menu_order":2,"comment_status":"closed","ping_status":"closed","template":"","meta":{"_acf_changed":false,"footnotes":""},"categories":[],"tags":[],"class_list":["post-820","page","type-page","status-publish","hentry"],"acf":[],"_links":{"self":[{"href":"https:\/\/semmelweis.hu\/klinikai-korelettan\/wp-json\/wp\/v2\/pages\/820","targetHints":{"allow":["GET"]}}],"collection":[{"href":"https:\/\/semmelweis.hu\/klinikai-korelettan\/wp-json\/wp\/v2\/pages"}],"about":[{"href":"https:\/\/semmelweis.hu\/klinikai-korelettan\/wp-json\/wp\/v2\/types\/page"}],"author":[{"embeddable":true,"href":"https:\/\/semmelweis.hu\/klinikai-korelettan\/wp-json\/wp\/v2\/users\/158"}],"replies":[{"embeddable":true,"href":"https:\/\/semmelweis.hu\/klinikai-korelettan\/wp-json\/wp\/v2\/comments?post=820"}],"version-history":[{"count":12,"href":"https:\/\/semmelweis.hu\/klinikai-korelettan\/wp-json\/wp\/v2\/pages\/820\/revisions"}],"predecessor-version":[{"id":3343,"href":"https:\/\/semmelweis.hu\/klinikai-korelettan\/wp-json\/wp\/v2\/pages\/820\/revisions\/3343"}],"up":[{"embeddable":true,"href":"https:\/\/semmelweis.hu\/klinikai-korelettan\/wp-json\/wp\/v2\/pages\/808"}],"wp:attachment":[{"href":"https:\/\/semmelweis.hu\/klinikai-korelettan\/wp-json\/wp\/v2\/media?parent=820"}],"wp:term":[{"taxonomy":"category","embeddable":true,"href":"https:\/\/semmelweis.hu\/klinikai-korelettan\/wp-json\/wp\/v2\/categories?post=820"},{"taxonomy":"post_tag","embeddable":true,"href":"https:\/\/semmelweis.hu\/klinikai-korelettan\/wp-json\/wp\/v2\/tags?post=820"}],"curies":[{"name":"wp","href":"https:\/\/api.w.org\/{rel}","templated":true}]}}