{"id":808,"date":"2017-01-27T00:00:00","date_gmt":"2017-01-26T23:00:00","guid":{"rendered":"http:\/\/semmelweis.hu\/humanelettan\/oktatas\/"},"modified":"2023-05-18T15:10:08","modified_gmt":"2023-05-18T13:10:08","slug":"oktatas","status":"publish","type":"page","link":"https:\/\/semmelweis.hu\/klinikai-korelettan\/oktatas\/","title":{"rendered":"Oktat\u00e1s"},"content":{"rendered":"<h5>Transzl\u00e1ci\u00f3s Medicina \u2013 K\u00f3r\u00e9lettan<\/h5>\n<p style=\"text-align: justify\">A gradu\u00e1lis oktat\u00e1s keret\u00e9ben az Int\u00e9zet az \u00c1OK III. \u00e9ves hallgat\u00f3inak oktatja a <strong><em>\u201eTranszl\u00e1ci\u00f3s Medicina \u2013 K\u00f3r\u00e9lettan\u201d <\/em><\/strong>tant\u00e1rgyat <strong>magyar, <\/strong><strong>angol \u00e9s n\u00e9met nyelven<\/strong> mind elm\u00e9leti, mind gyakorlati oktat\u00e1s form\u00e1j\u00e1ban.<\/p>\n<p style=\"text-align: justify\">A <strong>tant\u00e1rgy<\/strong> c\u00e9lja az alapoz\u00f3 t\u00e1rgyak (els\u0151sorban az anat\u00f3mia, biok\u00e9mia \u00e9s \u00e9lettan) ismereteinek integr\u00e1l\u00e1s\u00e1n kereszt\u00fcl a szervezet eg\u00e9sz\u00e9nek m\u0171k\u00f6d\u00e9s\u00e9t \u00e9rint\u0151 gyakori k\u00f3r\u00e1llapotokban az etiol\u00f3gia, a funkci\u00f3zavarok kialakul\u00e1s\u00e1\u00e9rt felel\u0151s komplex mechanizmusok, valamint az azok elh\u00e1r\u00edt\u00e1s\u00e1ra aktiv\u00e1l\u00f3d\u00f3 szab\u00e1lyoz\u00e1si folyamatok meg\u00e9rtet\u00e9se.<\/p>\n<p style=\"text-align: justify\">Int\u00e9zet\u00fcnk gradu\u00e1lis oktat\u00e1s\u00e1nak fontos r\u00e9sz\u00e9t k\u00e9pezi a <strong>m\u00e1sod\u00e9ves gy\u00f3gyszer\u00e9szhallgat\u00f3k<\/strong> <strong>magyar, angol \u00e9s n\u00e9met nyelven t\u00f6rt\u00e9n\u0151 \u00e9lettan oktat\u00e1sa<\/strong> is elm\u00e9leti \u00e9s gyakorlati k\u00e9pz\u00e9s form\u00e1j\u00e1ban. Az \u00e9lettan oktat\u00e1s\u00e1ban \u2013 az integrat\u00edv szeml\u00e9letet k\u00f6vetve \u2013 kiemelt hangs\u00falyt kap az emberi szervezet eg\u00e9szs\u00e9g\u00e9nek meg\u0151rz\u00e9se szempontj\u00e1b\u00f3l l\u00e9nyeges komplex alkalmazkod\u00e1si folyamatok megismertet\u00e9se, valamint annak t\u00e1rgyal\u00e1sa, mik\u00e9nt reag\u00e1lnak a fiziol\u00f3gi\u00e1s szab\u00e1lyoz\u00e1si folyamatok a k\u00fcls\u0151 vagy bels\u0151 k\u00f6rnyezet v\u00e1ltoz\u00e1saira.<\/p>\n<p style=\"text-align: justify\">Az \u00e9lettan \u00e9s k\u00f3r\u00e9lettan tant\u00e1rgyakon alapul\u00f3, tov\u00e1bb vezet\u0151 elm\u00e9leti \u00e9s gyakorlati <strong>v\u00e1laszthat\u00f3 kurzusokat<\/strong> szervez\u00fcnk t\u00f6bb kar hallgat\u00f3i sz\u00e1m\u00e1ra.<\/p>\n<h5>Klinikai kardiovaszkul\u00e1ris fiziol\u00f3gia<\/h5>\n<p style=\"text-align: justify\">A <strong>\u201e<\/strong><strong>Klinikai kardiovaszkul\u00e1ris fiziol\u00f3gia<\/strong>\u201d k\u00f6telez\u0151en v\u00e1laszthat\u00f3 kurzus c\u00e9lja, hogy elm\u00e9ly\u00edtse a v\u00e9rkering\u00e9si rendszer m\u0171k\u00f6d\u00e9s\u00e9vel kapcsolatos alapismereteket, integr\u00e1lja a kardiovaszkul\u00e1ris rendszerre vonatkoz\u00f3 leg\u00fajabb tudom\u00e1nyos eredm\u00e9nyeket, ide\u00e9rtve a molekul\u00e1ris-fiziol\u00f3giai, a rendszer\u00e9lettani, illetve klinikai vonatkoz\u00e1sokat is.<\/p>\n<h5>Hum\u00e1n\u00e9lettan\u201d \u00e9s \u201eRendszer\u00e9lettani alapismeretek<\/h5>\n<p style=\"text-align: justify\">Ezen k\u00edv\u00fcl, ell\u00e1tjuk a <em><strong>\u201e<\/strong><\/em><strong>Hum\u00e1n\u00e9lettan\u201d \u00e9s <em>\u201e<\/em>Rendszer\u00e9lettani alapismeretek\u201d tant\u00e1rgyak<\/strong> elm\u00e9leti \u00e9s gyakorlati oktat\u00e1si feladatait a <strong>Budapesti M\u0171szaki \u00e9s Gazdas\u00e1gtudom\u00e1nyi Egyetem biom\u00e9rn\u00f6k \u00e9s eg\u00e9szs\u00e9g\u00fcgyi m\u00e9rn\u00f6k<\/strong> k\u00e9pz\u00e9si programj\u00e1ban is.<\/p>\n<h5>Tov\u00e1bbi oktat\u00e1si tev\u00e9kenys\u00e9geink<\/h5>\n<p style=\"text-align: justify\">1990 \u00f3ta az Int\u00e9zet jelent\u0151s szerepet v\u00e1llal a <strong>k\u00f3r\u00e9lettan<\/strong> oktat\u00e1s\u00e1ban a <strong>BME-ELTE-SE<\/strong> k\u00f6z\u00f6s <strong>biol\u00f3gus-m\u00e9rn\u00f6k k\u00e9pz\u00e9s\u00e9ben<\/strong> \u00e9s az <strong>ELTE szakbiol\u00f3gus k\u00e9pz\u00e9s\u00e9ben<\/strong>, illetve a <strong>BME- Semmelweis Egyetem<\/strong> k\u00f6z\u00f6s <strong>rehabilit\u00e1ci\u00f3s szakm\u00e9rn\u00f6k<\/strong> k\u00e9pz\u00e9s\u00e9ben.<\/p>\n<p style=\"text-align: justify\">Az Int\u00e9zet v\u00e9gzi az <strong>EKK eg\u00e9szs\u00e9g\u00fcgyi szervez\u0151 szak<\/strong> (B.Sc.) eg\u00e9szs\u00e9g\u00fcgyi \u00fcgyvitelszervez\u0151 szakir\u00e1ny k\u00e9pz\u00e9s keret\u00e9ben az <strong><em>\u201e\u00c9lettan-k\u00f3r\u00e9lettan\u201d<\/em><\/strong> tant\u00e1rgy oktat\u00e1s\u00e1t egy f\u00e9l\u00e9ven \u00e1t.<\/p>\n<p style=\"background: white;text-align: justify\"><span style=\"color: #222222\">A klinikai egy\u00fcttm\u0171k\u00f6d\u00e9s p\u00e9ld\u00e1ja az 1993\/94-es tan\u00e9vt\u0151l kezdve a\u00a0<strong>IV-V. \u00e9vfolyamon<\/strong>\u00a0oktatott,\u00a0<strong>k\u00f6telez\u0151en v\u00e1laszthat\u00f3<\/strong>\u00a0<strong>\u201eNephrologia\u201d<\/strong>\u00a0tant\u00e1rgy, amely \u201ea molekul\u00e1kt\u00f3l a beteg\u00e1gyig\u201d szeml\u00e9lettel interdiszciplin\u00e1ris form\u00e1ban klinikai szakemberek bevon\u00e1s\u00e1val ker\u00fcl oktat\u00e1sra. 2022-ben a t\u00e1rgy vezet\u00e9s\u00e9t \u00e1tadtuk a Belgy\u00f3gy\u00e1szati \u00e9s Onkol\u00f3giai Klinik\u00e1nak, de a Nemzetk\u00f6zi Nephrologiai Kutat\u00f3 \u00e9s K\u00e9pz\u0151 K\u00f6zpontunk tov\u00e1bbra is r\u00e9szt vesz az oktat\u00e1s\u00e1ban. Az 1998\/99 \u00f3ta oktatott\u00a0<strong>\u201eKlinikai K\u00f3r\u00e9lettan\u201d<\/strong>, ugyancsak klinikai szakemberek egy\u00fcttm\u0171k\u00f6d\u00e9s\u00e9vel foglalja \u00f6ssze a n\u00e9peg\u00e9szs\u00e9g\u00fcgyi szempontb\u00f3l is fontos k\u00f3ros \u00e1llapotok mechanizmusait \u00e9s azok megnyilv\u00e1nul\u00e1sait.<\/span><\/p>\n<p style=\"background: white;text-align: justify\"><strong><span style=\"color: #222222\">Szabadon v\u00e1laszthat\u00f3<\/span><\/strong><span style=\"color: #222222\">\u00a0tant\u00e1rgyakk\u00e9nt 2011\/12-t\u0151l kezdve oktatja az Int\u00e9zet az\u00a0<strong>\u201eOrvosi Jelnyelv\u201d<\/strong>, 2015\/16-t\u00f3l kezdve pedig a\u00a0<strong>\u201eM\u0171v\u00e9szet K\u00f3r\u00e9lettana\u201d<\/strong>, majd 2016\/17-t\u0151l a\u00a0<strong>\u201eTudom\u00e1ny \u00e9s M\u0171v\u00e9szet K\u00f3r\u00e9lettana\u201d<\/strong>\u00a0tant\u00e1rgyakat. Ma m\u00e1r az Orvosi Jelnyelv, mely alapvet\u0151 szerepet j\u00e1tszik a metakommunik\u00e1ci\u00f3 fejleszt\u00e9s\u00e9ben \u00e9s a Tudom\u00e1ny \u00e9s M\u0171v\u00e9szet K\u00f3r\u00e9lettana is, mely k\u00fcl\u00f6n\u00f6sk\u00e9ppen t\u00e1g\u00edtja a hallgat\u00f3k szeml\u00e9let\u00e9t, vil\u00e1gl\u00e1t\u00e1s\u00e1t k\u00f6telez\u0151en v\u00e1laszthat\u00f3 tant\u00e1rgyk\u00e9nt m\u0171k\u00f6dik.<\/span><\/p>\n<p style=\"text-align: justify\">Valamint a <span style=\"color: #222222;background: white\">2008\/2009-es tan\u00e9vt\u0151l kezdve oktatja I f\u00e9l\u00e9vben a<\/span>\u00a0<strong>\u00a0\u201eKardiorespiratorikus \u00e9s neurofiziol\u00f3giai m\u00e9r\u00e9si technik\u00e1k<\/strong><span style=\"color: #222222;background: white\"><strong>\u201d<\/strong>, \u00e9s 2019\/2020-as tan\u00e9vt\u0151l kezdve, II f\u00e9l\u00e9vben a <strong>\u201eKardiorespiratorikus \u00e9s neurofiziol\u00f3giai m\u00e9r\u00e9si technik\u00e1k (II. Laborat\u00f3riumi gyakorlatok)<\/strong><strong>\u201d<\/strong>\u00a0tant\u00e1rgyakat.\u00a0<\/span><\/p>\n<p style=\"text-align: justify\">Az Int\u00e9zet folyamatosan ellen\u0151rzi az oktat\u00e1s min\u0151s\u00e9g\u00e9t; \u00e9vek \u00f3ta gy\u0171jti a hallgat\u00f3k v\u00e9lem\u00e9ny\u00e9t az el\u0151ad\u00e1sokr\u00f3l, a gyakorlati anyagokr\u00f3l \u00e9s a vizsg\u00e1ztat\u00e1sr\u00f3l.<\/p>\n","protected":false},"excerpt":{"rendered":"<p>Transzl\u00e1ci\u00f3s Medicina \u2013 K\u00f3r\u00e9lettan A gradu\u00e1lis oktat\u00e1s keret\u00e9ben az Int\u00e9zet az \u00c1OK III. \u00e9ves hallgat\u00f3inak oktatja a \u201eTranszl\u00e1ci\u00f3s Medicina \u2013 K\u00f3r\u00e9lettan\u201d tant\u00e1rgyat magyar, angol \u00e9s n\u00e9met nyelven mind elm\u00e9leti, mind gyakorlati oktat\u00e1s form\u00e1j\u00e1ban. A tant\u00e1rgy c\u00e9lja az alapoz\u00f3 t\u00e1rgyak (els\u0151sorban az anat\u00f3mia, biok\u00e9mia \u00e9s \u00e9lettan) ismereteinek integr\u00e1l\u00e1s\u00e1n kereszt\u00fcl a szervezet eg\u00e9sz\u00e9nek m\u0171k\u00f6d\u00e9s\u00e9t \u00e9rint\u0151 gyakori k\u00f3r\u00e1llapotokban &hellip;<\/p>\n","protected":false},"author":158,"featured_media":0,"parent":0,"menu_order":4,"comment_status":"closed","ping_status":"closed","template":"","meta":{"_acf_changed":false,"footnotes":""},"categories":[],"tags":[],"class_list":["post-808","page","type-page","status-publish","hentry"],"acf":[],"_links":{"self":[{"href":"https:\/\/semmelweis.hu\/klinikai-korelettan\/wp-json\/wp\/v2\/pages\/808","targetHints":{"allow":["GET"]}}],"collection":[{"href":"https:\/\/semmelweis.hu\/klinikai-korelettan\/wp-json\/wp\/v2\/pages"}],"about":[{"href":"https:\/\/semmelweis.hu\/klinikai-korelettan\/wp-json\/wp\/v2\/types\/page"}],"author":[{"embeddable":true,"href":"https:\/\/semmelweis.hu\/klinikai-korelettan\/wp-json\/wp\/v2\/users\/158"}],"replies":[{"embeddable":true,"href":"https:\/\/semmelweis.hu\/klinikai-korelettan\/wp-json\/wp\/v2\/comments?post=808"}],"version-history":[{"count":10,"href":"https:\/\/semmelweis.hu\/klinikai-korelettan\/wp-json\/wp\/v2\/pages\/808\/revisions"}],"predecessor-version":[{"id":3192,"href":"https:\/\/semmelweis.hu\/klinikai-korelettan\/wp-json\/wp\/v2\/pages\/808\/revisions\/3192"}],"wp:attachment":[{"href":"https:\/\/semmelweis.hu\/klinikai-korelettan\/wp-json\/wp\/v2\/media?parent=808"}],"wp:term":[{"taxonomy":"category","embeddable":true,"href":"https:\/\/semmelweis.hu\/klinikai-korelettan\/wp-json\/wp\/v2\/categories?post=808"},{"taxonomy":"post_tag","embeddable":true,"href":"https:\/\/semmelweis.hu\/klinikai-korelettan\/wp-json\/wp\/v2\/tags?post=808"}],"curies":[{"name":"wp","href":"https:\/\/api.w.org\/{rel}","templated":true}]}}