{"id":802,"date":"2017-01-27T00:00:00","date_gmt":"2017-01-26T23:00:00","guid":{"rendered":"http:\/\/semmelweis.hu\/humanelettan\/tudomanyos-diakkor\/"},"modified":"2026-02-17T15:03:10","modified_gmt":"2026-02-17T14:03:10","slug":"tudomanyos-diakkor","status":"publish","type":"page","link":"https:\/\/semmelweis.hu\/klinikai-korelettan\/kutatas\/tudomanyos-diakkor\/","title":{"rendered":"TDK k\u00e9pz\u00e9s"},"content":{"rendered":"<p>Az int\u00e9zet a TDK keretein bel\u00fcl az ig\u00e9nyes, k\u00edv\u00e1ncsi, a mindennapokon t\u00fal mutat\u00f3 \u00e9rdekl\u0151d\u00e9ssel b\u00edr\u00f3 gradu\u00e1lis hallgat\u00f3ink sz\u00e1m\u00e1ra ad kibontakoz\u00e1si lehet\u0151s\u00e9get melynek kapcs\u00e1n bekapcsol\u00f3dhatnak kutat\u00e1sainkba. Az int\u00e9zet ennek megfelel\u0151en sz\u00e1mos kutat\u00e1si t\u00e9m\u00e1t hirdet meg sz\u00e1mukra, minden \u00e9vben.<\/p>\n<h2><a href=\"https:\/\/semmelweis.hu\/tdk\/tdk-temak-es-temavezetok\/aok\/transzalcios-medicina-intezet\/\"><span style=\"font-size: 14pt\">Az Int\u00e9zet TDK munkac\u00edmei \u00e9s t\u00e9mavezet\u0151i<\/span><\/a><\/h2>\n<p>\u00c9rdekl\u0151dni az int\u00e9zet <a href=\"https:\/\/semmelweis.hu\/telefonkonyv\/?emp_id=11366\">TDK felel\u0151s\u00e9n\u00e9l<\/a> lehet!<\/p>\n<p><strong>ESEM\u00c9NYEK<\/strong><\/p>\n<p class=\"entry-title\"><a href=\"https:\/\/semmelweis.hu\/klinikai-korelettan\/2017\/02\/13\/tudomanyos-diakkori-konferencia-2017\/\">TDK konferencia d\u00edjazottak \u2013 2017<\/a><\/p>\n<p class=\"entry-title\"><a href=\"https:\/\/semmelweis.hu\/klinikai-korelettan\/2018\/02\/12\/tdk-2018\/\">TDK konferencia d\u00edjazottak \u2013 2018<\/a><\/p>\n<p class=\"entry-title\"><a href=\"https:\/\/semmelweis.hu\/klinikai-korelettan\/2021\/02\/16\/tdk-konferencia-dijazottak-2021\/\">TDK konferencia d\u00edjazottak \u2013 2021<\/a><\/p>\n<p class=\"entry-title\"><a href=\"https:\/\/semmelweis.hu\/klinikai-korelettan\/2022\/02\/15\/tdk-konferencia-dijazottak-2022\/\">TDK konferencia d\u00edjazottak \u2013 2022<\/a><\/p>\n<p class=\"entry-title\"><a href=\"https:\/\/semmelweis.hu\/klinikai-korelettan\/2023\/02\/20\/tdk-konferencia-dijazottak-2023\/\" rel=\"bookmark\">TDK konferencia d\u00edjazottak \u2013 2023<\/a><\/p>\n<p class=\"entry-title\"><a href=\"https:\/\/semmelweis.hu\/klinikai-korelettan\/2023\/04\/25\/36-orszagos-tudomanyos-diakkori-konferencia-otdk-dijazottak\/\">OTDK konferencia d\u00edjazottak \u2013 2023<\/a><\/p>\n<p><a href=\"https:\/\/semmelweis.hu\/klinikai-korelettan\/2024\/02\/26\/tdk-konferencia-dijazottak-2024\/\">TDK konferncia d\u00edjazottak &#8211; 2024<\/a><\/p>\n<p><a href=\"https:\/\/semmelweis.hu\/klinikai-korelettan\/2025\/02\/11\/gratulacio-tdk-konferencia-dijazottak\/\">TDK konferencia d\u00edjazottak &#8211; 2025<\/a><\/p>\n<p class=\"entry-title\"><a href=\"https:\/\/semmelweis.hu\/klinikai-korelettan\/2023\/03\/21\/xxvii-koranyi-frigyes-tudomanyos-forum-dijazottjai\/\" rel=\"bookmark\">XXVII. Kor\u00e1nyi Frigyes Tudom\u00e1nyos F\u00f3rum D\u00edjazottai-2023<\/a><\/p>\n<p><a href=\"https:\/\/semmelweis.hu\/tdk\/files\/2025\/01\/rektori_eredmeny_2024.pdf\">Rektori p\u00e1lyamunka &#8211; 2025<\/a><\/p>\n<p><a href=\"https:\/\/semmelweis.hu\/klinikai-korelettan\/2026\/02\/17\/gratulacio-tdk-konferencia-dijazottak-2026\/\">TDK konferencia d\u00edjazottak &#8211; 2026<\/a><\/p>\n<p>&nbsp;<\/p>\n","protected":false},"excerpt":{"rendered":"<p>Az int\u00e9zet a TDK keretein bel\u00fcl az ig\u00e9nyes, k\u00edv\u00e1ncsi, a mindennapokon t\u00fal mutat\u00f3 \u00e9rdekl\u0151d\u00e9ssel b\u00edr\u00f3 gradu\u00e1lis hallgat\u00f3ink sz\u00e1m\u00e1ra ad kibontakoz\u00e1si lehet\u0151s\u00e9get melynek kapcs\u00e1n bekapcsol\u00f3dhatnak kutat\u00e1sainkba. Az int\u00e9zet ennek megfelel\u0151en sz\u00e1mos kutat\u00e1si t\u00e9m\u00e1t hirdet meg sz\u00e1mukra, minden \u00e9vben. <a href=\"https:\/\/semmelweis.hu\/tdk\/tdk-temak-es-temavezetok\/aok\/transzalcios-medicina-intezet\/\">Az Int\u00e9zet TDK munkac\u00edmei \u00e9s t\u00e9mavezet\u0151i<\/a> \u00c9rdekl\u0151dni az int\u00e9zet <a href=\"https:\/\/semmelweis.hu\/telefonkonyv\/?emp_id=11366\">TDK felel\u0151s\u00e9n\u00e9l<\/a> lehet! ESEM\u00c9NYEK <a href=\"https:\/\/semmelweis.hu\/klinikai-korelettan\/2017\/02\/13\/tudomanyos-diakkori-konferencia-2017\/\">TDK konferencia d\u00edjazottak \u2013 2017<\/a> <a href=\"https:\/\/semmelweis.hu\/klinikai-korelettan\/2018\/02\/12\/tdk-2018\/\">TDK konferencia d\u00edjazottak \u2013 2018<\/a> <a href=\"https:\/\/semmelweis.hu\/klinikai-korelettan\/2021\/02\/16\/tdk-konferencia-dijazottak-2021\/\">TDK konferencia d\u00edjazottak \u2013 2021<\/a> <a href=\"https:\/\/semmelweis.hu\/klinikai-korelettan\/2022\/02\/15\/tdk-konferencia-dijazottak-2022\/\">TDK konferencia d\u00edjazottak \u2013 2022<\/a> <a href=\"https:\/\/semmelweis.hu\/klinikai-korelettan\/2023\/02\/20\/tdk-konferencia-dijazottak-2023\/\" rel=\"bookmark\">TDK konferencia d\u00edjazottak \u2013 2023<\/a> <a href=\"https:\/\/semmelweis.hu\/klinikai-korelettan\/2023\/04\/25\/36-orszagos-tudomanyos-diakkori-konferencia-otdk-dijazottak\/\">OTDK konferencia d\u00edjazottak \u2013 2023<\/a> <a href=\"https:\/\/semmelweis.hu\/klinikai-korelettan\/2024\/02\/26\/tdk-konferencia-dijazottak-2024\/\">TDK konferncia d\u00edjazottak &#8211; 2024<\/a> <a href=\"https:\/\/semmelweis.hu\/klinikai-korelettan\/2025\/02\/11\/gratulacio-tdk-konferencia-dijazottak\/\">TDK konferencia d\u00edjazottak &#8211; 2025<\/a> <a href=\"https:\/\/semmelweis.hu\/klinikai-korelettan\/2023\/03\/21\/xxvii-koranyi-frigyes-tudomanyos-forum-dijazottjai\/\" rel=\"bookmark\">XXVII. Kor\u00e1nyi Frigyes Tudom\u00e1nyos F\u00f3rum D\u00edjazottai-2023<\/a> <a href=\"https:\/\/semmelweis.hu\/tdk\/files\/2025\/01\/rektori_eredmeny_2024.pdf\">Rektori p\u00e1lyamunka &#8211; 2025<\/a> <a href=\"https:\/\/semmelweis.hu\/klinikai-korelettan\/2026\/02\/17\/gratulacio-tdk-konferencia-dijazottak-2026\/\">TDK konferencia d\u00edjazottak &#8211; 2026<\/a> &hellip;<\/p>\n","protected":false},"author":158,"featured_media":0,"parent":891,"menu_order":3,"comment_status":"closed","ping_status":"closed","template":"","meta":{"_acf_changed":false,"footnotes":""},"categories":[],"tags":[],"class_list":["post-802","page","type-page","status-publish","hentry"],"acf":[],"_links":{"self":[{"href":"https:\/\/semmelweis.hu\/klinikai-korelettan\/wp-json\/wp\/v2\/pages\/802","targetHints":{"allow":["GET"]}}],"collection":[{"href":"https:\/\/semmelweis.hu\/klinikai-korelettan\/wp-json\/wp\/v2\/pages"}],"about":[{"href":"https:\/\/semmelweis.hu\/klinikai-korelettan\/wp-json\/wp\/v2\/types\/page"}],"author":[{"embeddable":true,"href":"https:\/\/semmelweis.hu\/klinikai-korelettan\/wp-json\/wp\/v2\/users\/158"}],"replies":[{"embeddable":true,"href":"https:\/\/semmelweis.hu\/klinikai-korelettan\/wp-json\/wp\/v2\/comments?post=802"}],"version-history":[{"count":12,"href":"https:\/\/semmelweis.hu\/klinikai-korelettan\/wp-json\/wp\/v2\/pages\/802\/revisions"}],"predecessor-version":[{"id":3785,"href":"https:\/\/semmelweis.hu\/klinikai-korelettan\/wp-json\/wp\/v2\/pages\/802\/revisions\/3785"}],"up":[{"embeddable":true,"href":"https:\/\/semmelweis.hu\/klinikai-korelettan\/wp-json\/wp\/v2\/pages\/891"}],"wp:attachment":[{"href":"https:\/\/semmelweis.hu\/klinikai-korelettan\/wp-json\/wp\/v2\/media?parent=802"}],"wp:term":[{"taxonomy":"category","embeddable":true,"href":"https:\/\/semmelweis.hu\/klinikai-korelettan\/wp-json\/wp\/v2\/categories?post=802"},{"taxonomy":"post_tag","embeddable":true,"href":"https:\/\/semmelweis.hu\/klinikai-korelettan\/wp-json\/wp\/v2\/tags?post=802"}],"curies":[{"name":"wp","href":"https:\/\/api.w.org\/{rel}","templated":true}]}}