{"id":801,"date":"2017-01-27T00:00:00","date_gmt":"2017-01-26T23:00:00","guid":{"rendered":"http:\/\/semmelweis.hu\/humanelettan\/?page_id=801"},"modified":"2025-01-14T11:25:35","modified_gmt":"2025-01-14T10:25:35","slug":"phd-program-hu","status":"publish","type":"page","link":"https:\/\/semmelweis.hu\/klinikai-korelettan\/kutatas\/phd-program-hu\/","title":{"rendered":"PhD-program"},"content":{"rendered":"<p style=\"text-align: justify\">Az int\u00e9zet\u00fcnkben foly\u00f3 posztgradu\u00e1lis k\u00e9pz\u00e9s <strong><a href=\"https:\/\/semmelweis.hu\/phd\/doktori-tagozatok\/elmeleti-es-transzlacios-orvostudomanyi-tagozat\/\">Az Elm\u00e9leti \u00e9s Transzl\u00e1ci\u00f3s Orvostudom\u00e1nyi Tagozaton<\/a>, <\/strong> <a href=\"https:\/\/semmelweis.hu\/phd\/elmeleti-es-transzlacios-orvostudomanyi-tagozat\/\"><strong>01. K\u00f3r\u00e9lettan \u00e9s transzl\u00e1ci\u00f3s medicina <\/strong>c. <strong>doktori program<\/strong><\/a> keret\u00e9n bel\u00fcl folyik, melynek programvezet\u0151je <a href=\"https:\/\/semmelweis.hu\/telefonkonyv\/?emp_id=675\">Prof. Dr. Beny\u00f3 Zolt\u00e1n<\/a>.<\/p>\n<p style=\"text-align: justify\">\u00d6szt\u00f6nd\u00edjas PhD hallga\u00adt\u00f3ink \u00e9vek \u00f3ta legeredm\u00e9nyesebb tudom\u00e1nyos di\u00e1kk\u00f6r\u00f6seink k\u00f6z\u00fcl ker\u00fclnek ki.<\/p>\n<p style=\"text-align: justify\"><a href=\"https:\/\/semmelweis.hu\/klinikai-korelettan\/category\/phd-vedes\/\">Fokozatot szerzett hallgat\u00f3ink<\/a><\/p>\n<p><strong>Vide\u00f3k:<\/strong><\/p>\n<p class=\"style-scope ytd-watch-metadata\"><a href=\"https:\/\/www.youtube.com\/watch?v=-yTo0H-5sAo&amp;list=PLCehZAqE0dwnbJG6O2G8n7PR7nweY0mVx&amp;index=6\">PhD Training at Semmelweis University \u2013 Syeda Mahak Zahra Bokhari<\/a><\/p>\n<p class=\"style-scope ytd-watch-metadata\"><a href=\"https:\/\/www.youtube.com\/watch?v=cWSNDqmbQHQ&amp;list=PLCehZAqE0dwnbJG6O2G8n7PR7nweY0mVx&amp;index=3\">PhD-k\u00e9pz\u00e9s a Semmelweis Egyetemen \u2013 Dr. P\u00e1l \u00c9va<\/a><\/p>\n<p style=\"text-align: justify\"><strong>PhD-kurzusaink<\/strong> \u00e9venk\u00e9nt ker\u00fclnek meghirdet\u00e9sre, <strong>magyar \u00e9s angol nyelven<\/strong> a k\u00f6vetkez\u0151 t\u00e9m\u00e1kban:<\/p>\n<p>01. K\u00f3r\u00e9lettan \u00e9s transzl\u00e1ci\u00f3s medicina<\/p>\n<ul style=\"text-align: justify\">\n<li>Klinikai kardio\u00advaszkul\u00e1ris fiziol\u00f3gia<\/li>\n<li>A l\u00e9gz\u00e9s \u00e9s a l\u00e9gz\u0151szervi megbeteged\u00e9sek klinikai \u00e9lettani alapjai<\/li>\n<li>Kardio\u00adrespiratorikus \u00e9s neurofiziol\u00f3giai m\u00e9r\u00e9si technik\u00e1k<\/li>\n<\/ul>\n<p>03. Transzl\u00e1ci\u00f3s vesekutat\u00e1sok \u00e9s szervtranszplant\u00e1ci\u00f3<\/p>\n<ul style=\"text-align: justify\">\n<li>Budapest Nephrology School<\/li>\n<li>Scientific Writing<\/li>\n<li>Nanomedicina<\/li>\n<li>Molekul\u00e1t\u00f3l a beteg\u00e1gyig, sejtt\u0151l a szervezetig<\/li>\n<li>Tudom\u00e1ny \u00e9s m\u0171v\u00e9szet k\u00f3r\u00e9lettana<\/li>\n<\/ul>\n<p class=\"entry-title text-uppercase\" style=\"text-align: left\"><a href=\"https:\/\/semmelweis.hu\/phd\/doktori-tagozatok\/elmeleti-es-transzlacios-orvostudomanyi-tagozat\/\"><strong>Tudom\u00e1ny\u00e1gi Doktori Tagozatok (T\u00e9m\u00e1k)<\/strong> 2024\/25 \/Dokumentumok\/T\u00e9m\u00e1k \u00e9s t\u00e9mavezet\u0151k<\/a><\/p>\n<p>&nbsp;<\/p>\n<p class=\"entry-title text-uppercase\" style=\"text-align: center\"><a href=\"https:\/\/semmelweis.hu\/hirek\/2022\/04\/21\/cel-a-szinesebb-rugalmasabb-es-bovulo-letszamu-phd-kepzes-varjak-a-jelentkezoket\/\">C\u00c9L A SZ\u00cdNESEBB, RUGALMASABB \u00c9S B\u0150V\u00dcL\u0150 L\u00c9TSZ\u00c1M\u00da PHD-K\u00c9PZ\u00c9S!<\/a><\/p>\n<p class=\"entry-title text-uppercase\" style=\"text-align: center\"><a href=\"https:\/\/semmelweis.hu\/english\/2022\/04\/aiming-for-a-more-diverse-flexible-expanding-phd-program-at-semmelweis-university\/\">AIMING FOR A MORE DIVERSE, FLEXIBLE, EXPANDING PHD PROGRAM AT SEMMELWEIS UNIVERSITY!<\/a><\/p>\n<h1 class=\"style-scope ytd-watch-metadata\">\u00a0<\/h1>\n","protected":false},"excerpt":{"rendered":"<p>Az int\u00e9zet\u00fcnkben foly\u00f3 posztgradu\u00e1lis k\u00e9pz\u00e9s <a href=\"https:\/\/semmelweis.hu\/phd\/doktori-tagozatok\/elmeleti-es-transzlacios-orvostudomanyi-tagozat\/\">Az Elm\u00e9leti \u00e9s Transzl\u00e1ci\u00f3s Orvostudom\u00e1nyi Tagozaton<\/a> , <a href=\"https:\/\/semmelweis.hu\/phd\/elmeleti-es-transzlacios-orvostudomanyi-tagozat\/\">01. K\u00f3r\u00e9lettan \u00e9s transzl\u00e1ci\u00f3s medicina c. doktori program<\/a> keret\u00e9n bel\u00fcl folyik, melynek programvezet\u0151je <a href=\"https:\/\/semmelweis.hu\/telefonkonyv\/?emp_id=675\">Prof. Dr. Beny\u00f3 Zolt\u00e1n<\/a> . \u00d6szt\u00f6nd\u00edjas PhD hallga\u00adt\u00f3ink \u00e9vek \u00f3ta legeredm\u00e9nyesebb tudom\u00e1nyos di\u00e1kk\u00f6r\u00f6seink k\u00f6z\u00fcl ker\u00fclnek ki. <a href=\"https:\/\/semmelweis.hu\/klinikai-korelettan\/category\/phd-vedes\/\">Fokozatot szerzett hallgat\u00f3ink<\/a> Vide\u00f3k: <a href=\"https:\/\/www.youtube.com\/watch?v=-yTo0H-5sAo&amp;list=PLCehZAqE0dwnbJG6O2G8n7PR7nweY0mVx&amp;index=6\">PhD Training at Semmelweis University \u2013 Syeda Mahak Zahra Bokhari<\/a> <a href=\"https:\/\/www.youtube.com\/watch?v=cWSNDqmbQHQ&amp;list=PLCehZAqE0dwnbJG6O2G8n7PR7nweY0mVx&amp;index=3\">PhD-k\u00e9pz\u00e9s a Semmelweis Egyetemen \u2013 Dr. P\u00e1l \u00c9va<\/a> PhD-kurzusaink \u00e9venk\u00e9nt ker\u00fclnek meghirdet\u00e9sre, magyar \u00e9s angol nyelven a k\u00f6vetkez\u0151 t\u00e9m\u00e1kban: 01. K\u00f3r\u00e9lettan \u00e9s transzl\u00e1ci\u00f3s medicina Klinikai kardio\u00advaszkul\u00e1ris fiziol\u00f3gia A l\u00e9gz\u00e9s \u00e9s a l\u00e9gz\u0151szervi megbeteged\u00e9sek klinikai \u00e9lettani alapjai Kardio\u00adrespiratorikus \u00e9s neurofiziol\u00f3giai &hellip;<\/p>\n","protected":false},"author":158,"featured_media":0,"parent":891,"menu_order":4,"comment_status":"closed","ping_status":"closed","template":"","meta":{"_acf_changed":false,"footnotes":""},"categories":[],"tags":[],"class_list":["post-801","page","type-page","status-publish","hentry"],"acf":[],"_links":{"self":[{"href":"https:\/\/semmelweis.hu\/klinikai-korelettan\/wp-json\/wp\/v2\/pages\/801","targetHints":{"allow":["GET"]}}],"collection":[{"href":"https:\/\/semmelweis.hu\/klinikai-korelettan\/wp-json\/wp\/v2\/pages"}],"about":[{"href":"https:\/\/semmelweis.hu\/klinikai-korelettan\/wp-json\/wp\/v2\/types\/page"}],"author":[{"embeddable":true,"href":"https:\/\/semmelweis.hu\/klinikai-korelettan\/wp-json\/wp\/v2\/users\/158"}],"replies":[{"embeddable":true,"href":"https:\/\/semmelweis.hu\/klinikai-korelettan\/wp-json\/wp\/v2\/comments?post=801"}],"version-history":[{"count":12,"href":"https:\/\/semmelweis.hu\/klinikai-korelettan\/wp-json\/wp\/v2\/pages\/801\/revisions"}],"predecessor-version":[{"id":3599,"href":"https:\/\/semmelweis.hu\/klinikai-korelettan\/wp-json\/wp\/v2\/pages\/801\/revisions\/3599"}],"up":[{"embeddable":true,"href":"https:\/\/semmelweis.hu\/klinikai-korelettan\/wp-json\/wp\/v2\/pages\/891"}],"wp:attachment":[{"href":"https:\/\/semmelweis.hu\/klinikai-korelettan\/wp-json\/wp\/v2\/media?parent=801"}],"wp:term":[{"taxonomy":"category","embeddable":true,"href":"https:\/\/semmelweis.hu\/klinikai-korelettan\/wp-json\/wp\/v2\/categories?post=801"},{"taxonomy":"post_tag","embeddable":true,"href":"https:\/\/semmelweis.hu\/klinikai-korelettan\/wp-json\/wp\/v2\/tags?post=801"}],"curies":[{"name":"wp","href":"https:\/\/api.w.org\/{rel}","templated":true}]}}