{"id":2378,"date":"2020-11-19T12:52:52","date_gmt":"2020-11-19T11:52:52","guid":{"rendered":"https:\/\/semmelweis.hu\/transzlacios-medicina\/?page_id=2378"},"modified":"2026-01-05T13:13:04","modified_gmt":"2026-01-05T12:13:04","slug":"kapcsolat","status":"publish","type":"page","link":"https:\/\/semmelweis.hu\/klinikai-korelettan\/kapcsolat\/","title":{"rendered":"Kapcsolat"},"content":{"rendered":"<h2>Klinikai K\u00f3r\u00e9lettani Int\u00e9zet<\/h2>\n<h6><em>kor\u00e1bban: Transzl\u00e1ci\u00f3s Medicina Int\u00e9zet<\/em><\/h6>\n<h4>Titk\u00e1rs\u00e1g<\/h4>\n<p><strong>Telefon: <\/strong>+36-1 210 0306, +36 20 666 0300<br \/><strong>Bels\u0151 mell\u00e9k:<\/strong> 60300<br \/><strong>E-mail:<\/strong> transzmed@semmelweis.hu<\/p>\n<h4>Sz\u00e1ml\u00e1z\u00e1si c\u00edm:<\/h4>\n<p><strong>Semmelweis Egyetem<br \/>1085 Budapest, \u00dcll\u0151i \u00fat 26.<\/strong><\/p>\n<div style=\"text-align: left;\"><strong>csoportos ad\u00f3sz\u00e1m<\/strong>:\u00a0\u00a0<strong>17784234-5-44<\/strong><\/div>\n<div style=\"text-align: left;\"><strong>egyedi ad\u00f3sz\u00e1m: 19308674-4-44<\/strong><\/div>\n<div style=\"text-align: left;\"><strong>csoport k\u00f6z\u00f6ss\u00e9gi ad\u00f3sz\u00e1m: \u00a0HU17784234<\/strong><\/div>\n<h2>Elm\u00e9leti Orvostudom\u00e1nyi K\u00f6zpont<\/h2>\n\n<!-- iframe plugin v.4.9 wordpress.org\/plugins\/iframe\/ -->\n<iframe src=\"https:\/\/www.google.com\/maps\/embed?pb=!1m18!1m12!1m3!1d2696.451309511636!2d19.073171032146327!3d47.481120838035544!2m3!1f0!2f0!3f0!3m2!1i1024!2i768!4f13.1!3m3!1m2!1s0x4741dcfbb9222085%3A0xcc0c6799aa475583!2sElm%C3%A9leti%20Orvostudom%C3%A1nyi%20K%C3%B6zpont!5e0!3m2!1shu!2shu!4v1649159608944!5m2!1shu!2shu\" width=\"100%\" height=\"300\" style=\"border:0;\" allowfullscreen loading=\"lazy\" referrerpolicy=\"no-referrer-when-downgrade\" scrolling=\"yes\" class=\"iframe-class\" frameborder=\"0\"><\/iframe>\n\n<h2>Nagyv\u00e1rad t\u00e9ri Elm\u00e9leti T\u00f6mb<\/h2>\n\n<!-- iframe plugin v.4.9 wordpress.org\/plugins\/iframe\/ -->\n<iframe src=\"https:\/\/www.google.com\/maps\/embed?pb=!1m18!1m12!1m3!1d2696.5266518305802!2d19.0891386156261!3d47.479652879176335!2m3!1f0!2f0!3f0!3m2!1i1024!2i768!4f13.1!3m3!1m2!1s0x4741dce6f4fa6443%3A0x1dc2f49d375e2df7!2sSemmelweis%20Egyetem%20Nagyv%C3%A1radt%C3%A9ri%20Elm%C3%A9leti%20T%C3%B6mb!5e0!3m2!1shu!2shu!4v1649159467046!5m2!1shu!2shu\" width=\"100%\" height=\"300\" style=\"border:0;\" allowfullscreen loading=\"lazy\" referrerpolicy=\"no-referrer-when-downgrade\" scrolling=\"yes\" class=\"iframe-class\" frameborder=\"0\"><\/iframe>\n\n","protected":false},"excerpt":{"rendered":"<p>Klinikai K\u00f3r\u00e9lettani Int\u00e9zet<br \/>\nkor\u00e1bban: Transzl\u00e1ci\u00f3s Medicina Int\u00e9zet<br \/>\nTitk\u00e1rs\u00e1g<br \/>\nTelefon: +36-1 210 0306, +36 20 666 0300Bels\u0151 mell\u00e9k: 60300E-mail: transzmed@semmelweis.hu<br \/>\nSz\u00e1ml\u00e1z\u00e1si c\u00edm:<br \/>\nSemmelweis Egyetem1085 Budapest, \u00dcll\u0151i \u00fat 26.<br \/>\ncsoportos ad\u00f3sz\u00e1m:\u00a0\u00a017784234-5-44<br \/>\negyedi ad\u00f3sz\u00e1m: 19308674-4-44<br \/>\ncsoport k\u00f6z\u00f6ss\u00e9gi ad\u00f3sz\u00e1m: \u00a0HU17784234<br \/>\nElm\u00e9leti Orvostudom\u00e1nyi K\u00f6zpont<\/p>\n<p>Nagyv\u00e1rad t\u00e9ri Elm\u00e9leti T\u00f6mb<\/p>\n","protected":false},"author":282,"featured_media":0,"parent":0,"menu_order":9,"comment_status":"closed","ping_status":"closed","template":"","meta":{"_acf_changed":false,"footnotes":""},"categories":[],"tags":[],"class_list":["post-2378","page","type-page","status-publish","hentry"],"acf":[],"_links":{"self":[{"href":"https:\/\/semmelweis.hu\/klinikai-korelettan\/wp-json\/wp\/v2\/pages\/2378","targetHints":{"allow":["GET"]}}],"collection":[{"href":"https:\/\/semmelweis.hu\/klinikai-korelettan\/wp-json\/wp\/v2\/pages"}],"about":[{"href":"https:\/\/semmelweis.hu\/klinikai-korelettan\/wp-json\/wp\/v2\/types\/page"}],"author":[{"embeddable":true,"href":"https:\/\/semmelweis.hu\/klinikai-korelettan\/wp-json\/wp\/v2\/users\/282"}],"replies":[{"embeddable":true,"href":"https:\/\/semmelweis.hu\/klinikai-korelettan\/wp-json\/wp\/v2\/comments?post=2378"}],"version-history":[{"count":11,"href":"https:\/\/semmelweis.hu\/klinikai-korelettan\/wp-json\/wp\/v2\/pages\/2378\/revisions"}],"predecessor-version":[{"id":3756,"href":"https:\/\/semmelweis.hu\/klinikai-korelettan\/wp-json\/wp\/v2\/pages\/2378\/revisions\/3756"}],"wp:attachment":[{"href":"https:\/\/semmelweis.hu\/klinikai-korelettan\/wp-json\/wp\/v2\/media?parent=2378"}],"wp:term":[{"taxonomy":"category","embeddable":true,"href":"https:\/\/semmelweis.hu\/klinikai-korelettan\/wp-json\/wp\/v2\/categories?post=2378"},{"taxonomy":"post_tag","embeddable":true,"href":"https:\/\/semmelweis.hu\/klinikai-korelettan\/wp-json\/wp\/v2\/tags?post=2378"}],"curies":[{"name":"wp","href":"https:\/\/api.w.org\/{rel}","templated":true}]}}