{"id":1615,"date":"2018-04-17T23:28:41","date_gmt":"2018-04-17T21:28:41","guid":{"rendered":"http:\/\/semmelweis.hu\/humanelettan\/?page_id=1615"},"modified":"2025-02-04T10:34:27","modified_gmt":"2025-02-04T09:34:27","slug":"sajtomegjelenesek","status":"publish","type":"page","link":"https:\/\/semmelweis.hu\/klinikai-korelettan\/nvkp_16-1-2016-0042\/sajtomegjelenesek\/","title":{"rendered":"Sajt\u00f3megjelen\u00e9sek"},"content":{"rendered":"<ul>\n<li class=\"c-article-full__title\"><a href=\"https:\/\/oncotherm.hu\/news-events\/csaknem-masfel-milliard-forintos-tamogatas-egy-uj-daganatterapias-keszulek\" target=\"_blank\" rel=\"noopener noreferrer\">Csaknem m\u00e1sf\u00e9l milli\u00e1rd forintos t\u00e1mogat\u00e1s egy \u00faj daganatter\u00e1pi\u00e1s k\u00e9sz\u00fcl\u00e9k fejleszt\u00e9s\u00e9re<\/a><\/li>\n<li class=\"c-article-full__title\"><a href=\"https:\/\/oncotherm.com\/news-events\/cooperation-academic-and-industrial-partners-fight-tumorous-diseases\" target=\"_blank\" rel=\"noopener noreferrer\">Cooperation of Academic and Industrial Partners to Fight Tumorous Diseases<\/a><\/li>\n<li><a href=\"http:\/\/otszonline.hu\/cikk\/elektromagneses_daganatterapias_keszulek_preklinikai_es_klinikai_vizsgalatai__valamint_muszaki_tovabbfejlesztese__tapasztalatok_szolid_tumorokkal\" target=\"_blank\" rel=\"noopener noreferrer\">Elektrom\u00e1gneses daganatter\u00e1pi\u00e1s k\u00e9sz\u00fcl\u00e9k preklinikai \u00e9s klinikai vizsg\u00e1latai, valamint m\u0171szaki tov\u00e1bbfejleszt\u00e9se: tapasztalatok szolid tumorokkal<\/a><\/li>\n<li class=\"ixu-heading sel-doc-info-title ixu-heading--small\"><a href=\"https:\/\/issuu.com\/zoltan.kaszas\/docs\/bnaplo-201710-web\" target=\"_blank\" rel=\"noopener noreferrer\">Buda\u00f6rsi Napl\u00f3 2017. okt\u00f3ber \u00a0<\/a><\/li>\n<li class=\"c-article-full__title\"><a href=\"https:\/\/oncotherm.hu\/news-events\/ept1-gorog-televizio-is-bemutatta-az-onkotermia-rakkezelo-modszeret\" target=\"_blank\" rel=\"noopener noreferrer\">EPT1 G\u00f6r\u00f6g Telev\u00edzi\u00f3 is bemutatta az onkotermia r\u00e1kkezel\u0151 m\u00f3dszer\u00e9t<\/a><\/li>\n<li class=\"c-secondary-title\"><a href=\"https:\/\/oncotherm.hu\/palyazatok\" target=\"_blank\" rel=\"noopener noreferrer\">Oncotherm P\u00e1ly\u00e1zatok<\/a><\/li>\n<li class=\"article-title\"><a href=\"https:\/\/novekedes.hu\/interju\/magyar-kutatocsoport-adhat-remenyt-a-rakbetegeknek\" target=\"_blank\" rel=\"noopener noreferrer\">Magyar kutat\u00f3csoport adhat rem\u00e9nyt a r\u00e1kbetegeknek<\/a><\/li>\n<li><a href=\"http:\/\/www.rakellen.hu\/hu\/articles\/oncothermia-a-daganatterapiaban\" target=\"_blank\" rel=\"noopener noreferrer\">Oncothermia a daganatter\u00e1pi\u00e1ban<\/a><\/li>\n<li><a href=\"https:\/\/oncotherm.com\/news-events\/medica-2018\" target=\"_blank\" rel=\"noopener noreferrer\"> MEDICA 2018 <\/a><\/li>\n<li><a href=\"https:\/\/oncotherm.com\/news-events\/ichs-2018-in-budapest\" target=\"_blank\" rel=\"noopener noreferrer\"> ICHS 2018 in Budapest <\/a><\/li>\n<li><a href=\"https:\/\/oncotherm.com\/news-events\/european-oncology-convention-2019-0\" target=\"_blank\" rel=\"noopener noreferrer\"> European Oncology Convention 2019 <\/a><\/li>\n<li><a href=\"https:\/\/oncotherm.com\/news-events\/m5-tv-reported-about-ichs\" target=\"_blank\" rel=\"noopener noreferrer\"> M5 TV reported about the ICHS <\/a><\/li>\n<li><a href=\"https:\/\/oncotherm.com\/news-events\/oncotherm-presented-its-results-at-esho-2018\" target=\"_blank\" rel=\"noopener noreferrer\">Oncotherm presented its results at ESHO 2018<\/a><\/li>\n<li><a href=\"https:\/\/oncotherm.com\/news-events\/new-short-film-about-cancer-treatment-device-manufacturer\" target=\"_blank\" rel=\"noopener noreferrer\"> New short film about the cancer treatment device manufacturer <\/a><\/li>\n<li><a href=\"https:\/\/youtu.be\/5uKEGe_Z_6g\" target=\"_blank\" rel=\"noopener noreferrer\">Buda\u00f6rsi V\u00e1rosi TV 180130 Dobog\u00f3<\/a><\/li>\n<\/ul>\n<blockquote class=\"wp-embedded-content\" data-secret=\"KQ90svPajq\"><p><a href=\"https:\/\/semmelweis.hu\/hirek\/2017\/07\/17\/csaknem-masfel-milliard-forintos-tamogatas-egy-uj-daganatterapias-keszulek-fejlesztesere\/\">Csaknem m\u00e1sf\u00e9l milli\u00e1rd forintos t\u00e1mogat\u00e1s egy \u00faj daganatter\u00e1pi\u00e1s k\u00e9sz\u00fcl\u00e9k fejleszt\u00e9s\u00e9re<\/a><\/p><\/blockquote>\n<p><iframe loading=\"lazy\" class=\"wp-embedded-content\" sandbox=\"allow-scripts\" security=\"restricted\" style=\"position: absolute; clip: rect(1px, 1px, 1px, 1px);\" title=\"&#8220;Csaknem m\u00e1sf\u00e9l milli\u00e1rd forintos t\u00e1mogat\u00e1s egy \u00faj daganatter\u00e1pi\u00e1s k\u00e9sz\u00fcl\u00e9k fejleszt\u00e9s\u00e9re&#8221; &#8212; Semmelweis H\u00edrek\" src=\"https:\/\/semmelweis.hu\/hirek\/2017\/07\/17\/csaknem-masfel-milliard-forintos-tamogatas-egy-uj-daganatterapias-keszulek-fejlesztesere\/embed\/#?secret=KQ90svPajq\" data-secret=\"KQ90svPajq\" width=\"600\" height=\"338\" frameborder=\"0\" marginwidth=\"0\" marginheight=\"0\" scrolling=\"no\"><\/iframe><\/p>\n<p>&nbsp;<\/p>\n<p style=\"text-align: center\"><a href=\"http:\/\/nkfih.gov.hu\/hivatal\/online-sajto\/2017\/csaknem-masfel-milliard\" target=\"_blank\" rel=\"noopener noreferrer\"><img loading=\"lazy\" decoding=\"async\" class=\" wp-image-1617 aligncenter\" src=\"https:\/\/semmelweis.hu\/klinikai-korelettan\/files\/2018\/04\/NKFIH-300x98.jpg\" alt=\"\" width=\"520\" height=\"170\" srcset=\"https:\/\/semmelweis.hu\/klinikai-korelettan\/files\/2018\/04\/NKFIH-300x98.jpg 300w, https:\/\/semmelweis.hu\/klinikai-korelettan\/files\/2018\/04\/NKFIH-768x250.jpg 768w, https:\/\/semmelweis.hu\/klinikai-korelettan\/files\/2018\/04\/NKFIH-580x189.jpg 580w, https:\/\/semmelweis.hu\/klinikai-korelettan\/files\/2018\/04\/NKFIH.jpg 946w\" sizes=\"auto, (max-width: 520px) 100vw, 520px\" \/>Nemzeti Kutat\u00e1si, Fejleszt\u00e9si \u00e9s Innov\u00e1ci\u00f3s Hivatal<\/a><\/p>\n<p>&nbsp;<\/p>\n<p style=\"text-align: center\"><a href=\"http:\/\/www.weborvospro.hu\/cikkek\/gyorshir\/daganatterapiaskeszuleketfejlesztazegyetem.html\" target=\"_blank\" rel=\"noopener noreferrer\"><img loading=\"lazy\" decoding=\"async\" class=\" wp-image-1619 aligncenter\" src=\"https:\/\/semmelweis.hu\/klinikai-korelettan\/files\/2018\/04\/weborvos-300x50.jpg\" alt=\"\" width=\"522\" height=\"87\" srcset=\"https:\/\/semmelweis.hu\/klinikai-korelettan\/files\/2018\/04\/weborvos-300x50.jpg 300w, https:\/\/semmelweis.hu\/klinikai-korelettan\/files\/2018\/04\/weborvos-768x129.jpg 768w, https:\/\/semmelweis.hu\/klinikai-korelettan\/files\/2018\/04\/weborvos-1024x172.jpg 1024w, https:\/\/semmelweis.hu\/klinikai-korelettan\/files\/2018\/04\/weborvos-580x97.jpg 580w, https:\/\/semmelweis.hu\/klinikai-korelettan\/files\/2018\/04\/weborvos.jpg 1677w\" sizes=\"auto, (max-width: 522px) 100vw, 522px\" \/><\/a><\/p>\n<p style=\"text-align: center\"><a href=\"http:\/\/www.weborvospro.hu\/cikkek\/gyorshir\/daganatterapiaskeszuleketfejlesztazegyetem.html\" target=\"_blank\" rel=\"noopener noreferrer\">Daganatter\u00e1pi\u00e1s k\u00e9sz\u00fcl\u00e9ket fejleszt az egyetem<\/a><\/p>\n<p>&nbsp;<\/p>\n<p style=\"text-align: center\"><a href=\"https:\/\/semmelweis.hu\/ujsag\/files\/2017\/09\/SE_2017_06_netre.pdf\" target=\"_blank\" rel=\"noopener noreferrer\"><img loading=\"lazy\" decoding=\"async\" class=\" wp-image-1618 aligncenter\" src=\"https:\/\/semmelweis.hu\/klinikai-korelettan\/files\/2018\/04\/semmelweis-300x118.jpg\" alt=\"\" width=\"473\" height=\"186\" srcset=\"https:\/\/semmelweis.hu\/klinikai-korelettan\/files\/2018\/04\/semmelweis-300x118.jpg 300w, https:\/\/semmelweis.hu\/klinikai-korelettan\/files\/2018\/04\/semmelweis-768x301.jpg 768w, https:\/\/semmelweis.hu\/klinikai-korelettan\/files\/2018\/04\/semmelweis-1024x401.jpg 1024w, https:\/\/semmelweis.hu\/klinikai-korelettan\/files\/2018\/04\/semmelweis-580x227.jpg 580w, https:\/\/semmelweis.hu\/klinikai-korelettan\/files\/2018\/04\/semmelweis.jpg 1158w\" sizes=\"auto, (max-width: 473px) 100vw, 473px\" \/><\/a><a href=\"https:\/\/semmelweis.hu\/ujsag\/files\/2017\/09\/SE_2017_06_netre.pdf\" target=\"_blank\" rel=\"noopener noreferrer\">A Semmelweis Egyetem hallgat\u00f3inak \u00e9s k\u00f6zalkalmazottainak lapja<\/a><\/p>\n","protected":false},"excerpt":{"rendered":"<p><a href=\"https:\/\/oncotherm.hu\/news-events\/csaknem-masfel-milliard-forintos-tamogatas-egy-uj-daganatterapias-keszulek\" target=\"_blank\" rel=\"noopener noreferrer\">Csaknem m\u00e1sf\u00e9l milli\u00e1rd forintos t\u00e1mogat\u00e1s egy \u00faj daganatter\u00e1pi\u00e1s k\u00e9sz\u00fcl\u00e9k fejleszt\u00e9s\u00e9re<\/a><br \/>\n<a href=\"https:\/\/oncotherm.com\/news-events\/cooperation-academic-and-industrial-partners-fight-tumorous-diseases\" target=\"_blank\" rel=\"noopener noreferrer\">Cooperation of Academic and Industrial Partners to Fight Tumorous Diseases<\/a><br \/>\n<a href=\"http:\/\/otszonline.hu\/cikk\/elektromagneses_daganatterapias_keszulek_preklinikai_es_klinikai_vizsgalatai__valamint_muszaki_tovabbfejlesztese__tapasztalatok_szolid_tumorokkal\" target=\"_blank\" rel=\"noopener noreferrer\">Elektrom\u00e1gneses daganatter\u00e1pi\u00e1s k\u00e9sz\u00fcl\u00e9k preklinikai \u00e9s klinikai vizsg\u00e1latai, valamint m\u0171szaki tov\u00e1bbfejleszt\u00e9se: tapasztalatok szolid tumorokkal<\/a><br \/>\n<a href=\"https:\/\/issuu.com\/zoltan.kaszas\/docs\/bnaplo-201710-web\" target=\"_blank\" rel=\"noopener noreferrer\">Buda\u00f6rsi Napl\u00f3 2017. okt\u00f3ber \u00a0<\/a><br \/>\n<a href=\"https:\/\/oncotherm.hu\/news-events\/ept1-gorog-televizio-is-bemutatta-az-onkotermia-rakkezelo-modszeret\" target=\"_blank\" rel=\"noopener noreferrer\">EPT1 G\u00f6r\u00f6g Telev\u00edzi\u00f3 is bemutatta az onkotermia r\u00e1kkezel\u0151 m\u00f3dszer\u00e9t<\/a><br \/>\n<a href=\"https:\/\/oncotherm.hu\/palyazatok\" target=\"_blank\" rel=\"noopener noreferrer\">Oncotherm P\u00e1ly\u00e1zatok<\/a><br \/>\n<a href=\"https:\/\/novekedes.hu\/interju\/magyar-kutatocsoport-adhat-remenyt-a-rakbetegeknek\" target=\"_blank\" rel=\"noopener noreferrer\">Magyar kutat\u00f3csoport adhat rem\u00e9nyt a r\u00e1kbetegeknek<\/a><br \/>\n<a href=\"http:\/\/www.rakellen.hu\/hu\/articles\/oncothermia-a-daganatterapiaban\" target=\"_blank\" rel=\"noopener noreferrer\">Oncothermia a daganatter\u00e1pi\u00e1ban<\/a><br \/>\n<a href=\"https:\/\/oncotherm.com\/news-events\/medica-2018\" target=\"_blank\" rel=\"noopener noreferrer\"> MEDICA 2018 <\/a><br \/>\n<a href=\"https:\/\/oncotherm.com\/news-events\/ichs-2018-in-budapest\" target=\"_blank\" rel=\"noopener noreferrer\"> ICHS 2018 in Budapest <\/a><br \/>\n<a href=\"https:\/\/oncotherm.com\/news-events\/european-oncology-convention-2019-0\" target=\"_blank\" rel=\"noopener noreferrer\"> European Oncology Convention 2019 <\/a><br \/>\n<a href=\"https:\/\/oncotherm.com\/news-events\/m5-tv-reported-about-ichs\" target=\"_blank\" rel=\"noopener noreferrer\"> M5 TV reported about the ICHS <\/a><br \/>\n<a href=\"https:\/\/oncotherm.com\/news-events\/oncotherm-presented-its-results-at-esho-2018\" target=\"_blank\" rel=\"noopener noreferrer\">Oncotherm presented its results at ESHO 2018<\/a><br \/>\n<a href=\"https:\/\/oncotherm.com\/news-events\/new-short-film-about-cancer-treatment-device-manufacturer\" target=\"_blank\" rel=\"noopener noreferrer\"> New short film about the cancer treatment device manufacturer <\/a><br \/>\n<a href=\"https:\/\/youtu.be\/5uKEGe_Z_6g\" target=\"_blank\" rel=\"noopener noreferrer\">Buda\u00f6rsi V\u00e1rosi TV 180130 Dobog\u00f3<\/a><\/p>\n<p><a href=\"https:\/\/semmelweis.hu\/hirek\/2017\/07\/17\/csaknem-masfel-milliard-forintos-tamogatas-egy-uj-daganatterapias-keszulek-fejlesztesere\/\">Csaknem m\u00e1sf\u00e9l milli\u00e1rd forintos t\u00e1mogat\u00e1s egy \u00faj daganatter\u00e1pi\u00e1s k\u00e9sz\u00fcl\u00e9k fejleszt\u00e9s\u00e9re<\/a><\/p>\n<p>&nbsp;<br \/>\n<a href=\"http:\/\/nkfih.gov.hu\/hivatal\/online-sajto\/2017\/csaknem-masfel-milliard\" target=\"_blank\" rel=\"noopener noreferrer\">Nemzeti Kutat\u00e1si, Fejleszt\u00e9si \u00e9s Innov\u00e1ci\u00f3s Hivatal<\/a><br \/>\n&nbsp;<br \/>\n<a href=\"http:\/\/www.weborvospro.hu\/cikkek\/gyorshir\/daganatterapiaskeszuleketfejlesztazegyetem.html\" target=\"_blank\" rel=\"noopener noreferrer\"><\/a><br \/>\n<a href=\"http:\/\/www.weborvospro.hu\/cikkek\/gyorshir\/daganatterapiaskeszuleketfejlesztazegyetem.html\" target=\"_blank\" rel=\"noopener noreferrer\">Daganatter\u00e1pi\u00e1s k\u00e9sz\u00fcl\u00e9ket fejleszt az egyetem<\/a><br \/>\n&nbsp;<br \/>\n<a href=\"https:\/\/semmelweis.hu\/ujsag\/files\/2017\/09\/SE_2017_06_netre.pdf\" target=\"_blank\" rel=\"noopener noreferrer\"><\/a><a href=\"https:\/\/semmelweis.hu\/ujsag\/files\/2017\/09\/SE_2017_06_netre.pdf\" target=\"_blank\" rel=\"noopener noreferrer\">A Semmelweis Egyetem hallgat\u00f3inak \u00e9s k\u00f6zalkalmazottainak lapja<\/a><\/p>\n","protected":false},"author":282,"featured_media":0,"parent":1557,"menu_order":0,"comment_status":"closed","ping_status":"closed","template":"","meta":{"_acf_changed":false,"footnotes":""},"categories":[],"tags":[],"class_list":["post-1615","page","type-page","status-publish","hentry"],"acf":[],"_links":{"self":[{"href":"https:\/\/semmelweis.hu\/klinikai-korelettan\/wp-json\/wp\/v2\/pages\/1615","targetHints":{"allow":["GET"]}}],"collection":[{"href":"https:\/\/semmelweis.hu\/klinikai-korelettan\/wp-json\/wp\/v2\/pages"}],"about":[{"href":"https:\/\/semmelweis.hu\/klinikai-korelettan\/wp-json\/wp\/v2\/types\/page"}],"author":[{"embeddable":true,"href":"https:\/\/semmelweis.hu\/klinikai-korelettan\/wp-json\/wp\/v2\/users\/282"}],"replies":[{"embeddable":true,"href":"https:\/\/semmelweis.hu\/klinikai-korelettan\/wp-json\/wp\/v2\/comments?post=1615"}],"version-history":[{"count":10,"href":"https:\/\/semmelweis.hu\/klinikai-korelettan\/wp-json\/wp\/v2\/pages\/1615\/revisions"}],"predecessor-version":[{"id":2336,"href":"https:\/\/semmelweis.hu\/klinikai-korelettan\/wp-json\/wp\/v2\/pages\/1615\/revisions\/2336"}],"up":[{"embeddable":true,"href":"https:\/\/semmelweis.hu\/klinikai-korelettan\/wp-json\/wp\/v2\/pages\/1557"}],"wp:attachment":[{"href":"https:\/\/semmelweis.hu\/klinikai-korelettan\/wp-json\/wp\/v2\/media?parent=1615"}],"wp:term":[{"taxonomy":"category","embeddable":true,"href":"https:\/\/semmelweis.hu\/klinikai-korelettan\/wp-json\/wp\/v2\/categories?post=1615"},{"taxonomy":"post_tag","embeddable":true,"href":"https:\/\/semmelweis.hu\/klinikai-korelettan\/wp-json\/wp\/v2\/tags?post=1615"}],"curies":[{"name":"wp","href":"https:\/\/api.w.org\/{rel}","templated":true}]}}