{"id":67,"date":"2025-11-13T08:47:25","date_gmt":"2025-11-13T07:47:25","guid":{"rendered":"https:\/\/semmelweis.hu\/klasz\/?page_id=67"},"modified":"2025-11-14T09:13:05","modified_gmt":"2025-11-14T08:13:05","slug":"nemzetkozi-projektek","status":"publish","type":"page","link":"https:\/\/semmelweis.hu\/klasz\/nemzetkozi-projektek\/","title":{"rendered":"Nemzetk\u00f6zi projektek"},"content":{"rendered":"<p><span style=\"font-size: 12pt;\"><img loading=\"lazy\" decoding=\"async\" class=\"wp-image-72 alignleft\" src=\"https:\/\/semmelweis.hu\/klasz\/files\/2025\/11\/OHDSI-logo-400x101.png\" alt=\"OHDSI logo\" width=\"261\" height=\"66\" srcset=\"https:\/\/semmelweis.hu\/klasz\/files\/2025\/11\/OHDSI-logo-400x101.png 400w, https:\/\/semmelweis.hu\/klasz\/files\/2025\/11\/OHDSI-logo.png 446w\" sizes=\"auto, (max-width: 261px) 100vw, 261px\" \/><\/span><\/p>\n<p style=\"text-align: justify;\"><span style=\"font-size: 14pt;\">Az <strong>Observational Health Data Sciences and Informatics (OHDSI)<\/strong> egy\u00fcttm\u0171k\u00f6d\u00e9s egy olyan interdiszciplin\u00e1ris kollaborat\u00edv k\u00f6z\u00f6ss\u00e9g \u00e9s h\u00e1l\u00f3zat, amely <strong>\u00f6sszek\u00f6ti a megfigyel\u00e9si adatokat<\/strong>\u00a0tartalmaz\u00f3<strong> adatb\u00e1zisokat, az adathasznos\u00edt\u00f3 szakembereket \u00e9s lehet\u0151s\u00e9get biztos\u00edt nagyszab\u00e1s\u00fa eg\u00e9szs\u00e9g\u00fcgyi adatokra alapozott elemz\u00e9sek megval\u00f3s\u00edt\u00e1s\u00e1ra<\/strong>. A k\u00f6z\u00f6ss\u00e9g a k\u00fcl\u00f6nb\u00f6z\u0151 adatforr\u00e1sok felhaszn\u00e1l\u00e1s\u00e1b\u00f3l ad\u00f3d\u00f3 probl\u00e9m\u00e1kat az adatok strukt\u00far\u00e1j\u00e1nak, tartalm\u00e1nak, szemantik\u00e1j\u00e1nak standardiz\u00e1l\u00e1sa \u00e1ltal, az <strong><a href=\"https:\/\/www.ohdsi.org\/data-standardization\/\">OMOP Common Data Model<\/a> <\/strong>felhaszn\u00e1l\u00e1s\u00e1val val\u00f3s\u00edtja meg.\u00a0<\/span><\/p>\n<p style=\"text-align: justify;\"><strong><span style=\"font-size: 14pt;\">Weboldal: <a href=\"https:\/\/www.ohdsi.org\/\" target=\"_blank\" rel=\"noopener\">https:\/\/www.ohdsi.org\/\u00a0<\/a><\/span><\/strong><\/p>\n<hr \/>\n<p><span style=\"font-weight: 400; font-size: 12pt;\"><img loading=\"lazy\" decoding=\"async\" class=\"wp-image-66 alignleft\" src=\"https:\/\/semmelweis.hu\/klasz\/files\/2025\/11\/logo-2-400x115.png\" alt=\"EHDEN-logo\" width=\"250\" height=\"72\" srcset=\"https:\/\/semmelweis.hu\/klasz\/files\/2025\/11\/logo-2-400x115.png 400w, https:\/\/semmelweis.hu\/klasz\/files\/2025\/11\/logo-2-768x220.png 768w, https:\/\/semmelweis.hu\/klasz\/files\/2025\/11\/logo-2-753x216.png 753w, https:\/\/semmelweis.hu\/klasz\/files\/2025\/11\/logo-2.png 1000w\" sizes=\"auto, (max-width: 250px) 100vw, 250px\" \/><\/span><\/p>\n<p style=\"text-align: justify;\"><span style=\"font-weight: 400; font-size: 14pt;\">A <strong>European Health Data &amp; Evidence Network (EHDEN)<\/strong> a Horizon 2020 program \u00e9s az Eur\u00f3pai Gy\u00f3gyszeripari Szerepl\u0151k \u00e9s Egyes\u00fcletek Sz\u00f6vets\u00e9ge (European Federation of Pharmaceutical Industries and Associations, EFPIA) t\u00e1rsfinansz\u00edroz\u00e1s\u00e1val l\u00e9trehozott projektk\u00e9nt indult el. <strong>A projektben r\u00e9sztvev\u0151 szerepl\u0151k megval\u00f3s\u00edtott\u00e1k az eg\u00e9szs\u00e9g\u00fcgyi adatok OMOP CDM-hez val\u00f3 mappel\u00e9s\u00e9t<\/strong>. Ennek k\u00f6sz\u00f6nhet\u0151en lehet\u0151s\u00e9g ny\u00edlt fenntarthat\u00f3, nyitott keretek k\u00f6z\u00f6tt eg\u00e9szs\u00e9g\u00fcgyi adatokra \u00e9p\u00fcl\u0151 tudom\u00e1nyos egy\u00fcttm\u0171k\u00f6d\u00e9sek megval\u00f3s\u00edt\u00e1s\u00e1ra. Az egy\u00fcttm\u0171k\u00f6d\u00e9snek k\u00f6sz\u00f6nhet\u0151en l\u00e9trej\u00f6tt az <strong><a href=\"https:\/\/ohdsi-europe.org\/index.php\/national-nodes\/hungary\">OHDSI National Node Hungary. <\/a><\/strong><\/span><\/p>\n<p style=\"text-align: justify;\"><strong><span style=\"font-size: 14pt;\">Weboldal: <a href=\"https:\/\/www.ehden.eu\/\" target=\"_blank\" rel=\"noopener\">https:\/\/www.ehden.eu<\/a><\/span><\/strong><\/p>\n<hr \/>\n<p><span style=\"font-size: 12pt;\"><img loading=\"lazy\" decoding=\"async\" class=\"wp-image-75 alignleft\" src=\"https:\/\/semmelweis.hu\/klasz\/files\/2025\/11\/darwin-logo.png\" alt=\"DARWIN EU\u00ae logo\" width=\"251\" height=\"120\" \/><\/span><\/p>\n<p style=\"text-align: justify;\"><span style=\"font-weight: 400; font-size: 14pt;\">A <strong>Data Analysis and Real World Interrogation Network (DARWIN EU<sup>\u00ae<\/sup>)<\/strong> az Eur\u00f3pai Gy\u00f3gyszer\u00fcgyn\u00f6ks\u00e9g \u00e1ltal l\u00e9trehozott kutat\u00e1si h\u00e1l\u00f3zat, amelynek c\u00e9lja, hogy <strong>megb\u00edzhat\u00f3 t\u00e9nyekre alapozva, val\u00f3s id\u0151ben szolg\u00e1ltasson inform\u00e1ci\u00f3t az emberi felhaszn\u00e1l\u00e1s\u00fa gy\u00f3gyszerek haszn\u00e1lat\u00e1r\u00f3l, biztons\u00e1g\u00e1r\u00f3l \u00e9s hat\u00e9konys\u00e1g\u00e1r\u00f3l.<\/strong> A kezdem\u00e9nyez\u00e9sben Int\u00e9zet\u00fcnk adatpartnerk\u00e9nt vesz r\u00e9szt.\u00a0<\/span><\/p>\n<p style=\"text-align: justify;\"><strong><span style=\"font-size: 14pt;\">Weboldal: <a href=\"https:\/\/www.darwin-eu.org\" target=\"_blank\" rel=\"noopener\">https:\/\/www.darwin-eu.org\/<\/a><\/span><\/strong><\/p>\n<hr \/>\n<p style=\"text-align: justify;\"><img loading=\"lazy\" decoding=\"async\" class=\"wp-image-122 alignleft\" src=\"https:\/\/semmelweis.hu\/klasz\/files\/2025\/11\/daibetes-150x150.jpg\" alt=\"\" width=\"251\" height=\"251\" srcset=\"https:\/\/semmelweis.hu\/klasz\/files\/2025\/11\/daibetes-150x150.jpg 150w, https:\/\/semmelweis.hu\/klasz\/files\/2025\/11\/daibetes-400x398.jpg 400w, https:\/\/semmelweis.hu\/klasz\/files\/2025\/11\/daibetes.jpg 746w\" sizes=\"auto, (max-width: 251px) 100vw, 251px\" \/><span style=\"font-size: 14pt;\">A\u00a0<span style=\"font-weight: bolder;\">dAIbetes projekt<\/span>\u00a0feder\u00e1lt tanul\u00e1s alkalmaz\u00e1s\u00e1val egy feder\u00e1lt eg\u00e9szs\u00e9g\u00fcgyi platformot hoz l\u00e9tre, amelynek c\u00e9lja, hogy a\u00a0<span style=\"font-weight: bolder;\">2-es t\u00edpus\u00fa diab\u00e9tesz eset\u00e9ben hozzon l\u00e9tre virtu\u00e1lis iker modelleket\u00a0a szem\u00e9lyre-szabott kezel\u00e9si perdikci\u00f3k, szem\u00e9lyre szabott betegs\u00e9gmenedzsment \u00e9rdek\u00e9ben. Erre az infrastrukt\u00far\u00e1ra \u00e9p\u00edtve m\u00e1s komplex betegs\u00e9gek is megk\u00f6zel\u00edthet\u0151k. <\/span><\/span><\/p>\n<p style=\"text-align: justify;\"><strong><span style=\"font-size: 14pt;\">Weboldal:\u00a0<a href=\"https:\/\/daibetes.eu\" target=\"_blank\" rel=\"noopener\">https:\/\/daibetes.eu\/<\/a><\/span><\/strong><\/p>\n","protected":false},"excerpt":{"rendered":"<p>Az Observational Health Data Sciences and Informatics (OHDSI) egy\u00fcttm\u0171k\u00f6d\u00e9s egy olyan interdiszciplin\u00e1ris kollaborat\u00edv k\u00f6z\u00f6ss\u00e9g \u00e9s h\u00e1l\u00f3zat, amely \u00f6sszek\u00f6ti a megfigyel\u00e9si adatokat\u00a0tartalmaz\u00f3 adatb\u00e1zisokat, az adathasznos\u00edt\u00f3 szakembereket \u00e9s lehet\u0151s\u00e9get biztos\u00edt nagyszab\u00e1s\u00fa eg\u00e9szs\u00e9g\u00fcgyi adatokra alapozott elemz\u00e9sek megval\u00f3s\u00edt\u00e1s\u00e1ra. A k\u00f6z\u00f6ss\u00e9g a k\u00fcl\u00f6nb\u00f6z\u0151 adatforr\u00e1sok felhaszn\u00e1l\u00e1s\u00e1b\u00f3l ad\u00f3d\u00f3 probl\u00e9m\u00e1kat az adatok strukt\u00far\u00e1j\u00e1nak, tartalm\u00e1nak, szemantik\u00e1j\u00e1nak standardiz\u00e1l\u00e1sa \u00e1ltal, az <a href=\"https:\/\/www.ohdsi.org\/data-standardization\/\">OMOP Common Data Model<\/a> felhaszn\u00e1l\u00e1s\u00e1val val\u00f3s\u00edtja meg.\u00a0 Weboldal: <a href=\"https:\/\/www.ohdsi.org\/\" target=\"_blank\" rel=\"noopener\">https:\/\/www.ohdsi.org\/\u00a0<\/a> A &hellip;<\/p>\n","protected":false},"author":102522,"featured_media":0,"parent":0,"menu_order":3,"comment_status":"closed","ping_status":"closed","template":"","meta":{"_acf_changed":false,"footnotes":""},"categories":[3],"tags":[],"class_list":["post-67","page","type-page","status-publish","hentry","category-csempe"],"acf":[],"_links":{"self":[{"href":"https:\/\/semmelweis.hu\/klasz\/wp-json\/wp\/v2\/pages\/67","targetHints":{"allow":["GET"]}}],"collection":[{"href":"https:\/\/semmelweis.hu\/klasz\/wp-json\/wp\/v2\/pages"}],"about":[{"href":"https:\/\/semmelweis.hu\/klasz\/wp-json\/wp\/v2\/types\/page"}],"author":[{"embeddable":true,"href":"https:\/\/semmelweis.hu\/klasz\/wp-json\/wp\/v2\/users\/102522"}],"replies":[{"embeddable":true,"href":"https:\/\/semmelweis.hu\/klasz\/wp-json\/wp\/v2\/comments?post=67"}],"version-history":[{"count":10,"href":"https:\/\/semmelweis.hu\/klasz\/wp-json\/wp\/v2\/pages\/67\/revisions"}],"predecessor-version":[{"id":151,"href":"https:\/\/semmelweis.hu\/klasz\/wp-json\/wp\/v2\/pages\/67\/revisions\/151"}],"wp:attachment":[{"href":"https:\/\/semmelweis.hu\/klasz\/wp-json\/wp\/v2\/media?parent=67"}],"wp:term":[{"taxonomy":"category","embeddable":true,"href":"https:\/\/semmelweis.hu\/klasz\/wp-json\/wp\/v2\/categories?post=67"},{"taxonomy":"post_tag","embeddable":true,"href":"https:\/\/semmelweis.hu\/klasz\/wp-json\/wp\/v2\/tags?post=67"}],"curies":[{"name":"wp","href":"https:\/\/api.w.org\/{rel}","templated":true}]}}