{"id":6,"date":"2025-08-13T06:09:38","date_gmt":"2025-08-13T04:09:38","guid":{"rendered":"https:\/\/semmelweis.hu\/klasz\/?page_id=6"},"modified":"2025-11-21T08:24:15","modified_gmt":"2025-11-21T07:24:15","slug":"elerhetoseg","status":"publish","type":"page","link":"https:\/\/semmelweis.hu\/klasz\/elerhetoseg\/","title":{"rendered":"El\u00e9rhet\u0151s\u00e9g"},"content":{"rendered":"<h4><strong>EL\u00c9RHET\u0150S\u00c9G<\/strong><\/h4>\n<p><strong>C\u00edm:<\/strong> Budapest, Baross u 52. 1085<\/p>\n<p><strong>Email:<\/strong> <a href=\"mailto:klasz@semmelweis.hu\">klasz@semmelweis.hu<\/a><\/p>\n<p><strong>K\u00f6z\u00f6ss\u00e9gi m\u00e9dia:<\/strong><a href=\"https:\/\/www.linkedin.com\/company\/institute-for-clinical-data-managament\/about\/\"><img loading=\"lazy\" decoding=\"async\" class=\"alignnone wp-image-82\" src=\"https:\/\/semmelweis.hu\/klasz\/files\/2025\/11\/linkedin-logo-150x150.png\" alt=\"LinkedIn logo\" width=\"22\" height=\"22\" srcset=\"https:\/\/semmelweis.hu\/klasz\/files\/2025\/11\/linkedin-logo-150x150.png 150w, https:\/\/semmelweis.hu\/klasz\/files\/2025\/11\/linkedin-logo-400x400.png 400w, https:\/\/semmelweis.hu\/klasz\/files\/2025\/11\/linkedin-logo-1024x1024.png 1024w, https:\/\/semmelweis.hu\/klasz\/files\/2025\/11\/linkedin-logo-768x768.png 768w, https:\/\/semmelweis.hu\/klasz\/files\/2025\/11\/linkedin-logo-1536x1536.png 1536w, https:\/\/semmelweis.hu\/klasz\/files\/2025\/11\/linkedin-logo-753x753.png 753w, https:\/\/semmelweis.hu\/klasz\/files\/2025\/11\/linkedin-logo.png 2048w\" sizes=\"auto, (max-width: 22px) 100vw, 22px\" \/><\/a><\/p>\n<p><iframe loading=\"lazy\" style=\"border: 0;\" src=\"https:\/\/www.google.com\/maps\/embed?pb=!1m18!1m12!1m3!1d10784.079738171142!2d19.057140330237097!3d47.48952502175151!2m3!1f0!2f0!3f0!3m2!1i1024!2i768!4f13.1!3m3!1m2!1s0x4741ddd2810dea85%3A0x21301e92723bbe2e!2sB%2052%20irodah%C3%A1z!5e0!3m2!1shu!2shu!4v1763108147946!5m2!1shu!2shu\" width=\"100%\" height=\"450\" allowfullscreen=\"allowfullscreen\"><span data-mce-type=\"bookmark\" style=\"display: inline-block; width: 0px; overflow: hidden; line-height: 0;\" class=\"mce_SELRES_start\">\ufeff<\/span><\/iframe><\/p>\n","protected":false},"excerpt":{"rendered":"<p>EL\u00c9RHET\u0150S\u00c9G<br \/>\nC\u00edm: Budapest, Baross u 52. 1085<br \/>\nEmail: <a href=\"mailto:klasz@semmelweis.hu\">klasz@semmelweis.hu<\/a><br \/>\nK\u00f6z\u00f6ss\u00e9gi m\u00e9dia:<a href=\"https:\/\/www.linkedin.com\/company\/institute-for-clinical-data-managament\/about\/\"><\/a><br \/>\n\ufeff<\/p>\n","protected":false},"author":102484,"featured_media":0,"parent":0,"menu_order":8,"comment_status":"closed","ping_status":"closed","template":"","meta":{"_acf_changed":false,"footnotes":""},"categories":[3],"tags":[],"class_list":["post-6","page","type-page","status-publish","hentry","category-csempe"],"acf":[],"_links":{"self":[{"href":"https:\/\/semmelweis.hu\/klasz\/wp-json\/wp\/v2\/pages\/6","targetHints":{"allow":["GET"]}}],"collection":[{"href":"https:\/\/semmelweis.hu\/klasz\/wp-json\/wp\/v2\/pages"}],"about":[{"href":"https:\/\/semmelweis.hu\/klasz\/wp-json\/wp\/v2\/types\/page"}],"author":[{"embeddable":true,"href":"https:\/\/semmelweis.hu\/klasz\/wp-json\/wp\/v2\/users\/102484"}],"replies":[{"embeddable":true,"href":"https:\/\/semmelweis.hu\/klasz\/wp-json\/wp\/v2\/comments?post=6"}],"version-history":[{"count":9,"href":"https:\/\/semmelweis.hu\/klasz\/wp-json\/wp\/v2\/pages\/6\/revisions"}],"predecessor-version":[{"id":165,"href":"https:\/\/semmelweis.hu\/klasz\/wp-json\/wp\/v2\/pages\/6\/revisions\/165"}],"wp:attachment":[{"href":"https:\/\/semmelweis.hu\/klasz\/wp-json\/wp\/v2\/media?parent=6"}],"wp:term":[{"taxonomy":"category","embeddable":true,"href":"https:\/\/semmelweis.hu\/klasz\/wp-json\/wp\/v2\/categories?post=6"},{"taxonomy":"post_tag","embeddable":true,"href":"https:\/\/semmelweis.hu\/klasz\/wp-json\/wp\/v2\/tags?post=6"}],"curies":[{"name":"wp","href":"https:\/\/api.w.org\/{rel}","templated":true}]}}