{"id":56,"date":"2025-11-06T13:58:01","date_gmt":"2025-11-06T12:58:01","guid":{"rendered":"https:\/\/semmelweis.hu\/klasz\/?page_id=56"},"modified":"2025-12-02T16:54:03","modified_gmt":"2025-12-02T15:54:03","slug":"adatvedelem","status":"publish","type":"page","link":"https:\/\/semmelweis.hu\/klasz\/rolunk\/adatvedelem\/","title":{"rendered":"Adatv\u00e9delem"},"content":{"rendered":"<div class=\"keretes w-100\">\n<h6>Adatkezel\u00e9si t\u00e1j\u00e9koztat\u00f3 az adatkezel\u00e9sek \u00e1ltal \u00e9rintett szem\u00e9lyek r\u00e9sz\u00e9re a Semmelweis Egyetem Klinikai Adatszolg\u00e1ltat\u00f3 Int\u00e9zet (KLASZ) \u00e1ltal v\u00e9gzett szem\u00e9lyes adatkezel\u00e9sekr\u0151l.<\/h6>\n<\/div>\n<p>Klinikai Adatszolg\u00e1ltat\u00f3 Int\u00e9zet &#8211; <a href=\"https:\/\/semmelweis.hu\/klasz\/files\/2025\/12\/Adatkezelesi-tajekoztato_honlap.pdf\">Adatkezel\u00e9si t\u00e1j\u00e9koztat\u00f3<\/a><\/p>\n<p>Klinikai Adatszolg\u00e1ltat\u00f3 Int\u00e9zet feladataival \u00f6sszef\u00fcgg\u0151 adatkezel\u00e9sek &#8211; <a href=\"https:\/\/semmelweis.hu\/klasz\/files\/2025\/12\/Adatkezelesi-nyilvantartas_KLASZ.xlsx\">Adatkezel\u00e9si nyilv\u00e1ntart\u00e1s<\/a>\u00a0<\/p>\n<p>&nbsp;<\/p>\n","protected":false},"excerpt":{"rendered":"<p>Adatkezel\u00e9si t\u00e1j\u00e9koztat\u00f3 az adatkezel\u00e9sek \u00e1ltal \u00e9rintett szem\u00e9lyek r\u00e9sz\u00e9re a Semmelweis Egyetem Klinikai Adatszolg\u00e1ltat\u00f3 Int\u00e9zet (KLASZ) \u00e1ltal v\u00e9gzett szem\u00e9lyes adatkezel\u00e9sekr\u0151l.<\/p>\n<p>Klinikai Adatszolg\u00e1ltat\u00f3 Int\u00e9zet &#8211; <a href=\"https:\/\/semmelweis.hu\/klasz\/files\/2025\/12\/Adatkezelesi-tajekoztato_honlap.pdf\">Adatkezel\u00e9si t\u00e1j\u00e9koztat\u00f3<\/a><br \/>\nKlinikai Adatszolg\u00e1ltat\u00f3 Int\u00e9zet feladataival \u00f6sszef\u00fcgg\u0151 adatkezel\u00e9sek &#8211; <a href=\"https:\/\/semmelweis.hu\/klasz\/files\/2025\/12\/Adatkezelesi-nyilvantartas_KLASZ.xlsx\">Adatkezel\u00e9si nyilv\u00e1ntart\u00e1s<\/a>\u00a0<br \/>\n&nbsp;<\/p>\n","protected":false},"author":102522,"featured_media":0,"parent":4,"menu_order":2,"comment_status":"closed","ping_status":"closed","template":"template-fullwidth.php","meta":{"_acf_changed":false,"footnotes":""},"categories":[],"tags":[],"class_list":["post-56","page","type-page","status-publish","hentry"],"acf":[],"_links":{"self":[{"href":"https:\/\/semmelweis.hu\/klasz\/wp-json\/wp\/v2\/pages\/56","targetHints":{"allow":["GET"]}}],"collection":[{"href":"https:\/\/semmelweis.hu\/klasz\/wp-json\/wp\/v2\/pages"}],"about":[{"href":"https:\/\/semmelweis.hu\/klasz\/wp-json\/wp\/v2\/types\/page"}],"author":[{"embeddable":true,"href":"https:\/\/semmelweis.hu\/klasz\/wp-json\/wp\/v2\/users\/102522"}],"replies":[{"embeddable":true,"href":"https:\/\/semmelweis.hu\/klasz\/wp-json\/wp\/v2\/comments?post=56"}],"version-history":[{"count":10,"href":"https:\/\/semmelweis.hu\/klasz\/wp-json\/wp\/v2\/pages\/56\/revisions"}],"predecessor-version":[{"id":184,"href":"https:\/\/semmelweis.hu\/klasz\/wp-json\/wp\/v2\/pages\/56\/revisions\/184"}],"up":[{"embeddable":true,"href":"https:\/\/semmelweis.hu\/klasz\/wp-json\/wp\/v2\/pages\/4"}],"wp:attachment":[{"href":"https:\/\/semmelweis.hu\/klasz\/wp-json\/wp\/v2\/media?parent=56"}],"wp:term":[{"taxonomy":"category","embeddable":true,"href":"https:\/\/semmelweis.hu\/klasz\/wp-json\/wp\/v2\/categories?post=56"},{"taxonomy":"post_tag","embeddable":true,"href":"https:\/\/semmelweis.hu\/klasz\/wp-json\/wp\/v2\/tags?post=56"}],"curies":[{"name":"wp","href":"https:\/\/api.w.org\/{rel}","templated":true}]}}