{"id":4,"date":"2025-08-14T11:09:17","date_gmt":"2025-08-14T09:09:17","guid":{"rendered":"https:\/\/semmelweis.hu\/klasz\/?page_id=4"},"modified":"2025-11-14T09:12:09","modified_gmt":"2025-11-14T08:12:09","slug":"rolunk","status":"publish","type":"page","link":"https:\/\/semmelweis.hu\/klasz\/rolunk\/","title":{"rendered":"A Klinikai Adatszolg\u00e1ltat\u00f3 Int\u00e9zet bemutat\u00e1sa"},"content":{"rendered":"<p style=\"text-align: justify;\" data-start=\"50\" data-end=\"457\"><strong data-start=\"50\" data-end=\"88\">A Klinikai Adatszolg\u00e1ltat\u00f3 Int\u00e9zet<\/strong> els\u0151dleges feladata a klinikai munkafolyamatok sor\u00e1n keletkez\u0151, k\u00fcl\u00f6nb\u00f6z\u0151 informatikai rendszerekben t\u00e1rolt adatok rendszerez\u00e9se \u00e9s <a href=\"https:\/\/semmelweis.hu\/klasz\/szolgaltatasok\">adatt\u00e1rh\u00e1zba<\/a> rendez\u00e9se, k\u00fcl\u00f6n\u00f6s tekintettel a MedSolution rendszer adataira. Az \u00edgy l\u00e9trehozott, egys\u00e9ges \u00e9s nagy kapacit\u00e1s\u00fa adatb\u00e1zis megb\u00edzhat\u00f3 alapot biztos\u00edt a legk\u00fcl\u00f6nb\u00f6z\u0151bb klinikai kutat\u00e1sokhoz \u00e9s nemzetk\u00f6zi egy\u00fcttm\u0171k\u00f6d\u00e9sekhez.<\/p>\n<p style=\"text-align: justify;\" data-start=\"50\" data-end=\"457\">Tev\u00e9kenys\u00e9geink k\u00f6z\u00e9 tartozik tov\u00e1bb\u00e1 a <a href=\"https:\/\/semmelweis.hu\/klasz\/szolgaltatasok\">struktur\u00e1lt adatgy\u0171jt\u0151 \u00e9s leletez\u0151<\/a> alkalmaz\u00e1s (Biobank) \u00e9s a <a href=\"https:\/\/semmelweis.hu\/klasz\/szolgaltatasok\">transzplant\u00e1ci\u00f3s refer\u00e1l\u00f3 rendszer<\/a> (TIMM) \u00fczemeltet\u00e9se is. \u00d6n\u00e1ll\u00f3 orvosi \u00e9s informatikai kutat\u00e1saink keret\u00e9ben val\u00f3di betegell\u00e1t\u00e1si adatokat felhaszn\u00e1l\u00f3 vizsg\u00e1latokkal, adatorient\u00e1lt klinikai adatgy\u0171jt\u0151 \u00e9s leletez\u0151 rendszerek fejleszt\u00e9s\u00e9vel foglalkozunk.<\/p>\n<p data-start=\"50\" data-end=\"457\"><script type=\"text\/javascript\" src=\"https:\/\/semmelweis.hu\/klasz\/wp-content\/themes\/se18\/dist\/scripts\/carousel.js\"><\/script>    <section class=\"post-cards shortcode-wrapper\">\r\n        <div id=\"news-container\" class=\" d-none d-sm-flex flex-column  full-width-post-cards-shortcode-card news-container-for-card-code\" style=\"\">\r\n                            <div class=\"section-row row mt-0  pr-normal mx-0\">\r\n                    <div class=\"col-auto section-title\">\r\n                        <h2>Kapcsol\u00f3d\u00f3 oldalaink<\/h2>\r\n                    <\/div>\r\n                <\/div>\r\n\r\n            \r\n            <div class=\"row card-row my-2 pt-3 pb-0 mx-0 w-100 \">\r\n               \r\n                \ufeff\r\n    <div class=\"card-format col col-12 col-md-4 col-lg-4 pl-1 pl-md-0 pr-1 pr-md-2 mb-2\">\r\n        <a class=\"d-block w-100\"  href=\"https:\/\/semmelweis.hu\/klasz\/szolgaltatasok\/\">\r\n      <!--  <a class=\"d-block w-100\" target=\"_blank\" href=\" \"> -->\r\n            <div class=\"card\">\r\n                \r\n                <div class=\"card-body\">\r\n                    <div class=\"card-date text-uppercase  d-none  \">\r\n                                                    <h5><span class=\"font-weight-normal\">2025. <\/span>november 13.<\/h5>\r\n                                            <\/div>\r\n                    <div class=\"card-title\">\r\n                        <h3 class=\"mt-2 entry-title\">Szolg\u00e1ltat\u00e1sok<\/h3>\r\n                    <\/div>\r\n                    <style>\r\n                        .card-text-inside{\r\n                                                 display: -webkit-box;\r\n                    -webkit-line-clamp: 4;\r\n                    -webkit-box-orient: vertical;\r\n                     overflow:hidden;\r\n                     text-overflow: ellipsis;\r\n                        }\r\n                        <\/style>\r\n                                    <\/div>\r\n            <\/div>\r\n        <\/a>\r\n    <\/div>\r\n\r\n\r\n\ufeff\r\n    <div class=\"card-format col col-12 col-md-4 col-lg-4 pl-1 pl-md-0 pr-1 pr-md-2 mb-2\">\r\n        <a class=\"d-block w-100\"  href=\"https:\/\/semmelweis.hu\/klasz\/kutatasok\/\">\r\n      <!--  <a class=\"d-block w-100\" target=\"_blank\" href=\" \"> -->\r\n            <div class=\"card\">\r\n                \r\n                <div class=\"card-body\">\r\n                    <div class=\"card-date text-uppercase  d-none  \">\r\n                                                    <h5><span class=\"font-weight-normal\">2025. <\/span>november 13.<\/h5>\r\n                                            <\/div>\r\n                    <div class=\"card-title\">\r\n                        <h3 class=\"mt-2 entry-title\">Kutat\u00e1sok<\/h3>\r\n                    <\/div>\r\n                    <style>\r\n                        .card-text-inside{\r\n                                                 display: -webkit-box;\r\n                    -webkit-line-clamp: 4;\r\n                    -webkit-box-orient: vertical;\r\n                     overflow:hidden;\r\n                     text-overflow: ellipsis;\r\n                        }\r\n                        <\/style>\r\n                                    <\/div>\r\n            <\/div>\r\n        <\/a>\r\n    <\/div>\r\n\r\n\r\n\ufeff\r\n    <div class=\"card-format col col-12 col-md-4 col-lg-4 pl-1 pl-md-0 pr-1 pr-md-2 mb-2\">\r\n        <a class=\"d-block w-100\"  href=\"https:\/\/semmelweis.hu\/klasz\/nemzetkozi-projektek\/\">\r\n      <!--  <a class=\"d-block w-100\" target=\"_blank\" href=\" \"> -->\r\n            <div class=\"card\">\r\n                \r\n                <div class=\"card-body\">\r\n                    <div class=\"card-date text-uppercase  d-none  \">\r\n                                                    <h5><span class=\"font-weight-normal\">2025. <\/span>november 13.<\/h5>\r\n                                            <\/div>\r\n                    <div class=\"card-title\">\r\n                        <h3 class=\"mt-2 entry-title\">Nemzetk\u00f6zi projektek<\/h3>\r\n                    <\/div>\r\n                    <style>\r\n                        .card-text-inside{\r\n                                                 display: -webkit-box;\r\n                    -webkit-line-clamp: 4;\r\n                    -webkit-box-orient: vertical;\r\n                     overflow:hidden;\r\n                     text-overflow: ellipsis;\r\n                        }\r\n                        <\/style>\r\n                                    <\/div>\r\n            <\/div>\r\n        <\/a>\r\n    <\/div>\r\n\r\n\r\n\ufeff\r\n    <div class=\"card-format col col-12 col-md-4 col-lg-4 pl-1 pl-md-0 pr-1 pr-md-2 mb-2\">\r\n        <a class=\"d-block w-100\"  href=\"https:\/\/semmelweis.hu\/klasz\/phd\/\">\r\n      <!--  <a class=\"d-block w-100\" target=\"_blank\" href=\" \"> -->\r\n            <div class=\"card\">\r\n                \r\n                <div class=\"card-body\">\r\n                    <div class=\"card-date text-uppercase  d-none  \">\r\n                                                    <h5><span class=\"font-weight-normal\">2025. <\/span>november 13.<\/h5>\r\n                                            <\/div>\r\n                    <div class=\"card-title\">\r\n                        <h3 class=\"mt-2 entry-title\">PhD<\/h3>\r\n                    <\/div>\r\n                    <style>\r\n                        .card-text-inside{\r\n                                                 display: -webkit-box;\r\n                    -webkit-line-clamp: 4;\r\n                    -webkit-box-orient: vertical;\r\n                     overflow:hidden;\r\n                     text-overflow: ellipsis;\r\n                        }\r\n                        <\/style>\r\n                                    <\/div>\r\n            <\/div>\r\n        <\/a>\r\n    <\/div>\r\n\r\n\r\n\ufeff\r\n    <div class=\"card-format col col-12 col-md-4 col-lg-4 pl-1 pl-md-0 pr-1 pr-md-2 mb-2\">\r\n        <a class=\"d-block w-100\"  href=\"https:\/\/semmelweis.hu\/klasz\/rolunk\/munkatarsaink\/\">\r\n      <!--  <a class=\"d-block w-100\" target=\"_blank\" href=\" \"> -->\r\n            <div class=\"card\">\r\n                \r\n                <div class=\"card-body\">\r\n                    <div class=\"card-date text-uppercase  d-none  \">\r\n                                                    <h5><span class=\"font-weight-normal\">2025. <\/span>okt\u00f3ber 29.<\/h5>\r\n                                            <\/div>\r\n                    <div class=\"card-title\">\r\n                        <h3 class=\"mt-2 entry-title\">Munkat\u00e1rsaink<\/h3>\r\n                    <\/div>\r\n                    <style>\r\n                        .card-text-inside{\r\n                                                 display: -webkit-box;\r\n                    -webkit-line-clamp: 4;\r\n                    -webkit-box-orient: vertical;\r\n                     overflow:hidden;\r\n                     text-overflow: ellipsis;\r\n                        }\r\n                        <\/style>\r\n                                    <\/div>\r\n            <\/div>\r\n        <\/a>\r\n    <\/div>\r\n\r\n\r\n\ufeff\r\n    <div class=\"card-format col col-12 col-md-4 col-lg-4 pl-1 pl-md-0 pr-1 pr-md-2 mb-2\">\r\n        <a class=\"d-block w-100\"  href=\"https:\/\/semmelweis.hu\/klasz\/elerhetoseg\/\">\r\n      <!--  <a class=\"d-block w-100\" target=\"_blank\" href=\" \"> -->\r\n            <div class=\"card\">\r\n                \r\n                <div class=\"card-body\">\r\n                    <div class=\"card-date text-uppercase  d-none  \">\r\n                                                    <h5><span class=\"font-weight-normal\">2025. <\/span>augusztus 13.<\/h5>\r\n                                            <\/div>\r\n                    <div class=\"card-title\">\r\n                        <h3 class=\"mt-2 entry-title\">El\u00e9rhet\u0151s\u00e9g<\/h3>\r\n                    <\/div>\r\n                    <style>\r\n                        .card-text-inside{\r\n                                                 display: -webkit-box;\r\n                    -webkit-line-clamp: 4;\r\n                    -webkit-box-orient: vertical;\r\n                     overflow:hidden;\r\n                     text-overflow: ellipsis;\r\n                        }\r\n                        <\/style>\r\n                                    <\/div>\r\n            <\/div>\r\n        <\/a>\r\n    <\/div>\r\n\r\n\r\n                \r\n            <\/div>\r\n        <\/div>\r\n\r\n                                <div class=\"section-row row mt-0  pr-normal mx-0 d-md-none\">\r\n                    <div class=\"col-auto section-title\">\r\n                        <h2>Kapcsol\u00f3d\u00f3 oldalaink<\/h2>\r\n                    <\/div>\r\n                <\/div>\r\n                        <div class=\"post-slide-hirek row px-0\">\r\n            <style>\r\n                .post-slide-hirek .owl-nav button {\r\n                    margin: 0px !important;\r\n                    height: 100% !important;\r\n                }\r\n\r\n                .card-custom-title {\r\n                    font-size: 17px;\r\n                    line-height: 23px;\r\n                    overflow: hidden;\r\n                    text-overflow: ellipsis;\r\n                    display: -webkit-box;\r\n                    -webkit-line-clamp: 3;\r\n                    -webkit-box-orient: vertical;\r\n                    min-height: 72px;\r\n                }\r\n\r\n                .card-custom-max-h {\r\n                    max-height: 235px !important;\r\n                    object-fit: cover;\r\n                }\r\n\r\n                .post-slide-hirek .owl-item .card-img img {\r\n                    opacity: 1 !important;\r\n                    aspect-ratio: 3\/ 2;\r\n\r\n                }\r\n                .card:has(.card-date:not(.d-none)):not(:has(img)) {\r\n                    margin-top: 20px;\r\n                }\r\n            <\/style>\r\n                            <div class=\"owl-carousel col-12 px-0 mt-2 mb-4 md-md-0 d-sm-none\">\r\n                                            <a class=\"item-1\" href=\"https:\/\/semmelweis.hu\/klasz\/szolgaltatasok\/\">\r\n\r\n                            <div class=\"card-img bg-image\">\r\n                                <img decoding=\"async\" class=\"wp-post-image img-fluid\" src=\"https:\/\/semmelweis.hu\/wp-content\/themes\/se18\/dist\/images\/svg\/bg-image.svg\">                            <\/div>\r\n                            <div class=\"card-title mb-1\">\r\n                                <h3 class=\"mt-0 pt-1 mb-0 px-2 card-custom-title d-flex align-items-center d-md-block\">\r\n                                    <span class=\"entry-title pt-0 pt-md-1\">Szolg\u00e1ltat\u00e1sok                                <\/h3>\r\n                            <\/div>\r\n                            \r\n\r\n                        <\/a>\r\n                                            <a class=\"item-2\" href=\"https:\/\/semmelweis.hu\/klasz\/kutatasok\/\">\r\n\r\n                            <div class=\"card-img bg-image\">\r\n                                <img decoding=\"async\" class=\"wp-post-image img-fluid\" src=\"https:\/\/semmelweis.hu\/wp-content\/themes\/se18\/dist\/images\/svg\/bg-image.svg\">                            <\/div>\r\n                            <div class=\"card-title mb-1\">\r\n                                <h3 class=\"mt-0 pt-1 mb-0 px-2 card-custom-title d-flex align-items-center d-md-block\">\r\n                                    <span class=\"entry-title pt-0 pt-md-1\">Kutat\u00e1sok                                <\/h3>\r\n                            <\/div>\r\n                            \r\n\r\n                        <\/a>\r\n                                            <a class=\"item-3\" href=\"https:\/\/semmelweis.hu\/klasz\/nemzetkozi-projektek\/\">\r\n\r\n                            <div class=\"card-img bg-image\">\r\n                                <img decoding=\"async\" class=\"wp-post-image img-fluid\" src=\"https:\/\/semmelweis.hu\/wp-content\/themes\/se18\/dist\/images\/svg\/bg-image.svg\">                            <\/div>\r\n                            <div class=\"card-title mb-1\">\r\n                                <h3 class=\"mt-0 pt-1 mb-0 px-2 card-custom-title d-flex align-items-center d-md-block\">\r\n                                    <span class=\"entry-title pt-0 pt-md-1\">Nemzetk\u00f6zi projektek                                <\/h3>\r\n                            <\/div>\r\n                            \r\n\r\n                        <\/a>\r\n                                            <a class=\"item-4\" href=\"https:\/\/semmelweis.hu\/klasz\/phd\/\">\r\n\r\n                            <div class=\"card-img bg-image\">\r\n                                <img decoding=\"async\" class=\"wp-post-image img-fluid\" src=\"https:\/\/semmelweis.hu\/wp-content\/themes\/se18\/dist\/images\/svg\/bg-image.svg\">                            <\/div>\r\n                            <div class=\"card-title mb-1\">\r\n                                <h3 class=\"mt-0 pt-1 mb-0 px-2 card-custom-title d-flex align-items-center d-md-block\">\r\n                                    <span class=\"entry-title pt-0 pt-md-1\">PhD                                <\/h3>\r\n                            <\/div>\r\n                            \r\n\r\n                        <\/a>\r\n                                            <a class=\"item-5\" href=\"https:\/\/semmelweis.hu\/klasz\/rolunk\/munkatarsaink\/\">\r\n\r\n                            <div class=\"card-img bg-image\">\r\n                                <img decoding=\"async\" class=\"wp-post-image img-fluid\" src=\"https:\/\/semmelweis.hu\/wp-content\/themes\/se18\/dist\/images\/svg\/bg-image.svg\">                            <\/div>\r\n                            <div class=\"card-title mb-1\">\r\n                                <h3 class=\"mt-0 pt-1 mb-0 px-2 card-custom-title d-flex align-items-center d-md-block\">\r\n                                    <span class=\"entry-title pt-0 pt-md-1\">Munkat\u00e1rsaink                                <\/h3>\r\n                            <\/div>\r\n                            \r\n\r\n                        <\/a>\r\n                                            <a class=\"item-6\" href=\"https:\/\/semmelweis.hu\/klasz\/elerhetoseg\/\">\r\n\r\n                            <div class=\"card-img bg-image\">\r\n                                <img decoding=\"async\" class=\"wp-post-image img-fluid\" src=\"https:\/\/semmelweis.hu\/wp-content\/themes\/se18\/dist\/images\/svg\/bg-image.svg\">                            <\/div>\r\n                            <div class=\"card-title mb-1\">\r\n                                <h3 class=\"mt-0 pt-1 mb-0 px-2 card-custom-title d-flex align-items-center d-md-block\">\r\n                                    <span class=\"entry-title pt-0 pt-md-1\">El\u00e9rhet\u0151s\u00e9g                                <\/h3>\r\n                            <\/div>\r\n                            \r\n\r\n                        <\/a>\r\n                                    <\/div>\r\n\r\n                    \r\n        <\/div><!-- owl-carousel -->\r\n    <\/section>\r\n\r\n<\/p>\n<p data-start=\"50\" data-end=\"457\">\u00a0<\/p>\n","protected":false},"excerpt":{"rendered":"<p>EL\u00c9RHET\u0150S\u00c9G<br \/>\nC\u00edm: Budapest, Baross u 52. 1085<br \/>\nEmail: <a href=\"mailto:klasz@semmelweis.hu\">klasz@semmelweis.hu<\/a><br \/>\nK\u00f6z\u00f6ss\u00e9gi m\u00e9dia:<a href=\"https:\/\/www.linkedin.com\/company\/institute-for-clinical-data-managament\/about\/\"><\/a><br \/>\n\ufeff<\/p>\n","protected":false},"author":102484,"featured_media":143,"parent":0,"menu_order":0,"comment_status":"closed","ping_status":"closed","template":"template-fullwidth.php","meta":{"_acf_changed":false,"footnotes":""},"categories":[],"tags":[],"class_list":["post-4","page","type-page","status-publish","has-post-thumbnail","hentry"],"acf":[],"_links":{"self":[{"href":"https:\/\/semmelweis.hu\/klasz\/wp-json\/wp\/v2\/pages\/4","targetHints":{"allow":["GET"]}}],"collection":[{"href":"https:\/\/semmelweis.hu\/klasz\/wp-json\/wp\/v2\/pages"}],"about":[{"href":"https:\/\/semmelweis.hu\/klasz\/wp-json\/wp\/v2\/types\/page"}],"author":[{"embeddable":true,"href":"https:\/\/semmelweis.hu\/klasz\/wp-json\/wp\/v2\/users\/102484"}],"replies":[{"embeddable":true,"href":"https:\/\/semmelweis.hu\/klasz\/wp-json\/wp\/v2\/comments?post=4"}],"version-history":[{"count":11,"href":"https:\/\/semmelweis.hu\/klasz\/wp-json\/wp\/v2\/pages\/4\/revisions"}],"predecessor-version":[{"id":162,"href":"https:\/\/semmelweis.hu\/klasz\/wp-json\/wp\/v2\/pages\/4\/revisions\/162"}],"wp:featuredmedia":[{"embeddable":true,"href":"https:\/\/semmelweis.hu\/klasz\/wp-json\/wp\/v2\/media\/143"}],"wp:attachment":[{"href":"https:\/\/semmelweis.hu\/klasz\/wp-json\/wp\/v2\/media?parent=4"}],"wp:term":[{"taxonomy":"category","embeddable":true,"href":"https:\/\/semmelweis.hu\/klasz\/wp-json\/wp\/v2\/categories?post=4"},{"taxonomy":"post_tag","embeddable":true,"href":"https:\/\/semmelweis.hu\/klasz\/wp-json\/wp\/v2\/tags?post=4"}],"curies":[{"name":"wp","href":"https:\/\/api.w.org\/{rel}","templated":true}]}}