{"id":33,"date":"2025-10-29T11:45:17","date_gmt":"2025-10-29T10:45:17","guid":{"rendered":"https:\/\/semmelweis.hu\/klasz\/?page_id=33"},"modified":"2025-11-14T09:27:08","modified_gmt":"2025-11-14T08:27:08","slug":"munkatarsaink","status":"publish","type":"page","link":"https:\/\/semmelweis.hu\/klasz\/rolunk\/munkatarsaink\/","title":{"rendered":"Munkat\u00e1rsaink"},"content":{"rendered":"<h2>Igazgat\u00f3<\/h2>\n<p style=\"padding-left: 40px;\"><strong>Dr. Bagyura Zsolt Istv\u00e1n<\/strong><br \/>\negyetemi docens<\/p>\n<p style=\"padding-left: 40px;\"><strong>+36-20-825-01-06<\/strong><br \/>\n<a href=\"mailto:bagyura.zsolt@semmelweis.hu\"><strong>bagyura.zsolt@semmelweis.hu<\/strong><\/a><\/p>\n<hr \/>\n<h2>Munkat\u00e1rsaink<\/h2>\n<p style=\"padding-left: 40px;\"><strong>Dr. Assabiny Alexandra\u00a0<\/strong><br \/>\nszakmai szak\u00e9rt\u0151<\/p>\n<p style=\"padding-left: 40px;\">\u00a0<a href=\"mailto:assabiny.alexandra@semmelweis.hu\">assabiny.alexandra@semmelweis.hu<\/a><\/p>\n<hr style=\"padding-left: 40px;\" \/>\n<p style=\"padding-left: 40px;\"><strong>Bali Orsolya<\/strong><br \/>\nPhD hallgat\u00f3<\/p>\n<p style=\"padding-left: 40px;\"><a href=\"mailto:bali.orsolya@phd.semmelweis.hu\">bali.orsolya@phd.semmelweis.hu<\/a><\/p>\n<hr style=\"padding-left: 40px;\" \/>\n<p style=\"padding-left: 40px;\"><strong>H\u00e9ja Tibor\u00a0<\/strong><br \/>\nadatb\u00e1zis szak\u00e9rt\u0151<\/p>\n<p style=\"padding-left: 40px;\"><a href=\"mailto:heja.tibor@ext.semmelweis.hu\">heja.tibor@ext.semmelweis.hu<\/a><\/p>\n<hr style=\"padding-left: 40px;\" \/>\n<p style=\"padding-left: 40px;\"><strong>Dr. Kiss Loretta Zsuzsa<\/strong>\u00a0<br \/>\nszakmai szak\u00e9rt\u0151, egyetemi adjunktus<\/p>\n<p style=\"padding-left: 40px;\"><a href=\"mailto:kiss.loretta.zsuzsa@semmelweis.hu\">kiss.loretta.zsuzsa@semmelweis.hu<\/a><\/p>\n<hr style=\"padding-left: 40px;\" \/>\n<p style=\"padding-left: 40px;\"><strong>Dr. Kov\u00e1cs Attila\u00a0<\/strong><br \/>\nszakmai szak\u00e9rt\u0151, egyetemi docens<\/p>\n<p style=\"padding-left: 40px;\"><a href=\"mailto:kovacs.attila3@semmelweis.hu\">kovacs.attila3@semmelweis.hu<\/a><\/p>\n<hr style=\"padding-left: 40px;\" \/>\n<p style=\"padding-left: 40px;\"><strong>Dr. K\u0151v\u00e1ri Eszter<\/strong><br \/>\nszakmai szak\u00e9rt\u0151<\/p>\n<p style=\"padding-left: 40px;\"><a href=\"mailto:kovari.eszter@semmelweis.hu\">kovari.eszter@semmelweis.hu<\/a><\/p>\n<hr style=\"padding-left: 40px;\" \/>\n<p style=\"padding-left: 40px;\"><strong>Dr. M\u00e9sz\u00e1ros \u00c1gota\u00a0<\/strong><br \/>\nszakmai szak\u00e9rt\u0151<\/p>\n<p style=\"padding-left: 40px;\"><a href=\"mailto:meszaros.agota@semmelweis.hu\">meszaros.agota@semmelweis.hu<\/a><\/p>\n<hr style=\"padding-left: 40px;\" \/>\n<p style=\"padding-left: 40px;\"><strong>Nemes Csaba\u00a0<\/strong><br \/>\nadatb\u00e1zis szak\u00e9rt\u0151<\/p>\n<p style=\"padding-left: 40px;\"><a href=\"mailto:nemes.csaba@semmelweis.hu\">nemes.csaba@semmelweis.hu<\/a><\/p>\n<hr style=\"padding-left: 40px;\" \/>\n<p style=\"padding-left: 40px;\"><strong>Sallai Andr\u00e1s\u00a0<\/strong><br \/>\nadatb\u00e1zis szak\u00e9rt\u0151<\/p>\n<p style=\"padding-left: 40px;\"><a href=\"mailto:sallai.andras@semmelweis.hu\">sallai.andras@semmelweis.hu<\/a><\/p>\n<hr style=\"padding-left: 40px;\" \/>\n<p style=\"padding-left: 40px;\"><strong>Sz\u00e9kely Orsolya<\/strong><br \/>\nPhD hallgat\u00f3<\/p>\n<p style=\"padding-left: 40px;\"><a href=\"mailto:szekely.orsolya99@phd.semmelweis.hu\">szekely.orsolya99@phd.semmelweis.hu<\/a><\/p>\n<hr \/>\n<p>&nbsp;<\/p>\n","protected":false},"excerpt":{"rendered":"<p>Igazgat\u00f3 Dr. Bagyura Zsolt Istv\u00e1n egyetemi docens +36-20-825-01-06 <a href=\"mailto:bagyura.zsolt@semmelweis.hu\">bagyura.zsolt@semmelweis.hu<\/a> Munkat\u00e1rsaink Dr. Assabiny Alexandra\u00a0 szakmai szak\u00e9rt\u0151 \u00a0 <a href=\"mailto:assabiny.alexandra@semmelweis.hu\">assabiny.alexandra@semmelweis.hu<\/a> Bali Orsolya PhD hallgat\u00f3 <a href=\"mailto:bali.orsolya@phd.semmelweis.hu\">bali.orsolya@phd.semmelweis.hu<\/a> H\u00e9ja Tibor\u00a0 adatb\u00e1zis szak\u00e9rt\u0151 <a href=\"mailto:heja.tibor@ext.semmelweis.hu\">heja.tibor@ext.semmelweis.hu<\/a> Dr. Kiss Loretta Zsuzsa\u00a0 szakmai szak\u00e9rt\u0151, egyetemi adjunktus <a href=\"mailto:kiss.loretta.zsuzsa@semmelweis.hu\">kiss.loretta.zsuzsa@semmelweis.hu<\/a> Dr. Kov\u00e1cs Attila\u00a0 szakmai szak\u00e9rt\u0151, egyetemi docens <a href=\"mailto:kovacs.attila3@semmelweis.hu\">kovacs.attila3@semmelweis.hu<\/a> Dr. K\u0151v\u00e1ri Eszter szakmai szak\u00e9rt\u0151 <a href=\"mailto:kovari.eszter@semmelweis.hu\">kovari.eszter@semmelweis.hu<\/a> Dr. M\u00e9sz\u00e1ros \u00c1gota\u00a0 szakmai szak\u00e9rt\u0151 <a href=\"mailto:meszaros.agota@semmelweis.hu\">meszaros.agota@semmelweis.hu<\/a> Nemes Csaba\u00a0 adatb\u00e1zis szak\u00e9rt\u0151 <a href=\"mailto:nemes.csaba@semmelweis.hu\">nemes.csaba@semmelweis.hu<\/a> Sallai Andr\u00e1s\u00a0 adatb\u00e1zis &hellip;<\/p>\n","protected":false},"author":102522,"featured_media":0,"parent":4,"menu_order":1,"comment_status":"closed","ping_status":"closed","template":"template-fullwidth.php","meta":{"_acf_changed":false,"footnotes":""},"categories":[3],"tags":[],"class_list":["post-33","page","type-page","status-publish","hentry","category-csempe"],"acf":[],"_links":{"self":[{"href":"https:\/\/semmelweis.hu\/klasz\/wp-json\/wp\/v2\/pages\/33","targetHints":{"allow":["GET"]}}],"collection":[{"href":"https:\/\/semmelweis.hu\/klasz\/wp-json\/wp\/v2\/pages"}],"about":[{"href":"https:\/\/semmelweis.hu\/klasz\/wp-json\/wp\/v2\/types\/page"}],"author":[{"embeddable":true,"href":"https:\/\/semmelweis.hu\/klasz\/wp-json\/wp\/v2\/users\/102522"}],"replies":[{"embeddable":true,"href":"https:\/\/semmelweis.hu\/klasz\/wp-json\/wp\/v2\/comments?post=33"}],"version-history":[{"count":10,"href":"https:\/\/semmelweis.hu\/klasz\/wp-json\/wp\/v2\/pages\/33\/revisions"}],"predecessor-version":[{"id":168,"href":"https:\/\/semmelweis.hu\/klasz\/wp-json\/wp\/v2\/pages\/33\/revisions\/168"}],"up":[{"embeddable":true,"href":"https:\/\/semmelweis.hu\/klasz\/wp-json\/wp\/v2\/pages\/4"}],"wp:attachment":[{"href":"https:\/\/semmelweis.hu\/klasz\/wp-json\/wp\/v2\/media?parent=33"}],"wp:term":[{"taxonomy":"category","embeddable":true,"href":"https:\/\/semmelweis.hu\/klasz\/wp-json\/wp\/v2\/categories?post=33"},{"taxonomy":"post_tag","embeddable":true,"href":"https:\/\/semmelweis.hu\/klasz\/wp-json\/wp\/v2\/tags?post=33"}],"curies":[{"name":"wp","href":"https:\/\/api.w.org\/{rel}","templated":true}]}}