{"id":125,"date":"2025-11-13T10:54:37","date_gmt":"2025-11-13T09:54:37","guid":{"rendered":"https:\/\/semmelweis.hu\/klasz\/?page_id=125"},"modified":"2025-11-14T09:09:41","modified_gmt":"2025-11-14T08:09:41","slug":"szolgaltatasok","status":"publish","type":"page","link":"https:\/\/semmelweis.hu\/klasz\/szolgaltatasok\/","title":{"rendered":"Szolg\u00e1ltat\u00e1sok"},"content":{"rendered":"<div class=\"keretes w-100\">\n<h5>Int\u00e9zet\u00fcnk az al\u00e1bbi digit\u00e1lis megold\u00e1sokkal seg\u00edti a Semmelweis Egyetem klinikai kutat\u00e1sait \u00e9s adatorient\u00e1lt projektjeit<\/h5>\n<\/div>\n<h3>OMOP CDM (Observational Medical Outcomes Partnership \u2013 Common Data Model) adatt\u00e1rh\u00e1z:<\/h3>\n<p>Val\u00f3s betegell\u00e1t\u00e1sban \u00e9s speci\u00e1lis klinikai adatgy\u0171jt\u00e9sek sor\u00e1n keletkez\u0151 adatokat rendszerezz\u00fck egys\u00e9ges\u00edtett, standard k\u00f3dt\u00e1rak seg\u00edts\u00e9g\u00e9vel. Az \u00edgy kialak\u00edtott, j\u00f3l kereshet\u0151 \u00e9s kutathat\u00f3 adatt\u00e1rh\u00e1zb\u00f3l c\u00e9lzott adatlek\u00e9rdez\u00e9sekkel t\u00e1mogatjuk a hozz\u00e1nk fordul\u00f3 munkacsoportok kutat\u00e1sait. A folyamatosan b\u0151v\u00fcl\u0151 adatt\u00e1rh\u00e1z nemzetk\u00f6zi kutat\u00e1si projektek kiszolg\u00e1l\u00e1s\u00e1ra is alkalmas. \u00a0<\/p>\n<h3>Biobank struktur\u00e1lt adatgy\u0171jt\u0151 \u00e9s leletez\u0151 rendszer:<\/h3>\n<p><span style=\"font-size: 1rem;\">A szoftver sz\u00e1mos kutat\u00e1si ter\u00fclet adatgy\u0171jt\u00e9si ig\u00e9nyeit t\u00e1mogatja, bele\u00e9rtve a betegell\u00e1t\u00e1sba integr\u00e1lt struktur\u00e1lt klinikai adatbevitel \u00e9s leletez\u00e9s lehet\u0151s\u00e9g\u00e9t. A kutat\u00f3csoportokkal val\u00f3 szakmai egyeztet\u00e9st \u00e9s ig\u00e9nyfelm\u00e9r\u00e9st k\u00f6vet\u0151en kialak\u00edtjuk a megfelel\u0151 adatgy\u0171jt\u0151 fel\u00fcletet, \u00e9s szakmailag t\u00e1mogatjuk az adatgy\u0171jt\u00e9si folyamatot.<\/span><\/p>\n<h3>Transzplant\u00e1ci\u00f3s Inform\u00e1ci\u00f3 Megoszt\u00e1si Megold\u00e1s (TIMM) rendszer:\u00a0<\/h3>\n<p><span style=\"font-size: 1rem;\">C\u00e9lir\u00e1nyos informatikai rendszer a transzplant\u00e1ci\u00f3ra refer\u00e1lt betegek orvosszakmai munkafolyamatainak t\u00e1mogat\u00e1s\u00e1ra. Int\u00e9zet\u00fcnk k\u00f6zvetlen\u00fcl r\u00e9szt vesz az orvosszakmai koncepci\u00f3 kialak\u00edt\u00e1s\u00e1ban, valamint a fejleszt\u00e9si folyamatok szakmai specifik\u00e1ci\u00f3inak meghat\u00e1roz\u00e1s\u00e1ban. <\/span><\/p>\n<div class=\"fontos_div\">\n<p><strong>Szolg\u00e1ltat\u00e1saink ir\u00e1nti \u00e9rdekl\u0151d\u00e9s eset\u00e9n k\u00e9rj\u00fck, vegye fel vel\u00fcnk a <a href=\"https:\/\/semmelweis.hu\/klasz\/elerhetoseg\/\">kapcsolatot<\/a>.<\/strong><\/p>\n<\/div>\n","protected":false},"excerpt":{"rendered":"<p>Int\u00e9zet\u00fcnk az al\u00e1bbi digit\u00e1lis megold\u00e1sokkal seg\u00edti a Semmelweis Egyetem klinikai kutat\u00e1sait \u00e9s adatorient\u00e1lt projektjeit OMOP CDM (Observational Medical Outcomes Partnership \u2013 Common Data Model) adatt\u00e1rh\u00e1z: Val\u00f3s betegell\u00e1t\u00e1sban \u00e9s speci\u00e1lis klinikai adatgy\u0171jt\u00e9sek sor\u00e1n keletkez\u0151 adatokat rendszerezz\u00fck egys\u00e9ges\u00edtett, standard k\u00f3dt\u00e1rak seg\u00edts\u00e9g\u00e9vel. Az \u00edgy kialak\u00edtott, j\u00f3l kereshet\u0151 \u00e9s kutathat\u00f3 adatt\u00e1rh\u00e1zb\u00f3l c\u00e9lzott adatlek\u00e9rdez\u00e9sekkel t\u00e1mogatjuk a hozz\u00e1nk fordul\u00f3 munkacsoportok kutat\u00e1sait. &hellip;<\/p>\n","protected":false},"author":102522,"featured_media":0,"parent":0,"menu_order":1,"comment_status":"closed","ping_status":"closed","template":"","meta":{"_acf_changed":false,"footnotes":""},"categories":[3],"tags":[],"class_list":["post-125","page","type-page","status-publish","hentry","category-csempe"],"acf":[],"_links":{"self":[{"href":"https:\/\/semmelweis.hu\/klasz\/wp-json\/wp\/v2\/pages\/125","targetHints":{"allow":["GET"]}}],"collection":[{"href":"https:\/\/semmelweis.hu\/klasz\/wp-json\/wp\/v2\/pages"}],"about":[{"href":"https:\/\/semmelweis.hu\/klasz\/wp-json\/wp\/v2\/types\/page"}],"author":[{"embeddable":true,"href":"https:\/\/semmelweis.hu\/klasz\/wp-json\/wp\/v2\/users\/102522"}],"replies":[{"embeddable":true,"href":"https:\/\/semmelweis.hu\/klasz\/wp-json\/wp\/v2\/comments?post=125"}],"version-history":[{"count":10,"href":"https:\/\/semmelweis.hu\/klasz\/wp-json\/wp\/v2\/pages\/125\/revisions"}],"predecessor-version":[{"id":147,"href":"https:\/\/semmelweis.hu\/klasz\/wp-json\/wp\/v2\/pages\/125\/revisions\/147"}],"wp:attachment":[{"href":"https:\/\/semmelweis.hu\/klasz\/wp-json\/wp\/v2\/media?parent=125"}],"wp:term":[{"taxonomy":"category","embeddable":true,"href":"https:\/\/semmelweis.hu\/klasz\/wp-json\/wp\/v2\/categories?post=125"},{"taxonomy":"post_tag","embeddable":true,"href":"https:\/\/semmelweis.hu\/klasz\/wp-json\/wp\/v2\/tags?post=125"}],"curies":[{"name":"wp","href":"https:\/\/api.w.org\/{rel}","templated":true}]}}