{"id":930,"date":"2016-01-22T08:46:05","date_gmt":"2016-01-22T07:46:05","guid":{"rendered":"http:\/\/semmelweis.hu\/kiserletimuto\/?page_id=930"},"modified":"2023-04-13T09:51:13","modified_gmt":"2023-04-13T07:51:13","slug":"doktoralt-phd-munkatarsak","status":"publish","type":"page","link":"https:\/\/semmelweis.hu\/kiserletimuto\/aktiv-munkatarsaink\/doktoralt-phd-munkatarsak\/","title":{"rendered":"Kor\u00e1bbi munkat\u00e1rsak"},"content":{"rendered":"<h4><strong>PhD<\/strong><\/h4>\n<p>Dr. Szij\u00e1rt\u00f3 Attila Ph.D<br \/>\nDr. Stangl Rita Ph.D<br \/>\nDr. Heged\u0171s Viktor Ph.D<br \/>\nDr. Garbaisz D\u00e1vid Ph.D<br \/>\nDr. Rosero Oliv\u00e9r Ph.D<br \/>\nDr. Tur\u00f3czi Zsolt Ph.D<br \/>\nDr. Czig\u00e1ny Zolt\u00e1n Ph.D<br \/>\nDr. Ar\u00e1nyi P\u00e9ter Ph.D<br \/>\nDr. \u00d3nody P\u00e9ter<br \/>\nDr. F\u00fcl\u00f6p Andr\u00e1s Ph.D<br \/>\nDr. Kov\u00e1cs Tibor Ph.D<br \/>\nDr. Budai Andr\u00e1s Ph.D<br \/>\nDr. Tihanyi D\u00f3ra Krisztina<\/p>\n<h4><strong>TDK<\/strong><\/h4>\n<p>Anker P\u00e1lma, Asz\u00f3di Bence<br \/>\nBak Eszter, Balla Dorottya, Bencsics M\u00e1t\u00e9, Bodonyi Istv\u00e1n, Bok\u00e1nyi Krist\u00f3f, Bulhadt Orsolya<br \/>\nCzak\u00f3 Krisztina, Czibere Gr\u00e9ta, Cs\u00e1k\u00f3 Bence, Csinta Borb\u00e1la<br \/>\nD\u00e1niel \u00c1d\u00e1m, D\u00e9r B\u00e1lint, Drozgyik D\u00f3ra Lilla, Dud\u00e1s Emese<br \/>\nFarkas G\u00e1bor, Federics Vikt\u00f3ria, Feh\u00e9rv\u00e1ri M\u00e1ty\u00e1s, Fekete-Gy\u0151r Alexandra, Ferreira G\u00e1bor<br \/>\nG\u00e9czi Andr\u00e1s Mih\u00e1ly<br \/>\nHahn Oszk\u00e1r, Halasi Tam\u00e1s, Hidas Tam\u00e1s<br \/>\nIll\u00e9s Krist\u00f3f<br \/>\nJuh\u00e1sz D\u00e1vid<br \/>\nKala M\u00e1rton, K\u00e1lm\u00e1n Judit, Keczer B\u00e1nk, Koll\u00e1r D\u00e1niel, Ko\u00f3s Oliv\u00e9r, Kors\u00f3s Di\u00e1na, Kov\u00e1cs Krist\u00f3f, Kreiss \u00c1d\u00e1m<br \/>\nLatin Vikt\u00f3ria, Lauber D\u00e1vid Tibor, L\u00e9vay Kl\u00e1ra<br \/>\nMadar\u00e1sz Roland, M\u00e1rai D\u00e1vid, Mih\u00e1ly Zolt\u00e1n, M\u00f3ga Nat\u00e1lia<br \/>\nNagy Petronella, N\u00e1n\u00e1si Rita, N\u00e9meth Krist\u00f3f<br \/>\nOl\u00e1h D\u00e1niel<br \/>\n\u00d6lvedi Nikoletta<br \/>\nP\u00e1lla P\u00e9ter, Pekli Damj\u00e1n, Pomizs Istv\u00e1n, Pusk\u00e1s Fl\u00f3ra<br \/>\nRodler Krist\u00f3f, Rozman Petra<br \/>\nSzab\u00f3 \u00c1gnes, Szab\u00f3 Di\u00e1na, Szab\u00f3 J\u00f3zsef, Szentiv\u00e1nyi Zolt\u00e1n, Szil\u00e1gyi Katalin, Szinvai Attila<br \/>\nTak\u00e1cs Tam\u00e1s, Tam\u00e1s Judit, T\u00e1trai Mikl\u00f3s, Telek Tam\u00e1s, Tomasics Gyula<br \/>\nUdvarhelyi G\u00e1bor<br \/>\nVajda No\u00e9mi, V\u00e1li L\u00e1szl\u00f3, Varga M\u00e1rk<br \/>\nZajk\u00e1s Petra<\/p>\n","protected":false},"excerpt":{"rendered":"<p>PhD Dr. Szij\u00e1rt\u00f3 Attila Ph.D Dr. Stangl Rita Ph.D Dr. Heged\u0171s Viktor Ph.D Dr. Garbaisz D\u00e1vid Ph.D Dr. Rosero Oliv\u00e9r Ph.D Dr. Tur\u00f3czi Zsolt Ph.D Dr. Czig\u00e1ny Zolt\u00e1n Ph.D Dr. Ar\u00e1nyi P\u00e9ter Ph.D Dr. \u00d3nody P\u00e9ter Dr. F\u00fcl\u00f6p Andr\u00e1s Ph.D Dr. Kov\u00e1cs Tibor Ph.D Dr. Budai Andr\u00e1s Ph.D Dr. Tihanyi D\u00f3ra Krisztina TDK Anker P\u00e1lma, &hellip;<\/p>\n","protected":false},"author":102106,"featured_media":0,"parent":20,"menu_order":1,"comment_status":"closed","ping_status":"closed","template":"","meta":{"_acf_changed":false,"footnotes":""},"categories":[],"tags":[],"class_list":["post-930","page","type-page","status-publish","hentry"],"acf":[],"_links":{"self":[{"href":"https:\/\/semmelweis.hu\/kiserletimuto\/wp-json\/wp\/v2\/pages\/930","targetHints":{"allow":["GET"]}}],"collection":[{"href":"https:\/\/semmelweis.hu\/kiserletimuto\/wp-json\/wp\/v2\/pages"}],"about":[{"href":"https:\/\/semmelweis.hu\/kiserletimuto\/wp-json\/wp\/v2\/types\/page"}],"author":[{"embeddable":true,"href":"https:\/\/semmelweis.hu\/kiserletimuto\/wp-json\/wp\/v2\/users\/102106"}],"replies":[{"embeddable":true,"href":"https:\/\/semmelweis.hu\/kiserletimuto\/wp-json\/wp\/v2\/comments?post=930"}],"version-history":[{"count":10,"href":"https:\/\/semmelweis.hu\/kiserletimuto\/wp-json\/wp\/v2\/pages\/930\/revisions"}],"predecessor-version":[{"id":1693,"href":"https:\/\/semmelweis.hu\/kiserletimuto\/wp-json\/wp\/v2\/pages\/930\/revisions\/1693"}],"up":[{"embeddable":true,"href":"https:\/\/semmelweis.hu\/kiserletimuto\/wp-json\/wp\/v2\/pages\/20"}],"wp:attachment":[{"href":"https:\/\/semmelweis.hu\/kiserletimuto\/wp-json\/wp\/v2\/media?parent=930"}],"wp:term":[{"taxonomy":"category","embeddable":true,"href":"https:\/\/semmelweis.hu\/kiserletimuto\/wp-json\/wp\/v2\/categories?post=930"},{"taxonomy":"post_tag","embeddable":true,"href":"https:\/\/semmelweis.hu\/kiserletimuto\/wp-json\/wp\/v2\/tags?post=930"}],"curies":[{"name":"wp","href":"https:\/\/api.w.org\/{rel}","templated":true}]}}