{"id":85,"date":"2015-12-28T00:00:00","date_gmt":"2015-12-27T23:00:00","guid":{"rendered":"http:\/\/semmelweis.hu\/kiserletimuto\/kapcsolat-elerhetosegek\/"},"modified":"2023-04-13T09:20:03","modified_gmt":"2023-04-13T07:20:03","slug":"elerhetosegek","status":"publish","type":"page","link":"https:\/\/semmelweis.hu\/kiserletimuto\/elerhetosegek\/","title":{"rendered":"El\u00e9rhet\u0151s\u00e9gek"},"content":{"rendered":"<h4><strong>K\u00eds\u00e9rletes Seb\u00e9szeti R\u00e9szleg<\/strong><\/h4>\n<p>Semmelweis Egyetem Seb\u00e9szeti, Transzplant\u00e1ci\u00f3s \u00e9s Gasztroenterol\u00f3giai Klinika<br \/>\nBudapest \u00dcll\u0151i \u00fat 78.\u00a0Alagsor, bal\u00a0sz\u00e1rny.<br \/>\nH-1082 HUNGARY<\/p>\n<p>E-mail: <a href=\"mailto:oktatas.seb1@med.semmelweis-univ.hu\">oktatas.seb1@med.semmelweis-univ.hu<\/a><br \/>\nTel: +36 20 825 8999<\/p>\n\n<!-- iframe plugin v.4.9 wordpress.org\/plugins\/iframe\/ -->\n<iframe loading=\"lazy\" src=\"https:\/\/www.google.com\/maps\/embed?pb=!1m18!1m12!1m3!1d2696.369056357504!2d19.078266113103243!3d47.482723407234154!2m3!1f0!2f0!3f0!3m2!1i1024!2i768!4f13.1!3m3!1m2!1s0x4741dce42f6edf0d%3A0xd3829506ecc86745!2sSemmelweis+Egyetem+I.+Sz.+Seb%C3%A9szeti+Klinika!5e0!3m2!1shu!2shu!4v1465391261089\" width=\"800\" height=\"400\" scrolling=\"yes\" class=\"iframe-class\" frameborder=\"0\"><\/iframe>\n\n","protected":false},"excerpt":{"rendered":"<p>K\u00eds\u00e9rletes Seb\u00e9szeti R\u00e9szleg<br \/>\nSemmelweis Egyetem Seb\u00e9szeti, Transzplant\u00e1ci\u00f3s \u00e9s Gasztroenterol\u00f3giai Klinika<br \/>\nBudapest \u00dcll\u0151i \u00fat 78.\u00a0Alagsor, bal\u00a0sz\u00e1rny.<br \/>\nH-1082 HUNGARY<br \/>\nE-mail: <a href=\"mailto:oktatas.seb1@med.semmelweis-univ.hu\">oktatas.seb1@med.semmelweis-univ.hu<\/a><br \/>\nTel: +36 20 825 8999<\/p>\n","protected":false},"author":158,"featured_media":0,"parent":0,"menu_order":8,"comment_status":"closed","ping_status":"closed","template":"","meta":{"_acf_changed":false,"footnotes":""},"categories":[],"tags":[],"class_list":["post-85","page","type-page","status-publish","hentry"],"acf":[],"_links":{"self":[{"href":"https:\/\/semmelweis.hu\/kiserletimuto\/wp-json\/wp\/v2\/pages\/85","targetHints":{"allow":["GET"]}}],"collection":[{"href":"https:\/\/semmelweis.hu\/kiserletimuto\/wp-json\/wp\/v2\/pages"}],"about":[{"href":"https:\/\/semmelweis.hu\/kiserletimuto\/wp-json\/wp\/v2\/types\/page"}],"author":[{"embeddable":true,"href":"https:\/\/semmelweis.hu\/kiserletimuto\/wp-json\/wp\/v2\/users\/158"}],"replies":[{"embeddable":true,"href":"https:\/\/semmelweis.hu\/kiserletimuto\/wp-json\/wp\/v2\/comments?post=85"}],"version-history":[{"count":10,"href":"https:\/\/semmelweis.hu\/kiserletimuto\/wp-json\/wp\/v2\/pages\/85\/revisions"}],"predecessor-version":[{"id":1526,"href":"https:\/\/semmelweis.hu\/kiserletimuto\/wp-json\/wp\/v2\/pages\/85\/revisions\/1526"}],"wp:attachment":[{"href":"https:\/\/semmelweis.hu\/kiserletimuto\/wp-json\/wp\/v2\/media?parent=85"}],"wp:term":[{"taxonomy":"category","embeddable":true,"href":"https:\/\/semmelweis.hu\/kiserletimuto\/wp-json\/wp\/v2\/categories?post=85"},{"taxonomy":"post_tag","embeddable":true,"href":"https:\/\/semmelweis.hu\/kiserletimuto\/wp-json\/wp\/v2\/tags?post=85"}],"curies":[{"name":"wp","href":"https:\/\/api.w.org\/{rel}","templated":true}]}}