{"id":82,"date":"2015-12-28T00:00:00","date_gmt":"2015-12-27T23:00:00","guid":{"rendered":"http:\/\/semmelweis.hu\/kiserletimuto\/kollaboraciok\/"},"modified":"2023-04-13T10:43:07","modified_gmt":"2023-04-13T08:43:07","slug":"kollaboraciok","status":"publish","type":"page","link":"https:\/\/semmelweis.hu\/kiserletimuto\/kutatasi-profilok\/kollaboraciok\/","title":{"rendered":"Kollabor\u00e1ci\u00f3k"},"content":{"rendered":"<h1>Hazai kollabor\u00e1ci\u00f3k:<\/h1>\n<h5>Semmelweis Egyetem:<\/h5>\n<ul>\n<li>Semmelweis Egyetem Gy\u00f3gyszer\u00e9sztudom\u00e1nyi Kar &#8211; Gy\u00f3gyszer\u00e9szi K\u00e9miai Int\u00e9zet (Dr. B\u00e9ni Szabolcs)<\/li>\n<li>Semmelweis Egyetem CellScreen Applied Research Center (Dr. M\u00f3dis Katalin, Dr. Ger\u0151 Domokos, Prof. Dr. Szab\u00f3 Csaba)<\/li>\n<li>Semmelweis Egyetem Genetikai, Sejt- \u00e9s Immunbiol\u00f3giai Int\u00e9zete (Prof. Dr. Buz\u00e1s Edit)<\/li>\n<li>Semmelweis Egyetem Hum\u00e1nmorfol\u00f3giai \u00e9s Fejl\u0151d\u00e9sbiol\u00f3giai Int\u00e9zet, Klinikai Anat\u00f3miai Kutat\u00f3laborat\u00f3rium (Dr. Nemesk\u00e9ri \u00c1gnes \u2013 Dr. Kiss M\u00e1ty\u00e1s \u2013 Dr. N\u00e9meth K\u00e1roly)<\/li>\n<li>Semmelweis Egyetem Mikrobiol\u00f3giai Int\u00e9zet (Dr. Krist\u00f3f Katalin)<\/li>\n<li>Semmelweis Egyetem, EOK, Nanobiotechnol\u00f3giai \u00e9s In Vivo K\u00e9palkot\u00f3 K\u00f6zpont, NanoSpect \u00e9s Izot\u00f3p Laborat\u00f3rium (Dr. Szigeti Kriszti\u00e1n)<\/li>\n<li>Semmelweis Egyetem K\u00f6zponti Laborat\u00f3rium (Dr. Kocsis Ibolya)<\/li>\n<li>Semmelweis Egyetem Orvosi Biok\u00e9miai Int\u00e9zet (Prof. Dr. Tretter L\u00e1szl\u00f3)<\/li>\n<li>Semmelweis Egyetem I. sz. Gyermekgy\u00f3gy\u00e1szati Klinika \u2013 Molekul\u00e1ris Biol\u00f3giai Labor (Prof.Dr. Arat\u00f3 Andr\u00e1s, Dr. Vannay \u00c1d\u00e1m)<\/li>\n<li>Semmelweis Egyetem Hum\u00e1nmorfol\u00f3giai \u00e9s Fejl\u0151d\u00e9sbiol\u00f3giai Int\u00e9zet \u2013 Elektronmikroszk\u00f3pos laborat\u00f3rium (Dr. Luk\u00e1ts \u00c1kos \u2013 Prof. Dr. R\u00f6hlich P\u00e1l)<\/li>\n<li>Semmelweis Egyetem Farmakogn\u00f3ziai Int\u00e9zet (Dr. Bl\u00e1zovics Anna)<\/li>\n<li>Semmelweis Egyetem II. sz. Patol\u00f3giai Int\u00e9zet (Prof. Dr. Schaff Zsuzsa \u2013 Dr. Kiss Andr\u00e1s \u2013 Dr. Lotz G\u00e1bor)<\/li>\n<li>CellScreen Applied Research Center (Dr. M\u00f3dis Katalin, Dr. Ger\u0151 Domokos, Prof. Dr. Szab\u00f3 Csaba)<\/li>\n<\/ul>\n<h5>Egy\u00e9b hazai egyetemek:<\/h5>\n<ul>\n<li>Szegedi Tudom\u00e1nyegyetem Biok\u00e9miai \u00e9s Molekul\u00e1ris Biol\u00f3giai Tansz\u00e9k (Dr. Hermesz Edit)<\/li>\n<li>Szegedi Tudom\u00e1nyegyetem, \u00c1ltal\u00e1nos Orvostudom\u00e1nyi Kar, Seb\u00e9szeti M\u0171t\u00e9ttani Int\u00e9zet (Prof. Boros Mih\u00e1ly \u2013 Dr. Kaszaki J\u00f3zsef)<\/li>\n<li>Szegedi Tudom\u00e1nyegyetem I. sz. Belgy\u00f3gy\u00e1szati Klinika (Prof. Dr. Hegyi P\u00e9ter \u2013 Dr. Rakoczay Zolt\u00e1n)<\/li>\n<li>Testnevel\u00e9si Egyetem &#8211;\u00a0Sport- \u00e9s Term\u00e9szettudom\u00e1nyi Kutat\u00f3k\u00f6zpont (Dr. Rad\u00e1k Zsolt)<\/li>\n<li>Szent Istv\u00e1n Egyetem &#8211; Seb\u00e9szeti \u00e9s Szem\u00e9szeti Tansz\u00e9k \u00e9s Klinika (Prof. Dr. Dunay Mikl\u00f3s, Dr. N\u00e9meth Mikl\u00f3s)<\/li>\n<\/ul>\n<h5>Magyar Tudom\u00e1nyos Akad\u00e9mia<\/h5>\n<ul>\n<li style=\"text-align: left;\">Magyar Tudom\u00e1nyos Akad\u00e9mia &#8211; Semmelweis Egyetem Gyermekgy\u00f3gy\u00e1szati \u00e9s Nefrol\u00f3giai kutat\u00f3csoportja (Dr. Fekete Andrea)<\/li>\n<li style=\"text-align: left;\">Magyar Tudom\u00e1nyos Akad\u00e9mia &#8211; Term\u00e9szettudom\u00e1nyi Kutat\u00f3k\u00f6zpont (Dr. Monostory Katalin)<\/li>\n<li style=\"text-align: left;\">Magyar Tudom\u00e1nyos Akad\u00e9mia &#8211; Term\u00e9szettudom\u00e1nyi Kutat\u00f3k\u00f6zpont (Dr. Jemnitz Katalin)<\/li>\n<li style=\"text-align: left;\">Magyar Tudom\u00e1nyos Akad\u00e9mia &#8211; Term\u00e9szettudom\u00e1nyi Kutat\u00f3k\u00f6zpont (Dr. Homolya L\u00e1szl\u00f3)<\/li>\n<li>Magyar Tudom\u00e1nyos Akad\u00e9mia &#8211; Term\u00e9szettudom\u00e1nyi Kutat\u00f3k\u00f6zpont (Dr. Keresztes Zs\u00f3fia, Dr. Szab\u00f3 Tam\u00e1s)<\/li>\n<\/ul>\n<h5>Egy\u00e9b hazai int\u00e9zetek<\/h5>\n<ul>\n<li>Orsz\u00e1gos Epidemiol\u00f3giai Int\u00e9zet &#8211; Bakteriol\u00f3giai Oszt\u00e1ly (Dr. T\u00f3th Szil\u00e1rd)<\/li>\n<\/ul>\n<h1>Nemzetk\u00f6zi kollabor\u00e1ci\u00f3k:<\/h1>\n<ul>\n<li style=\"text-align: left;\">Fraunhofer MEVIS for Institute for Medical Image Computing, Brema, Germany (Prof. Dr. Heinz-Otto Peitgen \u2013 Dr. Andrea Schenk)<\/li>\n<li style=\"text-align: left;\">Institut f\u00fcr Versuchstierkunde sowie Zentrallaboratorium f\u00fcr Versuchstierkunde &#8211; Universitate Aachen RWTH, Germany (Prof. Dr. Ren\u00e9 H. Tolba)<\/li>\n<li style=\"text-align: left;\">Universit\u00e4tsklinikum Jena, N\u00e9metorsz\u00e1g &#8211; Experimentelle Transplantationschirurgie Klinik f\u00fcr Allgemein-, Viszeral- und Gef\u00e4\u00dfchirurgie Universit\u00e4tsklinikum Jena (Prof. Dr. Uta Dahmen)<\/li>\n<li style=\"text-align: left;\">Academisch Medisch Centrum, Experimental Surgical Centre, Amsterdam, Netherlands (Prof. Dr. Thomas M. van Gulik)<\/li>\n<\/ul>\n","protected":false},"excerpt":{"rendered":"<p>Hazai kollabor\u00e1ci\u00f3k: Semmelweis Egyetem: Semmelweis Egyetem Gy\u00f3gyszer\u00e9sztudom\u00e1nyi Kar &#8211; Gy\u00f3gyszer\u00e9szi K\u00e9miai Int\u00e9zet (Dr. B\u00e9ni Szabolcs) Semmelweis Egyetem CellScreen Applied Research Center (Dr. M\u00f3dis Katalin, Dr. Ger\u0151 Domokos, Prof. Dr. Szab\u00f3 Csaba) Semmelweis Egyetem Genetikai, Sejt- \u00e9s Immunbiol\u00f3giai Int\u00e9zete (Prof. Dr. Buz\u00e1s Edit) Semmelweis Egyetem Hum\u00e1nmorfol\u00f3giai \u00e9s Fejl\u0151d\u00e9sbiol\u00f3giai Int\u00e9zet, Klinikai Anat\u00f3miai Kutat\u00f3laborat\u00f3rium (Dr. Nemesk\u00e9ri \u00c1gnes \u2013 &hellip;<\/p>\n","protected":false},"author":158,"featured_media":0,"parent":1536,"menu_order":4,"comment_status":"closed","ping_status":"closed","template":"","meta":{"_acf_changed":false,"footnotes":""},"categories":[],"tags":[],"class_list":["post-82","page","type-page","status-publish","hentry"],"acf":[],"_links":{"self":[{"href":"https:\/\/semmelweis.hu\/kiserletimuto\/wp-json\/wp\/v2\/pages\/82","targetHints":{"allow":["GET"]}}],"collection":[{"href":"https:\/\/semmelweis.hu\/kiserletimuto\/wp-json\/wp\/v2\/pages"}],"about":[{"href":"https:\/\/semmelweis.hu\/kiserletimuto\/wp-json\/wp\/v2\/types\/page"}],"author":[{"embeddable":true,"href":"https:\/\/semmelweis.hu\/kiserletimuto\/wp-json\/wp\/v2\/users\/158"}],"replies":[{"embeddable":true,"href":"https:\/\/semmelweis.hu\/kiserletimuto\/wp-json\/wp\/v2\/comments?post=82"}],"version-history":[{"count":10,"href":"https:\/\/semmelweis.hu\/kiserletimuto\/wp-json\/wp\/v2\/pages\/82\/revisions"}],"predecessor-version":[{"id":1701,"href":"https:\/\/semmelweis.hu\/kiserletimuto\/wp-json\/wp\/v2\/pages\/82\/revisions\/1701"}],"up":[{"embeddable":true,"href":"https:\/\/semmelweis.hu\/kiserletimuto\/wp-json\/wp\/v2\/pages\/1536"}],"wp:attachment":[{"href":"https:\/\/semmelweis.hu\/kiserletimuto\/wp-json\/wp\/v2\/media?parent=82"}],"wp:term":[{"taxonomy":"category","embeddable":true,"href":"https:\/\/semmelweis.hu\/kiserletimuto\/wp-json\/wp\/v2\/categories?post=82"},{"taxonomy":"post_tag","embeddable":true,"href":"https:\/\/semmelweis.hu\/kiserletimuto\/wp-json\/wp\/v2\/tags?post=82"}],"curies":[{"name":"wp","href":"https:\/\/api.w.org\/{rel}","templated":true}]}}