{"id":18,"date":"2015-12-28T00:00:00","date_gmt":"2015-12-27T23:00:00","guid":{"rendered":"http:\/\/semmelweis.hu\/kiserletimuto\/tavoli-szervi-adaptiv-mechanizmusok-vizsgalata\/"},"modified":"2023-04-13T10:44:15","modified_gmt":"2023-04-13T08:44:15","slug":"tavoli-szervi-adaptiv-mechanizmusok-vizsgalata","status":"publish","type":"page","link":"https:\/\/semmelweis.hu\/kiserletimuto\/kutatasi-profilok\/korabbi-kutatasi-profilok\/tavoli-szervi-adaptiv-mechanizmusok-vizsgalata\/","title":{"rendered":"T\u00e1voli szervi adapt\u00edv mechanizmusok vizsg\u00e1lata"},"content":{"rendered":"<div id=\"aloldal_text\">\n<p><strong class=\"cim_felett\"><span style=\"font-size: larger;\">A perkondicion\u00e1l\u00e1s-team<\/span><\/strong><\/p>\n<div class=\"text\">\n<p>A kutat\u00f3csoport az elm\u00falt \u00e9vek irodalm\u00e1nak egyik k\u00f6zponti t\u00e9m\u00e1j\u00e1t k\u00e9pez\u0151 t\u00e1voli szervi adapt\u00edv mechanizmusok k\u00eds\u00e9rletes vizsg\u00e1lat\u00e1val foglalkozik. C\u00e9lunk, hogy \u2013 f\u0151k\u00e9nt \u2013 m\u00e1jseb\u00e9szeti klinikai szitu\u00e1ci\u00f3kat modellezz\u00fcnk, \u00e9s e modellekben felt\u00e1rjuk a t\u00e1voli szervi condition\u00e1l\u00e1sok hat\u00e1s\u00e1t \u00e9s a hat\u00e1s h\u00e1tter\u00e9ben \u00e1ll\u00f3 mechanizmusokat.<\/p>\n<p>Modelljeinkben a Pringle-man\u0151ver alkalmaz\u00e1sa mellet v\u00e9gzett resecti\u00f3s m\u0171t\u00e9tek \u00e9s a m\u00e1j transzplant\u00e1ci\u00f3k sor\u00e1n l\u00e9trej\u00f6v\u0151 ischemi\u00e1s-reperf\u00fazi\u00f3s k\u00e1rosod\u00e1s cs\u00f6kkent\u00e9s\u00e9nek lehet\u0151seit keress\u00fck. Major m\u00e1jresecti\u00f3k illet\u0151leg m\u00e1j transzplant\u00e1ci\u00f3k eset\u00e9ben a klinikai kimenetelt nagyban befoly\u00e1sol\u00f3 faktorok k\u00f6z\u00f6tt szerepel a kirekeszt\u00e9s, majd a kering\u00e9s helyre\u00e1ll\u00edt\u00e1sa sor\u00e1n l\u00e9trej\u00f6v\u0151, &#8211; a marad\u00e9k m\u00e1jsz\u00f6vetet, illetve graftot \u00e9r\u0151 &#8211; ischaemi\u00e1s-reperf\u00fazi\u00f3s k\u00e1rosod\u00e1s. Mindez p\u00e9ld\u00e1ul az \u00e9l\u0151donoros m\u00e1j transzplant\u00e1ci\u00f3k szintj\u00e9n, kiv\u00e1ltk\u00e9pp a magas kock\u00e1zat\u00fa beavatkoz\u00e1sok, kis graftok \u00e1t\u00fcltet\u00e9se sor\u00e1n k\u00f6nnyed\u00e9n a graft primer diszfunkci\u00f3j\u00e1t, vagy el\u00e9gtelens\u00e9g\u00e9t okozhatja.<\/p>\n<p>Kutat\u00e1saink sor\u00e1n vizsg\u00e1ljuk azt az irodalomban ismert igen \u00e9rdekes jelens\u00e9get, miszerint a k\u00eds\u00e9rleti \u00e1llat, vagy \u00e9ppens\u00e9ggel az ischeami\u00e1s esem\u00e9nyt elszenved\u0151 beteg valamely v\u00e9gtagj\u00e1n r\u00f6vid v\u00e9rtelens\u00e9g el\u0151id\u00e9z\u00e9se, majd annak megsz\u00fcntet\u00e9se t\u00f6bb ciklusban (pragmatikus szempontb\u00f3l mindez megval\u00f3sulhat egyszer\u0171en a v\u00e9gtagra felhelyezett v\u00e9rnyom\u00e1sm\u00e9r\u0151 mandzsetta t\u00f6bbsz\u00f6ri felf\u00faj\u00e1sa \u00e9s leenged\u00e9se r\u00e9v\u00e9n is) igen hat\u00e9konyan k\u00e9pes cs\u00f6kkenteni a tart\u00f3sabb ischaemi\u00e1s- reperf\u00fazi\u00f3s esem\u00e9nyt elszenved\u0151 c\u00e9lszerv k\u00e1rosod\u00e1s\u00e1t.<\/p>\n<p>Modelljeinkben sz\u00f6vettani, makro- \u00e9s mikrohemodinamikai \u00e9s molekul\u00e1ris biol\u00f3giai vizsg\u00e1l\u00f3 m\u00f3dszerekkel pr\u00f3b\u00e1lunk k\u00f6zelebb jutni a fent eml\u00edtett jelens\u00e9g saj\u00e1toss\u00e1gainak \u00e9s a h\u00e1tt\u00e9rben \u00e1ll\u00f3, a t\u00e1voli condition\u00e1lt v\u00e9gtag \u00e9s a c\u00e9lszerv k\u00f6z\u00f6tt a v\u00e9d\u0151 hat\u00e1st k\u00f6zvet\u00edt\u0151 mechanizmusok megismer\u00e9s\u00e9hez.<\/p>\n<p>Vizsg\u00e1latainkhoz a K\u00eds\u00e9rleti M\u0171t\u0151 \u00e9s sz\u00e1mos tov\u00e1bbi int\u00e9zet (Semmelweis Egyetem, II.sz. Patol\u00f3giai Int\u00e9zet \u00e9s Farmakogn\u00f3zia Int\u00e9zet, Szegedi Tudom\u00e1nyegyetem I.sz. Belgy\u00f3gy\u00e1szati Klinika) k\u00f6z\u00f6tt hossz\u00fa \u00e9vek \u00f3ta fenn\u00e1ll\u00f3 szoros tudom\u00e1nyos kollabor\u00e1ci\u00f3k biztos\u00edtanak alapot.<\/p>\n<p><strong>Munkat\u00e1rsak:<\/strong><\/p>\n<ul>\n<li>Dr. Czig\u00e1ny Zolt\u00e1n<\/li>\n<li>Dr. Tur\u00f3czi Zsolt<\/li>\n<li>Pusk\u00e1s Fl\u00f3ra<\/li>\n<\/ul>\n<p>&nbsp;<\/p>\n<\/div>\n<\/div>\n","protected":false},"excerpt":{"rendered":"<p>A perkondicion\u00e1l\u00e1s-team A kutat\u00f3csoport az elm\u00falt \u00e9vek irodalm\u00e1nak egyik k\u00f6zponti t\u00e9m\u00e1j\u00e1t k\u00e9pez\u0151 t\u00e1voli szervi adapt\u00edv mechanizmusok k\u00eds\u00e9rletes vizsg\u00e1lat\u00e1val foglalkozik. C\u00e9lunk, hogy \u2013 f\u0151k\u00e9nt \u2013 m\u00e1jseb\u00e9szeti klinikai szitu\u00e1ci\u00f3kat modellezz\u00fcnk, \u00e9s e modellekben felt\u00e1rjuk a t\u00e1voli szervi condition\u00e1l\u00e1sok hat\u00e1s\u00e1t \u00e9s a hat\u00e1s h\u00e1tter\u00e9ben \u00e1ll\u00f3 mechanizmusokat. Modelljeinkben a Pringle-man\u0151ver alkalmaz\u00e1sa mellet v\u00e9gzett resecti\u00f3s m\u0171t\u00e9tek \u00e9s a m\u00e1j transzplant\u00e1ci\u00f3k &hellip;<\/p>\n","protected":false},"author":1,"featured_media":0,"parent":1680,"menu_order":3,"comment_status":"closed","ping_status":"closed","template":"","meta":{"_acf_changed":false,"footnotes":""},"categories":[],"tags":[],"class_list":["post-18","page","type-page","status-publish","hentry"],"acf":[],"_links":{"self":[{"href":"https:\/\/semmelweis.hu\/kiserletimuto\/wp-json\/wp\/v2\/pages\/18","targetHints":{"allow":["GET"]}}],"collection":[{"href":"https:\/\/semmelweis.hu\/kiserletimuto\/wp-json\/wp\/v2\/pages"}],"about":[{"href":"https:\/\/semmelweis.hu\/kiserletimuto\/wp-json\/wp\/v2\/types\/page"}],"author":[{"embeddable":true,"href":"https:\/\/semmelweis.hu\/kiserletimuto\/wp-json\/wp\/v2\/users\/1"}],"replies":[{"embeddable":true,"href":"https:\/\/semmelweis.hu\/kiserletimuto\/wp-json\/wp\/v2\/comments?post=18"}],"version-history":[{"count":2,"href":"https:\/\/semmelweis.hu\/kiserletimuto\/wp-json\/wp\/v2\/pages\/18\/revisions"}],"predecessor-version":[{"id":311,"href":"https:\/\/semmelweis.hu\/kiserletimuto\/wp-json\/wp\/v2\/pages\/18\/revisions\/311"}],"up":[{"embeddable":true,"href":"https:\/\/semmelweis.hu\/kiserletimuto\/wp-json\/wp\/v2\/pages\/1680"}],"wp:attachment":[{"href":"https:\/\/semmelweis.hu\/kiserletimuto\/wp-json\/wp\/v2\/media?parent=18"}],"wp:term":[{"taxonomy":"category","embeddable":true,"href":"https:\/\/semmelweis.hu\/kiserletimuto\/wp-json\/wp\/v2\/categories?post=18"},{"taxonomy":"post_tag","embeddable":true,"href":"https:\/\/semmelweis.hu\/kiserletimuto\/wp-json\/wp\/v2\/tags?post=18"}],"curies":[{"name":"wp","href":"https:\/\/api.w.org\/{rel}","templated":true}]}}