{"id":72,"date":"2024-04-02T08:30:17","date_gmt":"2024-04-02T06:30:17","guid":{"rendered":"https:\/\/semmelweis.hu\/kghii\/?page_id=72"},"modified":"2024-04-26T10:21:52","modified_gmt":"2024-04-26T08:21:52","slug":"gazdalkodasi-osztaly","status":"publish","type":"page","link":"https:\/\/semmelweis.hu\/kghii\/osztalyaink\/gazdalkodasi-osztaly\/","title":{"rendered":"\u00c1ltal\u00e1nos Gazd\u00e1lkod\u00e1si \u00e9s \u00dczemeltet\u00e9si Feladatokat Ell\u00e1t\u00f3 Oszt\u00e1ly"},"content":{"rendered":"<h2>\u00c1ltal\u00e1nos Gazd\u00e1lkod\u00e1si \u00e9s \u00dczemeltet\u00e9si Feladatokat Ell\u00e1t\u00f3 Oszt\u00e1ly<\/h2>\n<div class=\"keretes w-100\">\n<h3>Kapcsolat:\u00a0<\/h3>\n<p><a href=\"mailto:gazdalkodasi.kghii@semmelweis.hu\">gazdalkodasi.kghii@semmelweis.hu<\/a><\/p>\n<\/div>\n<h3>Feladatai:<\/h3>\n<h5>Az \u00c1ltal\u00e1nos Gazd\u00e1lkod\u00e1si Feladatokat Ell\u00e1t\u00f3 Oszt\u00e1ly a KGHII-hez tartoz\u00f3 szervezeti egys\u00e9gek p\u00e9nz\u00fcgyi feladatait els\u0151sorban az al\u00e1bbi keretek tekintet\u00e9ben l\u00e1tja el:<\/h5>\n<ul>\n<li>k\u00f6z\u00fczemi k\u00f6lts\u00e9gek,<\/li>\n<li>m\u0171k\u00f6d\u00e9si kiad\u00e1sok, egyes k\u00f6zponti feladatok,<\/li>\n<li>egyes v\u00e1s\u00e1rolt szolg\u00e1ltat\u00e1sok,<\/li>\n<li>k\u00f6zponti beszerz\u00e9sek kezel\u00e9s\u00e9re szolg\u00e1l\u00f3 &#8211; \u00e1tk\u00f6nyvel\u00e9ssel m\u0171k\u00f6d\u0151 keretek,<\/li>\n<li>Mercatus webrakt\u00e1ri keret,<\/li>\n<li>Informatikai F\u0151igazgat\u00f3s\u00e1g \u00e9s Igazgat\u00f3s\u00e1gai tekintet\u00e9ben valamennyi (m\u0171k\u00f6d\u00e9si, k\u00f6zponti, fejleszt\u00e9si, v\u00e1s\u00e1rolt szolg\u00e1ltat\u00e1si) keret.<\/li>\n<\/ul>\n<h5>Ezen keretek tekintet\u00e9ben ell\u00e1tja:<\/h5>\n<ul>\n<li>BML-ek el\u0151k\u00e9sz\u00edt\u00e9s\u00e9ben, elk\u00e9sz\u00edt\u00e9s\u00e9ben val\u00f3 k\u00f6zrem\u0171k\u00f6d\u00e9s, el\u0151zetes k\u00f6telezetts\u00e9gv\u00e1llal\u00e1s r\u00f6gz\u00edt\u00e9se SAP rendszerben<\/li>\n<li>beszerz\u00e9si elj\u00e1r\u00e1sok lefolytat\u00e1s\u00e1ban k\u00f6zrem\u0171k\u00f6d\u00e9s<\/li>\n<li>beszerz\u00e9sek lebonyol\u00edt\u00e1sa<\/li>\n<li>sz\u00e1ll\u00edt\u00f3i sz\u00e1ml\u00e1k feldolgoz\u00e1sa, sz\u00fcks\u00e9ges mell\u00e9kletekkel \u00e9s al\u00e1\u00edr\u00e1sokkal felszerel\u00e9se, utal\u00e1sra megk\u00fcld\u00e9se,<\/li>\n<li>szerz\u0151d\u00e9sek ig\u00e9ny szerinti el\u0151k\u00e9sz\u00edt\u00e9se, jogi v\u00e9lem\u00e9nyeztet\u00e9se, SAP rendszerben t\u00f6rt\u00e9n\u0151 r\u00f6gz\u00edt\u00e9se, szerz\u0151d\u00e9sekhez kapcsol\u00f3d\u00f3 k\u00f6telezetts\u00e9gv\u00e1llal\u00e1sok kezel\u00e9se,<\/li>\n<li>szerz\u0151d\u00e9shez nem kapcsol\u00f3d\u00f3 kiad\u00e1sok k\u00f6telezetts\u00e9gv\u00e1llal\u00e1s\u00e1nak kezel\u00e9se, kifizet\u00e9sek dokument\u00e1l\u00e1sa, kifizet\u00e9sek kezdem\u00e9nyez\u00e9se,<\/li>\n<li>\u00e1tk\u00f6nyvel\u00e9sek ind\u00edt\u00e1sa-fogad\u00e1sa,<\/li>\n<li>szervezeti egys\u00e9gekkel k\u00f6z\u00f6s nyilv\u00e1ntart\u00e1sok naprak\u00e9sz, SAP-val egyez\u0151 vezet\u00e9se, p\u00e9nz\u00fcgyi adatokkal felt\u00f6lt\u00e9se.<\/li>\n<\/ul>\n<h5>Fentieken t\u00fal:<\/h5>\n<ul>\n<li>eszk\u00f6z\u00f6k \u00e1llom\u00e1nyba v\u00e9telez\u00e9se az ell\u00e1tott szervezeti egys\u00e9geket \u00e9rint\u0151 \u00e9s az \u00e1ltaluk m\u00e1s szervezeti egys\u00e9gek \u00e9rdek\u00e9ben lebonyol\u00edtott eszk\u00f6z\u00f6k vonatkoz\u00e1s\u00e1ban,<\/li>\n<li>selejtez\u00e9si, lelt\u00e1roz\u00e1si \u00e9s egy\u00e9b felel\u0151s sz\u00e1mad\u00f3i feladatok ell\u00e1t\u00e1sa,<\/li>\n<li>munkav\u00e9gz\u00e9shez kapcsol\u00f3d\u00f3 BKK b\u00e9rletek rendel\u00e9se,<\/li>\n<li>Poszeidon rendszer haszn\u00e1lata, Szerz\u0151d\u00e9s-menedzsment rendszer haszn\u00e1lata, Mercatus rendszer haszn\u00e1lata,<\/li>\n<li>ell\u00e1tm\u00e1nyokkal, dolgoz\u00f3i- \u00e9s rendk\u00edv\u00fcli el\u0151legekkel kapcsolatos feladatok ell\u00e1t\u00e1sa,<\/li>\n<li>tanulm\u00e1nyi szerz\u0151d\u00e9sekkel kapcsolatos feladatok elv\u00e9gz\u00e9se (szerz\u0151d\u00e9s elk\u00e9sz\u00edt\u00e9se, al\u00e1\u00edrat\u00e1s ut\u00e1n EGFI r\u00e9sz\u00e9re tov\u00e1bb\u00edt\u00e1sa)<\/li>\n<li>bel\u00e9p\u0151k\u00e1rty\u00e1k p\u00f3tl\u00e1s\u00e1val, parkol\u00e1ssal kapcsolatos vev\u0151sz\u00e1ml\u00e1k ki\u00e1ll\u00edt\u00e1sa, szerz\u0151d\u00e9sek kezel\u00e9se SAP rendszerben.<\/li>\n<\/ul>\n","protected":false},"excerpt":{"rendered":"<p>\u00c1ltal\u00e1nos Gazd\u00e1lkod\u00e1si \u00e9s \u00dczemeltet\u00e9si Feladatokat Ell\u00e1t\u00f3 Oszt\u00e1ly Kapcsolat:\u00a0 <a href=\"mailto:gazdalkodasi.kghii@semmelweis.hu\">gazdalkodasi.kghii@semmelweis.hu<\/a> Feladatai: Az \u00c1ltal\u00e1nos Gazd\u00e1lkod\u00e1si Feladatokat Ell\u00e1t\u00f3 Oszt\u00e1ly a KGHII-hez tartoz\u00f3 szervezeti egys\u00e9gek p\u00e9nz\u00fcgyi feladatait els\u0151sorban az al\u00e1bbi keretek tekintet\u00e9ben l\u00e1tja el: k\u00f6z\u00fczemi k\u00f6lts\u00e9gek, m\u0171k\u00f6d\u00e9si kiad\u00e1sok, egyes k\u00f6zponti feladatok, egyes v\u00e1s\u00e1rolt szolg\u00e1ltat\u00e1sok, k\u00f6zponti beszerz\u00e9sek kezel\u00e9s\u00e9re szolg\u00e1l\u00f3 &#8211; \u00e1tk\u00f6nyvel\u00e9ssel m\u0171k\u00f6d\u0151 keretek, Mercatus webrakt\u00e1ri keret, Informatikai F\u0151igazgat\u00f3s\u00e1g \u00e9s Igazgat\u00f3s\u00e1gai tekintet\u00e9ben &hellip;<\/p>\n","protected":false},"author":102355,"featured_media":0,"parent":262,"menu_order":0,"comment_status":"closed","ping_status":"closed","template":"","meta":{"_acf_changed":false,"footnotes":""},"categories":[],"tags":[],"class_list":["post-72","page","type-page","status-publish","hentry"],"acf":[],"_links":{"self":[{"href":"https:\/\/semmelweis.hu\/kghii\/wp-json\/wp\/v2\/pages\/72","targetHints":{"allow":["GET"]}}],"collection":[{"href":"https:\/\/semmelweis.hu\/kghii\/wp-json\/wp\/v2\/pages"}],"about":[{"href":"https:\/\/semmelweis.hu\/kghii\/wp-json\/wp\/v2\/types\/page"}],"author":[{"embeddable":true,"href":"https:\/\/semmelweis.hu\/kghii\/wp-json\/wp\/v2\/users\/102355"}],"replies":[{"embeddable":true,"href":"https:\/\/semmelweis.hu\/kghii\/wp-json\/wp\/v2\/comments?post=72"}],"version-history":[{"count":4,"href":"https:\/\/semmelweis.hu\/kghii\/wp-json\/wp\/v2\/pages\/72\/revisions"}],"predecessor-version":[{"id":208,"href":"https:\/\/semmelweis.hu\/kghii\/wp-json\/wp\/v2\/pages\/72\/revisions\/208"}],"up":[{"embeddable":true,"href":"https:\/\/semmelweis.hu\/kghii\/wp-json\/wp\/v2\/pages\/262"}],"wp:attachment":[{"href":"https:\/\/semmelweis.hu\/kghii\/wp-json\/wp\/v2\/media?parent=72"}],"wp:term":[{"taxonomy":"category","embeddable":true,"href":"https:\/\/semmelweis.hu\/kghii\/wp-json\/wp\/v2\/categories?post=72"},{"taxonomy":"post_tag","embeddable":true,"href":"https:\/\/semmelweis.hu\/kghii\/wp-json\/wp\/v2\/tags?post=72"}],"curies":[{"name":"wp","href":"https:\/\/api.w.org\/{rel}","templated":true}]}}