{"id":69,"date":"2024-04-03T14:33:57","date_gmt":"2024-04-03T12:33:57","guid":{"rendered":"https:\/\/semmelweis.hu\/kghii\/?page_id=69"},"modified":"2024-04-26T10:21:58","modified_gmt":"2024-04-26T08:21:58","slug":"kiemelt-osztaly","status":"publish","type":"page","link":"https:\/\/semmelweis.hu\/kghii\/osztalyaink\/kiemelt-osztaly\/","title":{"rendered":"Kiemelt \u00e9s K\u00f6zponti Feladatokat Ell\u00e1t\u00f3 Oszt\u00e1ly"},"content":{"rendered":"<h2>Kiemelt \u00e9s K\u00f6zponti Feladatokat Ell\u00e1t\u00f3 Oszt\u00e1ly<\/h2>\n<div class=\"keretes w-100\">\n<h3>Kapcsolat:\u00a0<\/h3>\n<p><a href=\"mailto:kiemeltugyek.kghii@semmelweis.hu\">kiemeltugyek.kghii@semmelweis.hu<\/a><\/p>\n<\/div>\n<h3>Feladatai:<\/h3>\n<p>A Kiemelt \u00e9s K\u00f6zponti feladatokat Ell\u00e1t\u00f3 Oszt\u00e1ly tev\u00e9kenys\u00e9ge kiterjed a M\u0171szaki F\u0151igazgat\u00f3s\u00e1g szervezeti egys\u00e9geihez tartoz\u00f3 fejleszt\u00e9si keretek kezel\u00e9s\u00e9re \u00e9s a kapcsol\u00f3d\u00f3 p\u00e9nz\u00fcgyi \u00e9s gazdas\u00e1gi feladatok ell\u00e1t\u00e1s\u00e1ra. Tov\u00e1bb\u00e1 a Semmelweis Egyetemre vonatkoz\u00f3 k\u00f6zponti feladatok kereteinek kezel\u00e9s\u00e9re. Bizonyos szervezeti egys\u00e9gek tekintet\u00e9ben m\u0171k\u00f6d\u00e9ssel kapcsolatos feladatokat \u00e9s a hozz\u00e1juk tartoz\u00f3 kereteket kezeli oszt\u00e1lyunk, melyek al\u00e1bb r\u00e9szletesen is felsorol\u00e1sra ker\u00fclnek. Mindemellett a szervezeti egys\u00e9geink felmer\u00fcl\u0151 p\u00e1ly\u00e1zatai feladatait l\u00e1tjuk el szint\u00e9n gazdas\u00e1gi \u00e9s p\u00e9nz\u00fcgyi szempontb\u00f3l.<\/p>\n<h5>Hozz\u00e1nk kapcsol\u00f3d\u00f3 k\u00f6zponti feladatok:<\/h5>\n<ul>\n<li>K\u00f6zponti takar\u00edt\u00e1s<\/li>\n<li>B\u00e9rlem\u00e9nyek\n<ul>\n<li>City Corner Irodah\u00e1z<\/li>\n<li>B52<\/li>\n<li>BC22<\/li>\n<\/ul>\n<\/li>\n<li>ZOOM-Kaltura rendszerek<\/li>\n<li>Lapkiad\u00e1s<\/li>\n<li>Biztos\u00edt\u00e1s<\/li>\n<li>Tag\u00edjak<\/li>\n<li>Jogi szolg\u00e1ltat\u00e1sok<\/li>\n<li>Postai szolg\u00e1ltat\u00e1sok<\/li>\n<li>Sportklub<\/li>\n<li>Tank\u00f6nyv k\u00f6lts\u00e9g<\/li>\n<li>Iskolakezd\u00e9si t\u00e1mogat\u00e1s<\/li>\n<li>Profession hirdet\u00e9sek<\/li>\n<\/ul>\n<h5>Jogi \u00e9s Igazgat\u00e1si F\u0151igazgat\u00f3s\u00e1g k\u00f6zponti feladatai:<\/h5>\n<ul>\n<li>KAT, S\u00c9SZ<\/li>\n<li>Bar\u00e1ti k\u00f6r<\/li>\n<li>B\u00e9riratt\u00e1rol\u00e1s<\/li>\n<li>Elektronikus \u00fcgyint\u00e9z\u00e9s<\/li>\n<\/ul>\n<h5>Szervezeti egys\u00e9geink, melyek m\u0171k\u00f6d\u00e9si gazdas\u00e1gi feladatai hozz\u00e1nk sorolhat\u00f3:<\/h5>\n<ul>\n<li>Kancell\u00e1ri Kabinet<\/li>\n<li>Kancell\u00e1ri Titk\u00e1rs\u00e1g<\/li>\n<li>L\u00e9tes\u00edtm\u00e9nyfejleszt\u00e9si \u00e9s -\u00fczemeltet\u00e9si Igazgat\u00f3s\u00e1g<\/li>\n<li>Honv\u00e9d-, Katasztr\u00f3fa- \u00e9s Rendv\u00e9delem-Orvostan Tansz\u00e9k<\/li>\n<\/ul>\n","protected":false},"excerpt":{"rendered":"<p>Kiemelt \u00e9s K\u00f6zponti Feladatokat Ell\u00e1t\u00f3 Oszt\u00e1ly Kapcsolat:\u00a0 <a href=\"mailto:kiemeltugyek.kghii@semmelweis.hu\">kiemeltugyek.kghii@semmelweis.hu<\/a> Feladatai: A Kiemelt \u00e9s K\u00f6zponti feladatokat Ell\u00e1t\u00f3 Oszt\u00e1ly tev\u00e9kenys\u00e9ge kiterjed a M\u0171szaki F\u0151igazgat\u00f3s\u00e1g szervezeti egys\u00e9geihez tartoz\u00f3 fejleszt\u00e9si keretek kezel\u00e9s\u00e9re \u00e9s a kapcsol\u00f3d\u00f3 p\u00e9nz\u00fcgyi \u00e9s gazdas\u00e1gi feladatok ell\u00e1t\u00e1s\u00e1ra. Tov\u00e1bb\u00e1 a Semmelweis Egyetemre vonatkoz\u00f3 k\u00f6zponti feladatok kereteinek kezel\u00e9s\u00e9re. Bizonyos szervezeti egys\u00e9gek tekintet\u00e9ben m\u0171k\u00f6d\u00e9ssel kapcsolatos feladatokat \u00e9s a hozz\u00e1juk tartoz\u00f3 kereteket &hellip;<\/p>\n","protected":false},"author":102355,"featured_media":0,"parent":262,"menu_order":0,"comment_status":"closed","ping_status":"closed","template":"","meta":{"_acf_changed":false,"footnotes":""},"categories":[],"tags":[],"class_list":["post-69","page","type-page","status-publish","hentry"],"acf":[],"_links":{"self":[{"href":"https:\/\/semmelweis.hu\/kghii\/wp-json\/wp\/v2\/pages\/69","targetHints":{"allow":["GET"]}}],"collection":[{"href":"https:\/\/semmelweis.hu\/kghii\/wp-json\/wp\/v2\/pages"}],"about":[{"href":"https:\/\/semmelweis.hu\/kghii\/wp-json\/wp\/v2\/types\/page"}],"author":[{"embeddable":true,"href":"https:\/\/semmelweis.hu\/kghii\/wp-json\/wp\/v2\/users\/102355"}],"replies":[{"embeddable":true,"href":"https:\/\/semmelweis.hu\/kghii\/wp-json\/wp\/v2\/comments?post=69"}],"version-history":[{"count":7,"href":"https:\/\/semmelweis.hu\/kghii\/wp-json\/wp\/v2\/pages\/69\/revisions"}],"predecessor-version":[{"id":209,"href":"https:\/\/semmelweis.hu\/kghii\/wp-json\/wp\/v2\/pages\/69\/revisions\/209"}],"up":[{"embeddable":true,"href":"https:\/\/semmelweis.hu\/kghii\/wp-json\/wp\/v2\/pages\/262"}],"wp:attachment":[{"href":"https:\/\/semmelweis.hu\/kghii\/wp-json\/wp\/v2\/media?parent=69"}],"wp:term":[{"taxonomy":"category","embeddable":true,"href":"https:\/\/semmelweis.hu\/kghii\/wp-json\/wp\/v2\/categories?post=69"},{"taxonomy":"post_tag","embeddable":true,"href":"https:\/\/semmelweis.hu\/kghii\/wp-json\/wp\/v2\/tags?post=69"}],"curies":[{"name":"wp","href":"https:\/\/api.w.org\/{rel}","templated":true}]}}