{"id":5,"date":"2024-04-18T15:22:51","date_gmt":"2024-04-18T13:22:51","guid":{"rendered":"https:\/\/semmelweis.hu\/kghii\/?page_id=5"},"modified":"2024-06-27T14:44:31","modified_gmt":"2024-06-27T12:44:31","slug":"rolunk","status":"publish","type":"page","link":"https:\/\/semmelweis.hu\/kghii\/rolunk\/","title":{"rendered":"A K\u00f6zponti Gazdas\u00e1gi H\u00e1l\u00f3zat-ir\u00e1ny\u00edt\u00e1si Igazgat\u00f3s\u00e1g (KGHII) bemutat\u00e1sa"},"content":{"rendered":"<p style=\"text-align: justify\">A <strong>K\u00f6zponti Gazdas\u00e1gi H\u00e1l\u00f3zat-ir\u00e1ny\u00edt\u00e1si Igazgat\u00f3s\u00e1g<\/strong> (r\u00f6viden <em>KGHII<\/em>) a gazd\u00e1lkod\u00e1si feladatokat a gazdas\u00e1gi f\u0151igazgat\u00f3 \u00e9s a kontrolling\u00e9rt felel\u0151s gazdas\u00e1gi f\u0151igazgat\u00f3-helyettes ir\u00e1nymutat\u00e1s\u00e1val, illetve a mindenkori egyetemi szab\u00e1lyzatoknak, rektori \u00e9s kancell\u00e1ri utas\u00edt\u00e1soknak megfelel\u0151en v\u00e9gzi. A KGHII m\u0171k\u00f6d\u00e9s\u00e9nek szakmai ir\u00e1ny\u00edt\u00e1s\u00e1t, fel\u00fcgyelet\u00e9t k\u00f6lts\u00e9gvet\u00e9s\u00e9rt \u00e9s kontrolling\u00e9rt felel\u0151s gazdas\u00e1gi f\u0151igazgat\u00f3-helyettes l\u00e1tja el.<\/p>\n<div class=\"hidden-content\">\n<h5>Oszt\u00e1lyaink:<\/h5>\n<ul>\n<li><a href=\"https:\/\/semmelweis.hu\/kghii\/rolunk\/munkaugyi-osztaly\/\" target=\"_blank\" rel=\"noopener\">Munka\u00fcgyi \u00e9s Iratkezel\u00e9si Feladatokat Ell\u00e1t\u00f3 Oszt\u00e1ly<\/a><\/li>\n<li><a href=\"https:\/\/semmelweis.hu\/kghii\/rolunk\/kiemelt-osztaly\/\" target=\"_blank\" rel=\"noopener\">Kiemelt \u00e9s K\u00f6zponti Feladatokat Ell\u00e1t\u00f3 Oszt\u00e1ly<\/a><\/li>\n<li><a href=\"https:\/\/semmelweis.hu\/kghii\/rolunk\/gazdalkodasi-osztaly\/\" target=\"_blank\" rel=\"noopener\">\u00c1ltal\u00e1nos Gazd\u00e1lkod\u00e1si \u00e9s \u00dczemeltet\u00e9si Feladatokat Ell\u00e1t\u00f3 Oszt\u00e1ly<\/a><\/li>\n<\/ul>\n<\/div>\n<div class=\"exp-col-content-holder\"><a class=\"expand-cnt-link\" href=\"#\">A K\u00f6zponti Gazdas\u00e1gi H\u00e1l\u00f3zat-ir\u00e1ny\u00edt\u00e1si Igazgat\u00f3s\u00e1g \u00c1ltal T\u00e1mogatott egys\u00e9gek:<\/a><\/p>\n<div class=\"hidden-content\">\n<ul>\n<li>Beszerz\u00e9si Igazgat\u00f3s\u00e1g<\/li>\n<li>Emberier\u0151forr\u00e1s-gazd\u00e1lkod\u00e1si F\u0151igazgat\u00f3s\u00e1g<\/li>\n<li>Honv\u00e9d-, Katasztr\u00f3fa- \u00e9s Rendv\u00e9delem-Orvostan Tansz\u00e9k<\/li>\n<li>Informatikai F\u0151igazgat\u00f3s\u00e1g\n<ul>\n<li>Informatikai Alapinfrastrukt\u00fara \u00e9s Kiemelt Alkalmaz\u00e1sok Igazgat\u00f3s\u00e1ga<\/li>\n<li>Informatikai Fejleszt\u00e9si Igazgat\u00f3s\u00e1g<\/li>\n<li>Informatikai \u00dcgyfelt\u00e1mogat\u00e1si Igazgat\u00f3s\u00e1g<\/li>\n<li>Amerikai \u00dati Ter\u00fcleti Informatikai Igazgat\u00f3s\u00e1g<\/li>\n<li>Orvosi Rehabilit\u00e1ci\u00f3s Ter\u00fcleti Informatikai Igazgat\u00f3s\u00e1g<\/li>\n<\/ul>\n<\/li>\n<li>Jogi \u00e9s Igazgat\u00e1si F\u0151igazgat\u00f3s\u00e1g<\/li>\n<li>Kancell\u00e1ri Kabinet<\/li>\n<li>Kancell\u00e1ri Titk\u00e1rs\u00e1g<\/li>\n<li>K\u00f6zponti Lev\u00e9lt\u00e1r<\/li>\n<li>M\u0171szaki F\u0151igazgat\u00f3s\u00e1g\n<ul>\n<li>Biztons\u00e1gtechnikai Igazgat\u00f3s\u00e1g<\/li>\n<li>L\u00e9tes\u00edtm\u00e9nyfejleszt\u00e9si \u00e9s -\u00fczemeltet\u00e9si Igazgat\u00f3s\u00e1g<\/li>\n<li>Szolg\u00e1ltat\u00e1si Igazgat\u00f3s\u00e1g<\/li>\n<li>Logisztikai Oszt\u00e1ly<\/li>\n<\/ul>\n<\/li>\n<li>Oktat\u00e1sfejleszt\u00e9si-, m\u00f3dszertani-, \u00e9s szervez\u00e9si K\u00f6zpont<\/li>\n<li>Oktat\u00e1sigazgat\u00e1si Hivatal<\/li>\n<li>Vagyongazd\u00e1lkod\u00e1si Igazgat\u00f3s\u00e1g<\/li>\n<\/ul>\n<p>&nbsp;<\/p>\n<\/div>\n<\/div>\n<p>&nbsp;<\/p>\n","protected":false},"excerpt":{"rendered":"<p>A KGHII a t\u00e1mogatott egys\u00e9gei sz\u00e1m\u00e1ra gazd\u00e1lkod\u00e1si feladatokat l\u00e1t el az egyetemi szab\u00e1lyzatoknak megfelel\u0151en.<\/p>\n","protected":false},"author":12,"featured_media":0,"parent":0,"menu_order":0,"comment_status":"closed","ping_status":"closed","template":"","meta":{"_acf_changed":false,"footnotes":""},"categories":[44],"tags":[],"class_list":["post-5","page","type-page","status-publish","hentry","category-nyitolap"],"acf":[],"_links":{"self":[{"href":"https:\/\/semmelweis.hu\/kghii\/wp-json\/wp\/v2\/pages\/5","targetHints":{"allow":["GET"]}}],"collection":[{"href":"https:\/\/semmelweis.hu\/kghii\/wp-json\/wp\/v2\/pages"}],"about":[{"href":"https:\/\/semmelweis.hu\/kghii\/wp-json\/wp\/v2\/types\/page"}],"author":[{"embeddable":true,"href":"https:\/\/semmelweis.hu\/kghii\/wp-json\/wp\/v2\/users\/12"}],"replies":[{"embeddable":true,"href":"https:\/\/semmelweis.hu\/kghii\/wp-json\/wp\/v2\/comments?post=5"}],"version-history":[{"count":9,"href":"https:\/\/semmelweis.hu\/kghii\/wp-json\/wp\/v2\/pages\/5\/revisions"}],"predecessor-version":[{"id":297,"href":"https:\/\/semmelweis.hu\/kghii\/wp-json\/wp\/v2\/pages\/5\/revisions\/297"}],"wp:attachment":[{"href":"https:\/\/semmelweis.hu\/kghii\/wp-json\/wp\/v2\/media?parent=5"}],"wp:term":[{"taxonomy":"category","embeddable":true,"href":"https:\/\/semmelweis.hu\/kghii\/wp-json\/wp\/v2\/categories?post=5"},{"taxonomy":"post_tag","embeddable":true,"href":"https:\/\/semmelweis.hu\/kghii\/wp-json\/wp\/v2\/tags?post=5"}],"curies":[{"name":"wp","href":"https:\/\/api.w.org\/{rel}","templated":true}]}}