{"id":26,"date":"2024-03-26T11:21:04","date_gmt":"2024-03-26T10:21:04","guid":{"rendered":"https:\/\/semmelweis.hu\/kghii\/?page_id=26"},"modified":"2024-07-17T11:18:53","modified_gmt":"2024-07-17T09:18:53","slug":"organogram-szervezeti-felepites","status":"publish","type":"page","link":"https:\/\/semmelweis.hu\/kghii\/rolunk\/organogram-szervezeti-felepites\/","title":{"rendered":"Organogram &#8211; szervezeti fel\u00e9p\u00edt\u00e9s"},"content":{"rendered":"<p><a href=\"https:\/\/semmelweis.hu\/kghii\/files\/2024\/07\/Organogramm_KGHII-1.jpg\"><img loading=\"lazy\" decoding=\"async\" class=\"aligncenter size-full wp-image-314\" src=\"https:\/\/semmelweis.hu\/kghii\/files\/2024\/07\/Organogramm_KGHII-1.jpg\" alt=\"\" width=\"1274\" height=\"628\" srcset=\"https:\/\/semmelweis.hu\/kghii\/files\/2024\/07\/Organogramm_KGHII-1.jpg 1274w, https:\/\/semmelweis.hu\/kghii\/files\/2024\/07\/Organogramm_KGHII-1-400x197.jpg 400w, https:\/\/semmelweis.hu\/kghii\/files\/2024\/07\/Organogramm_KGHII-1-1024x505.jpg 1024w, https:\/\/semmelweis.hu\/kghii\/files\/2024\/07\/Organogramm_KGHII-1-768x379.jpg 768w, https:\/\/semmelweis.hu\/kghii\/files\/2024\/07\/Organogramm_KGHII-1-753x371.jpg 753w\" sizes=\"auto, (max-width: 1274px) 100vw, 1274px\" \/><\/a><\/p>\n","protected":false},"excerpt":{"rendered":"<p><a href=\"https:\/\/semmelweis.hu\/kghii\/files\/2024\/07\/Organogramm_KGHII-1.jpg\"><\/a><\/p>\n","protected":false},"author":102355,"featured_media":0,"parent":5,"menu_order":2,"comment_status":"closed","ping_status":"closed","template":"template-fullwidth.php","meta":{"_acf_changed":false,"footnotes":""},"categories":[],"tags":[],"class_list":["post-26","page","type-page","status-publish","hentry"],"acf":[],"_links":{"self":[{"href":"https:\/\/semmelweis.hu\/kghii\/wp-json\/wp\/v2\/pages\/26","targetHints":{"allow":["GET"]}}],"collection":[{"href":"https:\/\/semmelweis.hu\/kghii\/wp-json\/wp\/v2\/pages"}],"about":[{"href":"https:\/\/semmelweis.hu\/kghii\/wp-json\/wp\/v2\/types\/page"}],"author":[{"embeddable":true,"href":"https:\/\/semmelweis.hu\/kghii\/wp-json\/wp\/v2\/users\/102355"}],"replies":[{"embeddable":true,"href":"https:\/\/semmelweis.hu\/kghii\/wp-json\/wp\/v2\/comments?post=26"}],"version-history":[{"count":10,"href":"https:\/\/semmelweis.hu\/kghii\/wp-json\/wp\/v2\/pages\/26\/revisions"}],"predecessor-version":[{"id":317,"href":"https:\/\/semmelweis.hu\/kghii\/wp-json\/wp\/v2\/pages\/26\/revisions\/317"}],"up":[{"embeddable":true,"href":"https:\/\/semmelweis.hu\/kghii\/wp-json\/wp\/v2\/pages\/5"}],"wp:attachment":[{"href":"https:\/\/semmelweis.hu\/kghii\/wp-json\/wp\/v2\/media?parent=26"}],"wp:term":[{"taxonomy":"category","embeddable":true,"href":"https:\/\/semmelweis.hu\/kghii\/wp-json\/wp\/v2\/categories?post=26"},{"taxonomy":"post_tag","embeddable":true,"href":"https:\/\/semmelweis.hu\/kghii\/wp-json\/wp\/v2\/tags?post=26"}],"curies":[{"name":"wp","href":"https:\/\/api.w.org\/{rel}","templated":true}]}}