{"id":211,"date":"2024-03-27T09:03:05","date_gmt":"2024-03-27T08:03:05","guid":{"rendered":"https:\/\/semmelweis.hu\/kghii\/?page_id=211"},"modified":"2026-03-09T09:30:44","modified_gmt":"2026-03-09T08:30:44","slug":"munkatarsaink","status":"publish","type":"page","link":"https:\/\/semmelweis.hu\/kghii\/rolunk\/munkatarsaink\/","title":{"rendered":"Munkat\u00e1rsaink"},"content":{"rendered":"<h2>Munkat\u00e1rsaink:<\/h2>\n<h3>Igazgat\u00f3s\u00e1g<\/h3>\n<ul>\n<li><strong>Dr. Szmodis Jen\u0151 L\u00f3r\u00e1ntn\u00e9 Orsolya &#8211; igazgat\u00f3<\/strong>\n<ul>\n<li>Bocska \u00c1ron &#8211; gazdas\u00e1gi elemz\u0151<\/li>\n<li>T\u00f6rteli Petra &#8211; gazdas\u00e1gi \u00fcgyint\u00e9z\u0151<\/li>\n<\/ul>\n<\/li>\n<\/ul>\n<h3><a href=\"https:\/\/semmelweis.hu\/kghii\/rolunk\/munkaugyi-osztaly\/\" target=\"_blank\" rel=\"noopener\">Munka\u00fcgyi \u00e9s Iratkezel\u00e9si Feladatokat Ell\u00e1t\u00f3 Oszt\u00e1ly<\/a><\/h3>\n<ul>\n<li><strong>Lauk\u00f3-So\u00f3s Henrietta &#8211; oszt\u00e1lyvezet\u0151<\/strong>\n<ul>\n<li>Hellebrandt \u00c9va<\/li>\n<li>Iv\u00e1nyin\u00e9 F\u00e1bi\u00e1n D\u00f3ra<\/li>\n<li><span data-olk-copy-source=\"MessageBody\">Kov\u00e1cs Erzs\u00e9bet<\/span><\/li>\n<li>Sz\u00f6ll\u0151si Gergely<\/li>\n<li>T\u00f3th Zolt\u00e1n Rudolf &#8211; k\u00e9zbes\u00edt\u0151<\/li>\n<\/ul>\n<\/li>\n<\/ul>\n<h3><a href=\"https:\/\/semmelweis.hu\/kghii\/rolunk\/kiemelt-osztaly\/\" target=\"_blank\" rel=\"noopener\">Kiemelt \u00e9s K\u00f6zponti Feladatokat Ell\u00e1t\u00f3 Oszt\u00e1ly<\/a><\/h3>\n<ul>\n<li><strong>Bodn\u00e1r Piroska Zsuzsanna &#8211; oszt\u00e1lyvezet\u0151<\/strong>\n<ul>\n<li>Farkas-Kiss Adrienn<\/li>\n<li>Pall\u00e1n\u00e9 Lantos Vivien (tart\u00f3san t\u00e1vol)<\/li>\n<li>Szappan Di\u00e1na<\/li>\n<li>Tarnain\u00e9 Benk\u0151 Orsolya<\/li>\n<li>Varga Tam\u00e1s<\/li>\n<\/ul>\n<\/li>\n<\/ul>\n<h3><a href=\"https:\/\/semmelweis.hu\/kghii\/rolunk\/gazdalkodasi-osztaly\/\" target=\"_blank\" rel=\"noopener\">\u00c1ltal\u00e1nos Gazd\u00e1lkod\u00e1si \u00e9s \u00dczemeltet\u00e9si Feladatokat Ell\u00e1t\u00f3 Oszt\u00e1ly<\/a><\/h3>\n<ul>\n<li style=\"list-style-type: none\">\n<ul>\n<li>De\u00e1k Helga<\/li>\n<li>Kissn\u00e9 Taranyi Krisztina<\/li>\n<li>Moln\u00e1r Bogl\u00e1rka<\/li>\n<li>Nagy Attil\u00e1n\u00e9 \u00c9va<\/li>\n<li>Szab\u00f3 Ivett<\/li>\n<li>Vlad\u00e1r Zolt\u00e1nn\u00e9 Heni<\/li>\n<\/ul>\n<\/li>\n<\/ul>\n<h5 style=\"padding-left: 40px\">Lelt\u00e1r csoport<\/h5>\n<ul>\n<li style=\"list-style-type: none\">\n<ul>\n<li>Borin\u00e9 Erd\u00e9sz Rita (tart\u00f3san t\u00e1vol)<\/li>\n<li>Er\u0151s Klaudia<\/li>\n<li>Koncz Dorka<\/li>\n<li>Sipos Erika<\/li>\n<\/ul>\n<\/li>\n<\/ul>\n","protected":false},"excerpt":{"rendered":"<p>Munkat\u00e1rsaink n\u00e9vsora oszt\u00e1lyok szerint<\/p>\n","protected":false},"author":102355,"featured_media":0,"parent":5,"menu_order":3,"comment_status":"closed","ping_status":"closed","template":"","meta":{"_acf_changed":false,"footnotes":""},"categories":[44],"tags":[],"class_list":["post-211","page","type-page","status-publish","hentry","category-nyitolap"],"acf":[],"_links":{"self":[{"href":"https:\/\/semmelweis.hu\/kghii\/wp-json\/wp\/v2\/pages\/211","targetHints":{"allow":["GET"]}}],"collection":[{"href":"https:\/\/semmelweis.hu\/kghii\/wp-json\/wp\/v2\/pages"}],"about":[{"href":"https:\/\/semmelweis.hu\/kghii\/wp-json\/wp\/v2\/types\/page"}],"author":[{"embeddable":true,"href":"https:\/\/semmelweis.hu\/kghii\/wp-json\/wp\/v2\/users\/102355"}],"replies":[{"embeddable":true,"href":"https:\/\/semmelweis.hu\/kghii\/wp-json\/wp\/v2\/comments?post=211"}],"version-history":[{"count":12,"href":"https:\/\/semmelweis.hu\/kghii\/wp-json\/wp\/v2\/pages\/211\/revisions"}],"predecessor-version":[{"id":389,"href":"https:\/\/semmelweis.hu\/kghii\/wp-json\/wp\/v2\/pages\/211\/revisions\/389"}],"up":[{"embeddable":true,"href":"https:\/\/semmelweis.hu\/kghii\/wp-json\/wp\/v2\/pages\/5"}],"wp:attachment":[{"href":"https:\/\/semmelweis.hu\/kghii\/wp-json\/wp\/v2\/media?parent=211"}],"wp:term":[{"taxonomy":"category","embeddable":true,"href":"https:\/\/semmelweis.hu\/kghii\/wp-json\/wp\/v2\/categories?post=211"},{"taxonomy":"post_tag","embeddable":true,"href":"https:\/\/semmelweis.hu\/kghii\/wp-json\/wp\/v2\/tags?post=211"}],"curies":[{"name":"wp","href":"https:\/\/api.w.org\/{rel}","templated":true}]}}