{"id":11,"date":"2024-03-28T15:34:56","date_gmt":"2024-03-28T14:34:56","guid":{"rendered":"https:\/\/semmelweis.hu\/kghii\/?page_id=11"},"modified":"2024-04-26T10:44:14","modified_gmt":"2024-04-26T08:44:14","slug":"kapcsolat","status":"publish","type":"page","link":"https:\/\/semmelweis.hu\/kghii\/kapcsolat\/","title":{"rendered":"Kapcsolat"},"content":{"rendered":"<h2>K\u00f6zponti Gazdas\u00e1gi H\u00e1l\u00f3zat-ir\u00e1ny\u00edt\u00e1si Igazgat\u00f3s\u00e1g<\/h2>\n<div class=\"keretes\" style=\"border-left: 1px solid lightgray !important; border-right: 1px solid lightgray !important; border-top: 1px solid lightgray !important; background-color: #ffff !important; border-bottom: 1px solid lightgray;\">\n<!-- iframe plugin v.4.9 wordpress.org\/plugins\/iframe\/ -->\n<iframe src=\"https:\/\/www.google.com\/maps\/embed?pb=!1m18!1m12!1m3!1d2695.9101308793784!2d19.06718391156144!3d47.491664071059226!2m3!1f0!2f0!3f0!3m2!1i1024!2i768!4f13.1!3m3!1m2!1s0x4741dc5ebbce4ab3%3A0x4571a9aa51979b3c!2sBudapest%2C%20R%C3%B6kk%20Szil%C3%A1rd%20u.%2013%2C%201085!5e0!3m2!1sen!2shu!4v1713268562571!5m2!1sen!2shu\" width=\"100%\" height=\"300\" style=\"border:0;\" allowfullscreen loading=\"lazy\" referrerpolicy=\"no-referrer-when-downgrade\" scrolling=\"yes\" class=\"iframe-class\" frameborder=\"0\"><\/iframe>\n<\/div>\n<p style=\"text-align: left;\"><strong>C\u00edm:<\/strong> 1085 Budapest, <a href=\"https:\/\/www.google.com\/maps\/place\/Budapest,+R%C3%B6kk+Szil%C3%A1rd+u.+13,+1085\/@47.4916654,19.0688538,18z\/data=!3m1!4b1!4m6!3m5!1s0x4741dc5ebbce4ab3:0x4571a9aa51979b3c!8m2!3d47.4916641!4d19.0697642!16s%2Fg%2F11c214b5gl?entry=ttu\">R\u00f6kk Szil\u00e1rd utca 13<\/a>.\u00a0<\/p>\n<p><a href=\"https:\/\/semmelweis.hu\/telefonkonyv\/?inst_id=467\" target=\"_blank\" rel=\"noopener\">Telefonk\u00f6nyvi inform\u00e1ci\u00f3k \u2192<\/a><\/p>\n<p>K\u00e9rj\u00fck sz\u00edveskedjen az al\u00e1bbi <strong>k\u00f6zponti e-mail c\u00edmeink<\/strong> k\u00f6z\u00fcl a t\u00e9m\u00e1nak megfelel\u0151t haszn\u00e1lni.<\/p>\n<h5>Munka\u00fcgyi \u00e9s Iratkezel\u00e9si Feladatokat Ell\u00e1t\u00f3 Oszt\u00e1ly<\/h5>\n<div class=\"fontos_div\">\n<p><a href=\"mailto:munkaugy.kghii@semmelweis.hu\">munkaugy.kghii@semmelweis.hu<\/a><\/p>\n<\/div>\n<h5>Kiemelt \u00e9s K\u00f6zponti Feladatokat Ell\u00e1t\u00f3 Oszt\u00e1ly<\/h5>\n<div class=\"fontos_div\">\n<p><a href=\"mailto:kiemeltugyek.kghii@semmelweis.hu\">kiemeltugyek.kghii@semmelweis.hu<\/a><\/p>\n<\/div>\n<h5>\u00c1ltal\u00e1nos Gazd\u00e1lkod\u00e1si \u00e9s \u00dczemeltet\u00e9si Feladatokat Ell\u00e1t\u00f3 Oszt\u00e1ly<\/h5>\n<div class=\"fontos_div\">\n<p><a href=\"mailto:gazdalkodasi.kghii@semmelweis.hu\">gazdalkodasi.kghii@semmelweis.hu<\/a><\/p>\n<\/div>\n<h5>Titk\u00e1rs\u00e1g<\/h5>\n<div class=\"fontos_div\">\n<p><a href=\"mailto:titkarsag.kghii@semmelweis.hu\">titkarsag.kghii@semmelweis.hu<\/a><\/p>\n<\/div>\n<p>&nbsp;<\/p>\n","protected":false},"excerpt":{"rendered":"<p>A KGHII c\u00edme \u00e9s egy\u00e9b el\u00e9rhet\u0151s\u00e9gei<\/p>\n","protected":false},"author":12,"featured_media":0,"parent":0,"menu_order":8,"comment_status":"closed","ping_status":"closed","template":"","meta":{"_acf_changed":false,"footnotes":""},"categories":[44],"tags":[],"class_list":["post-11","page","type-page","status-publish","hentry","category-nyitolap"],"acf":[],"_links":{"self":[{"href":"https:\/\/semmelweis.hu\/kghii\/wp-json\/wp\/v2\/pages\/11","targetHints":{"allow":["GET"]}}],"collection":[{"href":"https:\/\/semmelweis.hu\/kghii\/wp-json\/wp\/v2\/pages"}],"about":[{"href":"https:\/\/semmelweis.hu\/kghii\/wp-json\/wp\/v2\/types\/page"}],"author":[{"embeddable":true,"href":"https:\/\/semmelweis.hu\/kghii\/wp-json\/wp\/v2\/users\/12"}],"replies":[{"embeddable":true,"href":"https:\/\/semmelweis.hu\/kghii\/wp-json\/wp\/v2\/comments?post=11"}],"version-history":[{"count":10,"href":"https:\/\/semmelweis.hu\/kghii\/wp-json\/wp\/v2\/pages\/11\/revisions"}],"predecessor-version":[{"id":277,"href":"https:\/\/semmelweis.hu\/kghii\/wp-json\/wp\/v2\/pages\/11\/revisions\/277"}],"wp:attachment":[{"href":"https:\/\/semmelweis.hu\/kghii\/wp-json\/wp\/v2\/media?parent=11"}],"wp:term":[{"taxonomy":"category","embeddable":true,"href":"https:\/\/semmelweis.hu\/kghii\/wp-json\/wp\/v2\/categories?post=11"},{"taxonomy":"post_tag","embeddable":true,"href":"https:\/\/semmelweis.hu\/kghii\/wp-json\/wp\/v2\/tags?post=11"}],"curies":[{"name":"wp","href":"https:\/\/api.w.org\/{rel}","templated":true}]}}