{"id":982,"date":"2026-03-10T10:23:08","date_gmt":"2026-03-10T09:23:08","guid":{"rendered":"https:\/\/semmelweis.hu\/kfipalyazat\/?page_id=982"},"modified":"2026-03-10T16:18:55","modified_gmt":"2026-03-10T15:18:55","slug":"fodor-jozsef-kutatoi-kollaboracios-palyazat","status":"publish","type":"page","link":"https:\/\/semmelweis.hu\/kfipalyazat\/palyazatok\/hazai-palyazatok\/egyetemi-belso-palyazatok\/fodor-jozsef-kutatoi-kollaboracios-palyazat\/","title":{"rendered":"Fodor J\u00f3zsef Kutat\u00f3i Kollabor\u00e1ci\u00f3s P\u00e1ly\u00e1zat"},"content":{"rendered":"<p style=\"text-align: justify\"><strong>A Nemzeti Eg\u00e9szs\u00e9g\u00fcgyi \u00e9s Orvosk\u00e9pz\u00e9s\u00e9rt Alap\u00edtv\u00e1ny \u00e9s a Semmelweis Egyetem p\u00e1ly\u00e1zatot hirdet Fodor J\u00f3zsef kutat\u00f3i kollabor\u00e1ci\u00f3s \u00f6szt\u00f6ndi\u0301jra<\/strong><\/p>\n<p style=\"text-align: justify\">Az \u00f6szt\u00f6nd\u00edjprogram c\u00e9lja a Semmelweis Egyetemen doktori PhD k\u00e9pz\u00e9sben r\u00e9szt vev\u0151 hallgat\u00f3k \u00e9s fiatal kutat\u00f3k r\u00e9sz\u00e9re az eredm\u00e9nyes kutat\u00e1si tev\u00e9kenys\u00e9g \u00e9s kutat\u00e1si teljes\u00edtm\u00e9ny \u00f6szt\u00f6nz\u00e9se \u00e9rdek\u00e9ben kiv\u00e1l\u00f3s\u00e1gi alapon \u00f6szt\u00f6nd\u00edj biztos\u00edt\u00e1sa.<\/p>\n<p style=\"text-align: justify\">A p\u00e1ly\u00e1zat tov\u00e1bbi c\u00e9lja, hogy nemzetk\u00f6zi kiemelked\u0151 int\u00e9zm\u00e9nyekkel, egyetemekkel szorosabb kutat\u00e1si, fejleszt\u00e9si \u00e9s innov\u00e1ci\u00f3s egy\u00fcttm\u0171k\u00f6d\u00e9seket hozzon l\u00e9tre \u00e9s tartson fenn. A hallgat\u00f3k \u00e9s a fiatal kutat\u00f3k min\u00e9l el\u0151bb bekapcsol\u00f3djanak a nemzetk\u00f6zi kutat\u00e1si h\u00e1l\u00f3zatokba, nem utols\u00f3 sorban az egyetem reput\u00e1ci\u00f3j\u00e1nak n\u00f6veked\u00e9s\u00e9t is v\u00e1rva a motiv\u00e1lt \u00e9s tehets\u00e9ges hallgat\u00f3k \u00e9s fiatal kutat\u00f3k nemzetk\u00f6zi egy\u00fcttm\u0171k\u00f6d\u00e9sekben val\u00f3 r\u00e9szv\u00e9tel\u00e9t\u0151l.<\/p>\n<p style=\"text-align: justify\">Let\u00f6lthet\u0151 p\u00e1ly\u00e1zati dokumentumok:<\/p>\n<ul>\n<li><a href=\"https:\/\/semmelweis.hu\/kfipalyazat\/files\/2026\/03\/Palyazati-kiiras-Fodor-Jozsef-Osztondij.pdf\" target=\"_blank\" rel=\"noopener\">P\u00e1ly\u00e1zati ki\u00edr\u00e1s<\/a><\/li>\n<li><a href=\"https:\/\/semmelweis.hu\/kfipalyazat\/files\/2026\/03\/Palyazati-adatlap-Fodor-Jozsef-Osztondij.docx\" target=\"_blank\" rel=\"noopener\">P\u00e1ly\u00e1zati adatlap<\/a><\/li>\n<li><a href=\"https:\/\/semmelweis.hu\/kfipalyazat\/files\/2026\/03\/A-palyazo-publikacios-aktivitasa-MTMT-alapjan-Fodor-Jozsef-Osztondij.docx\" target=\"_blank\" rel=\"noopener\">A p\u00e1ly\u00e1z\u00f3 publik\u00e1ci\u00f3s aktivit\u00e1sa &#8211; MTMT szerint &#8211; sablon<\/a><\/li>\n<li><a href=\"https:\/\/semmelweis.hu\/kfipalyazat\/files\/2026\/03\/Kollaboracios-partner-publikacios-aktivitasa-Fodor-Jozsef-Osztondij.docx\" target=\"_blank\" rel=\"noopener\">A kollabor\u00e1ci\u00f3s partner publik\u00e1ci\u00f3s aktivit\u00e1sa &#8211; sablon<\/a><\/li>\n<li><a href=\"https:\/\/semmelweis.hu\/kfipalyazat\/files\/2026\/03\/Osztondijszerzodes-Fodor-Jozsef-Osztondij.pdf\" target=\"_blank\" rel=\"noopener\">\u00d6szt\u00f6nd\u00edjszerz\u0151d\u00e9s sablon szerint<\/a><\/li>\n<li><a href=\"https:\/\/semmelweis.hu\/kfipalyazat\/files\/2026\/03\/Adatkezelesi-tajekoztato_Fodor-Jozsef-Osztondij.pdf\" target=\"_blank\" rel=\"noopener\">Adatkezel\u00e9si t\u00e1j\u00e9koztat\u00f3<\/a><\/li>\n<\/ul>\n<p>&nbsp;<\/p>\n<blockquote class=\"wp-embedded-content\" data-secret=\"otiJy24IMf\"><p><a href=\"https:\/\/semmelweis.hu\/neoa\/2026\/03\/10\/fodor-jozsef-kutatoi-kollaboracios-osztondij\/\">Fodor J\u00f3zsef kutat\u00f3i kollabor\u00e1ci\u00f3s \u00f6szt\u00f6nd\u00edj<\/a><\/p><\/blockquote>\n<p><iframe loading=\"lazy\" class=\"wp-embedded-content\" sandbox=\"allow-scripts\" security=\"restricted\" style=\"position: absolute; visibility: hidden;\" title=\"&#8220;Fodor J\u00f3zsef kutat\u00f3i kollabor\u00e1ci\u00f3s \u00f6szt\u00f6nd\u00edj&#8221; &#8212; Nemzeti Eg\u00e9szs\u00e9g\u00fcgyi \u00e9s |Orvosk\u00e9pz\u00e9s\u00e9rt Alap\u00edtv\u00e1ny\" src=\"https:\/\/semmelweis.hu\/neoa\/2026\/03\/10\/fodor-jozsef-kutatoi-kollaboracios-osztondij\/embed\/#?secret=AbwzDXOvwR#?secret=otiJy24IMf\" data-secret=\"otiJy24IMf\" width=\"600\" height=\"338\" frameborder=\"0\" marginwidth=\"0\" marginheight=\"0\" scrolling=\"no\"><\/iframe><\/p>\n","protected":false},"excerpt":{"rendered":"<p>A Nemzeti Eg\u00e9szs\u00e9g\u00fcgyi \u00e9s Orvosk\u00e9pz\u00e9s\u00e9rt Alap\u00edtv\u00e1ny \u00e9s a Semmelweis Egyetem p\u00e1ly\u00e1zatot hirdet Fodor J\u00f3zsef kutat\u00f3i kollabor\u00e1ci\u00f3s \u00f6szt\u00f6ndi\u0301jra Az \u00f6szt\u00f6nd\u00edjprogram c\u00e9lja a Semmelweis Egyetemen doktori PhD k\u00e9pz\u00e9sben r\u00e9szt vev\u0151 hallgat\u00f3k \u00e9s fiatal kutat\u00f3k r\u00e9sz\u00e9re az eredm\u00e9nyes kutat\u00e1si tev\u00e9kenys\u00e9g \u00e9s kutat\u00e1si teljes\u00edtm\u00e9ny \u00f6szt\u00f6nz\u00e9se \u00e9rdek\u00e9ben kiv\u00e1l\u00f3s\u00e1gi alapon \u00f6szt\u00f6nd\u00edj biztos\u00edt\u00e1sa. A p\u00e1ly\u00e1zat tov\u00e1bbi c\u00e9lja, hogy nemzetk\u00f6zi kiemelked\u0151 int\u00e9zm\u00e9nyekkel, egyetemekkel &hellip;<\/p>\n","protected":false},"author":102410,"featured_media":0,"parent":556,"menu_order":0,"comment_status":"closed","ping_status":"closed","template":"","meta":{"_acf_changed":false,"footnotes":""},"categories":[],"tags":[],"class_list":["post-982","page","type-page","status-publish","hentry"],"acf":[],"_links":{"self":[{"href":"https:\/\/semmelweis.hu\/kfipalyazat\/wp-json\/wp\/v2\/pages\/982","targetHints":{"allow":["GET"]}}],"collection":[{"href":"https:\/\/semmelweis.hu\/kfipalyazat\/wp-json\/wp\/v2\/pages"}],"about":[{"href":"https:\/\/semmelweis.hu\/kfipalyazat\/wp-json\/wp\/v2\/types\/page"}],"author":[{"embeddable":true,"href":"https:\/\/semmelweis.hu\/kfipalyazat\/wp-json\/wp\/v2\/users\/102410"}],"replies":[{"embeddable":true,"href":"https:\/\/semmelweis.hu\/kfipalyazat\/wp-json\/wp\/v2\/comments?post=982"}],"version-history":[{"count":9,"href":"https:\/\/semmelweis.hu\/kfipalyazat\/wp-json\/wp\/v2\/pages\/982\/revisions"}],"predecessor-version":[{"id":1001,"href":"https:\/\/semmelweis.hu\/kfipalyazat\/wp-json\/wp\/v2\/pages\/982\/revisions\/1001"}],"up":[{"embeddable":true,"href":"https:\/\/semmelweis.hu\/kfipalyazat\/wp-json\/wp\/v2\/pages\/556"}],"wp:attachment":[{"href":"https:\/\/semmelweis.hu\/kfipalyazat\/wp-json\/wp\/v2\/media?parent=982"}],"wp:term":[{"taxonomy":"category","embeddable":true,"href":"https:\/\/semmelweis.hu\/kfipalyazat\/wp-json\/wp\/v2\/categories?post=982"},{"taxonomy":"post_tag","embeddable":true,"href":"https:\/\/semmelweis.hu\/kfipalyazat\/wp-json\/wp\/v2\/tags?post=982"}],"curies":[{"name":"wp","href":"https:\/\/api.w.org\/{rel}","templated":true}]}}