{"id":957,"date":"2026-02-05T10:56:53","date_gmt":"2026-02-05T09:56:53","guid":{"rendered":"https:\/\/semmelweis.hu\/kfipalyazat\/?page_id=957"},"modified":"2026-02-05T11:26:45","modified_gmt":"2026-02-05T10:26:45","slug":"mir","status":"publish","type":"page","link":"https:\/\/semmelweis.hu\/kfipalyazat\/rolunk\/mir\/","title":{"rendered":"MIR"},"content":{"rendered":"<p>A Semmelweis Egyetem P\u00e1ly\u00e1zati Menedzsment k\u00f6zpontja (PMK) \u00a02025-ben sikeres bels\u0151 audit\u00e1l\u00e1son esett \u00e1t.<\/p>\n<p>A PMK \u00dcgyrendje al\u00e1bb \u00e9rhet\u0151 el:<\/p>\n<ul>\n<li><a href=\"https:\/\/semmelweis.hu\/kfipalyazat\/files\/2026\/02\/PMK-Ugyrend-SE-PMK-SZR-2026.pdf\" target=\"_blank\" rel=\"noopener\">P\u00e1ly\u00e1zati Menedzsment K\u00f6zpont \u00dcgyrend<\/a><\/li>\n<li><a href=\"https:\/\/semmelweis.hu\/kfipalyazat\/files\/2026\/02\/SE-PMK-SZR-M01_2026.pdf\" target=\"_blank\" rel=\"noopener\">P\u00e1ly\u00e1zati Menedzsment K\u00f6zpont Organogram<\/a><\/li>\n<li><a href=\"https:\/\/semmelweis.hu\/kfipalyazat\/files\/2026\/02\/SE-PMK-SZR-M02_2026.pdf\" target=\"_blank\" rel=\"noopener\">A folyamatba \u00e9p\u00edtett \u00e9s vezet\u0151i ellen\u0151rz\u00e9s eszk\u00f6zei, m\u00f3dszerei, t\u00edpusai<\/a><\/li>\n<\/ul>\n","protected":false},"excerpt":{"rendered":"<p>A Semmelweis Egyetem P\u00e1ly\u00e1zati Menedzsment k\u00f6zpontja (PMK) \u00a02025-ben sikeres bels\u0151 audit\u00e1l\u00e1son esett \u00e1t.<br \/>\nA PMK \u00dcgyrendje al\u00e1bb \u00e9rhet\u0151 el:<\/p>\n<p><a href=\"https:\/\/semmelweis.hu\/kfipalyazat\/files\/2026\/02\/PMK-Ugyrend-SE-PMK-SZR-2026.pdf\" target=\"_blank\" rel=\"noopener\">P\u00e1ly\u00e1zati Menedzsment K\u00f6zpont \u00dcgyrend<\/a><br \/>\n<a href=\"https:\/\/semmelweis.hu\/kfipalyazat\/files\/2026\/02\/SE-PMK-SZR-M01_2026.pdf\" target=\"_blank\" rel=\"noopener\">P\u00e1ly\u00e1zati Menedzsment K\u00f6zpont Organogram<\/a><br \/>\n<a href=\"https:\/\/semmelweis.hu\/kfipalyazat\/files\/2026\/02\/SE-PMK-SZR-M02_2026.pdf\" target=\"_blank\" rel=\"noopener\">A folyamatba \u00e9p\u00edtett \u00e9s vezet\u0151i ellen\u0151rz\u00e9s eszk\u00f6zei, m\u00f3dszerei, t\u00edpusai<\/a><\/p>\n","protected":false},"author":102410,"featured_media":0,"parent":5,"menu_order":4,"comment_status":"closed","ping_status":"closed","template":"template-fullwidth.php","meta":{"_acf_changed":false,"footnotes":""},"categories":[],"tags":[],"class_list":["post-957","page","type-page","status-publish","hentry"],"acf":[],"_links":{"self":[{"href":"https:\/\/semmelweis.hu\/kfipalyazat\/wp-json\/wp\/v2\/pages\/957","targetHints":{"allow":["GET"]}}],"collection":[{"href":"https:\/\/semmelweis.hu\/kfipalyazat\/wp-json\/wp\/v2\/pages"}],"about":[{"href":"https:\/\/semmelweis.hu\/kfipalyazat\/wp-json\/wp\/v2\/types\/page"}],"author":[{"embeddable":true,"href":"https:\/\/semmelweis.hu\/kfipalyazat\/wp-json\/wp\/v2\/users\/102410"}],"replies":[{"embeddable":true,"href":"https:\/\/semmelweis.hu\/kfipalyazat\/wp-json\/wp\/v2\/comments?post=957"}],"version-history":[{"count":6,"href":"https:\/\/semmelweis.hu\/kfipalyazat\/wp-json\/wp\/v2\/pages\/957\/revisions"}],"predecessor-version":[{"id":967,"href":"https:\/\/semmelweis.hu\/kfipalyazat\/wp-json\/wp\/v2\/pages\/957\/revisions\/967"}],"up":[{"embeddable":true,"href":"https:\/\/semmelweis.hu\/kfipalyazat\/wp-json\/wp\/v2\/pages\/5"}],"wp:attachment":[{"href":"https:\/\/semmelweis.hu\/kfipalyazat\/wp-json\/wp\/v2\/media?parent=957"}],"wp:term":[{"taxonomy":"category","embeddable":true,"href":"https:\/\/semmelweis.hu\/kfipalyazat\/wp-json\/wp\/v2\/categories?post=957"},{"taxonomy":"post_tag","embeddable":true,"href":"https:\/\/semmelweis.hu\/kfipalyazat\/wp-json\/wp\/v2\/tags?post=957"}],"curies":[{"name":"wp","href":"https:\/\/api.w.org\/{rel}","templated":true}]}}