{"id":952,"date":"2026-01-29T12:24:26","date_gmt":"2026-01-29T11:24:26","guid":{"rendered":"https:\/\/semmelweis.hu\/kfipalyazat\/?page_id=952"},"modified":"2026-01-29T12:24:26","modified_gmt":"2026-01-29T11:24:26","slug":"2023-1-2-1-era_net-2023-00014","status":"publish","type":"page","link":"https:\/\/semmelweis.hu\/kfipalyazat\/palyazatok\/hazai-palyazatok\/nkfih\/era_net\/2023-1-2-1-era_net-2023-00014\/","title":{"rendered":"2023-1.2.1-ERA_NET-2023-00014"},"content":{"rendered":"<p style=\"text-align: justify\"><strong>Projekt azonos\u00edt\u00f3 sz\u00e1ma:<\/strong> 2023-1.2.1-ERA_NET-2023-00014<\/p>\n<p style=\"text-align: justify\"><strong>Projekt c\u00edme:<\/strong> A komplementmedi\u00e1lt ritka vesebetegs\u00e9gek legpontosabb diagn\u00f3zisa \u00e9s monitoroz\u00e1sa ir\u00e1ny\u00e1ban v\u00e9gzett vizsg\u00e1latok<\/p>\n<p style=\"text-align: justify\">\u00a0<\/p>\n<p style=\"text-align: justify\"><strong>Projekt megval\u00f3s\u00edt\u00e1s\u00e1nak kezdete:<\/strong> 2024.01.01.<\/p>\n<p style=\"text-align: justify\"><strong>Projekt fizikai befejez\u00e9s\u00e9nek hat\u00e1rideje: <\/strong>2026.12.31<\/p>\n<p style=\"text-align: justify\">\u00a0<\/p>\n<p style=\"text-align: justify\"><strong>T\u00e1mogat\u00e1s \u00f6sszege:<\/strong> 51 001 717 Ft<\/p>\n<p style=\"text-align: justify\"><strong>T\u00e1mogat\u00e1s intenzit\u00e1sa:<\/strong>\u00a0100%<\/p>\n<p style=\"text-align: justify\">\u00a0<\/p>\n<p style=\"text-align: justify\"><strong>Projektr\u0151l:<\/strong><\/p>\n<p style=\"text-align: justify\">Az at\u00edpusos hemolitikus ur\u00e9mi\u00e1s szindr\u00f3ma (aHUS) \u00e9s a C3 glomerulopathia (C3G) k\u00e9t ritka komplement-medi\u00e1lt vesebetegs\u00e9g. Ezek a betegs\u00e9gek v\u00e9gst\u00e1dium\u00fa veseel\u00e9gtelens\u00e9ghez vezethetnek, \u00e9s a vese\u00e1t\u00fcltet\u00e9s ut\u00e1n is hajlamosak ki\u00fajulni, melyben a komplementrendszer szab\u00e1lyozatlan, t\u00falzott aktiv\u00e1ci\u00f3ja j\u00e1tssza a d\u00f6nt\u0151 szerepet. A komplementrendszer v\u00e9rplazma-feh\u00e9rj\u00e9kb\u0151l \u00e9s sejtfelsz\u00edni molekul\u00e1kb\u00f3l \u00e1ll, els\u0151dleges szerepe a v\u00e9dekez\u00e9si reakci\u00f3 elind\u00edt\u00e1sa \u00e9s a szervezet megv\u00e9d\u00e9se a k\u00f3rokoz\u00f3kt\u00f3l. Ugyanakkor ha a komplementrendszer t\u00fal akt\u00edv, az k\u00e1ros\u00edthatja a gazdaszervezet saj\u00e1t sejtjeit is. A komplementfeh\u00e9rj\u00e9ket k\u00f3dol\u00f3 g\u00e9nek \u00f6r\u00f6kletes hib\u00e1i, vagy a komplemenszab\u00e1lyoz\u00f3 tfeh\u00e9rj\u00e9k ellen termel\u0151d\u0151 autoantitestek k\u00e9pezik azokat a lehets\u00e9ges okokat, amelyek t\u00falaktiv\u00e1l\u00f3d\u00e1st eredm\u00e9nyeznek. A hasonl\u00f3, \u00e9s r\u00e9szben \u00e1tfed\u0151 t\u00fcnetek miatt neh\u00e9z id\u0151ben diagnosztiz\u00e1lni, \u00e9s elk\u00fcl\u00f6n\u00edteni az aHUS-t \u00e9s a C3G-t egy\u00e9b vesebetegs\u00e9gekt\u0151l, mindamellett az id\u0151ben t\u00f6rt\u00e9n\u0151 diagn\u00f3zis elengedhetetlen lenne a megfelel\u0151 kezel\u00e9s megkezd\u00e9s\u00e9hez. Napjainkban mindk\u00e9t betegs\u00e9g eset\u00e9ben a komplement g\u00e1tl\u00f3 gy\u00f3gyszerek jelentik az els\u0151dleges ter\u00e1pi\u00e1t. Az aHUS-ban az eculizumab k\u00e9pes f\u00e9kezni a komplementaktiv\u00e1ci\u00f3t \u00e9s a betegs\u00e9g aktivit\u00e1s\u00e1t, ami drasztikusan jav\u00edtja a vesem\u0171k\u00f6d\u00e9st, \u00edgy elker\u00fclhet\u0151 a v\u00e9g\u00e1llapot\u00fa veseel\u00e9gtelens\u00e9g, \u00e9s a vesep\u00f3tl\u00f3 kezel\u00e9s. Relapszusok tov\u00e1bbra is el\u0151fordulhatnak, emiatt optimaliz\u00e1lt monitoroz\u00e1sra \u00e9s kezel\u00e9si tervre van sz\u00fcks\u00e9g. A C3G eset\u00e9ben a komplementrendszer k\u00fcl\u00f6nb\u00f6z\u0151 kompnenseit c\u00e9lz\u00f3 komplementg\u00e1tl\u00f3 gy\u00f3gyszerek 3. f\u00e1zis\u00fa vizsg\u00e1latokban vannak, bevezet\u00e9s\u00fck v\u00e1rhat\u00f3 Eur\u00f3p\u00e1ban. A pontos (molekula szint\u0171) diagn\u00f3zis fel\u00e1ll\u00edt\u00e1sa lehets\u00e9ges a megfelel\u0151 gy\u00f3gyszer kiv\u00e1laszt\u00e1sa, ami fel\u00e9rt\u00e9keli a diagnosztikai ter\u00fcletet. A vezet\u0151 tud\u00f3sokb\u00f3l \u00e9s klinikusokb\u00f3l \u00e1ll\u00f3, ezen a ter\u00fcleten dolgoz\u00f3 konzorcium c\u00e9lja, hogy \u00faj analitikai eszk\u00f6z\u00f6ket fejlesszen ki, \u00edgy jav\u00edtva a betegek ell\u00e1t\u00e1s\u00e1t, a diagnosztik\u00e1t, cs\u00f6kkentve a diagn\u00f3zishoz sz\u00fcks\u00e9ges id\u0151t, \u00edgy seg\u00edtve a hat\u00e9kony kezel\u00e9s megv\u00e1laszt\u00e1s\u00e1t.<\/p>\n<p><img loading=\"lazy\" decoding=\"async\" class=\"alignright\" src=\"https:\/\/semmelweis.hu\/kfipalyazat\/files\/2025\/07\/NKFIA_infoblokk_kerettel_program_fekvo_2019_HU.jpg\" width=\"590\" height=\"250\" \/><\/p>\n","protected":false},"excerpt":{"rendered":"<p>Projekt azonos\u00edt\u00f3 sz\u00e1ma: 2023-1.2.1-ERA_NET-2023-00014 Projekt c\u00edme: A komplementmedi\u00e1lt ritka vesebetegs\u00e9gek legpontosabb diagn\u00f3zisa \u00e9s monitoroz\u00e1sa ir\u00e1ny\u00e1ban v\u00e9gzett vizsg\u00e1latok \u00a0 Projekt megval\u00f3s\u00edt\u00e1s\u00e1nak kezdete: 2024.01.01. Projekt fizikai befejez\u00e9s\u00e9nek hat\u00e1rideje: 2026.12.31 \u00a0 T\u00e1mogat\u00e1s \u00f6sszege: 51 001 717 Ft T\u00e1mogat\u00e1s intenzit\u00e1sa:\u00a0100% \u00a0 Projektr\u0151l: Az at\u00edpusos hemolitikus ur\u00e9mi\u00e1s szindr\u00f3ma (aHUS) \u00e9s a C3 glomerulopathia (C3G) k\u00e9t ritka komplement-medi\u00e1lt vesebetegs\u00e9g. Ezek a &hellip;<\/p>\n","protected":false},"author":102410,"featured_media":0,"parent":360,"menu_order":2,"comment_status":"closed","ping_status":"closed","template":"","meta":{"_acf_changed":false,"footnotes":""},"categories":[],"tags":[],"class_list":["post-952","page","type-page","status-publish","hentry"],"acf":[],"_links":{"self":[{"href":"https:\/\/semmelweis.hu\/kfipalyazat\/wp-json\/wp\/v2\/pages\/952","targetHints":{"allow":["GET"]}}],"collection":[{"href":"https:\/\/semmelweis.hu\/kfipalyazat\/wp-json\/wp\/v2\/pages"}],"about":[{"href":"https:\/\/semmelweis.hu\/kfipalyazat\/wp-json\/wp\/v2\/types\/page"}],"author":[{"embeddable":true,"href":"https:\/\/semmelweis.hu\/kfipalyazat\/wp-json\/wp\/v2\/users\/102410"}],"replies":[{"embeddable":true,"href":"https:\/\/semmelweis.hu\/kfipalyazat\/wp-json\/wp\/v2\/comments?post=952"}],"version-history":[{"count":1,"href":"https:\/\/semmelweis.hu\/kfipalyazat\/wp-json\/wp\/v2\/pages\/952\/revisions"}],"predecessor-version":[{"id":954,"href":"https:\/\/semmelweis.hu\/kfipalyazat\/wp-json\/wp\/v2\/pages\/952\/revisions\/954"}],"up":[{"embeddable":true,"href":"https:\/\/semmelweis.hu\/kfipalyazat\/wp-json\/wp\/v2\/pages\/360"}],"wp:attachment":[{"href":"https:\/\/semmelweis.hu\/kfipalyazat\/wp-json\/wp\/v2\/media?parent=952"}],"wp:term":[{"taxonomy":"category","embeddable":true,"href":"https:\/\/semmelweis.hu\/kfipalyazat\/wp-json\/wp\/v2\/categories?post=952"},{"taxonomy":"post_tag","embeddable":true,"href":"https:\/\/semmelweis.hu\/kfipalyazat\/wp-json\/wp\/v2\/tags?post=952"}],"curies":[{"name":"wp","href":"https:\/\/api.w.org\/{rel}","templated":true}]}}