{"id":915,"date":"2025-12-13T11:18:46","date_gmt":"2025-12-13T10:18:46","guid":{"rendered":"https:\/\/semmelweis.hu\/kfipalyazat\/?page_id=915"},"modified":"2025-12-13T11:26:01","modified_gmt":"2025-12-13T10:26:01","slug":"2020-2-1-1-ed-2024-00353","status":"publish","type":"page","link":"https:\/\/semmelweis.hu\/kfipalyazat\/palyazatok\/hazai-palyazatok\/nkfih\/kormanyzati-onero-alap\/2020-2-1-1-ed-2024-00353\/","title":{"rendered":"2020-2.1.1-ED-2024-00353"},"content":{"rendered":"<p style=\"text-align: justify\"><strong>Projekt azonos\u00edt\u00f3 sz\u00e1ma:<\/strong> 2020-2.1.1-ED-2024-00353<\/p>\n<p style=\"text-align: justify\"><strong>Projekt c\u00edme: <\/strong>Digit\u00e1lis avat\u00e1rok: A sportorvosl\u00e1s \u00faj eszk\u00f6zei<\/p>\n<p><strong>Konzorcium vezet\u0151:<\/strong> Semmelweis Egyetem<\/p>\n<p><strong>Konzorcium tag:<\/strong> KinaviX Kft.<\/p>\n<p>&nbsp;<\/p>\n<p style=\"text-align: justify\"><strong>Projekt megval\u00f3s\u00edt\u00e1s\u00e1nak kezdete:<\/strong> 2025.01.01.<\/p>\n<p style=\"text-align: justify\"><strong>Projekt fizikai befejez\u00e9s\u00e9nek hat\u00e1rideje:<\/strong> 2026.10.01.<\/p>\n<p>&nbsp;<\/p>\n<p style=\"text-align: justify\"><strong>T\u00e1mogat\u00e1s \u00f6sszege:<\/strong> 449.369.882 Ft<\/p>\n<p style=\"text-align: justify\"><strong>T\u00e1mogat\u00e1s intenzit\u00e1sa:<\/strong>\u00a0100%<\/p>\n<p style=\"text-align: justify\">\u00a0<\/p>\n<p style=\"text-align: justify\"><strong>Projektr\u0151l:\u00a0<\/strong><\/p>\n<p style=\"text-align: justify\">A projekt egy \u00edg\u00e9retes \u00faj megk\u00f6zel\u00edt\u00e9s vezet be sportol\u00f3k monitoroz\u00e1s\u00e1ba a virtu\u00e1lis sportol\u00f3i avat\u00e1rok l\u00e9trehoz\u00e1s\u00e1val, amelyek a sportol\u00f3k biomechanikai \u00e9s egy\u00e9b fiziol\u00f3giai adatokb\u00f3l fel\u00e9p\u00edtett digit\u00e1lis reprezent\u00e1ci\u00f3i. A folyamatosan friss\u00edthet\u0151 avat\u00e1rok szem\u00e9lyre szabott, adatvez\u00e9relt betekint\u00e9st ny\u00fajtanak az edz\u0151knek \u00e9s az eg\u00e9szs\u00e9g\u00fcgyi szakembereknek a s\u00e9r\u00fcl\u00e9skock\u00e1zatr\u00f3l, a rehabilit\u00e1ci\u00f3r\u00f3l \u00e9s a teljes\u00edtm\u00e9ny optimaliz\u00e1l\u00e1s\u00e1r\u00f3l.<\/p>\n<p style=\"text-align: justify\">Ez a kutat\u00e1s adatforr\u00e1sok sz\u00e9les k\u00f6r\u00e9t integr\u00e1lja, bele\u00e9rtve a m\u00e9rk\u0151z\u00e9s k\u00f6zbeni videofelv\u00e9teleket \u00e9s fiziol\u00f3giai m\u00e9r\u00e9seket, hogy \u00e1tfog\u00f3 modellt hozzon l\u00e9tre minden egyes sportol\u00f3r\u00f3l.<\/p>\n<p style=\"text-align: justify\">Kutat\u00e1sunk c\u00e9lja annak bizony\u00edt\u00e1sa, hogy a sportol\u00f3k longitudin\u00e1lis nyomon k\u00f6vet\u00e9se \u00e9s az ezzel fejl\u0151d\u0151 virtu\u00e1lis avat\u00e1rok l\u00e9trehoz\u00e1sa nemcsak megval\u00f3s\u00edthat\u00f3, hanem potenci\u00e1lisan \u00e9rt\u00e9kes is a s\u00e9r\u00fcl\u00e9sek megel\u0151z\u00e9se \u00e9s a teljes\u00edtm\u00e9ny fokoz\u00e1sa szempontj\u00e1b\u00f3l.<\/p>\n<p><img loading=\"lazy\" decoding=\"async\" class=\"alignright\" src=\"https:\/\/semmelweis.hu\/kfipalyazat\/files\/2025\/07\/NKFIA_infoblokk_kerettel_program_fekvo_2019_HU.jpg\" width=\"588\" height=\"249\" \/><\/p>\n","protected":false},"excerpt":{"rendered":"<p>Projekt azonos\u00edt\u00f3 sz\u00e1ma: 2020-2.1.1-ED-2024-00353 Projekt c\u00edme: Digit\u00e1lis avat\u00e1rok: A sportorvosl\u00e1s \u00faj eszk\u00f6zei Konzorcium vezet\u0151: Semmelweis Egyetem Konzorcium tag: KinaviX Kft. &nbsp; Projekt megval\u00f3s\u00edt\u00e1s\u00e1nak kezdete: 2025.01.01. Projekt fizikai befejez\u00e9s\u00e9nek hat\u00e1rideje: 2026.10.01. &nbsp; T\u00e1mogat\u00e1s \u00f6sszege: 449.369.882 Ft T\u00e1mogat\u00e1s intenzit\u00e1sa:\u00a0100% \u00a0 Projektr\u0151l:\u00a0 A projekt egy \u00edg\u00e9retes \u00faj megk\u00f6zel\u00edt\u00e9s vezet be sportol\u00f3k monitoroz\u00e1s\u00e1ba a virtu\u00e1lis sportol\u00f3i avat\u00e1rok l\u00e9trehoz\u00e1s\u00e1val, amelyek &hellip;<\/p>\n","protected":false},"author":102410,"featured_media":0,"parent":229,"menu_order":14,"comment_status":"closed","ping_status":"closed","template":"","meta":{"_acf_changed":false,"footnotes":""},"categories":[],"tags":[],"class_list":["post-915","page","type-page","status-publish","hentry"],"acf":[],"_links":{"self":[{"href":"https:\/\/semmelweis.hu\/kfipalyazat\/wp-json\/wp\/v2\/pages\/915","targetHints":{"allow":["GET"]}}],"collection":[{"href":"https:\/\/semmelweis.hu\/kfipalyazat\/wp-json\/wp\/v2\/pages"}],"about":[{"href":"https:\/\/semmelweis.hu\/kfipalyazat\/wp-json\/wp\/v2\/types\/page"}],"author":[{"embeddable":true,"href":"https:\/\/semmelweis.hu\/kfipalyazat\/wp-json\/wp\/v2\/users\/102410"}],"replies":[{"embeddable":true,"href":"https:\/\/semmelweis.hu\/kfipalyazat\/wp-json\/wp\/v2\/comments?post=915"}],"version-history":[{"count":2,"href":"https:\/\/semmelweis.hu\/kfipalyazat\/wp-json\/wp\/v2\/pages\/915\/revisions"}],"predecessor-version":[{"id":918,"href":"https:\/\/semmelweis.hu\/kfipalyazat\/wp-json\/wp\/v2\/pages\/915\/revisions\/918"}],"up":[{"embeddable":true,"href":"https:\/\/semmelweis.hu\/kfipalyazat\/wp-json\/wp\/v2\/pages\/229"}],"wp:attachment":[{"href":"https:\/\/semmelweis.hu\/kfipalyazat\/wp-json\/wp\/v2\/media?parent=915"}],"wp:term":[{"taxonomy":"category","embeddable":true,"href":"https:\/\/semmelweis.hu\/kfipalyazat\/wp-json\/wp\/v2\/categories?post=915"},{"taxonomy":"post_tag","embeddable":true,"href":"https:\/\/semmelweis.hu\/kfipalyazat\/wp-json\/wp\/v2\/tags?post=915"}],"curies":[{"name":"wp","href":"https:\/\/api.w.org\/{rel}","templated":true}]}}