{"id":90,"date":"2025-05-27T10:17:00","date_gmt":"2025-05-27T08:17:00","guid":{"rendered":"https:\/\/semmelweis.hu\/kfipalyazat\/?page_id=90"},"modified":"2025-11-04T16:02:11","modified_gmt":"2025-11-04T15:02:11","slug":"szolgaltatasok","status":"publish","type":"page","link":"https:\/\/semmelweis.hu\/kfipalyazat\/rolunk\/szolgaltatasok\/","title":{"rendered":"Szolg\u00e1ltat\u00e1saink"},"content":{"rendered":"<h5 style=\"text-align: justify\">P\u00e1ly\u00e1zat figyel\u00e9s \u00e9s p\u00e1ly\u00e1zati tan\u00e1csad\u00e1s:<\/h5>\n<ul style=\"text-align: justify\">\n<li>A Semmelweis Egyetem sz\u00e1m\u00e1ra relev\u00e1ns p\u00e1ly\u00e1zati felh\u00edv\u00e1sok folyamatos figyel\u00e9se (hazai \u00e9s nemzetk\u00f6zi),<\/li>\n<li>\u00dajabb p\u00e1ly\u00e1zati lehet\u0151s\u00e9gek felt\u00e1r\u00e1sa,<\/li>\n<li>P\u00e1ly\u00e1zok \u00e1ltal jelzett projekt lehet\u0151s\u00e9gek ellen\u0151rz\u00e9se,\u00a0<\/li>\n<li>Ig\u00e9ny szerint egy\u00e9nre\/kutat\u00e1si t\u00e9m\u00e1ra szabott p\u00e1ly\u00e1zati tan\u00e1csad\u00e1s.<\/li>\n<\/ul>\n<h5 style=\"text-align: justify\">P\u00e1ly\u00e1zati H\u00edrlev\u00e9l k\u00e9sz\u00edt\u00e9s:<\/h5>\n<ul style=\"text-align: justify\">\n<li>A relev\u00e1ns p\u00e1ly\u00e1zati felh\u00edv\u00e1sokb\u00f3l magyar \u00e9s angol nyelv\u0171 h\u00edrlev\u00e9l k\u00e9sz\u00edt\u00e9s,<\/li>\n<li><a href=\"https:\/\/semmelweis.hu\/kfipalyazat\/altalanos\/hirlevel-szolgaltatas\/\" target=\"_blank\" rel=\"noopener\">A P\u00e1ly\u00e1zati Friss H\u00edrek megk\u00fcld\u00e9se a feliratkoz\u00f3k r\u00e9sz\u00e9re<\/a>,<\/li>\n<li>C\u00edmlista kezel\u00e9se, \u00faj feliratkoz\u00f3k inform\u00e1l\u00e1sa.<\/li>\n<\/ul>\n<h5 style=\"text-align: justify\">P\u00e1ly\u00e1zati portf\u00f3li\u00f3 menedzsment:<\/h5>\n<ul style=\"text-align: justify\">\n<li>P\u00e1ly\u00e1zati Szab\u00e1lyzat alapj\u00e1n a beny\u00fajtott\/ nyertes p\u00e1ly\u00e1zatokr\u00f3l adatb\u00e1zisok, kimutat\u00e1sok k\u00e9sz\u00edt\u00e9se,<\/li>\n<li>A fut\u00f3 p\u00e1ly\u00e1zatok monitoringiz\u00e1sa.<\/li>\n<\/ul>\n<h5 style=\"text-align: justify\">P\u00e1ly\u00e1zatok beny\u00fajt\u00e1s\u00e1nak h\u00e1tt\u00e9rt\u00e1mogat\u00e1sa \u00e9s p\u00e1ly\u00e1zati szerz\u0151d\u00e9sk\u00f6t\u00e9s:<\/h5>\n<ul style=\"text-align: justify\">\n<li><span style=\"font-size: 1rem\">Az Egyetem \u00e1ltal beny\u00fajtand\u00f3 p\u00e1ly\u00e1zatokkal kapcsolatos \u00fcgyint\u00e9z\u00e9s a P\u00e1ly\u00e1zati Szab\u00e1lyzatban foglaltak, illetve a P\u00e1ly\u00e1zati Szab\u00e1lyzat hat\u00e1lya al\u00e1 nem tartoz\u00f3 esetekre vonatkoz\u00f3 t\u00e1mogat\u00f3i vagy egyetemi vezet\u0151i rendelkez\u00e9s szerint,<\/span><\/li>\n<li>A projektek fenntart\u00e1si id\u0151szakban val\u00f3 gondoz\u00e1sa. Seg\u00edts\u00e9gny\u00fajt\u00e1s a fenntart\u00e1si jelent\u00e9sek elk\u00e9sz\u00edt\u00e9s\u00e9hez, ezek elektronikus felt\u00f6lt\u00e9se vagy az adatszolg\u00e1ltat\u00e1s szakmai t\u00e1mogat\u00e1sa.<\/li>\n<\/ul>\n<h5 style=\"text-align: justify\">Projektmenedzsment:<\/h5>\n<p style=\"text-align: justify\">Strat\u00e9giai egyetemi KFI projektek eset\u00e9n r\u00e9szv\u00e9tel a projektmenedzsmentben, a projektgazda felel\u0151ss\u00e9ge mellett az egyetemi projektek eredm\u00e9nyeinek PMK szakter\u00fcleti k\u00f6vet\u00e9se; az ellen\u0151rz\u00e9seken, monitoring-l\u00e1togat\u00e1sokon \u00e9s helysz\u00edni szeml\u00e9ken val\u00f3 egyetemi r\u00e9szv\u00e9tel szakmai t\u00e1mogat\u00e1sa.<\/p>\n<p style=\"text-align: justify\">Az egyetem konzorciumokban val\u00f3 r\u00e9szv\u00e9tel\u00e9re vonatkoz\u00f3 elj\u00e1r\u00e1si rend (konzorciumi szab\u00e1lyzat) kialak\u00edt\u00e1sa, aktualiz\u00e1l\u00e1sa, ig\u00e9ny szerinti fel\u00fclvizsg\u00e1lata<\/p>\n<p style=\"text-align: justify\">A p\u00e1ly\u00e1zati projektmenedzsment tev\u00e9kenys\u00e9g eset\u00e9ben:<\/p>\n<ol style=\"text-align: justify\">\n<li>a PMK hat\u00e1sk\u00f6r\u00e9be tartoz\u00f3 el\u0151terjeszt\u00e9sek, szab\u00e1lyoz\u00f3-tervezetek, mintadokumentumok el\u0151k\u00e9sz\u00edt\u00e9s\u00e9nek \u00e9s v\u00e9lem\u00e9nyez\u00e9s\u00e9nek koordin\u00e1l\u00e1sa a PMK-n \u00e9s az Egyetemen bel\u00fcl, az operat\u00edv igazgat\u00f3 felhatalmaz\u00e1sa alapj\u00e1n a PMK\u00a0 (igazgat\u00f3) k\u00e9pviselete ezen anyagok k\u00fcls\u0151 \u00e9s bels\u0151 egyeztet\u00e9se sor\u00e1n.<\/li>\n<li>PMK szakter\u00fcleti munkat\u00e1rsainak bevon\u00e1s\u00e1val vezet\u0151i felk\u00e9sz\u00edt\u0151 anyagok k\u00e9sz\u00edt\u00e9se.<\/li>\n<li>Egyetemi innov\u00e1ci\u00f3s \u00f6kosziszt\u00e9ma ki\u00e9p\u00edt\u00e9s\u00e9vel (\u00edgy k\u00fcl\u00f6n\u00f6sen az egyetemi tudom\u00e1nyos \u00e9s innov\u00e1ci\u00f3s park l\u00e9trehoz\u00e1s\u00e1val), tov\u00e1bb\u00e1 a ter\u00fcleti innov\u00e1ci\u00f3s platformok l\u00e9trehoz\u00e1s\u00e1val kapcsolatos koordin\u00e1ci\u00f3s feladatok.<\/li>\n<li>A PMK bels\u0151 igazgat\u00e1si folyamatainak (titk\u00e1rs\u00e1gi feladatok, iratkezel\u00e9s, bels\u0151 egyeztet\u00e9si rend, vezet\u0151i programszervez\u00e9s, titk\u00e1rs\u00e1gi nyilv\u00e1ntart\u00e1sok stb.) kialak\u00edt\u00e1sa, ir\u00e1ny\u00edt\u00e1sa \u00e9s fel\u00fcgyelete a kiemelt projektekre n\u00e9zve.<\/li>\n<\/ol>\n<h5 style=\"text-align: justify\">P\u00e1ly\u00e1zati adminisztr\u00e1ci\u00f3 t\u00e1mogat\u00e1sa:\u00a0<\/h5>\n<ul style=\"text-align: justify\">\n<li>Az egyetemi enged\u00e9lyek, j\u00f3v\u00e1hagy\u00e1sok beszerz\u00e9se \u00e9s tov\u00e1bb\u00edt\u00e1sa a p\u00e1ly\u00e1z\u00f3 fel\u00e9.<\/li>\n<\/ul>\n<h5 style=\"text-align: justify\"><a href=\"https:\/\/semmelweis.hu\/kfipalyazat\/altalanos\/palyazat-nyilvantarto-rendszer-pnyr\/\" target=\"_blank\" rel=\"noopener\">P\u00e1ly\u00e1zati nyilv\u00e1ntart\u00f3 rendszer (PNYR):<\/a><\/h5>\n<ul style=\"text-align: justify\">\n<li>P\u00e1ly\u00e1zati nyilv\u00e1ntart\u00f3 rendszer szakter\u00fcleti m\u0171k\u00f6dtet\u00e9s\u00e9ben val\u00f3 r\u00e9szv\u00e9tel, annak kezel\u00e9se \u00e9s fel\u00fcgyelete,<\/li>\n<li>P\u00e1ly\u00e1zati aj\u00e1nl\u00f3k r\u00f6gz\u00edt\u00e9se a fel\u00fcleten,<\/li>\n<li>Ezen kereszt\u00fcl az egyetemi p\u00e1ly\u00e1zati rendszer t\u00e1mogat\u00e1sa a P\u00e1ly\u00e1zati \u00e9s KFI H\u00e1l\u00f3zatir\u00e1ny\u00edt\u00e1si Igazgat\u00f3s\u00e1g ir\u00e1ny\u00edt\u00e1s\u00e1val.<\/li>\n<\/ul>\n<p style=\"text-align: justify\">A p\u00e1ly\u00e1zati nyilv\u00e1ntart\u00f3 rendszer m\u0171k\u00f6dtet\u00e9s\u00e9nek, fejleszt\u00e9s\u00e9nek felhaszn\u00e1l\u00f3i oldal\u00fa t\u00e1mogat\u00e1sa.<\/p>\n<h5 style=\"text-align: justify\">Adatszolg\u00e1ltat\u00e1s:<\/h5>\n<ul>\n<li style=\"text-align: justify\">A horizont\u00e1lis v\u00e1llal\u00e1sok egyetemi szint\u0171 nyilv\u00e1ntart\u00e1s\u00e1nak koordin\u00e1ci\u00f3ja, az aktu\u00e1lis adatok beszerz\u00e9se, besz\u00e1mol\u00f3khoz, ellen\u0151rz\u00e9sekhez t\u00f6rt\u00e9n\u0151 rendelkez\u00e9sre bocs\u00e1t\u00e1sa.<\/li>\n<\/ul>\n<p>&nbsp;<\/p>\n<p><strong>\u00cdrjon nek\u00fcnk:<\/strong><\/p>\n<p><strong>Amennyiben k\u00e9rd\u00e9se\/panasza van, k\u00e9rj\u00fck \u00edrjon a <a href=\"mailto:project@semmelweis.hu\">project@semmelweis.hu<\/a> e-mail c\u00edmre 5. munkanapon bel\u00fcl v\u00e1laszolunk.<\/strong><\/p>\n","protected":false},"excerpt":{"rendered":"<p>P\u00e1ly\u00e1zat figyel\u00e9s \u00e9s p\u00e1ly\u00e1zati tan\u00e1csad\u00e1s: A Semmelweis Egyetem sz\u00e1m\u00e1ra relev\u00e1ns p\u00e1ly\u00e1zati felh\u00edv\u00e1sok folyamatos figyel\u00e9se (hazai \u00e9s nemzetk\u00f6zi), \u00dajabb p\u00e1ly\u00e1zati lehet\u0151s\u00e9gek felt\u00e1r\u00e1sa, P\u00e1ly\u00e1zok \u00e1ltal jelzett projekt lehet\u0151s\u00e9gek ellen\u0151rz\u00e9se,\u00a0 Ig\u00e9ny szerint egy\u00e9nre\/kutat\u00e1si t\u00e9m\u00e1ra szabott p\u00e1ly\u00e1zati tan\u00e1csad\u00e1s. P\u00e1ly\u00e1zati H\u00edrlev\u00e9l k\u00e9sz\u00edt\u00e9s: A relev\u00e1ns p\u00e1ly\u00e1zati felh\u00edv\u00e1sokb\u00f3l magyar \u00e9s angol nyelv\u0171 h\u00edrlev\u00e9l k\u00e9sz\u00edt\u00e9s, <a href=\"https:\/\/semmelweis.hu\/kfipalyazat\/altalanos\/hirlevel-szolgaltatas\/\" target=\"_blank\" rel=\"noopener\">A P\u00e1ly\u00e1zati Friss H\u00edrek megk\u00fcld\u00e9se a feliratkoz\u00f3k r\u00e9sz\u00e9re<\/a> , C\u00edmlista kezel\u00e9se, \u00faj feliratkoz\u00f3k inform\u00e1l\u00e1sa. P\u00e1ly\u00e1zati portf\u00f3li\u00f3 &hellip;<\/p>\n","protected":false},"author":102410,"featured_media":0,"parent":5,"menu_order":3,"comment_status":"closed","ping_status":"closed","template":"template-fullwidth.php","meta":{"_acf_changed":false,"footnotes":""},"categories":[],"tags":[],"class_list":["post-90","page","type-page","status-publish","hentry"],"acf":[],"_links":{"self":[{"href":"https:\/\/semmelweis.hu\/kfipalyazat\/wp-json\/wp\/v2\/pages\/90","targetHints":{"allow":["GET"]}}],"collection":[{"href":"https:\/\/semmelweis.hu\/kfipalyazat\/wp-json\/wp\/v2\/pages"}],"about":[{"href":"https:\/\/semmelweis.hu\/kfipalyazat\/wp-json\/wp\/v2\/types\/page"}],"author":[{"embeddable":true,"href":"https:\/\/semmelweis.hu\/kfipalyazat\/wp-json\/wp\/v2\/users\/102410"}],"replies":[{"embeddable":true,"href":"https:\/\/semmelweis.hu\/kfipalyazat\/wp-json\/wp\/v2\/comments?post=90"}],"version-history":[{"count":10,"href":"https:\/\/semmelweis.hu\/kfipalyazat\/wp-json\/wp\/v2\/pages\/90\/revisions"}],"predecessor-version":[{"id":836,"href":"https:\/\/semmelweis.hu\/kfipalyazat\/wp-json\/wp\/v2\/pages\/90\/revisions\/836"}],"up":[{"embeddable":true,"href":"https:\/\/semmelweis.hu\/kfipalyazat\/wp-json\/wp\/v2\/pages\/5"}],"wp:attachment":[{"href":"https:\/\/semmelweis.hu\/kfipalyazat\/wp-json\/wp\/v2\/media?parent=90"}],"wp:term":[{"taxonomy":"category","embeddable":true,"href":"https:\/\/semmelweis.hu\/kfipalyazat\/wp-json\/wp\/v2\/categories?post=90"},{"taxonomy":"post_tag","embeddable":true,"href":"https:\/\/semmelweis.hu\/kfipalyazat\/wp-json\/wp\/v2\/tags?post=90"}],"curies":[{"name":"wp","href":"https:\/\/api.w.org\/{rel}","templated":true}]}}