{"id":805,"date":"2025-11-04T14:41:48","date_gmt":"2025-11-04T13:41:48","guid":{"rendered":"https:\/\/semmelweis.hu\/kfipalyazat\/?page_id=805"},"modified":"2025-11-05T11:57:28","modified_gmt":"2025-11-05T10:57:28","slug":"semmelweis-university-institutional-data","status":"publish","type":"page","link":"https:\/\/semmelweis.hu\/kfipalyazat\/en\/general-information-2\/semmelweis-university-institutional-data\/","title":{"rendered":"Semmelweis University Institutional Data"},"content":{"rendered":"\n<table id=\"tablepress-3\" class=\"tablepress tablepress-id-3\">\n<thead>\n<tr class=\"row-1\">\n\t<th class=\"column-1\"><b>Name, address<\/th><td class=\"column-2\"><\/td>\n<\/tr>\n<\/thead>\n<tbody class=\"row-striping row-hover\">\n<tr class=\"row-2\">\n\t<td class=\"column-1\">Official name (Hungarian\/English)<\/td><td class=\"column-2\">Semmelweis Egyetem \/ Semmelweis University<\/td>\n<\/tr>\n<tr class=\"row-3\">\n\t<td class=\"column-1\">Short name (Hungarian\/English)<\/td><td class=\"column-2\">SE \/ SU<\/td>\n<\/tr>\n<tr class=\"row-4\">\n\t<td class=\"column-1\">Central address<\/td><td class=\"column-2\">1085 Budapest, \u00dcll\u0151i \u00fat 26. (HRSZ:36771\/14)<\/td>\n<\/tr>\n<tr class=\"row-5\">\n\t<td class=\"column-1\">Mailing address<\/td><td class=\"column-2\">H-1428 Budapest, P.O. Box 2<\/td>\n<\/tr>\n<tr class=\"row-6\">\n\t<td class=\"column-1\">Website<\/td><td class=\"column-2\">https:\/\/semmelweis.hu\/<\/td>\n<\/tr>\n<tr class=\"row-7\">\n\t<td class=\"column-1\"><b>Statistical and Legal Information<\/td><td class=\"column-2\"><\/td>\n<\/tr>\n<tr class=\"row-8\">\n\t<td class=\"column-1\">Legal form<\/td><td class=\"column-2\">Independent institution of a public interest foundation<\/td>\n<\/tr>\n<tr class=\"row-9\">\n\t<td class=\"column-1\">KSH identifier (Statistical number)<\/td><td class=\"column-2\">19308674 8540 563 01<\/td>\n<\/tr>\n<tr class=\"row-10\">\n\t<td class=\"column-1\">Institutional ID (Semmelweis University)<\/td><td class=\"column-2\">FI62576<\/td>\n<\/tr>\n<tr class=\"row-11\">\n\t<td class=\"column-1\">Economic classification code<\/td><td class=\"column-2\">563<\/td>\n<\/tr>\n<tr class=\"row-12\">\n\t<td class=\"column-1\">Court registration number<\/td><td class=\"column-2\">329804<\/td>\n<\/tr>\n<tr class=\"row-13\">\n\t<td class=\"column-1\">Founding document \/ Registration decree number<\/td><td class=\"column-2\">35907\/2017<\/td>\n<\/tr>\n<tr class=\"row-14\">\n\t<td class=\"column-1\">Name of registering authority<\/td><td class=\"column-2\">Education Authority (Oktat\u00e1si Hivatal)<\/td>\n<\/tr>\n<tr class=\"row-15\">\n\t<td class=\"column-1\">Date of establishment<\/td><td class=\"column-2\">1769.<\/td>\n<\/tr>\n<tr class=\"row-16\">\n\t<td class=\"column-1\">Year of integration<\/td><td class=\"column-2\">2000.<\/td>\n<\/tr>\n<tr class=\"row-17\">\n\t<td class=\"column-1\">Qualification code<\/td><td class=\"column-2\">7 \u2013 Non-profit organization outside the public finance system<\/td>\n<\/tr>\n<tr class=\"row-18\">\n\t<td class=\"column-1\">TE\u00c1OR code (Hungarian industry classification)<\/td><td class=\"column-2\">8540 \u2013 Higher Education<\/td>\n<\/tr>\n<tr class=\"row-19\">\n\t<td class=\"column-1\">NACE code (EU classification)<\/td><td class=\"column-2\">P85.4.2<\/td>\n<\/tr>\n<tr class=\"row-20\">\n\t<td class=\"column-1\"><b>Financial Data<\/td><td class=\"column-2\"><\/td>\n<\/tr>\n<tr class=\"row-21\">\n\t<td class=\"column-1\">Tax number<\/td><td class=\"column-2\">19308674-4-44<\/td>\n<\/tr>\n<tr class=\"row-22\">\n\t<td class=\"column-1\">Group tax number<\/td><td class=\"column-2\">17784234-5-44<\/td>\n<\/tr>\n<tr class=\"row-23\">\n\t<td class=\"column-1\">Social Security number<\/td><td class=\"column-2\">251409112<\/td>\n<\/tr>\n<tr class=\"row-24\">\n\t<td class=\"column-1\">Bank name<\/td><td class=\"column-2\">OTP Bank<\/td>\n<\/tr>\n<tr class=\"row-25\">\n\t<td class=\"column-1\">Bank address<\/td><td class=\"column-2\">1051 Budapest, N\u00e1dor utca 16.<\/td>\n<\/tr>\n<tr class=\"row-26\">\n\t<td class=\"column-1\">Bank account number<\/td><td class=\"column-2\">11784009-22236665 <br \/>\n(IBAN:HU41117840092223666500000000)<\/td>\n<\/tr>\n<tr class=\"row-27\">\n\t<td class=\"column-1\">EU VAT number<\/td><td class=\"column-2\">HU19308674<\/td>\n<\/tr>\n<tr class=\"row-28\">\n\t<td class=\"column-1\">EORI \/ VPI number<\/td><td class=\"column-2\">HU0122640948<\/td>\n<\/tr>\n<tr class=\"row-29\">\n\t<td class=\"column-1\"><b>Institutional Registrations \u2013 United States<\/td><td class=\"column-2\"><\/td>\n<\/tr>\n<tr class=\"row-30\">\n\t<td class=\"column-1\">Institutional IORG number<\/td><td class=\"column-2\">IORG0001763<\/td>\n<\/tr>\n<tr class=\"row-31\">\n\t<td class=\"column-1\">Institutional Review Board registration number<\/td><td class=\"column-2\">IRB00002236<\/td>\n<\/tr>\n<tr class=\"row-32\">\n\t<td class=\"column-1\">Federalwide Assurance number<\/td><td class=\"column-2\">FWA00002527<\/td>\n<\/tr>\n<tr class=\"row-33\">\n\t<td class=\"column-1\">SWIFT code<\/td><td class=\"column-2\">HUSTHUHB<\/td>\n<\/tr>\n<tr class=\"row-34\">\n\t<td class=\"column-1\">Unique Entity ID (UEI)<\/td><td class=\"column-2\">EQ91L9DX48X6<\/td>\n<\/tr>\n<tr class=\"row-35\">\n\t<td class=\"column-1\"><b>Authorized Signatories<\/td><td class=\"column-2\"><\/td>\n<\/tr>\n<tr class=\"row-36\">\n\t<td class=\"column-1\">Official legal representative<\/td><td class=\"column-2\">Dr. B\u00e9la P\u00e9ter Merkely<\/td>\n<\/tr>\n<tr class=\"row-37\">\n\t<td class=\"column-1\">Position<\/td><td class=\"column-2\">rector<\/td>\n<\/tr>\n<tr class=\"row-38\">\n\t<td class=\"column-1\">Official legal representative<\/td><td class=\"column-2\">Dr. L\u00edvia Pavlik<\/td>\n<\/tr>\n<tr class=\"row-39\">\n\t<td class=\"column-1\">Position<\/td><td class=\"column-2\">chancellor<\/td>\n<\/tr>\n<tr class=\"row-40\">\n\t<td class=\"column-1\">Financial countersignatory<\/td><td class=\"column-2\">\u00c9va \u00c1d\u00e1m<\/td>\n<\/tr>\n<tr class=\"row-41\">\n\t<td class=\"column-1\">Position<\/td><td class=\"column-2\">Director General for Finance and Asset Management<\/td>\n<\/tr>\n<tr class=\"row-42\">\n\t<td class=\"column-1\"><b>Additional Grant-Related Data<\/td><td class=\"column-2\"><\/td>\n<\/tr>\n<tr class=\"row-43\">\n\t<td class=\"column-1\">PIC code (HE, H2020)<\/td><td class=\"column-2\">999860675<\/td>\n<\/tr>\n<tr class=\"row-44\">\n\t<td class=\"column-1\">LEAR (Legal Entity Appointed Representative \u2013 HE, H2020)<\/td><td class=\"column-2\">Ildik\u00f3 Katalin Kalocsai<\/td>\n<\/tr>\n<tr class=\"row-45\">\n\t<td class=\"column-1\">Organisation ID<\/td><td class=\"column-2\">E10208800<\/td>\n<\/tr>\n<tr class=\"row-46\">\n\t<td class=\"column-1\">Statistical number of staff<\/td><td class=\"column-2\">9657<\/td>\n<\/tr>\n<tr class=\"row-47\">\n\t<td class=\"column-1\">Number of female employees<\/td><td class=\"column-2\">6662<\/td>\n<\/tr>\n<tr class=\"row-48\">\n\t<td class=\"column-1\">Gender Equality Plan<\/td><td class=\"column-2\">in place<\/td>\n<\/tr>\n<\/tbody>\n<\/table>\n\n","protected":false},"excerpt":{"rendered":"","protected":false},"author":102410,"featured_media":0,"parent":818,"menu_order":2,"comment_status":"closed","ping_status":"closed","template":"template-fullwidth.php","meta":{"_acf_changed":false,"footnotes":""},"categories":[],"tags":[],"class_list":["post-805","page","type-page","status-publish","hentry"],"acf":[],"_links":{"self":[{"href":"https:\/\/semmelweis.hu\/kfipalyazat\/wp-json\/wp\/v2\/pages\/805","targetHints":{"allow":["GET"]}}],"collection":[{"href":"https:\/\/semmelweis.hu\/kfipalyazat\/wp-json\/wp\/v2\/pages"}],"about":[{"href":"https:\/\/semmelweis.hu\/kfipalyazat\/wp-json\/wp\/v2\/types\/page"}],"author":[{"embeddable":true,"href":"https:\/\/semmelweis.hu\/kfipalyazat\/wp-json\/wp\/v2\/users\/102410"}],"replies":[{"embeddable":true,"href":"https:\/\/semmelweis.hu\/kfipalyazat\/wp-json\/wp\/v2\/comments?post=805"}],"version-history":[{"count":3,"href":"https:\/\/semmelweis.hu\/kfipalyazat\/wp-json\/wp\/v2\/pages\/805\/revisions"}],"predecessor-version":[{"id":846,"href":"https:\/\/semmelweis.hu\/kfipalyazat\/wp-json\/wp\/v2\/pages\/805\/revisions\/846"}],"up":[{"embeddable":true,"href":"https:\/\/semmelweis.hu\/kfipalyazat\/wp-json\/wp\/v2\/pages\/818"}],"wp:attachment":[{"href":"https:\/\/semmelweis.hu\/kfipalyazat\/wp-json\/wp\/v2\/media?parent=805"}],"wp:term":[{"taxonomy":"category","embeddable":true,"href":"https:\/\/semmelweis.hu\/kfipalyazat\/wp-json\/wp\/v2\/categories?post=805"},{"taxonomy":"post_tag","embeddable":true,"href":"https:\/\/semmelweis.hu\/kfipalyazat\/wp-json\/wp\/v2\/tags?post=805"}],"curies":[{"name":"wp","href":"https:\/\/api.w.org\/{rel}","templated":true}]}}