{"id":8,"date":"2024-02-01T09:20:17","date_gmt":"2024-02-01T08:20:17","guid":{"rendered":"https:\/\/semmelweis.hu\/kfipalyazat\/?page_id=8"},"modified":"2025-09-10T14:48:44","modified_gmt":"2025-09-10T12:48:44","slug":"kapcsolat","status":"publish","type":"page","link":"https:\/\/semmelweis.hu\/kfipalyazat\/kapcsolat\/","title":{"rendered":"Kapcsolat"},"content":{"rendered":"<h4>A P\u00c1LY\u00c1ZATI MENEDZSMENT K\u00d6ZPONT EL\u00c9RHET\u0150S\u00c9GEI<\/h4>\n<div id=\"GroupWiseSection_1633108343000_csikos.boglarka@semmelweis-univ.hu_1EA7C88114D20000B4706F6437386235_\" class=\"GroupWiseMessageBody\">\n<div>C\u00edm: 1085 Budapest, Baross u. 22., II. emelet<\/div>\n<\/div>\n<div>E-mail c\u00edm: <a href=\"mailto:project@semmelweis.hu\" target=\"_blank\" rel=\"noopener\">project@semmelweis.hu<\/a><\/div>\n<div>\n<p>Telefonsz\u00e1m: + 36 20 666 3640<\/p>\n<\/div>\n<div style=\"text-align: left;\">\n<!-- iframe plugin v.4.9 wordpress.org\/plugins\/iframe\/ -->\n<iframe src=\"https:\/\/www.google.com\/maps\/embed?pb=!1m14!1m8!1m3!1d1348.0211145454512!2d19.0650816!3d47.4890907!3m2!1i1024!2i768!4f13.1!3m3!1m2!1s0x4741dc5bcdb6a70f%3A0xffdbea7af2079162!2sBC22%20Irodah%C3%A1z!5e0!3m2!1shu!2shu!4v1706003648893!5m2!1shu!2shu\" width=\"100%\" height=\"450\" style=\"border:0;\" allowfullscreen loading=\"lazy\" referrerpolicy=\"no-referrer-when-downgrade\" scrolling=\"yes\" class=\"iframe-class\" frameborder=\"0\"><\/iframe>\n<\/div>\n<div>\u00a0<\/div>\n","protected":false},"excerpt":{"rendered":"<p>A P\u00c1LY\u00c1ZATI MENEDZSMENT K\u00d6ZPONT EL\u00c9RHET\u0150S\u00c9GEI<\/p>\n<p>C\u00edm: 1085 Budapest, Baross u. 22., II. emelet<\/p>\n<p>E-mail c\u00edm: <a href=\"mailto:project@semmelweis.hu\" target=\"_blank\" rel=\"noopener\">project@semmelweis.hu<\/a><\/p>\n<p>Telefonsz\u00e1m: + 36 20 666 3640<\/p>\n<p>\u00a0<\/p>\n","protected":false},"author":12,"featured_media":0,"parent":0,"menu_order":3,"comment_status":"closed","ping_status":"closed","template":"template-fullwidth.php","meta":{"_acf_changed":false,"footnotes":""},"categories":[],"tags":[],"class_list":["post-8","page","type-page","status-publish","hentry"],"acf":[],"_links":{"self":[{"href":"https:\/\/semmelweis.hu\/kfipalyazat\/wp-json\/wp\/v2\/pages\/8","targetHints":{"allow":["GET"]}}],"collection":[{"href":"https:\/\/semmelweis.hu\/kfipalyazat\/wp-json\/wp\/v2\/pages"}],"about":[{"href":"https:\/\/semmelweis.hu\/kfipalyazat\/wp-json\/wp\/v2\/types\/page"}],"author":[{"embeddable":true,"href":"https:\/\/semmelweis.hu\/kfipalyazat\/wp-json\/wp\/v2\/users\/12"}],"replies":[{"embeddable":true,"href":"https:\/\/semmelweis.hu\/kfipalyazat\/wp-json\/wp\/v2\/comments?post=8"}],"version-history":[{"count":10,"href":"https:\/\/semmelweis.hu\/kfipalyazat\/wp-json\/wp\/v2\/pages\/8\/revisions"}],"predecessor-version":[{"id":741,"href":"https:\/\/semmelweis.hu\/kfipalyazat\/wp-json\/wp\/v2\/pages\/8\/revisions\/741"}],"wp:attachment":[{"href":"https:\/\/semmelweis.hu\/kfipalyazat\/wp-json\/wp\/v2\/media?parent=8"}],"wp:term":[{"taxonomy":"category","embeddable":true,"href":"https:\/\/semmelweis.hu\/kfipalyazat\/wp-json\/wp\/v2\/categories?post=8"},{"taxonomy":"post_tag","embeddable":true,"href":"https:\/\/semmelweis.hu\/kfipalyazat\/wp-json\/wp\/v2\/tags?post=8"}],"curies":[{"name":"wp","href":"https:\/\/api.w.org\/{rel}","templated":true}]}}