{"id":789,"date":"2025-11-04T14:25:13","date_gmt":"2025-11-04T13:25:13","guid":{"rendered":"https:\/\/semmelweis.hu\/kfipalyazat\/?page_id=789"},"modified":"2026-02-24T10:08:19","modified_gmt":"2026-02-24T09:08:19","slug":"colleagues","status":"publish","type":"page","link":"https:\/\/semmelweis.hu\/kfipalyazat\/en\/about-us\/colleagues\/","title":{"rendered":"Colleagues"},"content":{"rendered":"<p><strong>Director<\/strong><\/p>\n<p><strong>Ildik\u00f3 Katalin Kalocsai<\/strong><br \/>\n22 Baross utca, 1085 Budapest, Hungary<br \/>\nPhone: +36 20 253 76 78<br \/>\n<a href=\"mailto:kalocsai.ildiko@semmelweis.hu\" target=\"_blank\" rel=\"noopener\">kalocsai.ildiko@semmelweis.hu<\/a><\/p>\n<p>&nbsp;<\/p>\n<p><strong>N\u00f3ra De\u00e1kn\u00e9 Kov\u00e1cs<\/strong><br \/>\ngrant coordinator<br \/>\n22 Baross utca, 1085 Budapest, Hungary<br \/>\nPhone: +36 20 666 36 41<br \/>\n<a href=\"mailto:kovacs.nora@semmelweis.hu\">kovacs.nora@semmelweis.hu<\/a><\/p>\n<p><strong>Maja Gelencs\u00e9r<\/strong><br \/>\ngrant coordinator<br \/>\n22 Baross utca, 1085 Budapest, Hungary<br \/>\nPhone: +36 30 016 48 20\u00a0<br \/>\n<a href=\"mailto:gelencser.maja@semmelweis.hu\">gelencser.maja@semmelweis.hu<\/a><\/p>\n<p><strong>Gabriella Klap\u00e1cs<\/strong><strong><br \/>\n<\/strong>grant coordinator<br \/>\n22 Baross utca, 1085 Budapest, Hungary<br \/>\nPhone: +36 30 016 4621<br \/>\n<a href=\"mailto:klapacs.gabriella@semmelweis.hu\">klapacs.gabriella@semmelweis.hu<\/a><\/p>\n<p><strong>Petra Mamuzsity<\/strong><br \/>\ngrant coordinator<br \/>\n22 Baross utca, 1085 Budapest, Hungary<br \/>\nPhone: +36 20 825 91 94<br \/>\n<a href=\"mailto:mamuzsity.petra@semmelweis.hu\">mamuzsity.petra@semmelweis.hu<\/a><\/p>\n<p><strong>Zolt\u00e1n Moln\u00e1r<\/strong><br \/>\ngrant coordinator<br \/>\n22 Baross utca, 1085 Budapest, Hungary<br \/>\nPhone: +36 30 016 44 35<br \/>\n<a href=\"mailto:molnar.zoltan2@semmelweis.hu\">molnar.zoltan2@semmelweis.hu<\/a><\/p>\n<p><strong>Zsuzsa Szamosfalvi<\/strong><br \/>\ngrant coordinator<br \/>\n22 Baross utca, 1085 Budapest, Hungary<br \/>\nPhone: +36 20 666 36 39<br \/>\n<a href=\"mailto:szamosfalvi.zsuzsa@semmelweis.hu\">szamosfalvi.zsuzsa@semmelweis.hu<\/a><\/p>\n<p><strong>Erzs\u00e9bet Sz\u0171csn\u00e9 Tamasi<\/strong><strong><br \/>\n<\/strong>executive assistant<br \/>\n22 Baross utca, 1085 Budapest, Hungary<br \/>\nPhone: +36 20 666 36 40<br \/>\n<a href=\"mailto:szucsne.tamasi.erzsebet@semmelweis.hu\">szucsne.tamasi.erzsebet@semmelweis.hu<\/a><\/p>\n","protected":false},"excerpt":{"rendered":"<p>Director Ildik\u00f3 Katalin Kalocsai 22 Baross utca, 1085 Budapest, Hungary Phone: +36 20 253 76 78 <a href=\"mailto:kalocsai.ildiko@semmelweis.hu\" target=\"_blank\" rel=\"noopener\">kalocsai.ildiko@semmelweis.hu<\/a> &nbsp; N\u00f3ra De\u00e1kn\u00e9 Kov\u00e1cs grant coordinator 22 Baross utca, 1085 Budapest, Hungary Phone: +36 20 666 36 41 <a href=\"mailto:kovacs.nora@semmelweis.hu\">kovacs.nora@semmelweis.hu<\/a> Maja Gelencs\u00e9r grant coordinator 22 Baross utca, 1085 Budapest, Hungary Phone: +36 30 016 48 20\u00a0 <a href=\"mailto:gelencser.maja@semmelweis.hu\">gelencser.maja@semmelweis.hu<\/a> Gabriella Klap\u00e1cs grant coordinator 22 &hellip;<\/p>\n","protected":false},"author":102410,"featured_media":0,"parent":787,"menu_order":2,"comment_status":"closed","ping_status":"closed","template":"template-fullwidth.php","meta":{"_acf_changed":false,"footnotes":""},"categories":[],"tags":[],"class_list":["post-789","page","type-page","status-publish","hentry"],"acf":[],"_links":{"self":[{"href":"https:\/\/semmelweis.hu\/kfipalyazat\/wp-json\/wp\/v2\/pages\/789","targetHints":{"allow":["GET"]}}],"collection":[{"href":"https:\/\/semmelweis.hu\/kfipalyazat\/wp-json\/wp\/v2\/pages"}],"about":[{"href":"https:\/\/semmelweis.hu\/kfipalyazat\/wp-json\/wp\/v2\/types\/page"}],"author":[{"embeddable":true,"href":"https:\/\/semmelweis.hu\/kfipalyazat\/wp-json\/wp\/v2\/users\/102410"}],"replies":[{"embeddable":true,"href":"https:\/\/semmelweis.hu\/kfipalyazat\/wp-json\/wp\/v2\/comments?post=789"}],"version-history":[{"count":8,"href":"https:\/\/semmelweis.hu\/kfipalyazat\/wp-json\/wp\/v2\/pages\/789\/revisions"}],"predecessor-version":[{"id":973,"href":"https:\/\/semmelweis.hu\/kfipalyazat\/wp-json\/wp\/v2\/pages\/789\/revisions\/973"}],"up":[{"embeddable":true,"href":"https:\/\/semmelweis.hu\/kfipalyazat\/wp-json\/wp\/v2\/pages\/787"}],"wp:attachment":[{"href":"https:\/\/semmelweis.hu\/kfipalyazat\/wp-json\/wp\/v2\/media?parent=789"}],"wp:term":[{"taxonomy":"category","embeddable":true,"href":"https:\/\/semmelweis.hu\/kfipalyazat\/wp-json\/wp\/v2\/categories?post=789"},{"taxonomy":"post_tag","embeddable":true,"href":"https:\/\/semmelweis.hu\/kfipalyazat\/wp-json\/wp\/v2\/tags?post=789"}],"curies":[{"name":"wp","href":"https:\/\/api.w.org\/{rel}","templated":true}]}}